{"id":5434,"date":"2024-06-17T09:05:10","date_gmt":"2024-06-17T09:05:10","guid":{"rendered":"http:\/\/baosikai.com\/?page_id=5434"},"modified":"2024-06-17T09:05:10","modified_gmt":"2024-06-17T09:05:10","slug":"collaborating-for-success-baosikai-wholesale-success-stories","status":"publish","type":"page","link":"https:\/\/baosikai.com\/es\/collaborating-for-success-baosikai-wholesale-success-stories\/","title":{"rendered":"Colaborar para el \u00e9xito: Historias de \u00e9xito de Baosikai Wholesale"},"content":{"rendered":"<article>En Baosikai, nuestra misi\u00f3n va m\u00e1s all\u00e1 de la fabricaci\u00f3n de bolsas excepcionales. Nos esforzamos por crear asociaciones significativas que impulsen el \u00e9xito mutuo. A lo largo de los a\u00f1os, hemos colaborado con numerosas empresas, ayud\u00e1ndolas a alcanzar sus objetivos a trav\u00e9s de nuestras soluciones mayoristas de alta calidad. A continuaci\u00f3n, compartimos algunos testimonios de clientes y casos de \u00e9xito que ponen de relieve las ventajas de asociarse con Baosikai.<\/p>\n<h2>Testimonios de clientes y casos de \u00e9xito impactantes<\/h2>\n<h3>Colaboraci\u00f3n en la cadena minorista<\/h3>\n<p>Uno de nuestros \u00e9xitos m\u00e1s notables es nuestra colaboraci\u00f3n con una importante cadena minorista. Esta colaboraci\u00f3n comenz\u00f3 con la solicitud de una variedad de bolsas para distribuir en sus tiendas de todo el pa\u00eds. Nuestra capacidad para suministrar productos de alta calidad en grandes cantidades ayud\u00f3 a la cadena a mejorar su oferta de productos y aumentar la satisfacci\u00f3n del cliente.<\/p>\n<blockquote><p>\"Trabajar con Baosikai ha cambiado las reglas del juego de nuestra cadena minorista. Su dedicaci\u00f3n a la calidad y la puntualidad en la entrega han impulsado significativamente nuestras ventas y la satisfacci\u00f3n de nuestros clientes. La variedad de bolsas que ofrecen es inigualable, y a nuestros clientes les encantan las nuevas incorporaciones a nuestras tiendas.\" - Comprador de una cadena minorista<\/p><\/blockquote>\n<h3>\u00c9xito de las campa\u00f1as de promoci\u00f3n<\/h3>\n<p>Otra historia de \u00e9xito procede de nuestra colaboraci\u00f3n con una empresa internacional que quer\u00eda utilizar bolsas personalizadas en sus campa\u00f1as promocionales. Proporcionamos bolsas personalizadas con la marca de la empresa y elementos de dise\u00f1o exclusivos. Nuestras soluciones y la puntualidad en la entrega desempe\u00f1aron un papel crucial en el \u00e9xito de sus campa\u00f1as, lo que se tradujo en una mayor visibilidad de la marca y un mayor compromiso de los clientes.<\/p>\n<blockquote><p>\"Baosikai super\u00f3 nuestras expectativas con sus soluciones de bolsas personalizadas. La calidad y el dise\u00f1o de las bolsas fueron excepcionales, y se entregaron a tiempo, ajust\u00e1ndose perfectamente al calendario de nuestra campa\u00f1a promocional. Los comentarios positivos de nuestros clientes y consumidores fueron abrumadores.\" - Director de Marketing, Global Corporation<\/p><\/blockquote>\n<h3>Apoyo a la puesta en marcha y crecimiento<\/h3>\n<p>Tambi\u00e9n nos enorgullece apoyar a las nuevas empresas. Una empresa de nueva creaci\u00f3n se puso en contacto con nosotros para que le proporcion\u00e1ramos bolsas elegantes y funcionales para su tienda en l\u00ednea. Nuestros precios competitivos y productos de alta calidad permitieron a la empresa atraer clientes y establecer una fuerte presencia en el mercado.<\/p>\n<blockquote><p>\"Como empresa de nueva creaci\u00f3n, encontrar el socio fabricante adecuado era crucial para nosotros. Baosikai no solo nos proporcion\u00f3 bolsas de alta calidad a precios competitivos, sino que tambi\u00e9n nos apoy\u00f3 durante todo el proceso. La dedicaci\u00f3n de su equipo a nuestro \u00e9xito fue evidente en cada interacci\u00f3n.\" - Fundador, Start-Up Company<\/p><\/blockquote>\n<h2>Impacto cuantitativo de la asociaci\u00f3n con Baosikai<\/h2>\n<p>La asociaci\u00f3n con Baosikai ha reportado importantes beneficios cuantitativos a nuestros clientes. Estos son algunos indicadores clave que muestran el impacto de nuestras colaboraciones:<\/p>\n<ul>\n<li><strong>Aumento de las ventas:<\/strong> Los clientes han informado de un aumento sustancial de las ventas tras incorporar los productos de Baosikai a su oferta. Nuestras bolsas de alta calidad atraen a los clientes, lo que se traduce en mayores \u00edndices de compra y repetici\u00f3n del negocio.<\/li>\n<li><strong>Satisfacci\u00f3n del cliente:<\/strong> Nuestro compromiso con la calidad y la excelencia en el dise\u00f1o se ha traducido en mayores \u00edndices de satisfacci\u00f3n de los clientes. Los clientes reciben con frecuencia comentarios positivos sobre la durabilidad, funcionalidad y estilo de nuestras bolsas.<\/li>\n<li><strong>Visibilidad de marca:<\/strong> Las bolsas personalizadas dise\u00f1adas por Baosikai han mejorado la visibilidad de la marca de nuestros clientes. Los dise\u00f1os exclusivos y los materiales de alta calidad hacen que estas bolsas destaquen, promocionando eficazmente las marcas que representan.<\/li>\n<li><strong>Rentabilidad:<\/strong> Al ofrecer precios competitivos y productos de alta calidad, Baosikai ayuda a sus clientes a conseguir mejores m\u00e1rgenes de beneficio. Nuestros eficientes procesos de fabricaci\u00f3n garantizan que los clientes obtengan el mejor valor por su inversi\u00f3n.<\/li>\n<\/ul>\n<h2>C\u00f3mo las soluciones de dise\u00f1o de Baosikai pueden ser su activo<\/h2>\n<p>Nuestras soluciones de dise\u00f1o se adaptan a las necesidades espec\u00edficas de nuestros clientes. Desde bolsas personalizadas que reflejan la identidad de una marca hasta vers\u00e1tiles opciones de venta al por mayor que se adaptan a diversos mercados, nuestra experiencia en dise\u00f1o es un activo valioso para cualquier empresa. Obtenga m\u00e1s informaci\u00f3n sobre c\u00f3mo las soluciones de dise\u00f1o de Baosikai pueden ser su activo en nuestro art\u00edculo sobre <a href=\"#design-solutions\">Innovaci\u00f3n en el dise\u00f1o: El m\u00e9todo Baosikai para perfeccionar la bolsa<\/a>.<\/p>\n<h2>La fiabilidad y la garant\u00eda de calidad que Baosikai aporta a la fabricaci\u00f3n<\/h2>\n<p>La fiabilidad y la garant\u00eda de calidad son las se\u00f1as de identidad del proceso de fabricaci\u00f3n de Baosikai. Aplicamos estrictas medidas de control de calidad para garantizar que todas las bolsas que producimos cumplen las normas m\u00e1s estrictas. Este compromiso con la calidad nos ha granjeado la confianza de clientes de todo el mundo. Descubra m\u00e1s sobre nuestra fiabilidad y garant\u00eda de calidad en nuestro art\u00edculo sobre <a href=\"https:\/\/baosikai.com\/es\/baosikai-global-leader-in-bag-manufacturer-excellence\/\" target=\"_blank\" rel=\"noopener\" data-schema-attribute=\"mentions\">La fiabilidad y la garant\u00eda de calidad que Baosikai aporta a la fabricaci\u00f3n<\/a>.<\/p>\n<h2>\u00danete a la historia de \u00e9xito de Baosikai<\/h2>\n<p>\u00bfEst\u00e1 preparado para mejorar su negocio con soluciones de bolsas fiables y de alta calidad? As\u00f3ciese con Baosikai y forme parte de nuestra historia de \u00e9xito. Nuestro equipo especializado est\u00e1 aqu\u00ed para ayudarle con productos excepcionales y un servicio inigualable.<\/p>\n<p>P\u00f3ngase en contacto con nosotros hoy mismo para obtener m\u00e1s informaci\u00f3n sobre nuestras ofertas para mayoristas y sobre c\u00f3mo podemos ayudar a que su negocio prospere. Juntos, podemos lograr un gran \u00e9xito y crear productos que deleiten a sus clientes e impulsen su marca.<\/p>\n<\/article>","protected":false},"excerpt":{"rendered":"<p>At Baosikai, our mission extends beyond manufacturing exceptional bags. We strive to build meaningful partnerships that drive mutual success. Over [&hellip;]<\/p>","protected":false},"author":1,"featured_media":0,"parent":0,"menu_order":0,"comment_status":"closed","ping_status":"closed","template":"","meta":{"site-sidebar-layout":"default","site-content-layout":"","ast-site-content-layout":"default","site-content-style":"default","site-sidebar-style":"default","ast-global-header-display":"","ast-banner-title-visibility":"","ast-main-header-display":"","ast-hfb-above-header-display":"","ast-hfb-below-header-display":"","ast-hfb-mobile-header-display":"","site-post-title":"","ast-breadcrumbs-content":"","ast-featured-img":"","footer-sml-layout":"","theme-transparent-header-meta":"default","adv-header-id-meta":"","stick-header-meta":"","header-above-stick-meta":"","header-main-stick-meta":"","header-below-stick-meta":"","astra-migrate-meta-layouts":"set","ast-page-background-enabled":"default","ast-page-background-meta":{"desktop":{"background-color":"var(--ast-global-color-4)","background-image":"","background-repeat":"repeat","background-position":"center center","background-size":"auto","background-attachment":"scroll","background-type":"","background-media":"","overlay-type":"","overlay-color":"","overlay-gradient":""},"tablet":{"background-color":"","background-image":"","background-repeat":"repeat","background-position":"center center","background-size":"auto","background-attachment":"scroll","background-type":"","background-media":"","overlay-type":"","overlay-color":"","overlay-gradient":""},"mobile":{"background-color":"","background-image":"","background-repeat":"repeat","background-position":"center center","background-size":"auto","background-attachment":"scroll","background-type":"","background-media":"","overlay-type":"","overlay-color":"","overlay-gradient":""}},"ast-content-background-meta":{"desktop":{"background-color":"var(--ast-global-color-5)","background-image":"","background-repeat":"repeat","background-position":"center center","background-size":"auto","background-attachment":"scroll","background-type":"","background-media":"","overlay-type":"","overlay-color":"","overlay-gradient":""},"tablet":{"background-color":"var(--ast-global-color-5)","background-image":"","background-repeat":"repeat","background-position":"center center","background-size":"auto","background-attachment":"scroll","background-type":"","background-media":"","overlay-type":"","overlay-color":"","overlay-gradient":""},"mobile":{"background-color":"var(--ast-global-color-5)","background-image":"","background-repeat":"repeat","background-position":"center center","background-size":"auto","background-attachment":"scroll","background-type":"","background-media":"","overlay-type":"","overlay-color":"","overlay-gradient":""}},"footnotes":""},"class_list":["post-5434","page","type-page","status-publish","hentry"],"_links":{"self":[{"href":"https:\/\/baosikai.com\/es\/wp-json\/wp\/v2\/pages\/5434","targetHints":{"allow":["GET"]}}],"collection":[{"href":"https:\/\/baosikai.com\/es\/wp-json\/wp\/v2\/pages"}],"about":[{"href":"https:\/\/baosikai.com\/es\/wp-json\/wp\/v2\/types\/page"}],"author":[{"embeddable":true,"href":"https:\/\/baosikai.com\/es\/wp-json\/wp\/v2\/users\/1"}],"replies":[{"embeddable":true,"href":"https:\/\/baosikai.com\/es\/wp-json\/wp\/v2\/comments?post=5434"}],"version-history":[{"count":1,"href":"https:\/\/baosikai.com\/es\/wp-json\/wp\/v2\/pages\/5434\/revisions"}],"predecessor-version":[{"id":5435,"href":"https:\/\/baosikai.com\/es\/wp-json\/wp\/v2\/pages\/5434\/revisions\/5435"}],"wp:attachment":[{"href":"https:\/\/baosikai.com\/es\/wp-json\/wp\/v2\/media?parent=5434"}],"curies":[{"name":"wp","href":"https:\/\/api.w.org\/{rel}","templated":true}]}}