{"id":5756,"date":"2024-07-17T08:48:30","date_gmt":"2024-07-17T08:48:30","guid":{"rendered":"http:\/\/baosikai.com\/?page_id=5756"},"modified":"2024-08-22T04:26:13","modified_gmt":"2024-08-22T04:26:13","slug":"cut-sew","status":"publish","type":"page","link":"https:\/\/baosikai.com\/es\/cut-sew\/","title":{"rendered":"Cortar y coser"},"content":{"rendered":"<div data-elementor-type=\"wp-page\" data-elementor-id=\"5756\" class=\"elementor elementor-5756\" data-elementor-post-type=\"page\">\n\t\t\t\t<div class=\"elementor-element elementor-element-6a9d3af e-flex e-con-boxed e-con e-parent\" data-id=\"6a9d3af\" data-element_type=\"container\" data-settings=\"{&quot;background_background&quot;:&quot;classic&quot;}\">\n\t\t\t\t\t<div class=\"e-con-inner\">\n\t\t\t\t<div class=\"elementor-element elementor-element-b5adfef elementor-widget elementor-widget-heading\" data-id=\"b5adfef\" data-element_type=\"widget\" data-widget_type=\"heading.default\">\n\t\t\t\t<div class=\"elementor-widget-container\">\n\t\t\t\t\t<h1 class=\"elementor-heading-title elementor-size-default\">Fabricaci\u00f3n por corte y costura<\/h1>\t\t\t\t<\/div>\n\t\t\t\t<\/div>\n\t\t\t\t\t<\/div>\n\t\t\t\t<\/div>\n\t\t<div class=\"elementor-element elementor-element-3a0f8d9 e-flex e-con-boxed e-con e-parent\" data-id=\"3a0f8d9\" data-element_type=\"container\">\n\t\t\t\t\t<div class=\"e-con-inner\">\n\t\t<div class=\"elementor-element elementor-element-58eecda e-con-full e-flex e-con e-child\" data-id=\"58eecda\" data-element_type=\"container\">\n\t\t\t\t<div class=\"elementor-element elementor-element-59aea74 elementor-widget elementor-widget-heading\" data-id=\"59aea74\" data-element_type=\"widget\" data-widget_type=\"heading.default\">\n\t\t\t\t<div class=\"elementor-widget-container\">\n\t\t\t\t\t<h2 class=\"elementor-heading-title elementor-size-default\">Baosikai proporciona costura l\u00edder seg\u00fan sus especificaciones exactas.<\/h2>\t\t\t\t<\/div>\n\t\t\t\t<\/div>\n\t\t\t\t<div class=\"elementor-element elementor-element-cee2b0d elementor-widget elementor-widget-text-editor\" data-id=\"cee2b0d\" data-element_type=\"widget\" data-widget_type=\"text-editor.default\">\n\t\t\t\t<div class=\"elementor-widget-container\">\n\t\t\t\t\t\t\t\t\t<p>Baosikai es un proveedor especializado de servicios integrales de corte y costura para componentes de cuero, parches, bolsos, accesorios y art\u00edculos para el hogar. Trabajamos para grandes marcas, empresas de Fortune 500, dise\u00f1adores y nuevas empresas. Combinando los m\u00e9todos tradicionales del trabajo del cuero fino con la tecnolog\u00eda moderna, agilizamos la producci\u00f3n y la comunicaci\u00f3n con nuestros clientes.<\/p><p>Nuestras f\u00e1bricas de corte y cosido ofrecen cantidades m\u00ednimas de pedido flexibles, plazos de entrega r\u00e1pidos y una gran visibilidad durante todo el proceso. Nos encargamos tanto de la fabricaci\u00f3n de tiradas cortas como de la fabricaci\u00f3n a gran escala, manteniendo al mismo tiempo los m\u00e1s altos est\u00e1ndares de calidad. Con expertos en desarrollo de productos, directores de producci\u00f3n y especialistas en control de calidad a tiempo completo, nos aseguramos de que sus productos cumplan las especificaciones y se entreguen a tiempo y dentro del presupuesto.<\/p><p>Nos enorgullecemos de crear un entorno de trabajo seguro y agradable para nuestro equipo, aplicando pol\u00edticas estrictas contra las violaciones de los derechos humanos, el trabajo infantil y las condiciones inseguras en las f\u00e1bricas. Nuestros trabajadores disfrutan de unas instalaciones abiertas y espaciosas, con abundante luz natural. Baosikai se preocupa por los detalles, la calidad, el servicio y las pr\u00e1cticas empresariales \u00e9ticas.<\/p>\t\t\t\t\t\t\t\t<\/div>\n\t\t\t\t<\/div>\n\t\t\t\t<\/div>\n\t\t<div class=\"elementor-element elementor-element-a605e58 e-con-full e-flex e-con e-child\" data-id=\"a605e58\" data-element_type=\"container\">\n\t\t\t\t<div class=\"elementor-element elementor-element-7ae97cb elementor-widget elementor-widget-image\" data-id=\"7ae97cb\" data-element_type=\"widget\" data-widget_type=\"image.default\">\n\t\t\t\t<div class=\"elementor-widget-container\">\n\t\t\t\t\t\t\t\t\t\t\t\t\t\t\t<img fetchpriority=\"high\" decoding=\"async\" width=\"556\" height=\"800\" src=\"https:\/\/baosikai.com\/wp-content\/uploads\/2024\/07\/7.jpg\" class=\"attachment-large size-large wp-image-5760\" alt=\"\" srcset=\"https:\/\/baosikai.com\/wp-content\/uploads\/2024\/07\/7.jpg 556w, https:\/\/baosikai.com\/wp-content\/uploads\/2024\/07\/7-209x300.jpg 209w\" sizes=\"(max-width: 556px) 100vw, 556px\">\t\t\t\t\t\t\t\t\t\t\t\t\t\t\t<\/div>\n\t\t\t\t<\/div>\n\t\t\t\t<\/div>\n\t\t\t\t\t<\/div>\n\t\t\t\t<\/div>\n\t\t<div class=\"elementor-element elementor-element-213b6f2 e-flex e-con-boxed e-con e-parent\" data-id=\"213b6f2\" data-element_type=\"container\">\n\t\t\t\t\t<div class=\"e-con-inner\">\n\t\t<div class=\"elementor-element elementor-element-0897f5a e-con-full e-flex e-con e-child\" data-id=\"0897f5a\" data-element_type=\"container\">\n\t\t\t\t<div class=\"elementor-element elementor-element-1b6955e elementor-widget elementor-widget-image\" data-id=\"1b6955e\" data-element_type=\"widget\" data-widget_type=\"image.default\">\n\t\t\t\t<div class=\"elementor-widget-container\">\n\t\t\t\t\t\t\t\t\t\t\t\t\t\t\t<img decoding=\"async\" width=\"1024\" height=\"682\" data-src=\"https:\/\/baosikai.com\/wp-content\/uploads\/2024\/07\/\u7269\u6d41-1024x682.jpg\" class=\"attachment-large size-large wp-image-5766 lazyload\" alt=\"\" data-srcset=\"https:\/\/baosikai.com\/wp-content\/uploads\/2024\/07\/\u7269\u6d41-1024x682.jpg 1024w, https:\/\/baosikai.com\/wp-content\/uploads\/2024\/07\/\u7269\u6d41-300x200.jpg 300w, https:\/\/baosikai.com\/wp-content\/uploads\/2024\/07\/\u7269\u6d41-768x512.jpg 768w, https:\/\/baosikai.com\/wp-content\/uploads\/2024\/07\/\u7269\u6d41-600x400.jpg 600w, https:\/\/baosikai.com\/wp-content\/uploads\/2024\/07\/\u7269\u6d41.jpg 1100w\" data-sizes=\"(max-width: 1024px) 100vw, 1024px\" src=\"data:image\/gif;base64,R0lGODlhAQABAAAAACH5BAEKAAEALAAAAAABAAEAAAICTAEAOw==\" style=\"--smush-placeholder-width: 1024px; --smush-placeholder-aspect-ratio: 1024\/682;\"><noscript><img decoding=\"async\" width=\"1024\" height=\"682\" src=\"https:\/\/baosikai.com\/wp-content\/uploads\/2024\/07\/\u7269\u6d41-1024x682.jpg\" class=\"attachment-large size-large wp-image-5766\" alt=\"\" srcset=\"https:\/\/baosikai.com\/wp-content\/uploads\/2024\/07\/\u7269\u6d41-1024x682.jpg 1024w, https:\/\/baosikai.com\/wp-content\/uploads\/2024\/07\/\u7269\u6d41-300x200.jpg 300w, https:\/\/baosikai.com\/wp-content\/uploads\/2024\/07\/\u7269\u6d41-768x512.jpg 768w, https:\/\/baosikai.com\/wp-content\/uploads\/2024\/07\/\u7269\u6d41-600x400.jpg 600w, https:\/\/baosikai.com\/wp-content\/uploads\/2024\/07\/\u7269\u6d41.jpg 1100w\" sizes=\"(max-width: 1024px) 100vw, 1024px\"><\/noscript>\t\t\t\t\t\t\t\t\t\t\t\t\t\t\t<\/div>\n\t\t\t\t<\/div>\n\t\t\t\t<\/div>\n\t\t<div class=\"elementor-element elementor-element-7ec94ca e-con-full e-flex e-con e-child\" data-id=\"7ec94ca\" data-element_type=\"container\">\n\t\t\t\t<div class=\"elementor-element elementor-element-9eb7a01 elementor-widget elementor-widget-heading\" data-id=\"9eb7a01\" data-element_type=\"widget\" data-widget_type=\"heading.default\">\n\t\t\t\t<div class=\"elementor-widget-container\">\n\t\t\t\t\t<h2 class=\"elementor-heading-title elementor-size-default\">Servicios que ofrecemos<\/h2>\t\t\t\t<\/div>\n\t\t\t\t<\/div>\n\t\t\t\t<div class=\"elementor-element elementor-element-dd516b1 elementor-widget elementor-widget-text-editor\" data-id=\"dd516b1\" data-element_type=\"widget\" data-widget_type=\"text-editor.default\">\n\t\t\t\t<div class=\"elementor-widget-container\">\n\t\t\t\t\t\t\t\t\t<p>- Muestreo y creaci\u00f3n de prototipos<br \/>- Abastecimiento<br \/>- Herramientas<br \/>- Producci\u00f3n<br \/>- Log\u00edstica y cumplimiento<\/p>\t\t\t\t\t\t\t\t<\/div>\n\t\t\t\t<\/div>\n\t\t\t\t<\/div>\n\t\t\t\t\t<\/div>\n\t\t\t\t<\/div>\n\t\t<div class=\"elementor-element elementor-element-cb927a5 e-flex e-con-boxed e-con e-parent\" data-id=\"cb927a5\" data-element_type=\"container\">\n\t\t\t\t\t<div class=\"e-con-inner\">\n\t\t<div class=\"elementor-element elementor-element-e763c1b e-con-full e-flex e-con e-child\" data-id=\"e763c1b\" data-element_type=\"container\">\n\t\t\t\t<div class=\"elementor-element elementor-element-3188390 elementor-widget elementor-widget-heading\" data-id=\"3188390\" data-element_type=\"widget\" data-widget_type=\"heading.default\">\n\t\t\t\t<div class=\"elementor-widget-container\">\n\t\t\t\t\t<h2 class=\"elementor-heading-title elementor-size-default\">Nuestra maquinaria<\/h2>\t\t\t\t<\/div>\n\t\t\t\t<\/div>\n\t\t\t\t<div class=\"elementor-element elementor-element-5fb26f1 elementor-widget elementor-widget-text-editor\" data-id=\"5fb26f1\" data-element_type=\"widget\" data-widget_type=\"text-editor.default\">\n\t\t\t\t<div class=\"elementor-widget-container\">\n\t\t\t\t\t\t\t\t\t<p>- Costura industrial<br \/>- Costura autom\u00e1tica<br \/>- Troquelado<br \/>- Estampaci\u00f3n y estampaci\u00f3n en caliente<br \/>- Separaci\u00f3n<br \/>- Fijaci\u00f3n<br \/>- Tratamiento de bordes<br \/>- Pintura y secado<br \/>- Corte de flejes<\/p>\t\t\t\t\t\t\t\t<\/div>\n\t\t\t\t<\/div>\n\t\t\t\t<\/div>\n\t\t<div class=\"elementor-element elementor-element-6c69f7c e-con-full e-flex e-con e-child\" data-id=\"6c69f7c\" data-element_type=\"container\">\n\t\t\t\t<div class=\"elementor-element elementor-element-5735bfe elementor-widget elementor-widget-image\" data-id=\"5735bfe\" data-element_type=\"widget\" data-widget_type=\"image.default\">\n\t\t\t\t<div class=\"elementor-widget-container\">\n\t\t\t\t\t\t\t\t\t\t\t\t\t\t\t<img decoding=\"async\" width=\"889\" height=\"500\" data-src=\"https:\/\/baosikai.com\/wp-content\/uploads\/2024\/07\/004741.jpg\" class=\"attachment-large size-large wp-image-5770 lazyload\" alt=\"\" data-srcset=\"https:\/\/baosikai.com\/wp-content\/uploads\/2024\/07\/004741.jpg 889w, https:\/\/baosikai.com\/wp-content\/uploads\/2024\/07\/004741-300x169.jpg 300w, https:\/\/baosikai.com\/wp-content\/uploads\/2024\/07\/004741-768x432.jpg 768w, https:\/\/baosikai.com\/wp-content\/uploads\/2024\/07\/004741-600x337.jpg 600w\" data-sizes=\"(max-width: 889px) 100vw, 889px\" src=\"data:image\/gif;base64,R0lGODlhAQABAAAAACH5BAEKAAEALAAAAAABAAEAAAICTAEAOw==\" style=\"--smush-placeholder-width: 889px; --smush-placeholder-aspect-ratio: 889\/500;\"><noscript><img decoding=\"async\" width=\"889\" height=\"500\" src=\"https:\/\/baosikai.com\/wp-content\/uploads\/2024\/07\/004741.jpg\" class=\"attachment-large size-large wp-image-5770\" alt=\"\" srcset=\"https:\/\/baosikai.com\/wp-content\/uploads\/2024\/07\/004741.jpg 889w, https:\/\/baosikai.com\/wp-content\/uploads\/2024\/07\/004741-300x169.jpg 300w, https:\/\/baosikai.com\/wp-content\/uploads\/2024\/07\/004741-768x432.jpg 768w, https:\/\/baosikai.com\/wp-content\/uploads\/2024\/07\/004741-600x337.jpg 600w\" sizes=\"(max-width: 889px) 100vw, 889px\"><\/noscript>\t\t\t\t\t\t\t\t\t\t\t\t\t\t\t<\/div>\n\t\t\t\t<\/div>\n\t\t\t\t<\/div>\n\t\t\t\t\t<\/div>\n\t\t\t\t<\/div>\n\t\t<div class=\"elementor-element elementor-element-ebdd89c e-flex e-con-boxed e-con e-parent\" data-id=\"ebdd89c\" data-element_type=\"container\">\n\t\t\t\t\t<div class=\"e-con-inner\">\n\t\t<div class=\"elementor-element elementor-element-df74601 e-con-full e-flex e-con e-child\" data-id=\"df74601\" data-element_type=\"container\">\n\t\t\t\t<div class=\"elementor-element elementor-element-5b4424d elementor-widget elementor-widget-image\" data-id=\"5b4424d\" data-element_type=\"widget\" data-widget_type=\"image.default\">\n\t\t\t\t<div class=\"elementor-widget-container\">\n\t\t\t\t\t\t\t\t\t\t\t\t\t\t\t<img loading=\"lazy\" decoding=\"async\" width=\"1024\" height=\"615\" data-src=\"https:\/\/baosikai.com\/wp-content\/uploads\/2024\/07\/00241-1024x615.jpg\" class=\"attachment-large size-large wp-image-5764 lazyload\" alt=\"\" data-srcset=\"https:\/\/baosikai.com\/wp-content\/uploads\/2024\/07\/00241-1024x615.jpg 1024w, https:\/\/baosikai.com\/wp-content\/uploads\/2024\/07\/00241-300x180.jpg 300w, https:\/\/baosikai.com\/wp-content\/uploads\/2024\/07\/00241-768x462.jpg 768w, https:\/\/baosikai.com\/wp-content\/uploads\/2024\/07\/00241-1536x923.jpg 1536w, https:\/\/baosikai.com\/wp-content\/uploads\/2024\/07\/00241-600x361.jpg 600w, https:\/\/baosikai.com\/wp-content\/uploads\/2024\/07\/00241.jpg 2000w\" data-sizes=\"(max-width: 1024px) 100vw, 1024px\" src=\"data:image\/gif;base64,R0lGODlhAQABAAAAACH5BAEKAAEALAAAAAABAAEAAAICTAEAOw==\" style=\"--smush-placeholder-width: 1024px; --smush-placeholder-aspect-ratio: 1024\/615;\"><noscript><img loading=\"lazy\" decoding=\"async\" width=\"1024\" height=\"615\" src=\"https:\/\/baosikai.com\/wp-content\/uploads\/2024\/07\/00241-1024x615.jpg\" class=\"attachment-large size-large wp-image-5764\" alt=\"\" srcset=\"https:\/\/baosikai.com\/wp-content\/uploads\/2024\/07\/00241-1024x615.jpg 1024w, https:\/\/baosikai.com\/wp-content\/uploads\/2024\/07\/00241-300x180.jpg 300w, https:\/\/baosikai.com\/wp-content\/uploads\/2024\/07\/00241-768x462.jpg 768w, https:\/\/baosikai.com\/wp-content\/uploads\/2024\/07\/00241-1536x923.jpg 1536w, https:\/\/baosikai.com\/wp-content\/uploads\/2024\/07\/00241-600x361.jpg 600w, https:\/\/baosikai.com\/wp-content\/uploads\/2024\/07\/00241.jpg 2000w\" sizes=\"(max-width: 1024px) 100vw, 1024px\"><\/noscript>\t\t\t\t\t\t\t\t\t\t\t\t\t\t\t<\/div>\n\t\t\t\t<\/div>\n\t\t\t\t<\/div>\n\t\t<div class=\"elementor-element elementor-element-6680bbc e-con-full e-flex e-con e-child\" data-id=\"6680bbc\" data-element_type=\"container\">\n\t\t\t\t<div class=\"elementor-element elementor-element-6da7c4a elementor-widget elementor-widget-heading\" data-id=\"6da7c4a\" data-element_type=\"widget\" data-widget_type=\"heading.default\">\n\t\t\t\t<div class=\"elementor-widget-container\">\n\t\t\t\t\t<h2 class=\"elementor-heading-title elementor-size-default\">Especialidades de materiales<\/h2>\t\t\t\t<\/div>\n\t\t\t\t<\/div>\n\t\t\t\t<div class=\"elementor-element elementor-element-ae75c46 elementor-widget elementor-widget-text-editor\" data-id=\"ae75c46\" data-element_type=\"widget\" data-widget_type=\"text-editor.default\">\n\t\t\t\t<div class=\"elementor-widget-container\">\n\t\t\t\t\t\t\t\t\t<p>- Cuero<br \/>- Sustitutos de la piel<br \/>- Cordura<br \/>- Lienzo<br \/>- Lona encerada<br \/>- Fieltro<br \/>- Nylon<br \/>- Ripstop<\/p>\t\t\t\t\t\t\t\t<\/div>\n\t\t\t\t<\/div>\n\t\t\t\t<\/div>\n\t\t\t\t\t<\/div>\n\t\t\t\t<\/div>\n\t\t\t\t<\/div>","protected":false},"excerpt":{"rendered":"<p>Cut &#038; Sew Manufacturing Baosikai provides leading Sewing to your exact specifications. Baosikai is a specialized provider of full-service cut-and-sew [&hellip;]<\/p>","protected":false},"author":1,"featured_media":0,"parent":0,"menu_order":0,"comment_status":"closed","ping_status":"closed","template":"","meta":{"site-sidebar-layout":"no-sidebar","site-content-layout":"page-builder","ast-site-content-layout":"full-width-container","site-content-style":"default","site-sidebar-style":"default","ast-global-header-display":"","ast-banner-title-visibility":"","ast-main-header-display":"","ast-hfb-above-header-display":"","ast-hfb-below-header-display":"","ast-hfb-mobile-header-display":"","site-post-title":"disabled","ast-breadcrumbs-content":"","ast-featured-img":"disabled","footer-sml-layout":"","theme-transparent-header-meta":"default","adv-header-id-meta":"","stick-header-meta":"","header-above-stick-meta":"","header-main-stick-meta":"","header-below-stick-meta":"","astra-migrate-meta-layouts":"set","ast-page-background-enabled":"default","ast-page-background-meta":{"desktop":{"background-color":"var(--ast-global-color-4)","background-image":"","background-repeat":"repeat","background-position":"center center","background-size":"auto","background-attachment":"scroll","background-type":"","background-media":"","overlay-type":"","overlay-color":"","overlay-gradient":""},"tablet":{"background-color":"","background-image":"","background-repeat":"repeat","background-position":"center center","background-size":"auto","background-attachment":"scroll","background-type":"","background-media":"","overlay-type":"","overlay-color":"","overlay-gradient":""},"mobile":{"background-color":"","background-image":"","background-repeat":"repeat","background-position":"center center","background-size":"auto","background-attachment":"scroll","background-type":"","background-media":"","overlay-type":"","overlay-color":"","overlay-gradient":""}},"ast-content-background-meta":{"desktop":{"background-color":"var(--ast-global-color-5)","background-image":"","background-repeat":"repeat","background-position":"center center","background-size":"auto","background-attachment":"scroll","background-type":"","background-media":"","overlay-type":"","overlay-color":"","overlay-gradient":""},"tablet":{"background-color":"var(--ast-global-color-5)","background-image":"","background-repeat":"repeat","background-position":"center center","background-size":"auto","background-attachment":"scroll","background-type":"","background-media":"","overlay-type":"","overlay-color":"","overlay-gradient":""},"mobile":{"background-color":"var(--ast-global-color-5)","background-image":"","background-repeat":"repeat","background-position":"center center","background-size":"auto","background-attachment":"scroll","background-type":"","background-media":"","overlay-type":"","overlay-color":"","overlay-gradient":""}},"footnotes":""},"class_list":["post-5756","page","type-page","status-publish","hentry"],"_links":{"self":[{"href":"https:\/\/baosikai.com\/es\/wp-json\/wp\/v2\/pages\/5756","targetHints":{"allow":["GET"]}}],"collection":[{"href":"https:\/\/baosikai.com\/es\/wp-json\/wp\/v2\/pages"}],"about":[{"href":"https:\/\/baosikai.com\/es\/wp-json\/wp\/v2\/types\/page"}],"author":[{"embeddable":true,"href":"https:\/\/baosikai.com\/es\/wp-json\/wp\/v2\/users\/1"}],"replies":[{"embeddable":true,"href":"https:\/\/baosikai.com\/es\/wp-json\/wp\/v2\/comments?post=5756"}],"version-history":[{"count":13,"href":"https:\/\/baosikai.com\/es\/wp-json\/wp\/v2\/pages\/5756\/revisions"}],"predecessor-version":[{"id":5964,"href":"https:\/\/baosikai.com\/es\/wp-json\/wp\/v2\/pages\/5756\/revisions\/5964"}],"wp:attachment":[{"href":"https:\/\/baosikai.com\/es\/wp-json\/wp\/v2\/media?parent=5756"}],"curies":[{"name":"wp","href":"https:\/\/api.w.org\/{rel}","templated":true}]}}