{"id":1905,"date":"2024-04-16T02:34:05","date_gmt":"2024-04-16T02:34:05","guid":{"rendered":"http:\/\/baosikai.com\/?post_type=product&#038;p=1905"},"modified":"2024-06-27T08:07:29","modified_gmt":"2024-06-27T08:07:29","slug":"mens-genuine-leather-briefcase-casual-trendy-handbag","status":"publish","type":"product","link":"https:\/\/baosikai.com\/es\/producto\/mens-genuine-leather-briefcase-casual-trendy-handbag\/","title":{"rendered":"Malet\u00edn de cuero genuino de los hombres Casual bolso de moda"},"content":{"rendered":"<p>Desfile de modelos<br \/>Informaci\u00f3n sobre el producto<br \/>Material :Piel de vaca (cuero plena flor)<br \/>\nForro :poli\u00e9ster algod\u00f3n<br \/>\nEstilo: Negocios, Sencillo, Casual<br \/>\nPeso: 1,2 kg aproximadamente<br \/>\nSize:38*28*9cm (14.96*11.02*3.54inch)<br \/>\nSexo:Hombres Mujeres<br \/>\nCaracter\u00edsticas del producto<br \/>\n(1) Cuero de vaca de capa superior, bien hecho, rentable<br \/>\n(2) Bolsa de viaje de negocios, adecuada tanto para el ocio como para los viajes de negocios<br \/>\n(3) Dise\u00f1o de doble compartimento, gran capacidad, puede poner en 15,6 pulgadas port\u00e1til, revistas A4, 10,4 pulgadas iPad......<br \/>\nEl paquete incluye<br \/>\n1 \u00d7 Bolso<br \/>\n1 \u00d7 Correa de hombro<br \/>\nConsejos c\u00e1lidos<br \/>\n(1) 1 pulgada = 2,54 cm, 1 cm = 0,39 pulgadas.<br \/>\n(2) Por favor, permita 1-3 cm de desviaci\u00f3n de tama\u00f1o debido a los diferentes m\u00e9todos de medici\u00f3n.<br \/>\n(3) El producto est\u00e1 fotografiado f\u00edsicamente, habr\u00e1 una cierta diferencia de color en diferentes entornos de iluminaci\u00f3n y monitores, por favor, comprenda.<br \/>\n(4) La textura de las diferentes partes de la piel de vaca es ligeramente diferente, como el cuello de la vaca y la textura de la grupa es m\u00e1s gruesa, otras partes de la textura es m\u00e1s delgada. Por favor, compr\u00e9ndalo.<br \/>Negro<br \/>Sobre los defectos de la piel<br \/>En el caso de la piel de vacuno cultivada de forma natural, cada pieza de cuero presenta ligeras diferencias de material y color, y tambi\u00e9n puede haber marcas dejadas por los animales en el proceso de crecimiento, como venas, cicatrices, marcas de mordiscos. Esta es una caracter\u00edstica com\u00fan de los materiales naturales y no puede evitarse. Los clientes que no puedan aceptar este problema ajeno a la calidad del producto deben tener cuidado al hacer un pedido.<\/p>\n<p>Gu\u00eda de mantenimiento del bolso de piel<br \/>1. El bolso de piel no puede exponerse al sol durante mucho tiempo, porque la alta temperatura causar\u00e1 da\u00f1os irreversibles en la piel. 2. Procure no limpiar la superficie de cuero con una toalla h\u00fameda. En particular, no la limpie con frecuencia. Si necesita cuidarla, utilice una toalla de secado r\u00e1pido o un pa\u00f1o blanco de algod\u00f3n. L\u00edmpialo con regularidad<\/p>\n<p>3. 3. No utilice alcohol, \u00e1cidos ni \u00e1lcalis para limpiar el cuero. Despu\u00e9s de limpiarlo, se decolorar\u00e1, y la decoloraci\u00f3n del cuero es irreversible.<\/p>\n<p>4. Si no se utiliza durante mucho tiempo, col\u00f3quele papel para evitar que se deforme.<\/p>\n<p>5. Cuando llueva en d\u00edas lluviosos, ponlo en un lugar ventilado y s\u00e9calo para evitar el moho<\/p>","protected":false},"excerpt":{"rendered":"<p>Model ShowProduct informationMaterial :Cowhide (full grain leather) Lining :polyester cotton Style: Business, Simple, Casual Weight:about 1.2kg Size:38*28*9cm (14.96*11.02*3.54inch) Gender:Men Women [&hellip;]<\/p>","protected":false},"featured_media":1968,"template":"","meta":{"site-sidebar-layout":"default","site-content-layout":"","ast-site-content-layout":"","site-content-style":"default","site-sidebar-style":"default","ast-global-header-display":"","ast-banner-title-visibility":"","ast-main-header-display":"","ast-hfb-above-header-display":"","ast-hfb-below-header-display":"","ast-hfb-mobile-header-display":"","site-post-title":"","ast-breadcrumbs-content":"","ast-featured-img":"","footer-sml-layout":"","theme-transparent-header-meta":"","adv-header-id-meta":"","stick-header-meta":"","header-above-stick-meta":"","header-main-stick-meta":"","header-below-stick-meta":"","astra-migrate-meta-layouts":"default","ast-page-background-enabled":"default","ast-page-background-meta":{"desktop":{"background-color":"var(--ast-global-color-4)","background-image":"","background-repeat":"repeat","background-position":"center center","background-size":"auto","background-attachment":"scroll","background-type":"","background-media":"","overlay-type":"","overlay-color":"","overlay-gradient":""},"tablet":{"background-color":"","background-image":"","background-repeat":"repeat","background-position":"center center","background-size":"auto","background-attachment":"scroll","background-type":"","background-media":"","overlay-type":"","overlay-color":"","overlay-gradient":""},"mobile":{"background-color":"","background-image":"","background-repeat":"repeat","background-position":"center center","background-size":"auto","background-attachment":"scroll","background-type":"","background-media":"","overlay-type":"","overlay-color":"","overlay-gradient":""}},"ast-content-background-meta":{"desktop":{"background-color":"var(--ast-global-color-5)","background-image":"","background-repeat":"repeat","background-position":"center center","background-size":"auto","background-attachment":"scroll","background-type":"","background-media":"","overlay-type":"","overlay-color":"","overlay-gradient":""},"tablet":{"background-color":"var(--ast-global-color-5)","background-image":"","background-repeat":"repeat","background-position":"center center","background-size":"auto","background-attachment":"scroll","background-type":"","background-media":"","overlay-type":"","overlay-color":"","overlay-gradient":""},"mobile":{"background-color":"var(--ast-global-color-5)","background-image":"","background-repeat":"repeat","background-position":"center center","background-size":"auto","background-attachment":"scroll","background-type":"","background-media":"","overlay-type":"","overlay-color":"","overlay-gradient":""}}},"product_brand":[],"product_cat":[28],"product_tag":[],"class_list":{"0":"post-1905","1":"product","2":"type-product","3":"status-publish","4":"has-post-thumbnail","6":"product_cat-briefcases","7":"desktop-align-center","8":"tablet-align-left","9":"mobile-align-left","11":"first","12":"instock","13":"shipping-taxable","14":"purchasable","15":"product-type-simple"},"_links":{"self":[{"href":"https:\/\/baosikai.com\/es\/wp-json\/wp\/v2\/product\/1905","targetHints":{"allow":["GET"]}}],"collection":[{"href":"https:\/\/baosikai.com\/es\/wp-json\/wp\/v2\/product"}],"about":[{"href":"https:\/\/baosikai.com\/es\/wp-json\/wp\/v2\/types\/product"}],"wp:featuredmedia":[{"embeddable":true,"href":"https:\/\/baosikai.com\/es\/wp-json\/wp\/v2\/media\/1968"}],"wp:attachment":[{"href":"https:\/\/baosikai.com\/es\/wp-json\/wp\/v2\/media?parent=1905"}],"wp:term":[{"taxonomy":"product_brand","embeddable":true,"href":"https:\/\/baosikai.com\/es\/wp-json\/wp\/v2\/product_brand?post=1905"},{"taxonomy":"product_cat","embeddable":true,"href":"https:\/\/baosikai.com\/es\/wp-json\/wp\/v2\/product_cat?post=1905"},{"taxonomy":"product_tag","embeddable":true,"href":"https:\/\/baosikai.com\/es\/wp-json\/wp\/v2\/product_tag?post=1905"}],"curies":[{"name":"wp","href":"https:\/\/api.w.org\/{rel}","templated":true}]}}