{"id":1906,"date":"2024-04-16T02:34:06","date_gmt":"2024-04-16T02:34:06","guid":{"rendered":"http:\/\/baosikai.com\/?post_type=product&#038;p=1906"},"modified":"2024-06-27T08:06:20","modified_gmt":"2024-06-27T08:06:20","slug":"universal-laptop-bag-shockproof-sleeve","status":"publish","type":"product","link":"https:\/\/baosikai.com\/es\/producto\/universal-laptop-bag-shockproof-sleeve\/","title":{"rendered":"Bolsa universal para port\u00e1til Funda antigolpes"},"content":{"rendered":"<p>Tejido oxford impermeable de alta calidad en el exterior y suave terciopelo cristalino en el interior, duradero y elegante.<br \/>\nEl material m\u00faltiple proporciona una protecci\u00f3n de varias capas contra el polvo, el agua, los ara\u00f1azos o los golpes.<br \/>\nDise\u00f1o ultrafino y ligero que lo hace muy pr\u00e1ctico para el uso diario y para viajar all\u00e1 donde vayas.<br \/>\nLa cremallera de carga superior de la bolsa se desliza suavemente, lo que permite un acceso f\u00e1cil y c\u00f3modo al port\u00e1til.<br \/>\nFabricada con material duradero e impermeable. Nunca se preocupe por derramar una bebida o caminar bajo la lluvia cuando su port\u00e1til est\u00e1 en esta bolsa.<br \/>\nEspecificaciones:<br \/>\nMaterial: Tejido Oxford, terciopelo cristal suave<br \/>\nCaracter\u00edsticas: Impermeable, antipolvo, resistente al desgaste<br \/>\nG\u00e9nero aplicable: Hombres y mujeres<br \/>\nDureza: Suave<br \/>\nAbrir Cremallera<br \/>\nTama\u00f1o: 13,3 pulgadas, 14 pulgadas, 15,6 pulgadas<br \/>\nColor: gris, azul, negro, gris claro, rojo, morado<br \/>\nCompatible: Port\u00e1til, Tablet PC, cable de datos USB, rat\u00f3n, memoria USB, etc.<\/p>\n<p>Las dimensiones exteriores e interiores de la bolsa son las siguientes:<br \/>\n13,3 pulgadas (se adapta a port\u00e1tiles de 13-13,3 pulgadas): 34*24*2.5cm<br \/>\n14 pulgadas (se adapta a port\u00e1tiles de 14-14,6 pulgadas): 38*27*2.5cm<br \/>\n15,6 pulgadas (se adapta a port\u00e1tiles de 15-15,6 pulgadas): 40*29*2.5cm<\/p>\n<p>El paquete incluye:<br \/>\n1 * Bolsa para port\u00e1til<\/p>","protected":false},"excerpt":{"rendered":"<p>High-quality waterproof oxford fabric outside and soft crystal velvet inside, durable and elegant. Multiple material provides multiple-layer protection from dust, [&hellip;]<\/p>","protected":false},"featured_media":1989,"template":"","meta":{"site-sidebar-layout":"default","site-content-layout":"","ast-site-content-layout":"","site-content-style":"default","site-sidebar-style":"default","ast-global-header-display":"","ast-banner-title-visibility":"","ast-main-header-display":"","ast-hfb-above-header-display":"","ast-hfb-below-header-display":"","ast-hfb-mobile-header-display":"","site-post-title":"","ast-breadcrumbs-content":"","ast-featured-img":"","footer-sml-layout":"","theme-transparent-header-meta":"","adv-header-id-meta":"","stick-header-meta":"","header-above-stick-meta":"","header-main-stick-meta":"","header-below-stick-meta":"","astra-migrate-meta-layouts":"default","ast-page-background-enabled":"default","ast-page-background-meta":{"desktop":{"background-color":"var(--ast-global-color-4)","background-image":"","background-repeat":"repeat","background-position":"center center","background-size":"auto","background-attachment":"scroll","background-type":"","background-media":"","overlay-type":"","overlay-color":"","overlay-gradient":""},"tablet":{"background-color":"","background-image":"","background-repeat":"repeat","background-position":"center center","background-size":"auto","background-attachment":"scroll","background-type":"","background-media":"","overlay-type":"","overlay-color":"","overlay-gradient":""},"mobile":{"background-color":"","background-image":"","background-repeat":"repeat","background-position":"center center","background-size":"auto","background-attachment":"scroll","background-type":"","background-media":"","overlay-type":"","overlay-color":"","overlay-gradient":""}},"ast-content-background-meta":{"desktop":{"background-color":"var(--ast-global-color-5)","background-image":"","background-repeat":"repeat","background-position":"center center","background-size":"auto","background-attachment":"scroll","background-type":"","background-media":"","overlay-type":"","overlay-color":"","overlay-gradient":""},"tablet":{"background-color":"var(--ast-global-color-5)","background-image":"","background-repeat":"repeat","background-position":"center center","background-size":"auto","background-attachment":"scroll","background-type":"","background-media":"","overlay-type":"","overlay-color":"","overlay-gradient":""},"mobile":{"background-color":"var(--ast-global-color-5)","background-image":"","background-repeat":"repeat","background-position":"center center","background-size":"auto","background-attachment":"scroll","background-type":"","background-media":"","overlay-type":"","overlay-color":"","overlay-gradient":""}}},"product_brand":[],"product_cat":[28],"product_tag":[],"class_list":{"0":"post-1906","1":"product","2":"type-product","3":"status-publish","4":"has-post-thumbnail","6":"product_cat-briefcases","7":"pa_color-blue","8":"pa_color-purple","9":"pa_size-14-inch","10":"desktop-align-center","11":"tablet-align-left","12":"mobile-align-left","14":"first","15":"instock","16":"shipping-taxable","17":"purchasable","18":"product-type-variable"},"_links":{"self":[{"href":"https:\/\/baosikai.com\/es\/wp-json\/wp\/v2\/product\/1906","targetHints":{"allow":["GET"]}}],"collection":[{"href":"https:\/\/baosikai.com\/es\/wp-json\/wp\/v2\/product"}],"about":[{"href":"https:\/\/baosikai.com\/es\/wp-json\/wp\/v2\/types\/product"}],"wp:featuredmedia":[{"embeddable":true,"href":"https:\/\/baosikai.com\/es\/wp-json\/wp\/v2\/media\/1989"}],"wp:attachment":[{"href":"https:\/\/baosikai.com\/es\/wp-json\/wp\/v2\/media?parent=1906"}],"wp:term":[{"taxonomy":"product_brand","embeddable":true,"href":"https:\/\/baosikai.com\/es\/wp-json\/wp\/v2\/product_brand?post=1906"},{"taxonomy":"product_cat","embeddable":true,"href":"https:\/\/baosikai.com\/es\/wp-json\/wp\/v2\/product_cat?post=1906"},{"taxonomy":"product_tag","embeddable":true,"href":"https:\/\/baosikai.com\/es\/wp-json\/wp\/v2\/product_tag?post=1906"}],"curies":[{"name":"wp","href":"https:\/\/api.w.org\/{rel}","templated":true}]}}