{"id":1907,"date":"2024-04-16T02:34:07","date_gmt":"2024-04-16T02:34:07","guid":{"rendered":"http:\/\/baosikai.com\/?post_type=product&#038;p=1907"},"modified":"2024-06-27T08:04:10","modified_gmt":"2024-06-27T08:04:10","slug":"mens-genuine-leather-briefcases-business-bag","status":"publish","type":"product","link":"https:\/\/baosikai.com\/es\/producto\/mens-genuine-leather-briefcases-business-bag\/","title":{"rendered":"Maletines de piel aut\u00e9ntica para hombre Bolsa de negocios"},"content":{"rendered":"<p>Material:Piel de vaca de primera capa<br \/>\nForro: Poli\u00e9ster<br \/>\nEstilo : Vintage,Sencillo,Casual<br \/>\nPeso : Aproximadamente 1,5 kg<br \/>\nSize:40*9*30cm 15.75\u2033(L)*3.54\u2033(W)*11.81\u2033(H)<br \/>\nConsejos de abrigo:<br \/>\n(1) 1 pulgada = 2,54 cm,1 cm = 0,39 pulgadas<br \/>\n(2) Con la diferencia en el m\u00e9todo de medici\u00f3n, por favor permita 1-3 cm de desviaci\u00f3n en el tama\u00f1o.<br \/>\n(3)El producto se toma en especie, pero habr\u00e1 algunas aberraciones crom\u00e1ticas bajo diferentes ambientes de luz.<br \/>\ny dmonitores, por favor entiendan.<br \/>\n(4) La textura de la piel de vaca es ligeramente diferente seg\u00fan las distintas partes de la vaca; por ejemplo,<br \/>\nla textura del cuello y el trasero de la vaca ser\u00e1 m\u00e1s gruesa, y la textura de las dem\u00e1s partes de la vaca ser\u00e1 m\u00e1s fina.<br \/>\nPor favor, compr\u00e9ndalo.<br \/>Caracter\u00edstica:<br \/>\nLa caracter\u00edstica de cuero de caballo loco es el desaranged ara\u00f1azos en su superficie \uff0cque puede ser bien expresado la vendimia<br \/>\nEste cuero tendr\u00e1 ara\u00f1azos por gebtly raspado, y los ara\u00f1azos superficiales se reducir\u00e1 mediante el uso de<br \/>\ndedo para frotar repetidamente y suavemente\uff0cCon el uso a largo plazo, la superficie de cuero se volver\u00e1 m\u00e1s y m\u00e1s suave,<br \/>\ny los ara\u00f1azos desaparecer\u00e1n.<\/p>","protected":false},"excerpt":{"rendered":"<p>Material:First Layer Cowhide Leather Lining: Polyester Style : Vintage,Simple,Casual Weight : About 1.5kg Size:40*9*30cm 15.75&#8243;(L)*3.54&#8243;(W)*11.81&#8243;(H) Warm tips: (1) 1 inch [&hellip;]<\/p>","protected":false},"featured_media":2013,"template":"","meta":{"site-sidebar-layout":"default","site-content-layout":"","ast-site-content-layout":"","site-content-style":"default","site-sidebar-style":"default","ast-global-header-display":"","ast-banner-title-visibility":"","ast-main-header-display":"","ast-hfb-above-header-display":"","ast-hfb-below-header-display":"","ast-hfb-mobile-header-display":"","site-post-title":"","ast-breadcrumbs-content":"","ast-featured-img":"","footer-sml-layout":"","theme-transparent-header-meta":"","adv-header-id-meta":"","stick-header-meta":"","header-above-stick-meta":"","header-main-stick-meta":"","header-below-stick-meta":"","astra-migrate-meta-layouts":"default","ast-page-background-enabled":"default","ast-page-background-meta":{"desktop":{"background-color":"var(--ast-global-color-4)","background-image":"","background-repeat":"repeat","background-position":"center center","background-size":"auto","background-attachment":"scroll","background-type":"","background-media":"","overlay-type":"","overlay-color":"","overlay-gradient":""},"tablet":{"background-color":"","background-image":"","background-repeat":"repeat","background-position":"center center","background-size":"auto","background-attachment":"scroll","background-type":"","background-media":"","overlay-type":"","overlay-color":"","overlay-gradient":""},"mobile":{"background-color":"","background-image":"","background-repeat":"repeat","background-position":"center center","background-size":"auto","background-attachment":"scroll","background-type":"","background-media":"","overlay-type":"","overlay-color":"","overlay-gradient":""}},"ast-content-background-meta":{"desktop":{"background-color":"var(--ast-global-color-5)","background-image":"","background-repeat":"repeat","background-position":"center center","background-size":"auto","background-attachment":"scroll","background-type":"","background-media":"","overlay-type":"","overlay-color":"","overlay-gradient":""},"tablet":{"background-color":"var(--ast-global-color-5)","background-image":"","background-repeat":"repeat","background-position":"center center","background-size":"auto","background-attachment":"scroll","background-type":"","background-media":"","overlay-type":"","overlay-color":"","overlay-gradient":""},"mobile":{"background-color":"var(--ast-global-color-5)","background-image":"","background-repeat":"repeat","background-position":"center center","background-size":"auto","background-attachment":"scroll","background-type":"","background-media":"","overlay-type":"","overlay-color":"","overlay-gradient":""}}},"product_brand":[],"product_cat":[28],"product_tag":[],"class_list":{"0":"post-1907","1":"product","2":"type-product","3":"status-publish","4":"has-post-thumbnail","6":"product_cat-briefcases","7":"pa_color-deep-coffee","8":"pa_color-vintage-brown","9":"desktop-align-center","10":"tablet-align-left","11":"mobile-align-left","13":"first","14":"instock","15":"shipping-taxable","16":"purchasable","17":"product-type-variable"},"_links":{"self":[{"href":"https:\/\/baosikai.com\/es\/wp-json\/wp\/v2\/product\/1907","targetHints":{"allow":["GET"]}}],"collection":[{"href":"https:\/\/baosikai.com\/es\/wp-json\/wp\/v2\/product"}],"about":[{"href":"https:\/\/baosikai.com\/es\/wp-json\/wp\/v2\/types\/product"}],"wp:featuredmedia":[{"embeddable":true,"href":"https:\/\/baosikai.com\/es\/wp-json\/wp\/v2\/media\/2013"}],"wp:attachment":[{"href":"https:\/\/baosikai.com\/es\/wp-json\/wp\/v2\/media?parent=1907"}],"wp:term":[{"taxonomy":"product_brand","embeddable":true,"href":"https:\/\/baosikai.com\/es\/wp-json\/wp\/v2\/product_brand?post=1907"},{"taxonomy":"product_cat","embeddable":true,"href":"https:\/\/baosikai.com\/es\/wp-json\/wp\/v2\/product_cat?post=1907"},{"taxonomy":"product_tag","embeddable":true,"href":"https:\/\/baosikai.com\/es\/wp-json\/wp\/v2\/product_tag?post=1907"}],"curies":[{"name":"wp","href":"https:\/\/api.w.org\/{rel}","templated":true}]}}