{"id":1955,"date":"2024-04-16T02:34:09","date_gmt":"2024-04-16T02:34:09","guid":{"rendered":"http:\/\/baosikai.com\/?post_type=product&#038;p=1955"},"modified":"2024-06-27T07:55:20","modified_gmt":"2024-06-27T07:55:20","slug":"large-capacity-laptop-bag-shockproof-protective-laptop-case","status":"publish","type":"product","link":"https:\/\/baosikai.com\/es\/producto\/large-capacity-laptop-bag-shockproof-protective-laptop-case\/","title":{"rendered":"Bolsa para port\u00e1til de gran capacidad Funda protectora para port\u00e1til a prueba de golpes"},"content":{"rendered":"<p>100% \u00a1Nuevo y de alta calidad!<br \/>\nMaterial: tela Oxford y forro de poli\u00e9ster<br \/>\nTipo:Bolsa para port\u00e1til<br \/>\nTama\u00f1o:15,6 17 pulgadas<br \/>\nEstilo: Negocios<br \/>\nCaracter\u00edsticas:<br \/>\n1.Hecho de tela oxford y material de forro de poli\u00e9ster, dise\u00f1o aerodin\u00e1mico.Ligero y c\u00f3modo, duradero de usar.<br \/>\n2.El bolsillo principal puede contener el port\u00e1til, se adapta c\u00f3modamente a la mayor\u00eda de port\u00e1tiles de hasta 15,6\/17 pulgadas (opcional).<br \/>\n3.El bolsillo lateral es adecuado para billetes, recibos, cartera personal, tarjeta de visita, papeleo durante una reuni\u00f3n o viaje de negocios.<br \/>\n4.Varios estilos de bolsa que puede poseer libremente, puede ser como bolso de mano, malet\u00edn, bandolera.<\/p>\n<p>Contenido del paquete:1\u00d7Bolsa para port\u00e1til <\/p>\n<p>Nota:<br \/>\n  1. Existe una diferencia de 2-3% seg\u00fan la medici\u00f3n manual. Por favor, compruebe el tama\u00f1o cuidadosamente antes de comprar el art\u00edculo.<br \/>\n  2. Tenga en cuenta que una ligera diferencia de color debe ser aceptable debido a la luz y la pantalla.<\/p>","protected":false},"excerpt":{"rendered":"<p>100% Brand New and High Quality! Material:Oxford cloth and polyester lining Type:Laptop Bag Size:15.6 17 inch Style: Business Features: 1.Made [&hellip;]<\/p>","protected":false},"featured_media":2065,"template":"","meta":{"site-sidebar-layout":"default","site-content-layout":"","ast-site-content-layout":"","site-content-style":"default","site-sidebar-style":"default","ast-global-header-display":"","ast-banner-title-visibility":"","ast-main-header-display":"","ast-hfb-above-header-display":"","ast-hfb-below-header-display":"","ast-hfb-mobile-header-display":"","site-post-title":"","ast-breadcrumbs-content":"","ast-featured-img":"","footer-sml-layout":"","theme-transparent-header-meta":"","adv-header-id-meta":"","stick-header-meta":"","header-above-stick-meta":"","header-main-stick-meta":"","header-below-stick-meta":"","astra-migrate-meta-layouts":"default","ast-page-background-enabled":"default","ast-page-background-meta":{"desktop":{"background-color":"var(--ast-global-color-4)","background-image":"","background-repeat":"repeat","background-position":"center center","background-size":"auto","background-attachment":"scroll","background-type":"","background-media":"","overlay-type":"","overlay-color":"","overlay-gradient":""},"tablet":{"background-color":"","background-image":"","background-repeat":"repeat","background-position":"center center","background-size":"auto","background-attachment":"scroll","background-type":"","background-media":"","overlay-type":"","overlay-color":"","overlay-gradient":""},"mobile":{"background-color":"","background-image":"","background-repeat":"repeat","background-position":"center center","background-size":"auto","background-attachment":"scroll","background-type":"","background-media":"","overlay-type":"","overlay-color":"","overlay-gradient":""}},"ast-content-background-meta":{"desktop":{"background-color":"var(--ast-global-color-5)","background-image":"","background-repeat":"repeat","background-position":"center center","background-size":"auto","background-attachment":"scroll","background-type":"","background-media":"","overlay-type":"","overlay-color":"","overlay-gradient":""},"tablet":{"background-color":"var(--ast-global-color-5)","background-image":"","background-repeat":"repeat","background-position":"center center","background-size":"auto","background-attachment":"scroll","background-type":"","background-media":"","overlay-type":"","overlay-color":"","overlay-gradient":""},"mobile":{"background-color":"var(--ast-global-color-5)","background-image":"","background-repeat":"repeat","background-position":"center center","background-size":"auto","background-attachment":"scroll","background-type":"","background-media":"","overlay-type":"","overlay-color":"","overlay-gradient":""}}},"product_brand":[],"product_cat":[28],"product_tag":[],"class_list":{"0":"post-1955","1":"product","2":"type-product","3":"status-publish","4":"has-post-thumbnail","6":"product_cat-briefcases","7":"pa_color-black","8":"pa_color-grey","9":"pa_size-15-6-inch","10":"pa_size-17-inch","11":"desktop-align-center","12":"tablet-align-left","13":"mobile-align-left","15":"first","16":"instock","17":"shipping-taxable","18":"purchasable","19":"product-type-variable"},"_links":{"self":[{"href":"https:\/\/baosikai.com\/es\/wp-json\/wp\/v2\/product\/1955","targetHints":{"allow":["GET"]}}],"collection":[{"href":"https:\/\/baosikai.com\/es\/wp-json\/wp\/v2\/product"}],"about":[{"href":"https:\/\/baosikai.com\/es\/wp-json\/wp\/v2\/types\/product"}],"wp:featuredmedia":[{"embeddable":true,"href":"https:\/\/baosikai.com\/es\/wp-json\/wp\/v2\/media\/2065"}],"wp:attachment":[{"href":"https:\/\/baosikai.com\/es\/wp-json\/wp\/v2\/media?parent=1955"}],"wp:term":[{"taxonomy":"product_brand","embeddable":true,"href":"https:\/\/baosikai.com\/es\/wp-json\/wp\/v2\/product_brand?post=1955"},{"taxonomy":"product_cat","embeddable":true,"href":"https:\/\/baosikai.com\/es\/wp-json\/wp\/v2\/product_cat?post=1955"},{"taxonomy":"product_tag","embeddable":true,"href":"https:\/\/baosikai.com\/es\/wp-json\/wp\/v2\/product_tag?post=1955"}],"curies":[{"name":"wp","href":"https:\/\/api.w.org\/{rel}","templated":true}]}}