{"id":1959,"date":"2024-04-16T02:34:11","date_gmt":"2024-04-16T02:34:11","guid":{"rendered":"http:\/\/baosikai.com\/?post_type=product&#038;p=1959"},"modified":"2024-06-27T07:49:32","modified_gmt":"2024-06-27T07:49:32","slug":"leather-office-bag-vintage-mens-briefcase-a4-document-bag","status":"publish","type":"product","link":"https:\/\/baosikai.com\/es\/producto\/leather-office-bag-vintage-mens-briefcase-a4-document-bag\/","title":{"rendered":"Bolsa de oficina de cuero Vintage Hombres Malet\u00edn A4 Bolsa de documentos"},"content":{"rendered":"<p>Material:Piel de vaca de primera capa<br \/>\nForro: Poli\u00e9ster<br \/>\nEstilo : Vintage,Sencillo,Casual<br \/>\nPeso : Aproximadamente 1,25 kg<br \/>\nSize:37.5*8.5*27.5cm 14.8\u2033(L)*3.3\u2033(W)*10.8\u2033(H)<br \/>\nCapacidad: port\u00e1til de 14 pulgadas<br \/>\nConsejos de abrigo:<br \/>\n(1) 1 pulgada = 2,54 cm,1 cm = 0,39 pulgadas<br \/>\n(2) Con la diferencia en el m\u00e9todo de medici\u00f3n, por favor permita 1-3 cm de desviaci\u00f3n en el tama\u00f1o.<br \/>\n(3)El producto se toma en especie, pero habr\u00e1 algunas aberraciones crom\u00e1ticas bajo diferentes ambientes de luz.<br \/>\ny dmonitores, por favor entiendan.<br \/>\n(4) La textura de la piel de vaca es ligeramente diferente seg\u00fan las distintas partes de la vaca; por ejemplo,<br \/>\nla textura del cuello y el trasero de la vaca ser\u00e1 m\u00e1s gruesa, y la textura de las dem\u00e1s partes de la vaca ser\u00e1 m\u00e1s fina.<br \/>\nPor favor, compr\u00e9ndalo.<\/p>","protected":false},"excerpt":{"rendered":"<p>Material:First Layer Cowhide Lining: Polyester Style : Vintage,Simple,Casual Weight : About1.25kg Size:37.5*8.5*27.5cm 14.8&#8243;(L)*3.3&#8243;(W)*10.8&#8243;(H) Capacity: 14-inch Laptop Warm tips: (1) 1 [&hellip;]<\/p>","protected":false},"featured_media":2140,"template":"","meta":{"site-sidebar-layout":"default","site-content-layout":"","ast-site-content-layout":"","site-content-style":"default","site-sidebar-style":"default","ast-global-header-display":"","ast-banner-title-visibility":"","ast-main-header-display":"","ast-hfb-above-header-display":"","ast-hfb-below-header-display":"","ast-hfb-mobile-header-display":"","site-post-title":"","ast-breadcrumbs-content":"","ast-featured-img":"","footer-sml-layout":"","theme-transparent-header-meta":"","adv-header-id-meta":"","stick-header-meta":"","header-above-stick-meta":"","header-main-stick-meta":"","header-below-stick-meta":"","astra-migrate-meta-layouts":"default","ast-page-background-enabled":"default","ast-page-background-meta":{"desktop":{"background-color":"var(--ast-global-color-4)","background-image":"","background-repeat":"repeat","background-position":"center center","background-size":"auto","background-attachment":"scroll","background-type":"","background-media":"","overlay-type":"","overlay-color":"","overlay-gradient":""},"tablet":{"background-color":"","background-image":"","background-repeat":"repeat","background-position":"center center","background-size":"auto","background-attachment":"scroll","background-type":"","background-media":"","overlay-type":"","overlay-color":"","overlay-gradient":""},"mobile":{"background-color":"","background-image":"","background-repeat":"repeat","background-position":"center center","background-size":"auto","background-attachment":"scroll","background-type":"","background-media":"","overlay-type":"","overlay-color":"","overlay-gradient":""}},"ast-content-background-meta":{"desktop":{"background-color":"var(--ast-global-color-5)","background-image":"","background-repeat":"repeat","background-position":"center center","background-size":"auto","background-attachment":"scroll","background-type":"","background-media":"","overlay-type":"","overlay-color":"","overlay-gradient":""},"tablet":{"background-color":"var(--ast-global-color-5)","background-image":"","background-repeat":"repeat","background-position":"center center","background-size":"auto","background-attachment":"scroll","background-type":"","background-media":"","overlay-type":"","overlay-color":"","overlay-gradient":""},"mobile":{"background-color":"var(--ast-global-color-5)","background-image":"","background-repeat":"repeat","background-position":"center center","background-size":"auto","background-attachment":"scroll","background-type":"","background-media":"","overlay-type":"","overlay-color":"","overlay-gradient":""}}},"product_brand":[],"product_cat":[28],"product_tag":[],"class_list":{"0":"post-1959","1":"product","2":"type-product","3":"status-publish","4":"has-post-thumbnail","6":"product_cat-briefcases","7":"pa_color-black","8":"pa_color-coffee","9":"pa_color-vintage-brown","10":"desktop-align-center","11":"tablet-align-left","12":"mobile-align-left","14":"first","15":"instock","16":"shipping-taxable","17":"purchasable","18":"product-type-variable"},"_links":{"self":[{"href":"https:\/\/baosikai.com\/es\/wp-json\/wp\/v2\/product\/1959","targetHints":{"allow":["GET"]}}],"collection":[{"href":"https:\/\/baosikai.com\/es\/wp-json\/wp\/v2\/product"}],"about":[{"href":"https:\/\/baosikai.com\/es\/wp-json\/wp\/v2\/types\/product"}],"wp:featuredmedia":[{"embeddable":true,"href":"https:\/\/baosikai.com\/es\/wp-json\/wp\/v2\/media\/2140"}],"wp:attachment":[{"href":"https:\/\/baosikai.com\/es\/wp-json\/wp\/v2\/media?parent=1959"}],"wp:term":[{"taxonomy":"product_brand","embeddable":true,"href":"https:\/\/baosikai.com\/es\/wp-json\/wp\/v2\/product_brand?post=1959"},{"taxonomy":"product_cat","embeddable":true,"href":"https:\/\/baosikai.com\/es\/wp-json\/wp\/v2\/product_cat?post=1959"},{"taxonomy":"product_tag","embeddable":true,"href":"https:\/\/baosikai.com\/es\/wp-json\/wp\/v2\/product_tag?post=1959"}],"curies":[{"name":"wp","href":"https:\/\/api.w.org\/{rel}","templated":true}]}}