{"id":2175,"date":"2024-04-16T02:38:56","date_gmt":"2024-04-16T02:38:56","guid":{"rendered":"http:\/\/baosikai.com\/?post_type=product&#038;p=2175"},"modified":"2024-06-27T07:53:26","modified_gmt":"2024-06-27T07:53:26","slug":"crossbody-bags-mens-chest-bag","status":"publish","type":"product","link":"https:\/\/baosikai.com\/es\/producto\/crossbody-bags-mens-chest-bag\/","title":{"rendered":"Bolsos cruzados Bolsa de pecho para hombre"},"content":{"rendered":"<p>Descripci\u00f3n del producto:<br \/>\nTama\u00f1o: 17 cm de ancho * 35 cm de alto * 6 cm de grosor<br \/>\nColor: negro, marr\u00f3n claro, marr\u00f3n oscuro<br \/>\nProp\u00f3sito: Moda\/Ocio\/Negocios<br \/>\nCapacidad: Art\u00edculos como carteras\/paraguas<br \/>\nTejido Tejido Pu<br \/>\nForro: poli\u00e9ster<br \/>\nEstructura: Bolsa principal\/secundaria<br \/>\nPrecauciones:<br \/>\nDebido a los diferentes m\u00e9todos de medici\u00f3n, se considera normal un error de 1-3 cm. Por favor, consulte el producto real. La iluminaci\u00f3n de disparo es diferente del monitor, y hay una ligera diferencia de color. Por favor, compr\u00e9ndalo.<br \/>\nCaracter\u00edsticas:<br \/>\n1,La mejor opci\u00f3n para un compa\u00f1ero de carrera. Se adapta c\u00f3modamente a su cuerpo y no se mueve, sacude, rebota, se sube o roza.<br \/>\n2,Una gran opci\u00f3n de regalo, la ri\u00f1onera de gran capacidad puede almacenar sus art\u00edculos importantes para ir de compras, viajar, correr, senderismo, ciclismo, y mucho m\u00e1s. Un gran regalo para la familia, amigos, ni\u00f1os en Pascua, Acci\u00f3n de Gracias, Navidad. Disfrute de las fiestas y de este regalo!.<\/p>","protected":false},"excerpt":{"rendered":"<p>Product Description: Size: 17cm wide * 35cm high * 6cm thick Color: black, light brown, dark brown Purpose: Fashion\/Leisure\/Business Capacity: [&hellip;]<\/p>","protected":false},"featured_media":2178,"template":"","meta":{"site-sidebar-layout":"default","site-content-layout":"","ast-site-content-layout":"","site-content-style":"default","site-sidebar-style":"default","ast-global-header-display":"","ast-banner-title-visibility":"","ast-main-header-display":"","ast-hfb-above-header-display":"","ast-hfb-below-header-display":"","ast-hfb-mobile-header-display":"","site-post-title":"","ast-breadcrumbs-content":"","ast-featured-img":"","footer-sml-layout":"","theme-transparent-header-meta":"","adv-header-id-meta":"","stick-header-meta":"","header-above-stick-meta":"","header-main-stick-meta":"","header-below-stick-meta":"","astra-migrate-meta-layouts":"default","ast-page-background-enabled":"default","ast-page-background-meta":{"desktop":{"background-color":"var(--ast-global-color-4)","background-image":"","background-repeat":"repeat","background-position":"center center","background-size":"auto","background-attachment":"scroll","background-type":"","background-media":"","overlay-type":"","overlay-color":"","overlay-gradient":""},"tablet":{"background-color":"","background-image":"","background-repeat":"repeat","background-position":"center center","background-size":"auto","background-attachment":"scroll","background-type":"","background-media":"","overlay-type":"","overlay-color":"","overlay-gradient":""},"mobile":{"background-color":"","background-image":"","background-repeat":"repeat","background-position":"center center","background-size":"auto","background-attachment":"scroll","background-type":"","background-media":"","overlay-type":"","overlay-color":"","overlay-gradient":""}},"ast-content-background-meta":{"desktop":{"background-color":"var(--ast-global-color-5)","background-image":"","background-repeat":"repeat","background-position":"center center","background-size":"auto","background-attachment":"scroll","background-type":"","background-media":"","overlay-type":"","overlay-color":"","overlay-gradient":""},"tablet":{"background-color":"var(--ast-global-color-5)","background-image":"","background-repeat":"repeat","background-position":"center center","background-size":"auto","background-attachment":"scroll","background-type":"","background-media":"","overlay-type":"","overlay-color":"","overlay-gradient":""},"mobile":{"background-color":"var(--ast-global-color-5)","background-image":"","background-repeat":"repeat","background-position":"center center","background-size":"auto","background-attachment":"scroll","background-type":"","background-media":"","overlay-type":"","overlay-color":"","overlay-gradient":""}}},"product_brand":[],"product_cat":[23],"product_tag":[],"class_list":{"0":"post-2175","1":"product","2":"type-product","3":"status-publish","4":"has-post-thumbnail","6":"product_cat-chest-bags","7":"pa_color-black","8":"pa_color-black-2","9":"pa_color-dark-brown","10":"pa_color-light-brown","11":"desktop-align-center","12":"tablet-align-left","13":"mobile-align-left","15":"first","16":"instock","17":"shipping-taxable","18":"purchasable","19":"product-type-variable"},"_links":{"self":[{"href":"https:\/\/baosikai.com\/es\/wp-json\/wp\/v2\/product\/2175","targetHints":{"allow":["GET"]}}],"collection":[{"href":"https:\/\/baosikai.com\/es\/wp-json\/wp\/v2\/product"}],"about":[{"href":"https:\/\/baosikai.com\/es\/wp-json\/wp\/v2\/types\/product"}],"wp:featuredmedia":[{"embeddable":true,"href":"https:\/\/baosikai.com\/es\/wp-json\/wp\/v2\/media\/2178"}],"wp:attachment":[{"href":"https:\/\/baosikai.com\/es\/wp-json\/wp\/v2\/media?parent=2175"}],"wp:term":[{"taxonomy":"product_brand","embeddable":true,"href":"https:\/\/baosikai.com\/es\/wp-json\/wp\/v2\/product_brand?post=2175"},{"taxonomy":"product_cat","embeddable":true,"href":"https:\/\/baosikai.com\/es\/wp-json\/wp\/v2\/product_cat?post=2175"},{"taxonomy":"product_tag","embeddable":true,"href":"https:\/\/baosikai.com\/es\/wp-json\/wp\/v2\/product_tag?post=2175"}],"curies":[{"name":"wp","href":"https:\/\/api.w.org\/{rel}","templated":true}]}}