{"id":2177,"date":"2024-04-16T02:38:58","date_gmt":"2024-04-16T02:38:58","guid":{"rendered":"http:\/\/baosikai.com\/?post_type=product&#038;p=2177"},"modified":"2024-06-27T06:58:25","modified_gmt":"2024-06-27T06:58:25","slug":"hard-shell-casual-waist-bag-anti-theft-crossbody-bags","status":"publish","type":"product","link":"https:\/\/baosikai.com\/es\/producto\/hard-shell-casual-waist-bag-anti-theft-crossbody-bags\/","title":{"rendered":"Bolso de la cintura antirrobo de la c\u00e1scara dura Casual Crossbody Bolsos"},"content":{"rendered":"<p>Hard Shell Casual Waist Bags Adjustable Men Crossbody Chest Bags Multifunctional Portable Lightweight Outdoor Sports Accessories<br \/>\nCaracter\u00edstica:<br \/>\n1. Tejido antisalpicaduras: Tejido texturizado con prestaciones antisalpicaduras, flexible y resistente al desgaste, c\u00f3modo al tacto, suave y sin arrugas, ligero y respetuoso con el medio ambiente.<br \/>\n2. C\u00f3modo de usar: Reci\u00e9n actualizado, con una ligera presi\u00f3n de la hebilla que se abre autom\u00e1ticamente.<br \/>\n3. Gran capacidad: El compartimento principal de gran capacidad puede alojar tel\u00e9fonos m\u00f3viles de 6,7 pulgadas. Bolsa de almacenamiento con varios compartimentos para un acceso r\u00e1pido y un transporte c\u00f3modo y ligero.<br \/>\n4. Cremallera: Cabeza de cremallera de alta calidad, suave y sin atascos.<br \/>\n5. Port\u00e1til: Ligero y pr\u00e1ctico, hecho de tela ligera, c\u00f3modo y ligero de llevar, adecuado para salir.Especificaciones:<br \/>\nOrigen: China continental<br \/>\nEstilo: Casual<br \/>\nG\u00e9nero: HOMBRE<br \/>\nTipo de estampado: S\u00f3lido<br \/>\nTipo de cierre: cremallera<br \/>\nDureza: DURO<br \/>\nInterior: Bolsillo interior<br \/>\nN\u00famero de modelo: Bolsas de pecho<br \/>\nOcasi\u00f3n: Vers\u00e1til<br \/>\nMaterial del producto: piel sint\u00e9tica<br \/>\nColores del producto: negro, gris, verde militar (opcional)<br \/>\nTama\u00f1o del producto: 32cm\/12.60in * 13cm\/5.12in * 4cm\/1.57in Nota:<br \/>\nDebido a los diferentes monitores y efectos de la luz, el color real del art\u00edculo puede ser ligeramente diferente del color mostrado en las im\u00e1genes. Gracias.<br \/>\nPor favor, permita 1-2cm desviaci\u00f3n de medici\u00f3n debido a la medici\u00f3n manual.<br \/>1 x Bolsa de pecho<\/p>","protected":false},"excerpt":{"rendered":"<p>Hard Shell Casual Waist Bags Adjustable Men Crossbody Chest Bags Multifunctional Portable Lightweight Outdoor Sports Accessories Feature: 1. Anti splash [&hellip;]<\/p>","protected":false},"featured_media":2253,"template":"","meta":{"site-sidebar-layout":"default","site-content-layout":"","ast-site-content-layout":"","site-content-style":"default","site-sidebar-style":"default","ast-global-header-display":"","ast-banner-title-visibility":"","ast-main-header-display":"","ast-hfb-above-header-display":"","ast-hfb-below-header-display":"","ast-hfb-mobile-header-display":"","site-post-title":"","ast-breadcrumbs-content":"","ast-featured-img":"","footer-sml-layout":"","theme-transparent-header-meta":"","adv-header-id-meta":"","stick-header-meta":"","header-above-stick-meta":"","header-main-stick-meta":"","header-below-stick-meta":"","astra-migrate-meta-layouts":"default","ast-page-background-enabled":"default","ast-page-background-meta":{"desktop":{"background-color":"var(--ast-global-color-4)","background-image":"","background-repeat":"repeat","background-position":"center center","background-size":"auto","background-attachment":"scroll","background-type":"","background-media":"","overlay-type":"","overlay-color":"","overlay-gradient":""},"tablet":{"background-color":"","background-image":"","background-repeat":"repeat","background-position":"center center","background-size":"auto","background-attachment":"scroll","background-type":"","background-media":"","overlay-type":"","overlay-color":"","overlay-gradient":""},"mobile":{"background-color":"","background-image":"","background-repeat":"repeat","background-position":"center center","background-size":"auto","background-attachment":"scroll","background-type":"","background-media":"","overlay-type":"","overlay-color":"","overlay-gradient":""}},"ast-content-background-meta":{"desktop":{"background-color":"var(--ast-global-color-5)","background-image":"","background-repeat":"repeat","background-position":"center center","background-size":"auto","background-attachment":"scroll","background-type":"","background-media":"","overlay-type":"","overlay-color":"","overlay-gradient":""},"tablet":{"background-color":"var(--ast-global-color-5)","background-image":"","background-repeat":"repeat","background-position":"center center","background-size":"auto","background-attachment":"scroll","background-type":"","background-media":"","overlay-type":"","overlay-color":"","overlay-gradient":""},"mobile":{"background-color":"var(--ast-global-color-5)","background-image":"","background-repeat":"repeat","background-position":"center center","background-size":"auto","background-attachment":"scroll","background-type":"","background-media":"","overlay-type":"","overlay-color":"","overlay-gradient":""}}},"product_brand":[],"product_cat":[23],"product_tag":[],"class_list":{"0":"post-2177","1":"product","2":"type-product","3":"status-publish","4":"has-post-thumbnail","6":"product_cat-chest-bags","7":"pa_color-army-green","8":"pa_color-black","9":"pa_color-grey","10":"pa_ships-from-china","11":"desktop-align-center","12":"tablet-align-left","13":"mobile-align-left","15":"first","16":"instock","17":"shipping-taxable","18":"purchasable","19":"product-type-variable"},"_links":{"self":[{"href":"https:\/\/baosikai.com\/es\/wp-json\/wp\/v2\/product\/2177","targetHints":{"allow":["GET"]}}],"collection":[{"href":"https:\/\/baosikai.com\/es\/wp-json\/wp\/v2\/product"}],"about":[{"href":"https:\/\/baosikai.com\/es\/wp-json\/wp\/v2\/types\/product"}],"wp:featuredmedia":[{"embeddable":true,"href":"https:\/\/baosikai.com\/es\/wp-json\/wp\/v2\/media\/2253"}],"wp:attachment":[{"href":"https:\/\/baosikai.com\/es\/wp-json\/wp\/v2\/media?parent=2177"}],"wp:term":[{"taxonomy":"product_brand","embeddable":true,"href":"https:\/\/baosikai.com\/es\/wp-json\/wp\/v2\/product_brand?post=2177"},{"taxonomy":"product_cat","embeddable":true,"href":"https:\/\/baosikai.com\/es\/wp-json\/wp\/v2\/product_cat?post=2177"},{"taxonomy":"product_tag","embeddable":true,"href":"https:\/\/baosikai.com\/es\/wp-json\/wp\/v2\/product_tag?post=2177"}],"curies":[{"name":"wp","href":"https:\/\/api.w.org\/{rel}","templated":true}]}}