{"id":2211,"date":"2024-04-16T02:38:59","date_gmt":"2024-04-16T02:38:59","guid":{"rendered":"http:\/\/baosikai.com\/?post_type=product&#038;p=2211"},"modified":"2024-06-27T06:57:41","modified_gmt":"2024-06-27T06:57:41","slug":"men-casual-chest-bag-large-capacity-simple-crossbody-bag","status":"publish","type":"product","link":"https:\/\/baosikai.com\/es\/producto\/men-casual-chest-bag-large-capacity-simple-crossbody-bag\/","title":{"rendered":"Hombres Casual Bolsa de pecho de gran capacidad simple bolsa de Crossbody"},"content":{"rendered":"<p>Atenci\u00f3n a los clientes de Estados Unidos:<br \/>\nCuando seleccione \"Enviar desde Estados Unidos\", las siguientes direcciones no proporcionar\u00e1n servicio de entrega: Hawai, Alaska, Puerto Rico, Guam, APO, DPO, FPO, etc. Le recomendamos que elija \"Enviar desde China\".<br \/>\nClientes de Espa\u00c3\u00b1a atenci\u00c3\u00b3n:<br \/>\nCuando selecciona \"Enviar desde Espa\u00c3\u00b1a\", el servicio de entrega no est\u00c3\u00a1 disponible en los siguientes c\u00c3\u00b3digos postales:<br \/>\n35000-35999<br \/>\n38000-38999<br \/>\nSe recomienda que elija \"Enviar desde China\". \u00c2\u00a1Gracias! \u00a1! \u00a1!<br \/>(Azul\/Negro\/Rojo)-Bolsa Pectoral Casual<br \/>\nEspecificaci\u00f3n:<br \/>\nTejido: Nylon<br \/>\nTama\u00f1o: About 30*17*7cm\/11.81*6.69*2.76inch<br \/>\nPeso neto: Alrededor de 0,13 kg<br \/>\nColor: Negro\/Azul\/Rojo<br \/>\nBolsillo frontal con cremallera: Bolsillo principal de gran capacidad, dise\u00f1o de bolsillo con varios compartimentos<br \/>\nOcasi\u00f3n: Perfecto para viajar, hacer ejercicio, montar en bicicleta o ir a atracciones del parque<\/p>\n<p>Nota:<br \/>\nDebido a los diferentes monitores y efectos de la luz, el color real del art\u00edculo puede ser ligeramente diferente del color mostrado en las im\u00e1genes. Gracias.<br \/>\nPor favor, permita 1-2cm desviaci\u00f3n de medici\u00f3n debido a la medici\u00f3n manual.<br \/>\n<br \/>ProductoIncluido<br \/>\nAzul\uff1a1*Bolsa de pecho<br \/>\nNegro\uff1a1*Bolsa de pecho<br \/>\nRojo\uff1a1*Bolsa de pecho<\/p>","protected":false},"excerpt":{"rendered":"<p>The United States customers attention: When you select &#8220;Ship From United States&#8221;, the following addresses will not provide delivery service: [&hellip;]<\/p>","protected":false},"featured_media":2287,"template":"","meta":{"site-sidebar-layout":"default","site-content-layout":"","ast-site-content-layout":"","site-content-style":"default","site-sidebar-style":"default","ast-global-header-display":"","ast-banner-title-visibility":"","ast-main-header-display":"","ast-hfb-above-header-display":"","ast-hfb-below-header-display":"","ast-hfb-mobile-header-display":"","site-post-title":"","ast-breadcrumbs-content":"","ast-featured-img":"","footer-sml-layout":"","theme-transparent-header-meta":"","adv-header-id-meta":"","stick-header-meta":"","header-above-stick-meta":"","header-main-stick-meta":"","header-below-stick-meta":"","astra-migrate-meta-layouts":"default","ast-page-background-enabled":"default","ast-page-background-meta":{"desktop":{"background-color":"var(--ast-global-color-4)","background-image":"","background-repeat":"repeat","background-position":"center center","background-size":"auto","background-attachment":"scroll","background-type":"","background-media":"","overlay-type":"","overlay-color":"","overlay-gradient":""},"tablet":{"background-color":"","background-image":"","background-repeat":"repeat","background-position":"center center","background-size":"auto","background-attachment":"scroll","background-type":"","background-media":"","overlay-type":"","overlay-color":"","overlay-gradient":""},"mobile":{"background-color":"","background-image":"","background-repeat":"repeat","background-position":"center center","background-size":"auto","background-attachment":"scroll","background-type":"","background-media":"","overlay-type":"","overlay-color":"","overlay-gradient":""}},"ast-content-background-meta":{"desktop":{"background-color":"var(--ast-global-color-5)","background-image":"","background-repeat":"repeat","background-position":"center center","background-size":"auto","background-attachment":"scroll","background-type":"","background-media":"","overlay-type":"","overlay-color":"","overlay-gradient":""},"tablet":{"background-color":"var(--ast-global-color-5)","background-image":"","background-repeat":"repeat","background-position":"center center","background-size":"auto","background-attachment":"scroll","background-type":"","background-media":"","overlay-type":"","overlay-color":"","overlay-gradient":""},"mobile":{"background-color":"var(--ast-global-color-5)","background-image":"","background-repeat":"repeat","background-position":"center center","background-size":"auto","background-attachment":"scroll","background-type":"","background-media":"","overlay-type":"","overlay-color":"","overlay-gradient":""}}},"product_brand":[],"product_cat":[23],"product_tag":[],"class_list":{"0":"post-2211","1":"product","2":"type-product","3":"status-publish","4":"has-post-thumbnail","6":"product_cat-chest-bags","7":"pa_color-black","8":"pa_color-blue","9":"pa_color-red","10":"pa_ships-from-china","11":"desktop-align-center","12":"tablet-align-left","13":"mobile-align-left","15":"first","16":"instock","17":"shipping-taxable","18":"purchasable","19":"product-type-variable"},"_links":{"self":[{"href":"https:\/\/baosikai.com\/es\/wp-json\/wp\/v2\/product\/2211","targetHints":{"allow":["GET"]}}],"collection":[{"href":"https:\/\/baosikai.com\/es\/wp-json\/wp\/v2\/product"}],"about":[{"href":"https:\/\/baosikai.com\/es\/wp-json\/wp\/v2\/types\/product"}],"wp:featuredmedia":[{"embeddable":true,"href":"https:\/\/baosikai.com\/es\/wp-json\/wp\/v2\/media\/2287"}],"wp:attachment":[{"href":"https:\/\/baosikai.com\/es\/wp-json\/wp\/v2\/media?parent=2211"}],"wp:term":[{"taxonomy":"product_brand","embeddable":true,"href":"https:\/\/baosikai.com\/es\/wp-json\/wp\/v2\/product_brand?post=2211"},{"taxonomy":"product_cat","embeddable":true,"href":"https:\/\/baosikai.com\/es\/wp-json\/wp\/v2\/product_cat?post=2211"},{"taxonomy":"product_tag","embeddable":true,"href":"https:\/\/baosikai.com\/es\/wp-json\/wp\/v2\/product_tag?post=2211"}],"curies":[{"name":"wp","href":"https:\/\/api.w.org\/{rel}","templated":true}]}}