{"id":2212,"date":"2024-04-16T02:39:00","date_gmt":"2024-04-16T02:39:00","guid":{"rendered":"http:\/\/baosikai.com\/?post_type=product&#038;p=2212"},"modified":"2024-06-27T06:55:44","modified_gmt":"2024-06-27T06:55:44","slug":"women-stylish-chest-bag","status":"publish","type":"product","link":"https:\/\/baosikai.com\/es\/producto\/women-stylish-chest-bag\/","title":{"rendered":"Bolso de pecho con estilo para mujer"},"content":{"rendered":"<p>Material: Cuero PU<br \/>\nColor: Verde claro, Negro, Blanco, Rojo, Caqui<br \/>\nTama\u00f1o: 18 x 6 x 30 (cm) \/ 7,09 x 2,36 x 11,81 (pulgadas)<br \/>\nLongitud de la correa para el hombro: ajustable<br \/>\nEl paquete incluye: 1 paquete (sin caja)<br \/>1. El forro y los accesorios de la bolsa pueden variar debido a los distintos lotes de producci\u00f3n.<br \/>\n2. La talla se mide a mano. Debido a los diferentes m\u00e9todos de medici\u00f3n, el error de alrededor de 2-3 cm es normal. Todos est\u00e1n sujetos al producto real.<br \/>\n3. Todas las im\u00e1genes son fotos reales, pero puede haber una ligera diferencia de color debido a la luz diferente y la configuraci\u00f3n del monitor.<br \/>\n4. Referencia: La longitud del iPhone 12 es de 14,67 cm.<br \/>\nGracias por su comprensi\u00f3n. Nuestras bolsas son de moda y asequible, por favor, estar seguro de comprar.<\/p>","protected":false},"excerpt":{"rendered":"<p>Material: PU leather Color: Light green, Black, White, Red, Khaki Size: 18 x 6 x 30 (cm) \/ 7.09 x [&hellip;]<\/p>","protected":false},"featured_media":2318,"template":"","meta":{"site-sidebar-layout":"default","site-content-layout":"","ast-site-content-layout":"","site-content-style":"default","site-sidebar-style":"default","ast-global-header-display":"","ast-banner-title-visibility":"","ast-main-header-display":"","ast-hfb-above-header-display":"","ast-hfb-below-header-display":"","ast-hfb-mobile-header-display":"","site-post-title":"","ast-breadcrumbs-content":"","ast-featured-img":"","footer-sml-layout":"","theme-transparent-header-meta":"","adv-header-id-meta":"","stick-header-meta":"","header-above-stick-meta":"","header-main-stick-meta":"","header-below-stick-meta":"","astra-migrate-meta-layouts":"default","ast-page-background-enabled":"default","ast-page-background-meta":{"desktop":{"background-color":"var(--ast-global-color-4)","background-image":"","background-repeat":"repeat","background-position":"center center","background-size":"auto","background-attachment":"scroll","background-type":"","background-media":"","overlay-type":"","overlay-color":"","overlay-gradient":""},"tablet":{"background-color":"","background-image":"","background-repeat":"repeat","background-position":"center center","background-size":"auto","background-attachment":"scroll","background-type":"","background-media":"","overlay-type":"","overlay-color":"","overlay-gradient":""},"mobile":{"background-color":"","background-image":"","background-repeat":"repeat","background-position":"center center","background-size":"auto","background-attachment":"scroll","background-type":"","background-media":"","overlay-type":"","overlay-color":"","overlay-gradient":""}},"ast-content-background-meta":{"desktop":{"background-color":"var(--ast-global-color-5)","background-image":"","background-repeat":"repeat","background-position":"center center","background-size":"auto","background-attachment":"scroll","background-type":"","background-media":"","overlay-type":"","overlay-color":"","overlay-gradient":""},"tablet":{"background-color":"var(--ast-global-color-5)","background-image":"","background-repeat":"repeat","background-position":"center center","background-size":"auto","background-attachment":"scroll","background-type":"","background-media":"","overlay-type":"","overlay-color":"","overlay-gradient":""},"mobile":{"background-color":"var(--ast-global-color-5)","background-image":"","background-repeat":"repeat","background-position":"center center","background-size":"auto","background-attachment":"scroll","background-type":"","background-media":"","overlay-type":"","overlay-color":"","overlay-gradient":""}}},"product_brand":[],"product_cat":[23],"product_tag":[],"class_list":{"0":"post-2212","1":"product","2":"type-product","3":"status-publish","4":"has-post-thumbnail","6":"product_cat-chest-bags","7":"pa_color-black","8":"pa_color-khaki","9":"pa_color-light-green","10":"pa_color-red","11":"pa_color-white","12":"pa_size-18cm6cm30cm","13":"desktop-align-center","14":"tablet-align-left","15":"mobile-align-left","17":"first","18":"instock","19":"shipping-taxable","20":"purchasable","21":"product-type-variable"},"_links":{"self":[{"href":"https:\/\/baosikai.com\/es\/wp-json\/wp\/v2\/product\/2212","targetHints":{"allow":["GET"]}}],"collection":[{"href":"https:\/\/baosikai.com\/es\/wp-json\/wp\/v2\/product"}],"about":[{"href":"https:\/\/baosikai.com\/es\/wp-json\/wp\/v2\/types\/product"}],"wp:featuredmedia":[{"embeddable":true,"href":"https:\/\/baosikai.com\/es\/wp-json\/wp\/v2\/media\/2318"}],"wp:attachment":[{"href":"https:\/\/baosikai.com\/es\/wp-json\/wp\/v2\/media?parent=2212"}],"wp:term":[{"taxonomy":"product_brand","embeddable":true,"href":"https:\/\/baosikai.com\/es\/wp-json\/wp\/v2\/product_brand?post=2212"},{"taxonomy":"product_cat","embeddable":true,"href":"https:\/\/baosikai.com\/es\/wp-json\/wp\/v2\/product_cat?post=2212"},{"taxonomy":"product_tag","embeddable":true,"href":"https:\/\/baosikai.com\/es\/wp-json\/wp\/v2\/product_tag?post=2212"}],"curies":[{"name":"wp","href":"https:\/\/api.w.org\/{rel}","templated":true}]}}