{"id":2246,"date":"2024-04-16T02:39:00","date_gmt":"2024-04-16T02:39:00","guid":{"rendered":"http:\/\/baosikai.com\/?post_type=product&#038;p=2246"},"modified":"2024-06-27T06:56:16","modified_gmt":"2024-06-27T06:56:16","slug":"men-chest-bag-anti-theft-with-usb-charging-port","status":"publish","type":"product","link":"https:\/\/baosikai.com\/es\/producto\/men-chest-bag-anti-theft-with-usb-charging-port\/","title":{"rendered":"Bolsa Pecho Hombre Antirrobo con Puerto de Carga USB"},"content":{"rendered":"<p>Compradores espa\u00f1oles Atenci\u00f3n:<br \/>\nSi su direcci\u00f3n incluye los siguientes c\u00f3digos postales, no elija el almac\u00e9n espa\u00f1ol. El c\u00f3digo postal empieza por 35\/38. El almac\u00e9n de ultramar no puede realizar entregas. Atenci\u00f3n a los clientes de Estados Unidos:<br \/>\nCuando seleccione \"Enviar desde Estados Unidos\", las siguientes direcciones no proporcionar\u00e1n servicio de entrega: Hawai, Alaska, Puerto Rico, Guam, APO, DPO, FPO, etc. Le recomendamos que elija \"Enviar desde China\".<br \/>\nClientes de Espa\u00c3\u00b1a atenci\u00c3\u00b3n:<br \/>\nCuando selecciona \"Enviar desde Espa\u00c3\u00b1a\", el servicio de entrega no est\u00c3\u00a1 disponible en los siguientes c\u00c3\u00b3digos postales:<br \/>\n35000-35999<br \/>\n38000-38999<br \/>\nSe recomienda que elija \"Enviar desde China\". \u00c2\u00a1Gracias! \u00a1! \u00a1!<br \/>Hombres Pecho Packs Hombro Bolsa PU Cuero Antirrobo USB Puerto de Carga Impermeable Ligero Oficina al aire libre Deportes Crossbody Bolsas<br \/>\nCaracter\u00edstica:<br \/>\n1. Dise\u00f1o de puerto de carga USB - Hay un dise\u00f1o de toma de carga USB en el lado de la bolsa, que es m\u00e1s conveniente y seguro para cargar.<br \/>\n2. Antirrobo con bloqueo de c\u00f3digo - La bolsa principal de la bolsa utiliza un bloqueo de c\u00f3digo de tres d\u00edgitos para bloquear la tarjeta de extracci\u00f3n y evitar que se abra la cremallera de la bolsa del pecho para robar el contenido de la bolsa.<br \/>\n3. Pr\u00e1ctico dise\u00f1o multibolsillo - La bolsa tiene un bolsillo frontal con cremallera, un bolsillo trasero de seguridad, un bolsillo para la correa del hombro, un bolsillo principal y un bolsillo compartimento interior, que es conveniente para colocar art\u00edculos por separado y puede acomodar tabletas, tel\u00e9fonos m\u00f3viles, bancos de energ\u00eda, llaves, carteras, pasaportes , paraguas plegables y otros art\u00edculos.<br \/>\n4. Tejido de membrana impermeable -El tejido es hidr\u00f3fugo y protege el contenido de la bolsa de las salpicaduras de una peque\u00f1a cantidad de agua.<br \/>\n5. Usos -Stylish y lindo, ligero y port\u00e1til, adecuado para el trabajo, vacaciones de fin de semana, viajes, senderismo, camping, caza, senderismo, ciclismo, motocicletas y otras actividades al aire libre.Especificaci\u00f3n:<br \/>\nMaterial principal: PU<br \/>\nMaterial del forro: Poli\u00e9ster<br \/>\nSize: 310*170*70mm\/12.2\u00d76.69\u00d72.76\u201d<br \/>\nEstilo: Moto Bike<br \/>\nG\u00e9nero Hombres Mujeres<br \/>\nTipo de cierre: cremallera<br \/>\nInterior: Bolsillo interior,Bolsillo para el m\u00f3vil<br \/>\nExterior: Bolsillo de limo<br \/>\nLugar de origen: China (continental)<br \/>\nUso: bandolera, bolsa de pecho, port\u00e1til<br \/>\nEstructura: bolsa frontal con cremallera, bolsillo trasero, bolsillo de bandolera, bolsillo principal, bolsillo interior de parche<br \/>\nOcasi\u00f3n: diario, ocio, compras, viajes<br \/>\nBandolera ajustableNota:<br \/>\nDebido a los diferentes monitores y efectos de la luz, el color real del art\u00edculo puede ser ligeramente diferente del color mostrado en las im\u00e1genes. Gracias.<br \/>\nPor favor, permita 1-2cm desviaci\u00f3n de medici\u00f3n debido a la medici\u00f3n manual.<br \/>\n<br \/>1 x Bolsa de pecho<\/p>","protected":false},"excerpt":{"rendered":"<p>Spanish buyers Attention: If your address includes following postal codes, please do not choose the Spanish warehouse. The Zip code [&hellip;]<\/p>","protected":false},"featured_media":2359,"template":"","meta":{"site-sidebar-layout":"default","site-content-layout":"","ast-site-content-layout":"","site-content-style":"default","site-sidebar-style":"default","ast-global-header-display":"","ast-banner-title-visibility":"","ast-main-header-display":"","ast-hfb-above-header-display":"","ast-hfb-below-header-display":"","ast-hfb-mobile-header-display":"","site-post-title":"","ast-breadcrumbs-content":"","ast-featured-img":"","footer-sml-layout":"","theme-transparent-header-meta":"","adv-header-id-meta":"","stick-header-meta":"","header-above-stick-meta":"","header-main-stick-meta":"","header-below-stick-meta":"","astra-migrate-meta-layouts":"default","ast-page-background-enabled":"default","ast-page-background-meta":{"desktop":{"background-color":"var(--ast-global-color-4)","background-image":"","background-repeat":"repeat","background-position":"center center","background-size":"auto","background-attachment":"scroll","background-type":"","background-media":"","overlay-type":"","overlay-color":"","overlay-gradient":""},"tablet":{"background-color":"","background-image":"","background-repeat":"repeat","background-position":"center center","background-size":"auto","background-attachment":"scroll","background-type":"","background-media":"","overlay-type":"","overlay-color":"","overlay-gradient":""},"mobile":{"background-color":"","background-image":"","background-repeat":"repeat","background-position":"center center","background-size":"auto","background-attachment":"scroll","background-type":"","background-media":"","overlay-type":"","overlay-color":"","overlay-gradient":""}},"ast-content-background-meta":{"desktop":{"background-color":"var(--ast-global-color-5)","background-image":"","background-repeat":"repeat","background-position":"center center","background-size":"auto","background-attachment":"scroll","background-type":"","background-media":"","overlay-type":"","overlay-color":"","overlay-gradient":""},"tablet":{"background-color":"var(--ast-global-color-5)","background-image":"","background-repeat":"repeat","background-position":"center center","background-size":"auto","background-attachment":"scroll","background-type":"","background-media":"","overlay-type":"","overlay-color":"","overlay-gradient":""},"mobile":{"background-color":"var(--ast-global-color-5)","background-image":"","background-repeat":"repeat","background-position":"center center","background-size":"auto","background-attachment":"scroll","background-type":"","background-media":"","overlay-type":"","overlay-color":"","overlay-gradient":""}}},"product_brand":[],"product_cat":[23],"product_tag":[],"class_list":{"0":"post-2246","1":"product","2":"type-product","3":"status-publish","4":"has-post-thumbnail","6":"product_cat-chest-bags","7":"desktop-align-center","8":"tablet-align-left","9":"mobile-align-left","11":"first","12":"instock","13":"shipping-taxable","14":"purchasable","15":"product-type-simple"},"_links":{"self":[{"href":"https:\/\/baosikai.com\/es\/wp-json\/wp\/v2\/product\/2246","targetHints":{"allow":["GET"]}}],"collection":[{"href":"https:\/\/baosikai.com\/es\/wp-json\/wp\/v2\/product"}],"about":[{"href":"https:\/\/baosikai.com\/es\/wp-json\/wp\/v2\/types\/product"}],"wp:featuredmedia":[{"embeddable":true,"href":"https:\/\/baosikai.com\/es\/wp-json\/wp\/v2\/media\/2359"}],"wp:attachment":[{"href":"https:\/\/baosikai.com\/es\/wp-json\/wp\/v2\/media?parent=2246"}],"wp:term":[{"taxonomy":"product_brand","embeddable":true,"href":"https:\/\/baosikai.com\/es\/wp-json\/wp\/v2\/product_brand?post=2246"},{"taxonomy":"product_cat","embeddable":true,"href":"https:\/\/baosikai.com\/es\/wp-json\/wp\/v2\/product_cat?post=2246"},{"taxonomy":"product_tag","embeddable":true,"href":"https:\/\/baosikai.com\/es\/wp-json\/wp\/v2\/product_tag?post=2246"}],"curies":[{"name":"wp","href":"https:\/\/api.w.org\/{rel}","templated":true}]}}