{"id":2247,"date":"2024-04-16T02:39:01","date_gmt":"2024-04-16T02:39:01","guid":{"rendered":"http:\/\/baosikai.com\/?post_type=product&#038;p=2247"},"modified":"2024-06-27T06:54:57","modified_gmt":"2024-06-27T06:54:57","slug":"transparent-pvc-chest-bag","status":"publish","type":"product","link":"https:\/\/baosikai.com\/es\/producto\/transparent-pvc-chest-bag\/","title":{"rendered":"Bolsa pectoral de PVC transparente"},"content":{"rendered":"<p>Especificaci\u00f3n:<br \/>\nOrigen: China continental<br \/>\nForma: Circular<br \/>\nMaterial principal: PVC<br \/>\nMaterial del forro: Ninguno<br \/>\nDecoraci\u00f3n: NINGUNA<br \/>\nEstilo: Moda<br \/>\nDepartamento: Mujeres<br \/>\nTipo de cierre: cremallera<br \/>\nDureza: SUAVE<br \/>\nInterior: Sin bolsillo<br \/>\nExterior: NINGUNO<br \/>\nN\u00famero de modelo: Bolsa de pecho<br \/>\nOcasi\u00f3n: Vers\u00e1til<br \/>\nTama\u00f1o: 31x18x7,5 cm\/12,20\u00d77,09\u00d72,95 pulg., longitud aproximada de la bandolera: 100 cm\/39,37 pulg.<br \/>\nColor: Negro<br \/>\nUso: bandolera, cruzada, de mano<br \/>\nNota: Tirantes ajustables<br \/>\nLugar de origen: Provincia de ZHE JIANG<\/p>\n<p>\tNota:<br \/>\nDebido a los diferentes monitores y efectos de la luz, el color real del art\u00edculo puede ser ligeramente diferente del color mostrado en las im\u00e1genes. Gracias.<br \/>\nPor favor, permita 1-2cm desviaci\u00f3n de medici\u00f3n debido a la medici\u00f3n manual.<\/p>\n<p>1 x Bolsa de pecho<\/p>","protected":false},"excerpt":{"rendered":"<p>Specification: Origin: Mainland China Shape: Circular Main Material: PVC Lining Material: None Decoration: NONE Style: Fashion Department: Women Closure Type: [&hellip;]<\/p>","protected":false},"featured_media":2374,"template":"","meta":{"site-sidebar-layout":"default","site-content-layout":"","ast-site-content-layout":"","site-content-style":"default","site-sidebar-style":"default","ast-global-header-display":"","ast-banner-title-visibility":"","ast-main-header-display":"","ast-hfb-above-header-display":"","ast-hfb-below-header-display":"","ast-hfb-mobile-header-display":"","site-post-title":"","ast-breadcrumbs-content":"","ast-featured-img":"","footer-sml-layout":"","theme-transparent-header-meta":"","adv-header-id-meta":"","stick-header-meta":"","header-above-stick-meta":"","header-main-stick-meta":"","header-below-stick-meta":"","astra-migrate-meta-layouts":"default","ast-page-background-enabled":"default","ast-page-background-meta":{"desktop":{"background-color":"var(--ast-global-color-4)","background-image":"","background-repeat":"repeat","background-position":"center center","background-size":"auto","background-attachment":"scroll","background-type":"","background-media":"","overlay-type":"","overlay-color":"","overlay-gradient":""},"tablet":{"background-color":"","background-image":"","background-repeat":"repeat","background-position":"center center","background-size":"auto","background-attachment":"scroll","background-type":"","background-media":"","overlay-type":"","overlay-color":"","overlay-gradient":""},"mobile":{"background-color":"","background-image":"","background-repeat":"repeat","background-position":"center center","background-size":"auto","background-attachment":"scroll","background-type":"","background-media":"","overlay-type":"","overlay-color":"","overlay-gradient":""}},"ast-content-background-meta":{"desktop":{"background-color":"var(--ast-global-color-5)","background-image":"","background-repeat":"repeat","background-position":"center center","background-size":"auto","background-attachment":"scroll","background-type":"","background-media":"","overlay-type":"","overlay-color":"","overlay-gradient":""},"tablet":{"background-color":"var(--ast-global-color-5)","background-image":"","background-repeat":"repeat","background-position":"center center","background-size":"auto","background-attachment":"scroll","background-type":"","background-media":"","overlay-type":"","overlay-color":"","overlay-gradient":""},"mobile":{"background-color":"var(--ast-global-color-5)","background-image":"","background-repeat":"repeat","background-position":"center center","background-size":"auto","background-attachment":"scroll","background-type":"","background-media":"","overlay-type":"","overlay-color":"","overlay-gradient":""}}},"product_brand":[],"product_cat":[23],"product_tag":[],"class_list":{"0":"post-2247","1":"product","2":"type-product","3":"status-publish","4":"has-post-thumbnail","6":"product_cat-chest-bags","7":"desktop-align-center","8":"tablet-align-left","9":"mobile-align-left","11":"first","12":"instock","13":"shipping-taxable","14":"purchasable","15":"product-type-simple"},"_links":{"self":[{"href":"https:\/\/baosikai.com\/es\/wp-json\/wp\/v2\/product\/2247","targetHints":{"allow":["GET"]}}],"collection":[{"href":"https:\/\/baosikai.com\/es\/wp-json\/wp\/v2\/product"}],"about":[{"href":"https:\/\/baosikai.com\/es\/wp-json\/wp\/v2\/types\/product"}],"wp:featuredmedia":[{"embeddable":true,"href":"https:\/\/baosikai.com\/es\/wp-json\/wp\/v2\/media\/2374"}],"wp:attachment":[{"href":"https:\/\/baosikai.com\/es\/wp-json\/wp\/v2\/media?parent=2247"}],"wp:term":[{"taxonomy":"product_brand","embeddable":true,"href":"https:\/\/baosikai.com\/es\/wp-json\/wp\/v2\/product_brand?post=2247"},{"taxonomy":"product_cat","embeddable":true,"href":"https:\/\/baosikai.com\/es\/wp-json\/wp\/v2\/product_cat?post=2247"},{"taxonomy":"product_tag","embeddable":true,"href":"https:\/\/baosikai.com\/es\/wp-json\/wp\/v2\/product_tag?post=2247"}],"curies":[{"name":"wp","href":"https:\/\/api.w.org\/{rel}","templated":true}]}}