{"id":2261,"date":"2024-04-16T02:39:02","date_gmt":"2024-04-16T02:39:02","guid":{"rendered":"http:\/\/baosikai.com\/?post_type=product&#038;p=2261"},"modified":"2024-06-27T06:49:40","modified_gmt":"2024-06-27T06:49:40","slug":"women-leather-chest-bag-fashion-crossbody-sling-bag","status":"publish","type":"product","link":"https:\/\/baosikai.com\/es\/producto\/women-leather-chest-bag-fashion-crossbody-sling-bag\/","title":{"rendered":"Mujeres Bolsa de cuero Pecho Moda Crossbody Sling Bag"},"content":{"rendered":"<p>(Marr\u00f3n\/Gris\/Beige\/Verde\/Negro)-Bolsa pectoral de piel<br \/>\nMujeres Cuero Pecho Bolsa Moda Crossbody Sling Bolsa Hombro Bum Bolsa Satchel Hobo Bolsa Cintura Bolsa Tel\u00e9fono M\u00f3vil Shopper Bolsa<br \/>\nCaracter\u00edsticas:<br \/>\n1.Moderno y pr\u00e1ctico: Nuestro elegante bolso de pecho minimalista casual para mujer es perfecto para quienes buscan un bolso lateral de moda y pr\u00e1ctico para llevar todos sus art\u00edculos esenciales diarios. Estas bandoleras tienen una generosa capacidad, acomodando sin esfuerzo varios art\u00edculos peque\u00f1os que necesitas cuando sales, como llaves, tel\u00e9fonos, carteras, cosm\u00e9ticos, botellas de agua y otras pertenencias personales.<br \/>\n2.Accesorio multifuncional: El bolso ba\u00fal de cuero es un accesorio vers\u00e1til que se puede utilizar en una variedad de ocasiones diferentes. Ya sea para hacer recados en la ciudad, ir de excursi\u00f3n a la monta\u00f1a o viajar a una nueva ciudad, esta bolsa bandolera es una excelente elecci\u00f3n. Tiene una estructura compacta, un dise\u00f1o ligero y es f\u00e1cil de transportar, por lo que resulta ideal para quienes se desplazan con frecuencia.<br \/>\n3.Elegante y vers\u00e1til: Nuestro bolso bandolera crossbody cuenta con un dise\u00f1o de moda que complementa sin esfuerzo cualquier atuendo. Tanto si vas elegante como informal, esta bandolera a\u00f1ade un toque de estilo a tu look. Gracias a su correa ajustable, se adapta a todo tipo de cuerpos y tama\u00f1os. La correa ajustable le permite personalizar la longitud para un ajuste perfecto, garantizando una comodidad \u00f3ptima.<br \/>\n4.Pr\u00e1ctica y c\u00f3moda: La correa ajustable para el hombro te permite llevar la ri\u00f1onera cruzada sobre el pecho, sobre el hombro o incluso en la espalda, ofreciendo comodidad y estilo. Sus vers\u00e1tiles opciones de transporte hacen de esta ri\u00f1onera una opci\u00f3n moderna y c\u00f3moda para cualquier ocasi\u00f3n.<br \/>\n5.Espacioso y organizado: Nuestro bolso hobo satchel para mujer proporciona un amplio espacio de almacenamiento para todos sus elementos esenciales sin llegar a ser voluminoso. Con compartimentos bien dise\u00f1ados, te ayuda a mantenerte organizada y acceder f\u00e1cilmente a tus pertenencias. Tanto si realiza sus actividades diarias como si se embarca en una aventura, este bolso ba\u00fal le garantiza que tendr\u00e1 todo lo que necesita al alcance de la mano.Especificaciones:<br \/>\nOrigen: China continental<br \/>\nForma: Media luna<br \/>\nMaterial principal: PU<br \/>\nMaterial del forro: Poli\u00e9ster<br \/>\nLugar de origen: Provincia de HE BEI<br \/>\nSize: 280.00\u00d7180.00\u00d7110.00mm\/11.02\u00d77.09\u00d74.33inch<\/p>\n<p>Nota:<br \/>\nDebido a los diferentes monitores y efectos de la luz, el color real del art\u00edculo puede ser ligeramente diferente del color mostrado en las im\u00e1genes. Gracias.<br \/>\nPor favor, permita 1-2cm desviaci\u00f3n de medici\u00f3n debido a la medici\u00f3n manual.<br \/>\n<br \/>ProductoIncluido<br \/>\nMarr\u00f3n\uff1a<br \/>\n\t1pc*Bolsa de pecho<\/p>\n<p>Gris\uff1a<br \/>\n\t1pc*Bolsa de pecho<\/p>\n<p>Beige\uff1a<br \/>\n\t1pc*Bolsa de pecho<\/p>\n<p>Verde\uff1a<br \/>\n\t1pc*Bolsa de pecho<\/p>\n<p>Negro\uff1a<br \/>\n\t1pc*Bolsa de pecho<\/p>","protected":false},"excerpt":{"rendered":"<p>(Brown\/Grey\/Beige\/Green\/Black)&#8211;Leather Chest Bag Women Leather Chest Bag Fashion Crossbody Sling Bag Shoulder Bum Bag Satchel Hobo Bag Waist Bag Cell [&hellip;]<\/p>","protected":false},"featured_media":2395,"template":"","meta":{"site-sidebar-layout":"default","site-content-layout":"","ast-site-content-layout":"","site-content-style":"default","site-sidebar-style":"default","ast-global-header-display":"","ast-banner-title-visibility":"","ast-main-header-display":"","ast-hfb-above-header-display":"","ast-hfb-below-header-display":"","ast-hfb-mobile-header-display":"","site-post-title":"","ast-breadcrumbs-content":"","ast-featured-img":"","footer-sml-layout":"","theme-transparent-header-meta":"","adv-header-id-meta":"","stick-header-meta":"","header-above-stick-meta":"","header-main-stick-meta":"","header-below-stick-meta":"","astra-migrate-meta-layouts":"default","ast-page-background-enabled":"default","ast-page-background-meta":{"desktop":{"background-color":"var(--ast-global-color-4)","background-image":"","background-repeat":"repeat","background-position":"center center","background-size":"auto","background-attachment":"scroll","background-type":"","background-media":"","overlay-type":"","overlay-color":"","overlay-gradient":""},"tablet":{"background-color":"","background-image":"","background-repeat":"repeat","background-position":"center center","background-size":"auto","background-attachment":"scroll","background-type":"","background-media":"","overlay-type":"","overlay-color":"","overlay-gradient":""},"mobile":{"background-color":"","background-image":"","background-repeat":"repeat","background-position":"center center","background-size":"auto","background-attachment":"scroll","background-type":"","background-media":"","overlay-type":"","overlay-color":"","overlay-gradient":""}},"ast-content-background-meta":{"desktop":{"background-color":"var(--ast-global-color-5)","background-image":"","background-repeat":"repeat","background-position":"center center","background-size":"auto","background-attachment":"scroll","background-type":"","background-media":"","overlay-type":"","overlay-color":"","overlay-gradient":""},"tablet":{"background-color":"var(--ast-global-color-5)","background-image":"","background-repeat":"repeat","background-position":"center center","background-size":"auto","background-attachment":"scroll","background-type":"","background-media":"","overlay-type":"","overlay-color":"","overlay-gradient":""},"mobile":{"background-color":"var(--ast-global-color-5)","background-image":"","background-repeat":"repeat","background-position":"center center","background-size":"auto","background-attachment":"scroll","background-type":"","background-media":"","overlay-type":"","overlay-color":"","overlay-gradient":""}}},"product_brand":[],"product_cat":[23],"product_tag":[],"class_list":{"0":"post-2261","1":"product","2":"type-product","3":"status-publish","4":"has-post-thumbnail","6":"product_cat-chest-bags","7":"pa_color-beige","8":"pa_color-black","9":"pa_color-brown","10":"pa_color-green","11":"pa_color-grey","12":"pa_ships-from-china","13":"desktop-align-center","14":"tablet-align-left","15":"mobile-align-left","17":"first","18":"instock","19":"shipping-taxable","20":"purchasable","21":"product-type-simple"},"_links":{"self":[{"href":"https:\/\/baosikai.com\/es\/wp-json\/wp\/v2\/product\/2261","targetHints":{"allow":["GET"]}}],"collection":[{"href":"https:\/\/baosikai.com\/es\/wp-json\/wp\/v2\/product"}],"about":[{"href":"https:\/\/baosikai.com\/es\/wp-json\/wp\/v2\/types\/product"}],"wp:featuredmedia":[{"embeddable":true,"href":"https:\/\/baosikai.com\/es\/wp-json\/wp\/v2\/media\/2395"}],"wp:attachment":[{"href":"https:\/\/baosikai.com\/es\/wp-json\/wp\/v2\/media?parent=2261"}],"wp:term":[{"taxonomy":"product_brand","embeddable":true,"href":"https:\/\/baosikai.com\/es\/wp-json\/wp\/v2\/product_brand?post=2261"},{"taxonomy":"product_cat","embeddable":true,"href":"https:\/\/baosikai.com\/es\/wp-json\/wp\/v2\/product_cat?post=2261"},{"taxonomy":"product_tag","embeddable":true,"href":"https:\/\/baosikai.com\/es\/wp-json\/wp\/v2\/product_tag?post=2261"}],"curies":[{"name":"wp","href":"https:\/\/api.w.org\/{rel}","templated":true}]}}