{"id":2286,"date":"2024-04-16T02:39:04","date_gmt":"2024-04-16T02:39:04","guid":{"rendered":"http:\/\/baosikai.com\/?post_type=product&#038;p=2286"},"modified":"2024-06-27T06:49:13","modified_gmt":"2024-06-27T06:49:13","slug":"anti-theft-password-lock-chest-packs","status":"publish","type":"product","link":"https:\/\/baosikai.com\/es\/producto\/anti-theft-password-lock-chest-packs\/","title":{"rendered":"Packs cofre antirrobo con bloqueo de contrase\u00f1a"},"content":{"rendered":"<p>Atenci\u00f3n a los clientes de Estados Unidos:<br \/>\nCuando seleccione \"Enviar desde Estados Unidos\", las siguientes direcciones no proporcionar\u00e1n servicio de entrega: Hawai, Alaska, Puerto Rico, Guam, APO, DPO, FPO, etc. Le recomendamos que elija \"Enviar desde China\".<br \/>\nClientes de Espa\u00c3\u00b1a atenci\u00c3\u00b3n:<br \/>\nCuando selecciona \"Enviar desde Espa\u00c3\u00b1a\", el servicio de entrega no est\u00c3\u00a1 disponible en los siguientes c\u00c3\u00b3digos postales:<br \/>\n35000-35999<br \/>\n38000-38999<br \/>\nSe recomienda que elija \"Enviar desde China\". \u00c2\u00a1Gracias! \u00a1! \u00a1!<br \/>(Verde militar\/Negro\/Azul\/Azul oscuro\/Gris\/Multicolor)-Bolso bandolera<br \/>\nEspecificaci\u00f3n:<br \/>\nOrigen: China continental<br \/>\nMaterial principal: oxford<br \/>\nTama\u00f1o: 330*160*95 mm \/13*6.3*3.7in<br \/>\nColor: Verde militar, Negro, Azul, Rojo, Azul oscuro, Gris,Multicolor<br \/>\nAdecuado para: hombres mujeres<br \/>\nN\u00famero de tirantes: \u00fanico<br \/>\nUso: bolso de pecho, bolso de hombro, bolso bandolera<br \/>\nEstilo: Moda<br \/>\nCierre: cremallera<br \/>\nPatr\u00f3n: color s\u00f3lido<br \/>\nEstructura: bolsa frontal con cremallera, bolsa trasera, bolsa principal y bolsa interior de parches<br \/>\nOcasi\u00f3n: diario, ocio, compras, viajes, senderismo,<br \/>\nConsejos: Las correas de los hombros son ajustables.<\/p>\n<p>Nota:<br \/>\nDebido a los diferentes monitores y efectos de la luz, el color real del art\u00edculo puede ser ligeramente diferente del color mostrado en las im\u00e1genes. Gracias.<br \/>\nPor favor, permita 1-2cm desviaci\u00f3n de medici\u00f3n debido a la medici\u00f3n manual.<br \/>\n<br \/>ProductoIncluido<br \/>\nArmy Green\uff1a1 x Bolsa de pecho<br \/>\nNegro\uff1a1 x Bolsa de pecho<br \/>\nAzul\uff1a1 x Bolsa de pecho<br \/>\nAzul Oscuro\uff1a1 x Bolsa Pecho<br \/>\nGris\uff1a1 x Bolsa de pecho<br \/>\nMulticolor\uff1a1 x Bolsa de pecho<\/p>","protected":false},"excerpt":{"rendered":"<p>The United States customers attention: When you select &#8220;Ship From United States&#8221;, the following addresses will not provide delivery service: [&hellip;]<\/p>","protected":false},"featured_media":2461,"template":"","meta":{"site-sidebar-layout":"default","site-content-layout":"","ast-site-content-layout":"","site-content-style":"default","site-sidebar-style":"default","ast-global-header-display":"","ast-banner-title-visibility":"","ast-main-header-display":"","ast-hfb-above-header-display":"","ast-hfb-below-header-display":"","ast-hfb-mobile-header-display":"","site-post-title":"","ast-breadcrumbs-content":"","ast-featured-img":"","footer-sml-layout":"","theme-transparent-header-meta":"","adv-header-id-meta":"","stick-header-meta":"","header-above-stick-meta":"","header-main-stick-meta":"","header-below-stick-meta":"","astra-migrate-meta-layouts":"default","ast-page-background-enabled":"default","ast-page-background-meta":{"desktop":{"background-color":"var(--ast-global-color-4)","background-image":"","background-repeat":"repeat","background-position":"center center","background-size":"auto","background-attachment":"scroll","background-type":"","background-media":"","overlay-type":"","overlay-color":"","overlay-gradient":""},"tablet":{"background-color":"","background-image":"","background-repeat":"repeat","background-position":"center center","background-size":"auto","background-attachment":"scroll","background-type":"","background-media":"","overlay-type":"","overlay-color":"","overlay-gradient":""},"mobile":{"background-color":"","background-image":"","background-repeat":"repeat","background-position":"center center","background-size":"auto","background-attachment":"scroll","background-type":"","background-media":"","overlay-type":"","overlay-color":"","overlay-gradient":""}},"ast-content-background-meta":{"desktop":{"background-color":"var(--ast-global-color-5)","background-image":"","background-repeat":"repeat","background-position":"center center","background-size":"auto","background-attachment":"scroll","background-type":"","background-media":"","overlay-type":"","overlay-color":"","overlay-gradient":""},"tablet":{"background-color":"var(--ast-global-color-5)","background-image":"","background-repeat":"repeat","background-position":"center center","background-size":"auto","background-attachment":"scroll","background-type":"","background-media":"","overlay-type":"","overlay-color":"","overlay-gradient":""},"mobile":{"background-color":"var(--ast-global-color-5)","background-image":"","background-repeat":"repeat","background-position":"center center","background-size":"auto","background-attachment":"scroll","background-type":"","background-media":"","overlay-type":"","overlay-color":"","overlay-gradient":""}}},"product_brand":[],"product_cat":[23],"product_tag":[],"class_list":{"0":"post-2286","1":"product","2":"type-product","3":"status-publish","4":"has-post-thumbnail","6":"product_cat-chest-bags","7":"pa_color-army-green","8":"pa_color-black","9":"pa_color-blue","10":"pa_color-dark-blue","11":"pa_color-grey","12":"pa_color-multicolor","13":"pa_ships-from-china","14":"desktop-align-center","15":"tablet-align-left","16":"mobile-align-left","18":"first","19":"instock","20":"shipping-taxable","21":"purchasable","22":"product-type-simple"},"_links":{"self":[{"href":"https:\/\/baosikai.com\/es\/wp-json\/wp\/v2\/product\/2286","targetHints":{"allow":["GET"]}}],"collection":[{"href":"https:\/\/baosikai.com\/es\/wp-json\/wp\/v2\/product"}],"about":[{"href":"https:\/\/baosikai.com\/es\/wp-json\/wp\/v2\/types\/product"}],"wp:featuredmedia":[{"embeddable":true,"href":"https:\/\/baosikai.com\/es\/wp-json\/wp\/v2\/media\/2461"}],"wp:attachment":[{"href":"https:\/\/baosikai.com\/es\/wp-json\/wp\/v2\/media?parent=2286"}],"wp:term":[{"taxonomy":"product_brand","embeddable":true,"href":"https:\/\/baosikai.com\/es\/wp-json\/wp\/v2\/product_brand?post=2286"},{"taxonomy":"product_cat","embeddable":true,"href":"https:\/\/baosikai.com\/es\/wp-json\/wp\/v2\/product_cat?post=2286"},{"taxonomy":"product_tag","embeddable":true,"href":"https:\/\/baosikai.com\/es\/wp-json\/wp\/v2\/product_tag?post=2286"}],"curies":[{"name":"wp","href":"https:\/\/api.w.org\/{rel}","templated":true}]}}