{"id":2501,"date":"2024-04-16T02:55:59","date_gmt":"2024-04-16T02:55:59","guid":{"rendered":"http:\/\/baosikai.com\/?post_type=product&#038;p=2501"},"modified":"2024-06-27T06:45:57","modified_gmt":"2024-06-27T06:45:57","slug":"outdoor-hiking-phone-pouch-waterproof-fanny-bag","status":"publish","type":"product","link":"https:\/\/baosikai.com\/es\/producto\/outdoor-hiking-phone-pouch-waterproof-fanny-bag\/","title":{"rendered":"Senderismo al aire libre Tel\u00e9fono Bolsa ri\u00f1onera impermeable"},"content":{"rendered":"<p>Especificaci\u00f3n:<br \/>\nOrigen: China continental<br \/>\nMaterial: Nylon<br \/>\nG\u00e9nero: Unisex<br \/>\nTipo de mochilas: Tapa blanda<br \/>\nN\u00famero de modelo: Bolsa de cintura al aire libre<br \/>\nFunci\u00f3n: Multifuncional<br \/>\nColor: azul, negro, gris, champ\u00e1n (opcional)<br \/>\nTama\u00f1o: 300x120 mm\/11,81\u00d74,72\".<\/p>\n<p>\tNota:<br \/>\nDebido a los diferentes monitores y efectos de la luz, el color real del art\u00edculo puede ser ligeramente diferente del color mostrado en las im\u00e1genes. Gracias.<br \/>\nPor favor, permita 1-2cm desviaci\u00f3n de medici\u00f3n debido a la medici\u00f3n manual.<\/p>\n<p>1 X Bolsa de cintura para exteriores<\/p>","protected":false},"excerpt":{"rendered":"<p>Specification: Origin: Mainland China Material: Nylon Gender: Unisex Backpacks Type: Softback Model Number: Outdoor Waist Bag Function: Multifunctional Color: blue, [&hellip;]<\/p>","protected":false},"featured_media":2576,"template":"","meta":{"site-sidebar-layout":"default","site-content-layout":"","ast-site-content-layout":"","site-content-style":"default","site-sidebar-style":"default","ast-global-header-display":"","ast-banner-title-visibility":"","ast-main-header-display":"","ast-hfb-above-header-display":"","ast-hfb-below-header-display":"","ast-hfb-mobile-header-display":"","site-post-title":"","ast-breadcrumbs-content":"","ast-featured-img":"","footer-sml-layout":"","theme-transparent-header-meta":"","adv-header-id-meta":"","stick-header-meta":"","header-above-stick-meta":"","header-main-stick-meta":"","header-below-stick-meta":"","astra-migrate-meta-layouts":"default","ast-page-background-enabled":"default","ast-page-background-meta":{"desktop":{"background-color":"var(--ast-global-color-4)","background-image":"","background-repeat":"repeat","background-position":"center center","background-size":"auto","background-attachment":"scroll","background-type":"","background-media":"","overlay-type":"","overlay-color":"","overlay-gradient":""},"tablet":{"background-color":"","background-image":"","background-repeat":"repeat","background-position":"center center","background-size":"auto","background-attachment":"scroll","background-type":"","background-media":"","overlay-type":"","overlay-color":"","overlay-gradient":""},"mobile":{"background-color":"","background-image":"","background-repeat":"repeat","background-position":"center center","background-size":"auto","background-attachment":"scroll","background-type":"","background-media":"","overlay-type":"","overlay-color":"","overlay-gradient":""}},"ast-content-background-meta":{"desktop":{"background-color":"var(--ast-global-color-5)","background-image":"","background-repeat":"repeat","background-position":"center center","background-size":"auto","background-attachment":"scroll","background-type":"","background-media":"","overlay-type":"","overlay-color":"","overlay-gradient":""},"tablet":{"background-color":"var(--ast-global-color-5)","background-image":"","background-repeat":"repeat","background-position":"center center","background-size":"auto","background-attachment":"scroll","background-type":"","background-media":"","overlay-type":"","overlay-color":"","overlay-gradient":""},"mobile":{"background-color":"var(--ast-global-color-5)","background-image":"","background-repeat":"repeat","background-position":"center center","background-size":"auto","background-attachment":"scroll","background-type":"","background-media":"","overlay-type":"","overlay-color":"","overlay-gradient":""}}},"product_brand":[],"product_cat":[25],"product_tag":[],"class_list":{"0":"post-2501","1":"product","2":"type-product","3":"status-publish","4":"has-post-thumbnail","6":"product_cat-fanny-packs","7":"pa_color-black","8":"pa_color-blue","9":"pa_color-brown","10":"pa_color-gray","11":"pa_ships-from-china","12":"desktop-align-center","13":"tablet-align-left","14":"mobile-align-left","16":"first","17":"instock","18":"shipping-taxable","19":"purchasable","20":"product-type-variable"},"_links":{"self":[{"href":"https:\/\/baosikai.com\/es\/wp-json\/wp\/v2\/product\/2501","targetHints":{"allow":["GET"]}}],"collection":[{"href":"https:\/\/baosikai.com\/es\/wp-json\/wp\/v2\/product"}],"about":[{"href":"https:\/\/baosikai.com\/es\/wp-json\/wp\/v2\/types\/product"}],"wp:featuredmedia":[{"embeddable":true,"href":"https:\/\/baosikai.com\/es\/wp-json\/wp\/v2\/media\/2576"}],"wp:attachment":[{"href":"https:\/\/baosikai.com\/es\/wp-json\/wp\/v2\/media?parent=2501"}],"wp:term":[{"taxonomy":"product_brand","embeddable":true,"href":"https:\/\/baosikai.com\/es\/wp-json\/wp\/v2\/product_brand?post=2501"},{"taxonomy":"product_cat","embeddable":true,"href":"https:\/\/baosikai.com\/es\/wp-json\/wp\/v2\/product_cat?post=2501"},{"taxonomy":"product_tag","embeddable":true,"href":"https:\/\/baosikai.com\/es\/wp-json\/wp\/v2\/product_tag?post=2501"}],"curies":[{"name":"wp","href":"https:\/\/api.w.org\/{rel}","templated":true}]}}