{"id":2533,"date":"2024-04-16T02:56:01","date_gmt":"2024-04-16T02:56:01","guid":{"rendered":"http:\/\/baosikai.com\/?post_type=product&#038;p=2533"},"modified":"2024-06-27T06:45:18","modified_gmt":"2024-06-27T06:45:18","slug":"fishing-organizer-waist-pack-multi-functional","status":"publish","type":"product","link":"https:\/\/baosikai.com\/es\/producto\/fishing-organizer-waist-pack-multi-functional\/","title":{"rendered":"Organizador de pesca Ri\u00f1onera multifunci\u00f3n"},"content":{"rendered":"<p>(Negro\/Naranja\/Caqui\/Negro CP\/Negro Camo)-Bolsa de cintura para pesca<\/p>\n<p>\tRi\u00f1onera de pesca Ri\u00f1onera de pesca Multifuncional Crossbody Sling Pack Resistente al agua Multi Bolsillos para la pesca con mosca <\/p>\n<p>\tCaracter\u00edsticas: <\/p>\n<p>\t1.Construcci\u00f3n robusta y duradera: Fabricada con materiales engrosados y resistentes a la abrasi\u00f3n, esta ri\u00f1onera de pesca resiste el desgaste, lo que permite a los pescadores aventurarse con confianza en condiciones exteriores adversas. Su dise\u00f1o resistente asegura la longevidad y la protecci\u00f3n contra los elementos, manteniendo su equipo seguro y sin da\u00f1os.<br \/>\n2.Versatilidad tres en uno: Experimenta la m\u00e1xima comodidad con nuestra ri\u00f1onera de pesca. Transf\u00f3rmala f\u00e1cilmente de bandolera a bandolera o ri\u00f1onera para adaptarla a tu comodidad y estilo. Su naturaleza adaptable la hace perfecta para los pescadores que necesitan flexibilidad en sus aventuras de pesca.<br \/>\n3.Eficacia compacta con amplio espacio de almacenamiento: A pesar de su peque\u00f1o tama\u00f1o, nuestra bolsa de pesca cuenta con un dise\u00f1o de gran capacidad, capaz de albergar hasta cuatro cajas de se\u00f1uelos. La distribuci\u00f3n en compartimentos permite guardar de forma organizada todos los art\u00edculos de pesca esenciales, garantizando un acceso r\u00e1pido y un uso eficiente del espacio.<br \/>\n4.Organizaci\u00f3n inteligente con f\u00e1cil acceso: Los m\u00faltiples compartimentos en capas y los bolsillos especializados de la ri\u00f1onera de pesca simplifican la organizaci\u00f3n de los aparejos, manteniendo todo ordenado y en su sitio. El interior cuenta con varias bolsas para categorizar el equipo, por lo que es m\u00e1s f\u00e1cil de localizar y recuperar art\u00edculos, mejorando su experiencia de pesca con soluciones de almacenamiento sin complicaciones.<br \/>\n5.Funcionalidad mejorada para la movilidad del pescador: Nuestra mochila eslinga de pesca est\u00e1 equipada con un c\u00f3modo portaca\u00f1as y numerosos puntos de sujeci\u00f3n para herramientas de pesca, lo que optimiza la funcionalidad para los pescadores activos. El panel trasero transpirable y acolchado ofrece comodidad durante las salidas largas, mientras que las tiras reflectantes de la parte delantera garantizan la seguridad durante las excursiones nocturnas.<\/p>\n<p>Especificaci\u00f3n:<br \/>\nOrigen: China continental<\/p>\n<p>\tMaterial: Nylon <\/p>\n<p>\tSize:320.00\u00d7210.00\u00d7150.00mm\/12.6\u00d78.27\u00d75.91inch <\/p>\n<p>\tColor: Negro, Naranja, Caqui, Negro CP, Negro Camo<\/p>\n<p>\tNota:<br \/>\nDebido a los diferentes monitores y efectos de la luz, el color real del art\u00edculo puede ser ligeramente diferente del color mostrado en las im\u00e1genes. Gracias.<br \/>\nPor favor, permita 1-2cm desviaci\u00f3n de medici\u00f3n debido a la medici\u00f3n manual.<\/p>\n<p> <br \/>\nPaquetes: <br \/>ProductoIncluido<br \/>\nNegro\uff1a1x Ri\u00f1onera de pesca<br \/>\nNaranja\uff1a1x Ri\u00f1onera de pesca<br \/>\nCaqui\uff1a1x Ri\u00f1onera de pesca<br \/>\nRi\u00f1onera de pesca negra CP\uff1a1x<br \/>\nRi\u00f1onera Pesca Camo\uff1a1x Negro<br \/>\n<br \/>1. Todos los art\u00edculos se comprobar\u00e1n dos veces y se embalar\u00e1n bien antes de enviarlos. Art\u00edculos<br \/>\nser\u00e1 enviado dentro de 3-7 d\u00edas h\u00e1biles despu\u00e9s de que los clientes pagan la orden. Porque tenemos miles de orden everydays. Tenemos que organizar el env\u00edo de una orden por una orden. Le enviaremos los productos lo antes posible.<br \/>\n2. Su direcci\u00f3n de pedido DEBE coincidir con su direcci\u00f3n de env\u00edo.<br \/>\n3. Por lo general, se tarda unos 20-60 d\u00edas h\u00e1biles para la entrega del paquete a su destino (para las zonas remotas, puede tardar un poco m\u00e1s). Mientras tanto, usted puede elegir DHL Express para acortar el tiempo de env\u00edo si necesita el pedido con urgencia.<br \/>\n4. Si usted no recibe la orden dentro de 60 d\u00edas h\u00e1biles, por favor no dude en contactar con nosotros antes de dejar comentarios negativos, haremos nuestro mejor esfuerzo para ayudarle a resolver el problema.<br \/>1. Si no est\u00e1 satisfecho con el art\u00edculo cuando lo reciba, devu\u00e9lvalo en un plazo de 10 d\u00edas para que se lo cambiemos o le devolvamos el dinero.<br \/>\n2. Todos los art\u00edculos devueltos deben estar en el embalaje original y debe proporcionarnos el n\u00famero de seguimiento del env\u00edo y la raz\u00f3n espec\u00edfica de la devoluci\u00f3n.<br \/>\n3. Le devolveremos el dinero completo, upone recepci\u00f3n del art\u00edculo en su estado original y embalaje con todos los componentes y accesorios incluyen.<br \/>\n4. Si el art\u00edculo se da\u00f1a durante el transporte o no se puede utilizar normalmente, por favor p\u00f3ngase en contacto con nosotros las fotos reales de los art\u00edculos y le devolveremos el dinero.<br \/>Mantenemos un alto nivel de excelencia y nos esforzamos por satisfacer al cliente 100% \u00a1Su satisfacci\u00f3n es nuestra prioridad! <\/p>\n<p>Si recibe el pedido y est\u00e1 en buenas condiciones, le agradecer\u00edamos que dejara un comentario positivo de 5 estrellas por la transacci\u00f3n. <\/p>\n<p>En caso contrario, le agradecer\u00edamos que se pusiera en contacto con nosotros antes de dejar un comentario de 1 a 3 estrellas, estaremos encantados de ofrecerle una soluci\u00f3n satisfactoria.<\/p>","protected":false},"excerpt":{"rendered":"<p>(Black\/Orange\/Khaki\/Black CP\/Black Camo)&#8211;Fishing Waist Bag Fishing Fanny Pack Fishing Storage Waist Pack Multifunctional Crossbody Sling Pack Water-Resistant Multi Pockets for [&hellip;]<\/p>","protected":false},"featured_media":2604,"template":"","meta":{"site-sidebar-layout":"default","site-content-layout":"","ast-site-content-layout":"","site-content-style":"default","site-sidebar-style":"default","ast-global-header-display":"","ast-banner-title-visibility":"","ast-main-header-display":"","ast-hfb-above-header-display":"","ast-hfb-below-header-display":"","ast-hfb-mobile-header-display":"","site-post-title":"","ast-breadcrumbs-content":"","ast-featured-img":"","footer-sml-layout":"","theme-transparent-header-meta":"","adv-header-id-meta":"","stick-header-meta":"","header-above-stick-meta":"","header-main-stick-meta":"","header-below-stick-meta":"","astra-migrate-meta-layouts":"default","ast-page-background-enabled":"default","ast-page-background-meta":{"desktop":{"background-color":"var(--ast-global-color-4)","background-image":"","background-repeat":"repeat","background-position":"center center","background-size":"auto","background-attachment":"scroll","background-type":"","background-media":"","overlay-type":"","overlay-color":"","overlay-gradient":""},"tablet":{"background-color":"","background-image":"","background-repeat":"repeat","background-position":"center center","background-size":"auto","background-attachment":"scroll","background-type":"","background-media":"","overlay-type":"","overlay-color":"","overlay-gradient":""},"mobile":{"background-color":"","background-image":"","background-repeat":"repeat","background-position":"center center","background-size":"auto","background-attachment":"scroll","background-type":"","background-media":"","overlay-type":"","overlay-color":"","overlay-gradient":""}},"ast-content-background-meta":{"desktop":{"background-color":"var(--ast-global-color-5)","background-image":"","background-repeat":"repeat","background-position":"center center","background-size":"auto","background-attachment":"scroll","background-type":"","background-media":"","overlay-type":"","overlay-color":"","overlay-gradient":""},"tablet":{"background-color":"var(--ast-global-color-5)","background-image":"","background-repeat":"repeat","background-position":"center center","background-size":"auto","background-attachment":"scroll","background-type":"","background-media":"","overlay-type":"","overlay-color":"","overlay-gradient":""},"mobile":{"background-color":"var(--ast-global-color-5)","background-image":"","background-repeat":"repeat","background-position":"center center","background-size":"auto","background-attachment":"scroll","background-type":"","background-media":"","overlay-type":"","overlay-color":"","overlay-gradient":""}}},"product_brand":[],"product_cat":[25],"product_tag":[],"class_list":{"0":"post-2533","1":"product","2":"type-product","3":"status-publish","4":"has-post-thumbnail","6":"product_cat-fanny-packs","7":"pa_color-black","8":"pa_color-black-camo","9":"pa_color-black-cp","10":"pa_color-khaki","11":"pa_color-orange","12":"pa_ships-from-china","13":"desktop-align-center","14":"tablet-align-left","15":"mobile-align-left","17":"first","18":"instock","19":"shipping-taxable","20":"purchasable","21":"product-type-variable"},"_links":{"self":[{"href":"https:\/\/baosikai.com\/es\/wp-json\/wp\/v2\/product\/2533","targetHints":{"allow":["GET"]}}],"collection":[{"href":"https:\/\/baosikai.com\/es\/wp-json\/wp\/v2\/product"}],"about":[{"href":"https:\/\/baosikai.com\/es\/wp-json\/wp\/v2\/types\/product"}],"wp:featuredmedia":[{"embeddable":true,"href":"https:\/\/baosikai.com\/es\/wp-json\/wp\/v2\/media\/2604"}],"wp:attachment":[{"href":"https:\/\/baosikai.com\/es\/wp-json\/wp\/v2\/media?parent=2533"}],"wp:term":[{"taxonomy":"product_brand","embeddable":true,"href":"https:\/\/baosikai.com\/es\/wp-json\/wp\/v2\/product_brand?post=2533"},{"taxonomy":"product_cat","embeddable":true,"href":"https:\/\/baosikai.com\/es\/wp-json\/wp\/v2\/product_cat?post=2533"},{"taxonomy":"product_tag","embeddable":true,"href":"https:\/\/baosikai.com\/es\/wp-json\/wp\/v2\/product_tag?post=2533"}],"curies":[{"name":"wp","href":"https:\/\/api.w.org\/{rel}","templated":true}]}}