{"id":2947,"date":"2024-04-17T02:31:57","date_gmt":"2024-04-17T02:31:57","guid":{"rendered":"http:\/\/baosikai.com\/?post_type=product&#038;p=2947"},"modified":"2024-06-26T09:37:27","modified_gmt":"2024-06-26T09:37:27","slug":"golf-travel-bag-with-wheels","status":"publish","type":"product","link":"https:\/\/baosikai.com\/es\/producto\/golf-travel-bag-with-wheels\/","title":{"rendered":"Bolsa de viaje de golf con ruedas"},"content":{"rendered":"<p>Vi\u00f1etas:<br \/>\n1.Protecci\u00f3n duradera: Hecho de tela resistente de poli\u00e9ster 600D, este estuche de viaje de golf puede proteger sus palos de golf de da\u00f1os y desgaste durante el transporte. Tambi\u00e9n es resistente al agua y al polvo.<br \/>\n2.Ruedas suaves: Disfruta de un viaje c\u00f3modo y pr\u00e1ctico con esta maleta de viaje para golf que cuenta con un resistente respaldo de goma y ruedas que se deslizan suavemente sobre cualquier superficie.<br \/>\n3.Organice sus esenciales de golf: Esta funda de viaje para golf cuenta con m\u00faltiples compartimentos para guardar tus zapatos de golf, toallas, tarjetas y otros accesorios. Tambi\u00e9n tiene un bolsillo para tarjetas para guardar tu DNI o tarjetas de socio.<br \/>\n4.F\u00e1cil Transporte: Este malet\u00edn de viaje para golf es c\u00f3modo de transportar gracias a sus ruedas, un asa de transporte y una correa ajustable para el hombro. Usted puede rodar o levantar f\u00e1cilmente a su destino.<br \/>\n5.Multi Aplicaciones: Esta funda de viaje de golf es un accesorio de viaje imprescindible para los golfistas, ya que se puede llevar f\u00e1cilmente a paradas de autob\u00fas, lanzaderas y aerol\u00edneas.<br \/>\nProteja sus palos de golf con esta funda de viaje resistente al desgaste. Tiene m\u00faltiples compartimentos para guardar sus accesorios y una correa ajustable para el hombro para que su viaje sea m\u00e1s c\u00f3modo. Pasa f\u00e1cilmente por aeropuertos y hoteles.<\/p>\n<p>Nombre: Golf remolcador bolsa de aire Usos: bolsa de golf de aire de consignaci\u00f3n, bolsa de golf cubierta protectora.<br \/>\nMaterial: Tejido 600D<br \/>\nEspecificaciones: Dimensiones: Largo 130\u00b15CM* Ancho 36\u00b15CM* Grosor 25\u00b15CM<br \/>\nPeso: 1,35 kg<\/p>\n<p>Consejos amables:<br \/>\n1. Debido a la temperatura de color de la pantalla, la c\u00e1mara, la luz ambiental y las habilidades fotogr\u00e1ficas, etc., puede haber una ligera diferencia de color en las im\u00e1genes de algunos productos, y el color est\u00e1 sujeto al producto real.<br \/>\n2. Debido a las diferentes mediciones manuales, por favor permita una ligera diferencia de tama\u00f1o.<\/p>\n<p>Lista de embalaje: 1*Bolsa de viaje de golf<\/p>","protected":false},"excerpt":{"rendered":"<p>Bullet Points: 1.Durable Protection: Made of heavy-duty fabric 600D polyester, this golf travel case can protect your golf clubs from [&hellip;]<\/p>","protected":false},"featured_media":3067,"template":"","meta":{"site-sidebar-layout":"default","site-content-layout":"","ast-site-content-layout":"","site-content-style":"default","site-sidebar-style":"default","ast-global-header-display":"","ast-banner-title-visibility":"","ast-main-header-display":"","ast-hfb-above-header-display":"","ast-hfb-below-header-display":"","ast-hfb-mobile-header-display":"","site-post-title":"","ast-breadcrumbs-content":"","ast-featured-img":"","footer-sml-layout":"","theme-transparent-header-meta":"","adv-header-id-meta":"","stick-header-meta":"","header-above-stick-meta":"","header-main-stick-meta":"","header-below-stick-meta":"","astra-migrate-meta-layouts":"default","ast-page-background-enabled":"default","ast-page-background-meta":{"desktop":{"background-color":"var(--ast-global-color-4)","background-image":"","background-repeat":"repeat","background-position":"center center","background-size":"auto","background-attachment":"scroll","background-type":"","background-media":"","overlay-type":"","overlay-color":"","overlay-gradient":""},"tablet":{"background-color":"","background-image":"","background-repeat":"repeat","background-position":"center center","background-size":"auto","background-attachment":"scroll","background-type":"","background-media":"","overlay-type":"","overlay-color":"","overlay-gradient":""},"mobile":{"background-color":"","background-image":"","background-repeat":"repeat","background-position":"center center","background-size":"auto","background-attachment":"scroll","background-type":"","background-media":"","overlay-type":"","overlay-color":"","overlay-gradient":""}},"ast-content-background-meta":{"desktop":{"background-color":"var(--ast-global-color-5)","background-image":"","background-repeat":"repeat","background-position":"center center","background-size":"auto","background-attachment":"scroll","background-type":"","background-media":"","overlay-type":"","overlay-color":"","overlay-gradient":""},"tablet":{"background-color":"var(--ast-global-color-5)","background-image":"","background-repeat":"repeat","background-position":"center center","background-size":"auto","background-attachment":"scroll","background-type":"","background-media":"","overlay-type":"","overlay-color":"","overlay-gradient":""},"mobile":{"background-color":"var(--ast-global-color-5)","background-image":"","background-repeat":"repeat","background-position":"center center","background-size":"auto","background-attachment":"scroll","background-type":"","background-media":"","overlay-type":"","overlay-color":"","overlay-gradient":""}}},"product_brand":[],"product_cat":[20],"product_tag":[],"class_list":{"0":"post-2947","1":"product","2":"type-product","3":"status-publish","4":"has-post-thumbnail","6":"product_cat-gym-bags","7":"pa_color-black","8":"pa_ships-from-china","9":"pa_ships-from-czech-republic","10":"pa_ships-from-france","11":"pa_ships-from-spain","12":"pa_ships-from-united-states","13":"desktop-align-center","14":"tablet-align-left","15":"mobile-align-left","17":"first","18":"instock","19":"shipping-taxable","20":"purchasable","21":"product-type-variable"},"_links":{"self":[{"href":"https:\/\/baosikai.com\/es\/wp-json\/wp\/v2\/product\/2947","targetHints":{"allow":["GET"]}}],"collection":[{"href":"https:\/\/baosikai.com\/es\/wp-json\/wp\/v2\/product"}],"about":[{"href":"https:\/\/baosikai.com\/es\/wp-json\/wp\/v2\/types\/product"}],"wp:featuredmedia":[{"embeddable":true,"href":"https:\/\/baosikai.com\/es\/wp-json\/wp\/v2\/media\/3067"}],"wp:attachment":[{"href":"https:\/\/baosikai.com\/es\/wp-json\/wp\/v2\/media?parent=2947"}],"wp:term":[{"taxonomy":"product_brand","embeddable":true,"href":"https:\/\/baosikai.com\/es\/wp-json\/wp\/v2\/product_brand?post=2947"},{"taxonomy":"product_cat","embeddable":true,"href":"https:\/\/baosikai.com\/es\/wp-json\/wp\/v2\/product_cat?post=2947"},{"taxonomy":"product_tag","embeddable":true,"href":"https:\/\/baosikai.com\/es\/wp-json\/wp\/v2\/product_tag?post=2947"}],"curies":[{"name":"wp","href":"https:\/\/api.w.org\/{rel}","templated":true}]}}