{"id":2949,"date":"2024-04-17T02:31:58","date_gmt":"2024-04-17T02:31:58","guid":{"rendered":"http:\/\/baosikai.com\/?post_type=product&#038;p=2949"},"modified":"2024-06-26T09:36:50","modified_gmt":"2024-06-26T09:36:50","slug":"golf-cart-bag-for-putter-bag","status":"publish","type":"product","link":"https:\/\/baosikai.com\/es\/producto\/golf-cart-bag-for-putter-bag\/","title":{"rendered":"Bolsa de carro de golf para bolsa de putter"},"content":{"rendered":"<p>ColorNegro<br \/>Materialeva<br \/>Dimensiones del producto10\u2033L x 10\u2033W x 36\u2033H<br \/>N\u00famero de divisores14<br \/>Peso del art\u00edculo8,59 libras<br \/>N\u00famero de bolsillos14<br \/>Acerca de este art\u00edculo<br \/>\u301014 Way Top with Lift Assist Handle\u3011Superior a muchas bolsas con [14 divisores y s\u00f3lo 5 pozos], Yovital 14 Individual pozo de longitud completa para cada club, mantener las cosas bien organizadas de cero uno contra el otro. El mango integrado al pu\u00f1o superior permite un f\u00e1cil acceso y maniobrabilidad.<br \/>\u3010Fully Insulated Beverage Pocket\/Velour-lined Valuables Pocket\/Rain Hood\u3011Gracias al dise\u00f1o dulce, incluso se puede tomar un sorbo de bebidas fr\u00edas en el campo de golf. Y el valioso bolsillo mantiene el tel\u00e9fono, la billetera y las llaves bien protegidas. Capucha de lluvia\/cubierta de polvo- para una f\u00e1cil movilidad y almacenamiento ordenado.<br \/>\u30109 Front Facing Pockets Large Space\u3011Incluyendo 2 bolsillos de longitud completa, espacio suficiente para todo lo necesario en un tour de golf, pelotas, toalla, guantes, rangefinder,agua, zapatos y m\u00e1s. Proporcionar un f\u00e1cil acceso a todos los contenidos. Dise\u00f1o dulce para jugadores profesionales o aficionados.<br \/>\u3010Extraordinary Durability\u3011Material de alta densidad caracter\u00edsticas a prueba de salpicaduras, rip-stop y duradero. Tiene un aspecto elegante, larga vida \u00fatil y un buen rendimiento. Con todo, ser\u00eda una actualizaci\u00f3n ideal para su viejo o principiantes que no saben c\u00f3mo elegir la bolsa de golf.<br \/>\u3010Stay Stable in All Conditions\u3011The large base plus 4 fiber stick support system make it stable in rough or green. Disfruta del golf con Yovital, \u00a1tu compa\u00f1ero de golf!<\/p>","protected":false},"excerpt":{"rendered":"<p>ColorBlackMaterialevaProduct Dimensions10&#8243;L x 10&#8243;W x 36&#8243;HNumber of Dividers14Item Weight8.59 PoundsNumber Of Pockets14About this item\u301014 Way Top with Lift Assist Handle\u3011Superior [&hellip;]<\/p>","protected":false},"featured_media":3107,"template":"","meta":{"site-sidebar-layout":"default","site-content-layout":"","ast-site-content-layout":"","site-content-style":"default","site-sidebar-style":"default","ast-global-header-display":"","ast-banner-title-visibility":"","ast-main-header-display":"","ast-hfb-above-header-display":"","ast-hfb-below-header-display":"","ast-hfb-mobile-header-display":"","site-post-title":"","ast-breadcrumbs-content":"","ast-featured-img":"","footer-sml-layout":"","theme-transparent-header-meta":"","adv-header-id-meta":"","stick-header-meta":"","header-above-stick-meta":"","header-main-stick-meta":"","header-below-stick-meta":"","astra-migrate-meta-layouts":"default","ast-page-background-enabled":"default","ast-page-background-meta":{"desktop":{"background-color":"var(--ast-global-color-4)","background-image":"","background-repeat":"repeat","background-position":"center center","background-size":"auto","background-attachment":"scroll","background-type":"","background-media":"","overlay-type":"","overlay-color":"","overlay-gradient":""},"tablet":{"background-color":"","background-image":"","background-repeat":"repeat","background-position":"center center","background-size":"auto","background-attachment":"scroll","background-type":"","background-media":"","overlay-type":"","overlay-color":"","overlay-gradient":""},"mobile":{"background-color":"","background-image":"","background-repeat":"repeat","background-position":"center center","background-size":"auto","background-attachment":"scroll","background-type":"","background-media":"","overlay-type":"","overlay-color":"","overlay-gradient":""}},"ast-content-background-meta":{"desktop":{"background-color":"var(--ast-global-color-5)","background-image":"","background-repeat":"repeat","background-position":"center center","background-size":"auto","background-attachment":"scroll","background-type":"","background-media":"","overlay-type":"","overlay-color":"","overlay-gradient":""},"tablet":{"background-color":"var(--ast-global-color-5)","background-image":"","background-repeat":"repeat","background-position":"center center","background-size":"auto","background-attachment":"scroll","background-type":"","background-media":"","overlay-type":"","overlay-color":"","overlay-gradient":""},"mobile":{"background-color":"var(--ast-global-color-5)","background-image":"","background-repeat":"repeat","background-position":"center center","background-size":"auto","background-attachment":"scroll","background-type":"","background-media":"","overlay-type":"","overlay-color":"","overlay-gradient":""}}},"product_brand":[],"product_cat":[20],"product_tag":[],"class_list":{"0":"post-2949","1":"product","2":"type-product","3":"status-publish","4":"has-post-thumbnail","6":"product_cat-gym-bags","7":"desktop-align-center","8":"tablet-align-left","9":"mobile-align-left","11":"first","12":"instock","13":"shipping-taxable","14":"purchasable","15":"product-type-simple"},"_links":{"self":[{"href":"https:\/\/baosikai.com\/es\/wp-json\/wp\/v2\/product\/2949","targetHints":{"allow":["GET"]}}],"collection":[{"href":"https:\/\/baosikai.com\/es\/wp-json\/wp\/v2\/product"}],"about":[{"href":"https:\/\/baosikai.com\/es\/wp-json\/wp\/v2\/types\/product"}],"wp:featuredmedia":[{"embeddable":true,"href":"https:\/\/baosikai.com\/es\/wp-json\/wp\/v2\/media\/3107"}],"wp:attachment":[{"href":"https:\/\/baosikai.com\/es\/wp-json\/wp\/v2\/media?parent=2949"}],"wp:term":[{"taxonomy":"product_brand","embeddable":true,"href":"https:\/\/baosikai.com\/es\/wp-json\/wp\/v2\/product_brand?post=2949"},{"taxonomy":"product_cat","embeddable":true,"href":"https:\/\/baosikai.com\/es\/wp-json\/wp\/v2\/product_cat?post=2949"},{"taxonomy":"product_tag","embeddable":true,"href":"https:\/\/baosikai.com\/es\/wp-json\/wp\/v2\/product_tag?post=2949"}],"curies":[{"name":"wp","href":"https:\/\/api.w.org\/{rel}","templated":true}]}}