{"id":2951,"date":"2024-04-17T02:32:00","date_gmt":"2024-04-17T02:32:00","guid":{"rendered":"http:\/\/baosikai.com\/?post_type=product&#038;p=2951"},"modified":"2024-06-26T09:34:53","modified_gmt":"2024-06-26T09:34:53","slug":"sports-bag-waterproof-portable-yoga-handbag","status":"publish","type":"product","link":"https:\/\/baosikai.com\/es\/producto\/sports-bag-waterproof-portable-yoga-handbag\/","title":{"rendered":"Bolsa de deporte Bolsa de yoga port\u00e1til impermeable"},"content":{"rendered":"<p>Atenci\u00f3n a los clientes de Estados Unidos:<br \/>\nCuando seleccione \"Enviar desde Estados Unidos\", las siguientes direcciones no proporcionar\u00e1n servicio de entrega: Hawai, Alaska, Puerto Rico, Guam, APO, DPO, FPO, etc. Le recomendamos que elija \"Enviar desde China\".<br \/>\nClientes de Espa\u00c3\u00b1a atenci\u00c3\u00b3n:<br \/>\nCuando selecciona \"Enviar desde Espa\u00c3\u00b1a\", el servicio de entrega no est\u00c3\u00a1 disponible en los siguientes c\u00c3\u00b3digos postales:<br \/>\n35000-35999<br \/>\n38000-38999<br \/>\nSe recomienda que elija \"Enviar desde China\". \u00c2\u00a1Gracias! \u00a1! \u00a1!<br \/>Atenci\u00f3n compradores espa\u00f1oles:<br \/>\nsi su direcci\u00f3n incluye el siguiente c\u00f3digo postal, no elija el almac\u00e9n espa\u00f1ol.<br \/>\nEl c\u00f3digo postal empieza por 51 \/52\/ 07 \/35 \/38.<br \/>\nEl almac\u00e9n de ultramar no se puede entregar.<br \/>\nDe lo contrario, enviaremos el pedido desde el almac\u00e9n de China.<br \/>(Negro\/Azul\/Naranja\/Rojo)-Bolsa de ejercicios de yoga<br \/>\nEspecificaci\u00f3n:<br \/>\nTipo de deporte: Fitness<br \/>\nOrigen: China continental<br \/>\nMaterial: nylon<br \/>\nNombre del departamento: Unisex<br \/>\nColor(opcional): Negro, Azul, Naranja, Rosa Rojo<br \/>\nTama\u00f1o: 77cm\/30.31in * 27cm\/10.63in * 11cm\/4.33in<\/p>\n<p>\tNota:<br \/>\nDebido a los diferentes monitores y efectos de la luz, el color real del art\u00edculo puede ser ligeramente diferente del color mostrado en las im\u00e1genes. Gracias.<br \/>\nPor favor, permita 1-2cm desviaci\u00f3n de medici\u00f3n debido a la medici\u00f3n manual.<\/p>\n<p>ProductoIncluido<br \/>\nNegro\uff1a1 x Bolsa de ejercicios de yoga<br \/>\nAzul\uff1a1 x Bolsa de ejercicios de yoga<br \/>\nNaranja\uff1a1 x Bolsa de ejercicios de yoga<br \/>\nRosa Rojo\uff1a1 x Bolsa de Ejercicio de Yoga<\/p>","protected":false},"excerpt":{"rendered":"<p>The United States customers attention: When you select &#8220;Ship From United States&#8221;, the following addresses will not provide delivery service: [&hellip;]<\/p>","protected":false},"featured_media":3131,"template":"","meta":{"site-sidebar-layout":"default","site-content-layout":"","ast-site-content-layout":"","site-content-style":"default","site-sidebar-style":"default","ast-global-header-display":"","ast-banner-title-visibility":"","ast-main-header-display":"","ast-hfb-above-header-display":"","ast-hfb-below-header-display":"","ast-hfb-mobile-header-display":"","site-post-title":"","ast-breadcrumbs-content":"","ast-featured-img":"","footer-sml-layout":"","theme-transparent-header-meta":"","adv-header-id-meta":"","stick-header-meta":"","header-above-stick-meta":"","header-main-stick-meta":"","header-below-stick-meta":"","astra-migrate-meta-layouts":"default","ast-page-background-enabled":"default","ast-page-background-meta":{"desktop":{"background-color":"var(--ast-global-color-4)","background-image":"","background-repeat":"repeat","background-position":"center center","background-size":"auto","background-attachment":"scroll","background-type":"","background-media":"","overlay-type":"","overlay-color":"","overlay-gradient":""},"tablet":{"background-color":"","background-image":"","background-repeat":"repeat","background-position":"center center","background-size":"auto","background-attachment":"scroll","background-type":"","background-media":"","overlay-type":"","overlay-color":"","overlay-gradient":""},"mobile":{"background-color":"","background-image":"","background-repeat":"repeat","background-position":"center center","background-size":"auto","background-attachment":"scroll","background-type":"","background-media":"","overlay-type":"","overlay-color":"","overlay-gradient":""}},"ast-content-background-meta":{"desktop":{"background-color":"var(--ast-global-color-5)","background-image":"","background-repeat":"repeat","background-position":"center center","background-size":"auto","background-attachment":"scroll","background-type":"","background-media":"","overlay-type":"","overlay-color":"","overlay-gradient":""},"tablet":{"background-color":"var(--ast-global-color-5)","background-image":"","background-repeat":"repeat","background-position":"center center","background-size":"auto","background-attachment":"scroll","background-type":"","background-media":"","overlay-type":"","overlay-color":"","overlay-gradient":""},"mobile":{"background-color":"var(--ast-global-color-5)","background-image":"","background-repeat":"repeat","background-position":"center center","background-size":"auto","background-attachment":"scroll","background-type":"","background-media":"","overlay-type":"","overlay-color":"","overlay-gradient":""}}},"product_brand":[],"product_cat":[20],"product_tag":[],"class_list":{"0":"post-2951","1":"product","2":"type-product","3":"status-publish","4":"has-post-thumbnail","6":"product_cat-gym-bags","7":"pa_color-black","8":"pa_color-blue","9":"pa_color-orange","10":"pa_color-rose-red","11":"pa_ships-from-china","12":"desktop-align-center","13":"tablet-align-left","14":"mobile-align-left","16":"first","17":"instock","18":"shipping-taxable","19":"purchasable","20":"product-type-variable"},"_links":{"self":[{"href":"https:\/\/baosikai.com\/es\/wp-json\/wp\/v2\/product\/2951","targetHints":{"allow":["GET"]}}],"collection":[{"href":"https:\/\/baosikai.com\/es\/wp-json\/wp\/v2\/product"}],"about":[{"href":"https:\/\/baosikai.com\/es\/wp-json\/wp\/v2\/types\/product"}],"wp:featuredmedia":[{"embeddable":true,"href":"https:\/\/baosikai.com\/es\/wp-json\/wp\/v2\/media\/3131"}],"wp:attachment":[{"href":"https:\/\/baosikai.com\/es\/wp-json\/wp\/v2\/media?parent=2951"}],"wp:term":[{"taxonomy":"product_brand","embeddable":true,"href":"https:\/\/baosikai.com\/es\/wp-json\/wp\/v2\/product_brand?post=2951"},{"taxonomy":"product_cat","embeddable":true,"href":"https:\/\/baosikai.com\/es\/wp-json\/wp\/v2\/product_cat?post=2951"},{"taxonomy":"product_tag","embeddable":true,"href":"https:\/\/baosikai.com\/es\/wp-json\/wp\/v2\/product_tag?post=2951"}],"curies":[{"name":"wp","href":"https:\/\/api.w.org\/{rel}","templated":true}]}}