{"id":2952,"date":"2024-04-17T02:32:01","date_gmt":"2024-04-17T02:32:01","guid":{"rendered":"http:\/\/baosikai.com\/?post_type=product&#038;p=2952"},"modified":"2024-06-26T09:33:57","modified_gmt":"2024-06-26T09:33:57","slug":"oxford-portable-gym-bags-large-capacity-fitness-training-bag","status":"publish","type":"product","link":"https:\/\/baosikai.com\/es\/producto\/oxford-portable-gym-bags-large-capacity-fitness-training-bag\/","title":{"rendered":"Bolsa de gimnasio port\u00e1til Oxford de gran capacidad Bolsa de entrenamiento de fitness"},"content":{"rendered":"<p>(Rojo\/Morado\/Azul\/Azul oscuro\/Negro)-Bolsa de deporte<br \/>\nBolsa Oxford para Fitness Bolsa de Gran Capacidad para Entrenamiento Multifuncional Bandolera Ajustable con Cremallera para Nataci\u00f3n de Viaje<br \/>\nCaracter\u00edsticas:<br \/>\n1. Tejido Oxford: Hecho de tela de alta calidad, es s\u00faper duradero y resistente al agua.<br \/>\n2. Almacenamiento conveniente: Dise\u00f1o de bolsillo m\u00faltiple, de moda y de buen aspecto, almacenamiento razonable.<br \/>\n3. Gran capacidad: La bolsa principal tiene una gran capacidad, y el bolsillo lateral de malla puede guardar gafas, etc. El bolsillo lateral con cremallera puede guardar tarjetas bancarias, etc.<br \/>\n4. Con cremallera: Bolsillos delanteros y traseros con cremallera, dise\u00f1o multibolsa, c\u00f3modo y pr\u00e1ctico, cremalleras de herrajes seleccionados, suaves y que no se atascan.<br \/>\n5. Ajustable: La correa para el hombro es ajustable y la longitud se puede ajustar seg\u00fan sea necesario.Especificaciones:<br \/>\nTipo de deporte: Fitness<br \/>\nOrigen: China continental<br \/>\nNombre del departamento: MEN<br \/>\nMaterial del producto: Tela Oxford<br \/>\nColores del producto: rojo, morado, azul, azul oscuro, negro (opcional)<br \/>\nTama\u00f1o del producto: 43 * 25 * 19cm\/16.93*9.84*7.48inch<\/p>\n<p>\tNota:<br \/>\nDebido a los diferentes monitores y efectos de la luz, el color real del art\u00edculo puede ser ligeramente diferente del color mostrado en las im\u00e1genes. Gracias.<br \/>\nPor favor, permita 1-2cm desviaci\u00f3n de medici\u00f3n debido a la medici\u00f3n manual.<\/p>\n<p> <br \/>\nPaquetes: <br \/>ProductoIncluido<br \/>\nRojo\uff1a1 x Bolsa de fitness<br \/>\nMorado\uff1a1 x Bolsa de Fitness<br \/>\nColor azul\uff1a1 x Bolsa de fitness<br \/>\nAzul oscuro\uff1a1 x Bolsa de fitness<br \/>\ncolor negro\uff1a1 x Bolsa de Fitness<br \/>\n<br \/>1.Todos los art\u00edculos ser\u00e1n revisados cuidadosamente antes del env\u00edo. 2.Please rellene su nombre completo y la direcci\u00f3n correcta, no somos responsables de sus errores. 3.Todos nuestros paquetes vienen con n\u00famero de seguimiento. La informaci\u00f3n de seguimiento est\u00e1 disponible dentro de 1-4 d\u00edas despu\u00e9s del env\u00edo. <br \/>1.Empaquetaremos y enviaremos el paquete lo antes posible. Y habr\u00e1 un poco de retraso cuando las vacaciones. 2.We enviar\u00e1 el paquete a trav\u00e9s de China Post u otro puesto nacional. Por lo general, el tiempo de env\u00edo es de 15-60 d\u00edas h\u00e1biles de acuerdo a su pa\u00eds. Si usted no puede recibir su art\u00edculo dentro de 60 d\u00edas, por favor no dude en ponerse en contacto conmigo para obtener ayuda. 3.Follow im\u00e1genes son nuestro almac\u00e9n<br \/>1.Si usted no est\u00e1 satisfecho con los art\u00edculos, por favor no dude en ponerse en contacto conmigo para la soluci\u00f3n en lugar de dejar comentarios neutrales o negativos, haremos todo lo posible para resolver el problema. 2.Su satisfacci\u00f3n y retroalimentaci\u00f3n positiva es muy importante para nosotros.   Por favor, deje comentarios positivos y 5 estrellas si est\u00e1 satisfecho con nuestros art\u00edculos y servicios.<\/p>","protected":false},"excerpt":{"rendered":"<p>(Red\/Purple\/Blue color\/Dark Blue\/black color)&#8211;Fitness Bag Oxford Fitness Bag Large Capacity Fitness Training Bag Multifunctional Adjustable Shoulder Strap with Zipper for [&hellip;]<\/p>","protected":false},"featured_media":3164,"template":"","meta":{"site-sidebar-layout":"default","site-content-layout":"","ast-site-content-layout":"","site-content-style":"default","site-sidebar-style":"default","ast-global-header-display":"","ast-banner-title-visibility":"","ast-main-header-display":"","ast-hfb-above-header-display":"","ast-hfb-below-header-display":"","ast-hfb-mobile-header-display":"","site-post-title":"","ast-breadcrumbs-content":"","ast-featured-img":"","footer-sml-layout":"","theme-transparent-header-meta":"","adv-header-id-meta":"","stick-header-meta":"","header-above-stick-meta":"","header-main-stick-meta":"","header-below-stick-meta":"","astra-migrate-meta-layouts":"default","ast-page-background-enabled":"default","ast-page-background-meta":{"desktop":{"background-color":"var(--ast-global-color-4)","background-image":"","background-repeat":"repeat","background-position":"center center","background-size":"auto","background-attachment":"scroll","background-type":"","background-media":"","overlay-type":"","overlay-color":"","overlay-gradient":""},"tablet":{"background-color":"","background-image":"","background-repeat":"repeat","background-position":"center center","background-size":"auto","background-attachment":"scroll","background-type":"","background-media":"","overlay-type":"","overlay-color":"","overlay-gradient":""},"mobile":{"background-color":"","background-image":"","background-repeat":"repeat","background-position":"center center","background-size":"auto","background-attachment":"scroll","background-type":"","background-media":"","overlay-type":"","overlay-color":"","overlay-gradient":""}},"ast-content-background-meta":{"desktop":{"background-color":"var(--ast-global-color-5)","background-image":"","background-repeat":"repeat","background-position":"center center","background-size":"auto","background-attachment":"scroll","background-type":"","background-media":"","overlay-type":"","overlay-color":"","overlay-gradient":""},"tablet":{"background-color":"var(--ast-global-color-5)","background-image":"","background-repeat":"repeat","background-position":"center center","background-size":"auto","background-attachment":"scroll","background-type":"","background-media":"","overlay-type":"","overlay-color":"","overlay-gradient":""},"mobile":{"background-color":"var(--ast-global-color-5)","background-image":"","background-repeat":"repeat","background-position":"center center","background-size":"auto","background-attachment":"scroll","background-type":"","background-media":"","overlay-type":"","overlay-color":"","overlay-gradient":""}}},"product_brand":[],"product_cat":[20],"product_tag":[],"class_list":{"0":"post-2952","1":"product","2":"type-product","3":"status-publish","4":"has-post-thumbnail","6":"product_cat-gym-bags","7":"pa_color-black-color","8":"pa_color-blue-color","9":"pa_color-dark-blue","10":"pa_color-purple","11":"pa_color-red","12":"pa_ships-from-china","13":"desktop-align-center","14":"tablet-align-left","15":"mobile-align-left","17":"first","18":"instock","19":"shipping-taxable","20":"purchasable","21":"product-type-simple"},"_links":{"self":[{"href":"https:\/\/baosikai.com\/es\/wp-json\/wp\/v2\/product\/2952","targetHints":{"allow":["GET"]}}],"collection":[{"href":"https:\/\/baosikai.com\/es\/wp-json\/wp\/v2\/product"}],"about":[{"href":"https:\/\/baosikai.com\/es\/wp-json\/wp\/v2\/types\/product"}],"wp:featuredmedia":[{"embeddable":true,"href":"https:\/\/baosikai.com\/es\/wp-json\/wp\/v2\/media\/3164"}],"wp:attachment":[{"href":"https:\/\/baosikai.com\/es\/wp-json\/wp\/v2\/media?parent=2952"}],"wp:term":[{"taxonomy":"product_brand","embeddable":true,"href":"https:\/\/baosikai.com\/es\/wp-json\/wp\/v2\/product_brand?post=2952"},{"taxonomy":"product_cat","embeddable":true,"href":"https:\/\/baosikai.com\/es\/wp-json\/wp\/v2\/product_cat?post=2952"},{"taxonomy":"product_tag","embeddable":true,"href":"https:\/\/baosikai.com\/es\/wp-json\/wp\/v2\/product_tag?post=2952"}],"curies":[{"name":"wp","href":"https:\/\/api.w.org\/{rel}","templated":true}]}}