{"id":3429,"date":"2024-04-17T02:34:10","date_gmt":"2024-04-17T02:34:10","guid":{"rendered":"http:\/\/baosikai.com\/?post_type=product&#038;p=3429"},"modified":"2024-06-26T09:27:29","modified_gmt":"2024-06-26T09:27:29","slug":"mens-sports-gym-bag-womens-yoga-training-bag","status":"publish","type":"product","link":"https:\/\/baosikai.com\/es\/producto\/mens-sports-gym-bag-womens-yoga-training-bag\/","title":{"rendered":"Bolsa de deporte para hombre Bolsa de entrenamiento de yoga para mujer"},"content":{"rendered":"<p>Proceso de personalizaci\u00f3n-El enlace para fotografiar directamente la bolsa es el precio de la bolsa. Si necesita imprimir el LOGO, habr\u00e1 una cuota de puesta en marcha de la m\u00e1quina. El proceso de impresi\u00f3n es $5. Consulte con el servicio de atenci\u00f3n al cliente para dise\u00f1ar una vista previa del renderizado.<br \/>Informaci\u00f3n sobre el art\u00edculo<br \/>N\u00ba de art\u00edculo: 1884<br \/>Material: tejido Oxford resistente a salpicaduras<br \/>Forro: poli\u00e9ster<br \/>Tama\u00f1o:44* 27*16cm ( peque\u00f1o )<br \/>49*30* 23cm ( grande )(Conversi\u00f3n: 1mm = 0.0393 pulgadas)<br \/>Color: negro\/rojo<br \/>Peso: 800 g<br \/>Nota: Debido a los diferentes ajustes del monitor de la computadora o la medici\u00f3n manual, por favor permita ligeramente la diferencia en el color y size.Please se refieren al producto real. Gracias\uff01<br \/>Tenga en cuenta:<br \/>\u00bfC\u00f3mo personalizar la imagen de la bolsa?<br \/>Paso 1\uff1aPuede enviarnos la imagen del logotipo a trav\u00e9s del mensaje de Aliexpress o enviarlo a nuestro correo electr\u00f3nico .<br \/>Paso2\uff1ale mostraremos la vista previa de la bolsa con la imagen de su logotipo poco despu\u00e9s de recibir su imagen.<br \/>Paso3\uff1a si est\u00e1 satisfecho con la vista previa \uff0cpuede hacer un pedido.<br \/>Si tiene alguna pregunta, no dude en ponerse en contacto con nosotros, le responderemos en 24 horas.<\/p>","protected":false},"excerpt":{"rendered":"<p>Customization process&#8212;The link to directly photograph the bag is the price of the bag. If you need to print the [&hellip;]<\/p>","protected":false},"featured_media":3496,"template":"","meta":{"site-sidebar-layout":"default","site-content-layout":"","ast-site-content-layout":"","site-content-style":"default","site-sidebar-style":"default","ast-global-header-display":"","ast-banner-title-visibility":"","ast-main-header-display":"","ast-hfb-above-header-display":"","ast-hfb-below-header-display":"","ast-hfb-mobile-header-display":"","site-post-title":"","ast-breadcrumbs-content":"","ast-featured-img":"","footer-sml-layout":"","theme-transparent-header-meta":"","adv-header-id-meta":"","stick-header-meta":"","header-above-stick-meta":"","header-main-stick-meta":"","header-below-stick-meta":"","astra-migrate-meta-layouts":"default","ast-page-background-enabled":"default","ast-page-background-meta":{"desktop":{"background-color":"var(--ast-global-color-4)","background-image":"","background-repeat":"repeat","background-position":"center center","background-size":"auto","background-attachment":"scroll","background-type":"","background-media":"","overlay-type":"","overlay-color":"","overlay-gradient":""},"tablet":{"background-color":"","background-image":"","background-repeat":"repeat","background-position":"center center","background-size":"auto","background-attachment":"scroll","background-type":"","background-media":"","overlay-type":"","overlay-color":"","overlay-gradient":""},"mobile":{"background-color":"","background-image":"","background-repeat":"repeat","background-position":"center center","background-size":"auto","background-attachment":"scroll","background-type":"","background-media":"","overlay-type":"","overlay-color":"","overlay-gradient":""}},"ast-content-background-meta":{"desktop":{"background-color":"var(--ast-global-color-5)","background-image":"","background-repeat":"repeat","background-position":"center center","background-size":"auto","background-attachment":"scroll","background-type":"","background-media":"","overlay-type":"","overlay-color":"","overlay-gradient":""},"tablet":{"background-color":"var(--ast-global-color-5)","background-image":"","background-repeat":"repeat","background-position":"center center","background-size":"auto","background-attachment":"scroll","background-type":"","background-media":"","overlay-type":"","overlay-color":"","overlay-gradient":""},"mobile":{"background-color":"var(--ast-global-color-5)","background-image":"","background-repeat":"repeat","background-position":"center center","background-size":"auto","background-attachment":"scroll","background-type":"","background-media":"","overlay-type":"","overlay-color":"","overlay-gradient":""}}},"product_brand":[],"product_cat":[21],"product_tag":[],"class_list":{"0":"post-3429","1":"product","2":"type-product","3":"status-publish","4":"has-post-thumbnail","6":"product_cat-travel-bags","7":"pa_color-black-44x27x16cm","8":"pa_color-black-49x30x23cm","9":"pa_color-red-44x27x16cm","10":"pa_color-red-49x30x23cm","11":"pa_ships-from-china","12":"desktop-align-center","13":"tablet-align-left","14":"mobile-align-left","16":"first","17":"instock","18":"shipping-taxable","19":"purchasable","20":"product-type-variable"},"_links":{"self":[{"href":"https:\/\/baosikai.com\/es\/wp-json\/wp\/v2\/product\/3429","targetHints":{"allow":["GET"]}}],"collection":[{"href":"https:\/\/baosikai.com\/es\/wp-json\/wp\/v2\/product"}],"about":[{"href":"https:\/\/baosikai.com\/es\/wp-json\/wp\/v2\/types\/product"}],"wp:featuredmedia":[{"embeddable":true,"href":"https:\/\/baosikai.com\/es\/wp-json\/wp\/v2\/media\/3496"}],"wp:attachment":[{"href":"https:\/\/baosikai.com\/es\/wp-json\/wp\/v2\/media?parent=3429"}],"wp:term":[{"taxonomy":"product_brand","embeddable":true,"href":"https:\/\/baosikai.com\/es\/wp-json\/wp\/v2\/product_brand?post=3429"},{"taxonomy":"product_cat","embeddable":true,"href":"https:\/\/baosikai.com\/es\/wp-json\/wp\/v2\/product_cat?post=3429"},{"taxonomy":"product_tag","embeddable":true,"href":"https:\/\/baosikai.com\/es\/wp-json\/wp\/v2\/product_tag?post=3429"}],"curies":[{"name":"wp","href":"https:\/\/api.w.org\/{rel}","templated":true}]}}