{"id":3623,"date":"2024-04-17T02:56:44","date_gmt":"2024-04-17T02:56:44","guid":{"rendered":"http:\/\/baosikai.com\/?post_type=product&#038;p=3623"},"modified":"2024-06-26T09:23:14","modified_gmt":"2024-06-26T09:23:14","slug":"pvc-dry-bag-waterproof-swimming-bag","status":"publish","type":"product","link":"https:\/\/baosikai.com\/es\/producto\/pvc-dry-bag-waterproof-swimming-bag\/","title":{"rendered":"Bolsa seca de PVC Bolsa de nataci\u00f3n impermeable"},"content":{"rendered":"<p>Caracter\u00edsticas:<br \/>\n1. Tejido rip-stop suave y flexible con cierre herm\u00e9tico roll-top para una m\u00e1xima compresi\u00f3n.<br \/>\n2. Revestimiento de poliuretano con costuras estancas, de doble costura y selladas con cinta para una impermeabilidad profesional.<br \/>\n3. Puede transportar comida y bebida, ropa, cartera, tel\u00e9fono m\u00f3vil, tabletas, ordenador port\u00e1til y otros efectos personales.<br \/>\n4. Se puede comprimir, c\u00f3modo de llevar<br \/>\n5. Viene con gancho de cierre de hebilla, f\u00e1cil de colgar a la mochila, etc.<br \/>\n6. Adecuado para vela, rafting, camping, kayak, senderismo, paseos en barco, pesca y otras actividades al aire libre.<br \/>\n7. Enrolle hacia abajo 3-4 veces desde la parte superior y tomar\u00e1 forma una bolsa impermeable sin costuras.<\/p>\n<p>Especificaciones:<br \/>\n1. 2. Material: Tela de malla de PVC<br \/>\n2. Capacidad: 5L<br \/>\n3. Color: naranja, azul, blanco<br \/>\n4. Despliegue formando tama\u00f1o: Aprox.18 * 38cm(D * H)<br \/>\n5. Tama\u00f1o plano: Aprox.38 * 28cm(H * W)<br \/>\n6. Adecuado para: Actividades al aire libre como senderismo, viajes, camping, etc.<\/p>\n<p>Nota: No est\u00e1 dise\u00f1ado para sumergirse por completo.<\/p>","protected":false},"excerpt":{"rendered":"<p>Features: 1. Soft and flexible rip-stop fabric with watertight roll-top closure for maximum compression 2. Polyurethane coated with watertight, double-stitched, [&hellip;]<\/p>","protected":false},"featured_media":3670,"template":"","meta":{"site-sidebar-layout":"default","site-content-layout":"","ast-site-content-layout":"","site-content-style":"default","site-sidebar-style":"default","ast-global-header-display":"","ast-banner-title-visibility":"","ast-main-header-display":"","ast-hfb-above-header-display":"","ast-hfb-below-header-display":"","ast-hfb-mobile-header-display":"","site-post-title":"","ast-breadcrumbs-content":"","ast-featured-img":"","footer-sml-layout":"","theme-transparent-header-meta":"","adv-header-id-meta":"","stick-header-meta":"","header-above-stick-meta":"","header-main-stick-meta":"","header-below-stick-meta":"","astra-migrate-meta-layouts":"default","ast-page-background-enabled":"default","ast-page-background-meta":{"desktop":{"background-color":"var(--ast-global-color-4)","background-image":"","background-repeat":"repeat","background-position":"center center","background-size":"auto","background-attachment":"scroll","background-type":"","background-media":"","overlay-type":"","overlay-color":"","overlay-gradient":""},"tablet":{"background-color":"","background-image":"","background-repeat":"repeat","background-position":"center center","background-size":"auto","background-attachment":"scroll","background-type":"","background-media":"","overlay-type":"","overlay-color":"","overlay-gradient":""},"mobile":{"background-color":"","background-image":"","background-repeat":"repeat","background-position":"center center","background-size":"auto","background-attachment":"scroll","background-type":"","background-media":"","overlay-type":"","overlay-color":"","overlay-gradient":""}},"ast-content-background-meta":{"desktop":{"background-color":"var(--ast-global-color-5)","background-image":"","background-repeat":"repeat","background-position":"center center","background-size":"auto","background-attachment":"scroll","background-type":"","background-media":"","overlay-type":"","overlay-color":"","overlay-gradient":""},"tablet":{"background-color":"var(--ast-global-color-5)","background-image":"","background-repeat":"repeat","background-position":"center center","background-size":"auto","background-attachment":"scroll","background-type":"","background-media":"","overlay-type":"","overlay-color":"","overlay-gradient":""},"mobile":{"background-color":"var(--ast-global-color-5)","background-image":"","background-repeat":"repeat","background-position":"center center","background-size":"auto","background-attachment":"scroll","background-type":"","background-media":"","overlay-type":"","overlay-color":"","overlay-gradient":""}}},"product_brand":[],"product_cat":[20],"product_tag":[],"class_list":{"0":"post-3623","1":"product","2":"type-product","3":"status-publish","4":"has-post-thumbnail","6":"product_cat-gym-bags","7":"pa_color-1-5l","8":"pa_color-10-2l","9":"pa_color-11-2l","10":"pa_color-12-2l","11":"pa_color-13-5l","12":"pa_color-14-2l","13":"pa_color-15-2l","14":"pa_color-16-2l","15":"pa_color-17-2l","16":"pa_color-18-2l","17":"pa_color-19-2l","18":"pa_color-2-5l","19":"pa_color-20-2l","20":"pa_color-21-2l","21":"pa_color-22-2l","22":"pa_color-23-2l","23":"pa_color-24-2l","24":"pa_color-25-2l","25":"pa_color-26-2l","26":"pa_color-27-2l","27":"pa_color-28-2l","28":"pa_color-29-2l","29":"pa_color-3-5l","30":"pa_color-30-5l","31":"pa_color-31-5l","32":"pa_color-32-5l","33":"pa_color-33-10l","34":"pa_color-34-10l","35":"pa_color-35-10l","36":"pa_color-36-10l","37":"pa_color-4-2l","38":"pa_color-5-10l","39":"pa_color-6-10l","40":"pa_color-7-2l","41":"pa_color-8-2l","42":"pa_color-9-5l","43":"pa_ships-from-china","44":"desktop-align-center","45":"tablet-align-left","46":"mobile-align-left","48":"first","49":"instock","50":"shipping-taxable","51":"purchasable","52":"product-type-variable"},"_links":{"self":[{"href":"https:\/\/baosikai.com\/es\/wp-json\/wp\/v2\/product\/3623","targetHints":{"allow":["GET"]}}],"collection":[{"href":"https:\/\/baosikai.com\/es\/wp-json\/wp\/v2\/product"}],"about":[{"href":"https:\/\/baosikai.com\/es\/wp-json\/wp\/v2\/types\/product"}],"wp:featuredmedia":[{"embeddable":true,"href":"https:\/\/baosikai.com\/es\/wp-json\/wp\/v2\/media\/3670"}],"wp:attachment":[{"href":"https:\/\/baosikai.com\/es\/wp-json\/wp\/v2\/media?parent=3623"}],"wp:term":[{"taxonomy":"product_brand","embeddable":true,"href":"https:\/\/baosikai.com\/es\/wp-json\/wp\/v2\/product_brand?post=3623"},{"taxonomy":"product_cat","embeddable":true,"href":"https:\/\/baosikai.com\/es\/wp-json\/wp\/v2\/product_cat?post=3623"},{"taxonomy":"product_tag","embeddable":true,"href":"https:\/\/baosikai.com\/es\/wp-json\/wp\/v2\/product_tag?post=3623"}],"curies":[{"name":"wp","href":"https:\/\/api.w.org\/{rel}","templated":true}]}}