{"id":3653,"date":"2024-04-17T02:56:46","date_gmt":"2024-04-17T02:56:46","guid":{"rendered":"http:\/\/baosikai.com\/?post_type=product&#038;p=3653"},"modified":"2024-06-26T09:21:24","modified_gmt":"2024-06-26T09:21:24","slug":"outdoor-waterproof-bag-camping-rafting-swimming-bag","status":"publish","type":"product","link":"https:\/\/baosikai.com\/es\/producto\/outdoor-waterproof-bag-camping-rafting-swimming-bag\/","title":{"rendered":"Bolsa impermeable al aire libre Camping Rafting Bolsa de nataci\u00f3n"},"content":{"rendered":"<p>Al aire libre impermeable bolsas de nataci\u00f3n saco seco para kayak rafting canotaje r\u00edo senderismo pesca rafting agua flotante bolsas de equipo<br \/>\nCaracter\u00edstica:<br \/>\n1. El uso de accesorios de socket, de buena calidad y seguridad<br \/>\n2. Uni\u00f3n sin costuras, fuerte impermeabilidad<br \/>\n3. La hebilla de la bolsa impermeable es firme y duradera, y no es f\u00e1cil que se da\u00f1e;<br \/>\n4. Utilizando tecnolog\u00eda impermeable profesional + nueva tecnolog\u00eda de costura de alta frecuencia, sin fugas de agua y sin fugas de aire, para garantizar un uso seguro y fiable.<br \/>\n5. Cuando transporte objetos pesados con la mano o al hombro, puede utilizar primero la correa para aliviar la presi\u00f3n muscular y transportar f\u00e1cilmente sus pertenencias.<br \/>\n6. Pasos:<br \/>\nPaso 1: Agarra la boca de la bolsa recta con ambas manos y d\u00f3blala hacia abajo 3-4 veces a lo largo de la boca de la bolsa.<br \/>\nPaso 2: Despu\u00e9s de plegarla, sujeta las hebillas en ambos extremos de la boca de la bolsa para formar un asa. Si necesitas transportarla, puedes enganchar la correa f\u00e1cil y c\u00f3modamente.<\/p>\n<p>Especificaci\u00f3n:<br \/>\nColor: amarillo; verde; azul; naranja; rojo rosado;<br \/>\nEstilo: transl\u00facido<br \/>\nCapacidad: 2L sin tirantes; 5L; 10L; 15L;<br \/>\nPeso individual: 62 g; 194 g; 214 g; 227 g;<br \/>\nTama\u00f1o de uso (di\u00e1metro*altura): 110*220mm\/4.3*8.6in; 190*340mm\/7.4*13in; 190*420mm\/7*16in; 220*470mm\/8.6*18.5in;<br \/>\nTama\u00f1o de las baldosas (alto*ancho): 285*175mm\/11.2*6.8in; 420*300mm\/16*11.8in; 530*300mm\/20*11.8in; 560*320mm\/22*12.6in;<br \/>\nTama\u00f1o del paquete (largo*ancho): 17*8*1cm\/6.7*3.15*0.4in; 30*11.5*1cm\/11.8*4.3*0.4in; 30*12*1cm\/11.8*4.7*0.4in; 32*12*1.5cm\/12.6\/4.7*0.6in<br \/>\nEdad aplicable: adultos, ni\u00f1os, ancianos<br \/>\nG\u00e9nero aplicable: unisex hombres y mujeres<br \/>\nEscenarios de aplicaci\u00f3n: ocio, submarinismo, monta\u00f1ismo, playa, pesca, aire libre, camping, fotograf\u00eda, ciclismo<\/p>\n<p>Nota:<br \/>\nSi quieres que el cubo impermeable se expanda un poco, primero puedes abrir la bolsa y sacudirla unas cuantas veces, y luego doblarla. Si la bolsa est\u00e1 demasiado inflada y no se puede cerrar, puedes descargar un poco de aire y volver a cerrarla.<br \/>\nDebido a los diferentes monitores y efectos de la luz, el color real del art\u00edculo puede ser ligeramente diferente del color mostrado en las im\u00e1genes. Gracias.<br \/>\nPor favor, permita 1-2cm desviaci\u00f3n de medici\u00f3n debido a la medici\u00f3n manual.<br \/>\n <br \/>1 X Bolsa Seca Exterior <\/p>","protected":false},"excerpt":{"rendered":"<p>Outdoor Waterproof Bags Swimming Dry Sack for Kayaking Rafting Boating River Trekking Fishing Rafting Water Floating Gear Bags Feature: 1. [&hellip;]<\/p>","protected":false},"featured_media":3763,"template":"","meta":{"site-sidebar-layout":"default","site-content-layout":"","ast-site-content-layout":"","site-content-style":"default","site-sidebar-style":"default","ast-global-header-display":"","ast-banner-title-visibility":"","ast-main-header-display":"","ast-hfb-above-header-display":"","ast-hfb-below-header-display":"","ast-hfb-mobile-header-display":"","site-post-title":"","ast-breadcrumbs-content":"","ast-featured-img":"","footer-sml-layout":"","theme-transparent-header-meta":"","adv-header-id-meta":"","stick-header-meta":"","header-above-stick-meta":"","header-main-stick-meta":"","header-below-stick-meta":"","astra-migrate-meta-layouts":"default","ast-page-background-enabled":"default","ast-page-background-meta":{"desktop":{"background-color":"var(--ast-global-color-4)","background-image":"","background-repeat":"repeat","background-position":"center center","background-size":"auto","background-attachment":"scroll","background-type":"","background-media":"","overlay-type":"","overlay-color":"","overlay-gradient":""},"tablet":{"background-color":"","background-image":"","background-repeat":"repeat","background-position":"center center","background-size":"auto","background-attachment":"scroll","background-type":"","background-media":"","overlay-type":"","overlay-color":"","overlay-gradient":""},"mobile":{"background-color":"","background-image":"","background-repeat":"repeat","background-position":"center center","background-size":"auto","background-attachment":"scroll","background-type":"","background-media":"","overlay-type":"","overlay-color":"","overlay-gradient":""}},"ast-content-background-meta":{"desktop":{"background-color":"var(--ast-global-color-5)","background-image":"","background-repeat":"repeat","background-position":"center center","background-size":"auto","background-attachment":"scroll","background-type":"","background-media":"","overlay-type":"","overlay-color":"","overlay-gradient":""},"tablet":{"background-color":"var(--ast-global-color-5)","background-image":"","background-repeat":"repeat","background-position":"center center","background-size":"auto","background-attachment":"scroll","background-type":"","background-media":"","overlay-type":"","overlay-color":"","overlay-gradient":""},"mobile":{"background-color":"var(--ast-global-color-5)","background-image":"","background-repeat":"repeat","background-position":"center center","background-size":"auto","background-attachment":"scroll","background-type":"","background-media":"","overlay-type":"","overlay-color":"","overlay-gradient":""}}},"product_brand":[],"product_cat":[20],"product_tag":[],"class_list":{"0":"post-3653","1":"product","2":"type-product","3":"status-publish","4":"has-post-thumbnail","6":"product_cat-gym-bags","7":"pa_color-blue","8":"pa_color-green","9":"pa_color-orange","10":"pa_color-purple","11":"pa_color-yellow","12":"pa_ships-from-china","13":"pa_size-2l","14":"pa_size-5l","15":"pa_size-l","16":"pa_size-xl","17":"desktop-align-center","18":"tablet-align-left","19":"mobile-align-left","21":"first","22":"instock","23":"shipping-taxable","24":"purchasable","25":"product-type-variable"},"_links":{"self":[{"href":"https:\/\/baosikai.com\/es\/wp-json\/wp\/v2\/product\/3653","targetHints":{"allow":["GET"]}}],"collection":[{"href":"https:\/\/baosikai.com\/es\/wp-json\/wp\/v2\/product"}],"about":[{"href":"https:\/\/baosikai.com\/es\/wp-json\/wp\/v2\/types\/product"}],"wp:featuredmedia":[{"embeddable":true,"href":"https:\/\/baosikai.com\/es\/wp-json\/wp\/v2\/media\/3763"}],"wp:attachment":[{"href":"https:\/\/baosikai.com\/es\/wp-json\/wp\/v2\/media?parent=3653"}],"wp:term":[{"taxonomy":"product_brand","embeddable":true,"href":"https:\/\/baosikai.com\/es\/wp-json\/wp\/v2\/product_brand?post=3653"},{"taxonomy":"product_cat","embeddable":true,"href":"https:\/\/baosikai.com\/es\/wp-json\/wp\/v2\/product_cat?post=3653"},{"taxonomy":"product_tag","embeddable":true,"href":"https:\/\/baosikai.com\/es\/wp-json\/wp\/v2\/product_tag?post=3653"}],"curies":[{"name":"wp","href":"https:\/\/api.w.org\/{rel}","templated":true}]}}