{"id":3870,"date":"2024-04-18T02:25:39","date_gmt":"2024-04-18T02:25:39","guid":{"rendered":"http:\/\/baosikai.com\/?post_type=product&#038;p=3870"},"modified":"2024-06-26T09:20:39","modified_gmt":"2024-06-26T09:20:39","slug":"ultra-slim-laptop-carrying-case","status":"publish","type":"product","link":"https:\/\/baosikai.com\/es\/producto\/ultra-slim-laptop-carrying-case\/","title":{"rendered":"Malet\u00edn ultrafino para port\u00e1til"},"content":{"rendered":"<p>Tejido de poli\u00e9ster de alta calidad en el exterior y suave terciopelo en el interior. <br \/>El material m\u00faltiple proporciona una protecci\u00f3n de varias capas contra el polvo, el agua, los ara\u00f1azos o los golpes. <br \/>Dise\u00f1o ultrafino y ligero que lo hace muy pr\u00e1ctico para el uso diario y para viajar all\u00e1 donde vayas. <br \/>La cremallera de carga superior de la bolsa se desliza suavemente, lo que permite un acceso f\u00e1cil y c\u00f3modo al port\u00e1til. <br \/>Fabricada con material duradero e impermeable. Nunca se preocupe por derramar una bebida o caminar bajo la lluvia cuando su port\u00e1til est\u00e1 en esta bolsa.<br \/>Especificaciones:<br \/>Material: Tejido de poli\u00e9ster, terciopelo<br \/>Caracter\u00edsticas: Impermeable, antipolvo, resistente al desgaste<br \/>G\u00e9nero aplicable: Hombres y mujeres <br \/>Dureza: Suave <br \/>Abrir Cremallera<br \/>Tama\u00f1o: 13,3 pulgadas, 14 pulgadas, 15,6 pulgadas<br \/>Color: Negro, Gris, Azul marino, Rosa, Morado<br \/>Compatible: Port\u00e1til, Tablet PC, cable de datos USB, rat\u00f3n, memoria USB, etc.<br \/>Las dimensiones exteriores e interiores de la bolsa son las siguientes:<br \/>13,3 pulgadas (se adapta a port\u00e1tiles de 13-13,3 pulgadas): 36*26*3cm<br \/>14 pulgadas (se adapta a port\u00e1tiles de 14-14,1 pulgadas): 39*28*3cm<br \/>15,6 pulgadas (se adapta a port\u00e1tiles de 15-15,6 pulgadas): 41*30*3cm<br \/>El paquete incluye: <br \/>1 * Bolsa para port\u00e1til<\/p>","protected":false},"excerpt":{"rendered":"<p>High-quality polyester fabric outside and soft velvet inside. Multiple material provides multiple-layer protection from dust, water, scratching or shocks. Ultra [&hellip;]<\/p>","protected":false},"featured_media":3874,"template":"","meta":{"site-sidebar-layout":"default","site-content-layout":"","ast-site-content-layout":"","site-content-style":"default","site-sidebar-style":"default","ast-global-header-display":"","ast-banner-title-visibility":"","ast-main-header-display":"","ast-hfb-above-header-display":"","ast-hfb-below-header-display":"","ast-hfb-mobile-header-display":"","site-post-title":"","ast-breadcrumbs-content":"","ast-featured-img":"","footer-sml-layout":"","theme-transparent-header-meta":"","adv-header-id-meta":"","stick-header-meta":"","header-above-stick-meta":"","header-main-stick-meta":"","header-below-stick-meta":"","astra-migrate-meta-layouts":"default","ast-page-background-enabled":"default","ast-page-background-meta":{"desktop":{"background-color":"var(--ast-global-color-4)","background-image":"","background-repeat":"repeat","background-position":"center center","background-size":"auto","background-attachment":"scroll","background-type":"","background-media":"","overlay-type":"","overlay-color":"","overlay-gradient":""},"tablet":{"background-color":"","background-image":"","background-repeat":"repeat","background-position":"center center","background-size":"auto","background-attachment":"scroll","background-type":"","background-media":"","overlay-type":"","overlay-color":"","overlay-gradient":""},"mobile":{"background-color":"","background-image":"","background-repeat":"repeat","background-position":"center center","background-size":"auto","background-attachment":"scroll","background-type":"","background-media":"","overlay-type":"","overlay-color":"","overlay-gradient":""}},"ast-content-background-meta":{"desktop":{"background-color":"var(--ast-global-color-5)","background-image":"","background-repeat":"repeat","background-position":"center center","background-size":"auto","background-attachment":"scroll","background-type":"","background-media":"","overlay-type":"","overlay-color":"","overlay-gradient":""},"tablet":{"background-color":"var(--ast-global-color-5)","background-image":"","background-repeat":"repeat","background-position":"center center","background-size":"auto","background-attachment":"scroll","background-type":"","background-media":"","overlay-type":"","overlay-color":"","overlay-gradient":""},"mobile":{"background-color":"var(--ast-global-color-5)","background-image":"","background-repeat":"repeat","background-position":"center center","background-size":"auto","background-attachment":"scroll","background-type":"","background-media":"","overlay-type":"","overlay-color":"","overlay-gradient":""}}},"product_brand":[],"product_cat":[24],"product_tag":[],"class_list":{"0":"post-3870","1":"product","2":"type-product","3":"status-publish","4":"has-post-thumbnail","6":"product_cat-laptop-bags","7":"pa_color-black","8":"pa_color-grey","9":"pa_color-navy-blue","10":"pa_color-pink","11":"pa_color-purple","12":"pa_size-13-3-inch","13":"pa_size-14-inch","14":"pa_size-15-6-inch","15":"desktop-align-center","16":"tablet-align-left","17":"mobile-align-left","19":"first","20":"instock","21":"shipping-taxable","22":"purchasable","23":"product-type-variable"},"_links":{"self":[{"href":"https:\/\/baosikai.com\/es\/wp-json\/wp\/v2\/product\/3870","targetHints":{"allow":["GET"]}}],"collection":[{"href":"https:\/\/baosikai.com\/es\/wp-json\/wp\/v2\/product"}],"about":[{"href":"https:\/\/baosikai.com\/es\/wp-json\/wp\/v2\/types\/product"}],"wp:featuredmedia":[{"embeddable":true,"href":"https:\/\/baosikai.com\/es\/wp-json\/wp\/v2\/media\/3874"}],"wp:attachment":[{"href":"https:\/\/baosikai.com\/es\/wp-json\/wp\/v2\/media?parent=3870"}],"wp:term":[{"taxonomy":"product_brand","embeddable":true,"href":"https:\/\/baosikai.com\/es\/wp-json\/wp\/v2\/product_brand?post=3870"},{"taxonomy":"product_cat","embeddable":true,"href":"https:\/\/baosikai.com\/es\/wp-json\/wp\/v2\/product_cat?post=3870"},{"taxonomy":"product_tag","embeddable":true,"href":"https:\/\/baosikai.com\/es\/wp-json\/wp\/v2\/product_tag?post=3870"}],"curies":[{"name":"wp","href":"https:\/\/api.w.org\/{rel}","templated":true}]}}