{"id":3897,"date":"2024-04-18T02:25:52","date_gmt":"2024-04-18T02:25:52","guid":{"rendered":"http:\/\/baosikai.com\/?post_type=product&#038;p=3897"},"modified":"2024-06-26T09:18:09","modified_gmt":"2024-06-26T09:18:09","slug":"macbook-laptop-bag-shockproof-waterproof-fabric-tote-bag","status":"publish","type":"product","link":"https:\/\/baosikai.com\/es\/producto\/macbook-laptop-bag-shockproof-waterproof-fabric-tote-bag\/","title":{"rendered":"Bolsa para port\u00e1til MacBook Bolsa de tela impermeable a prueba de golpes"},"content":{"rendered":"<p>13 pulgadas (Dimensi\u00f3n externa:340mm*240mm*45mm;Dimensi\u00f3n interna:315mm*215mm*30mm)<br \/> Para : MacBook 2019 2020 Air A1932,A2179,A2337;2018-2022 Pro 13 A1706,A1708,A1989,A2159,A2251,A2289,A2338;M2 Air 13.6 A2681;HuaWei MateBook 13,X,13S,X Pro 13.9 2020 2021.<br \/>13,3-14 pulgadas (Dimensi\u00f3n externa:360mm*270mm*45mm;Dimensi\u00f3n interna:335mm*245mm*30m)<br \/> Para : MacBook Air 13 2015-2017 A1369,A1466,Pro Retina 13 A1502,A1425;Pro 14 M1 M2 A2442 A2779;MateBook X Pro 14.2 2022 2023;MateBook 14 2021 2022 2023;Surface Laptop 3\/4\/5 13.5.<br \/>15-15,4 pulgadas (Dimensi\u00f3n externa:390mm*280mm*45mm;Dimensi\u00f3n interna:365mm*250mm*30mm)<br \/> Para : MacBook Air 15.3 M2 A2941;Pro 16 2019 A2141;Pro 16.2 M1 M2 A2485,A2780;Touch Pro 15 A1707,A1990;Port\u00e1til Surface 2\/3\/4\/5 15 pulgadas.<br \/>15,6 pulgadas (Dimensiones externas: 400 mm*320 mm*45 mm; dimensiones internas: 385 mm*305 mm*30 mm)<br \/>Para : MacBook Pro 15 CD A1278;HuaWei MateBook D16,16S,16.1;Xiaomi Laptop 15.6.<\/p>\n<p>Los datos anteriores son mediciones manuales con peque\u00f1os errores. Pero no afectar\u00e1 al uso real. Tambi\u00e9n puede elegir otros modelos de port\u00e1tiles seg\u00fan el tama\u00f1o.<br \/>\n 1. Aceptamos Alipay, West Union, TT.Todas las principales tarjetas de cr\u00e9dito son aceptadas a trav\u00e9s del procesador de pago seguro ESCROW.<br \/>\n<br \/>\n 2. El pago debe efectuarse dentro de los 3 d\u00edas siguientes al pedido.<br \/>\n<br \/>\n 3. Si no puede realizar el pago inmediatamente despu\u00e9s del cierre de la subasta, espere unos minutos y vuelva a intentarlo Los pagos deben completarse en un plazo de 3 d\u00edas.<br \/>\n<br \/>\n 1. ENV\u00cdO A TODO EL MUNDO.(Excepto algunos pa\u00edses y APO\/FPO)<br \/>\n<br \/>\n 2. Los pedidos se procesan puntualmente tras la verificaci\u00f3n del pago.<br \/>\n<br \/>\n 3. S\u00f3lo enviamos a direcciones de pedido confirmadas. Su direcci\u00f3n de pedido DEBE COINCIDIR con su direcci\u00f3n de env\u00edo.<br \/>\n<br \/>\n 4. Las im\u00e1genes mostradas no son el art\u00edculo real y son s\u00f3lo para su referencia.<br \/>\n<br \/>\n 5. El tiempo de tr\u00e1nsito es el indicado por el transportista y excluye fines de semana y festivos. Los tiempos de tr\u00e1nsito pueden variar, especialmente durante la temporada de vacaciones.<br \/>\n<br \/>\n 6. Si no ha recibido su env\u00edo en un plazo de 30 d\u00edas desde el pago, p\u00f3ngase en contacto con nosotros. Rastrearemos el env\u00edo y le responderemos lo antes posible. Nuestro objetivo es la satisfacci\u00f3n del cliente.<br \/>\n<br \/>\n 7. Debido al estado de las existencias y a las diferencias horarias, elegiremos enviar su art\u00edculo desde nuestro primer almac\u00e9n disponible para una entrega r\u00e1pida.<br \/>\n<br \/>\n 1. Tiene 7 d\u00edas para ponerse en contacto con nosotros y 30 d\u00edas para devolverlo a partir de la fecha en que lo recibi\u00f3. Si este art\u00edculo est\u00e1 en su posesi\u00f3n m\u00e1s de 7 d\u00edas, se considera usado y NO LE EMITIREMOS UN REEMBOLSO O REEMPLAZO. \u00a1NO HAY EXCEPCIONES! Los gastos de env\u00edo corren a cargo del vendedor y del comprador por mitad.<br \/>\n<br \/>\n 2. Todos los art\u00edculos devueltos DEBEN ESTAR en el embalaje original y usted DEBE PROPORCIONARNOS el n\u00famero de seguimiento del env\u00edo, raz\u00f3n espec\u00edfica de la devoluci\u00f3n.<br \/>\n<br \/>\n 3. Le reembolsaremos EL IMPORTE TOTAL DE SU PUJA GANADORA, una vez recibido el art\u00edculo en su estado y embalaje original con todos los componentes y accesorios incluidos, DESPU\u00c9S DE QUE AMBOS, Comprador y Vendedor, cancelen la transacci\u00f3n desde aliexpress. O, puede optar por un reemplazo.<br \/>\n<br \/>\n 4. Correremos con todos los gastos de env\u00edo si el\/los producto(s) no es(son) el\/los anunciado(s).<br \/>\n<br \/>\n \u00a1Mantenemos altos est\u00e1ndares de excelencia y nos esforzamos por 100% la satisfacci\u00f3n del cliente! La retroalimentaci\u00f3n es muy importante Solicitamos<br \/>\n<br \/>\n que se ponga en contacto con nosotros inmediatamente ANTES de darnos su opini\u00f3n neutral o negativa, para que podamos resolver satisfactoriamente sus dudas.<br \/>\n<br \/>\n Es imposible abordar los problemas si no los conocemos.<\/p>","protected":false},"excerpt":{"rendered":"<p>13 inch (External dimension:340mm*240mm*45mm;Internal dimension:315mm*215mm*30mm) For : MacBook 2019 2020 Air A1932,A2179,A2337;2018-2022 Pro 13 A1706,A1708,A1989,A2159,A2251,A2289,A2338;M2 Air 13.6 A2681;HuaWei MateBook 13,X,13S,X [&hellip;]<\/p>","protected":false},"featured_media":4044,"template":"","meta":{"site-sidebar-layout":"default","site-content-layout":"","ast-site-content-layout":"","site-content-style":"default","site-sidebar-style":"default","ast-global-header-display":"","ast-banner-title-visibility":"","ast-main-header-display":"","ast-hfb-above-header-display":"","ast-hfb-below-header-display":"","ast-hfb-mobile-header-display":"","site-post-title":"","ast-breadcrumbs-content":"","ast-featured-img":"","footer-sml-layout":"","theme-transparent-header-meta":"","adv-header-id-meta":"","stick-header-meta":"","header-above-stick-meta":"","header-main-stick-meta":"","header-below-stick-meta":"","astra-migrate-meta-layouts":"default","ast-page-background-enabled":"default","ast-page-background-meta":{"desktop":{"background-color":"var(--ast-global-color-4)","background-image":"","background-repeat":"repeat","background-position":"center center","background-size":"auto","background-attachment":"scroll","background-type":"","background-media":"","overlay-type":"","overlay-color":"","overlay-gradient":""},"tablet":{"background-color":"","background-image":"","background-repeat":"repeat","background-position":"center center","background-size":"auto","background-attachment":"scroll","background-type":"","background-media":"","overlay-type":"","overlay-color":"","overlay-gradient":""},"mobile":{"background-color":"","background-image":"","background-repeat":"repeat","background-position":"center center","background-size":"auto","background-attachment":"scroll","background-type":"","background-media":"","overlay-type":"","overlay-color":"","overlay-gradient":""}},"ast-content-background-meta":{"desktop":{"background-color":"var(--ast-global-color-5)","background-image":"","background-repeat":"repeat","background-position":"center center","background-size":"auto","background-attachment":"scroll","background-type":"","background-media":"","overlay-type":"","overlay-color":"","overlay-gradient":""},"tablet":{"background-color":"var(--ast-global-color-5)","background-image":"","background-repeat":"repeat","background-position":"center center","background-size":"auto","background-attachment":"scroll","background-type":"","background-media":"","overlay-type":"","overlay-color":"","overlay-gradient":""},"mobile":{"background-color":"var(--ast-global-color-5)","background-image":"","background-repeat":"repeat","background-position":"center center","background-size":"auto","background-attachment":"scroll","background-type":"","background-media":"","overlay-type":"","overlay-color":"","overlay-gradient":""}}},"product_brand":[],"product_cat":[24],"product_tag":[],"class_list":{"0":"post-3897","1":"product","2":"type-product","3":"status-publish","4":"has-post-thumbnail","6":"product_cat-laptop-bags","7":"pa_color-black","8":"pa_color-elegant-grey","9":"pa_color-khaki","10":"pa_color-navy-blue","11":"pa_size-13-inch","12":"pa_size-13-3-inch","13":"pa_size-15-15-4-inch","14":"pa_size-15-6-inch","15":"pa_size-2020-air-a2337-a2179","16":"pa_size-air-15-3-a2941","17":"pa_size-m1-m2-pro-13-a2338","18":"pa_size-m2-air-13-6-a2681","19":"pa_size-pro-14-2-a2779-a2442","20":"pa_size-pro-16-2-a2780-a2485","21":"desktop-align-center","22":"tablet-align-left","23":"mobile-align-left","25":"first","26":"instock","27":"shipping-taxable","28":"purchasable","29":"product-type-variable"},"_links":{"self":[{"href":"https:\/\/baosikai.com\/es\/wp-json\/wp\/v2\/product\/3897","targetHints":{"allow":["GET"]}}],"collection":[{"href":"https:\/\/baosikai.com\/es\/wp-json\/wp\/v2\/product"}],"about":[{"href":"https:\/\/baosikai.com\/es\/wp-json\/wp\/v2\/types\/product"}],"wp:featuredmedia":[{"embeddable":true,"href":"https:\/\/baosikai.com\/es\/wp-json\/wp\/v2\/media\/4044"}],"wp:attachment":[{"href":"https:\/\/baosikai.com\/es\/wp-json\/wp\/v2\/media?parent=3897"}],"wp:term":[{"taxonomy":"product_brand","embeddable":true,"href":"https:\/\/baosikai.com\/es\/wp-json\/wp\/v2\/product_brand?post=3897"},{"taxonomy":"product_cat","embeddable":true,"href":"https:\/\/baosikai.com\/es\/wp-json\/wp\/v2\/product_cat?post=3897"},{"taxonomy":"product_tag","embeddable":true,"href":"https:\/\/baosikai.com\/es\/wp-json\/wp\/v2\/product_tag?post=3897"}],"curies":[{"name":"wp","href":"https:\/\/api.w.org\/{rel}","templated":true}]}}