{"id":3909,"date":"2024-04-18T02:25:55","date_gmt":"2024-04-18T02:25:55","guid":{"rendered":"http:\/\/baosikai.com\/?post_type=product&#038;p=3909"},"modified":"2024-06-26T09:16:10","modified_gmt":"2024-06-26T09:16:10","slug":"laptop-bags-gaming-computer-bags","status":"publish","type":"product","link":"https:\/\/baosikai.com\/es\/producto\/laptop-bags-gaming-computer-bags\/","title":{"rendered":"Bolsas para ordenador port\u00e1til Bolsas para ordenador de juegos"},"content":{"rendered":"<p>[Especificaci\u00f3n]<br \/>\n[Color]:Negro<br \/>\n[Material]:Oxford<br \/>\n[Caracter\u00edsticas]<br \/>\n- 1.Dise\u00f1o de hebilla de hardware resistente frontal<br \/>\n- 2.Tejido repelente al agua, con textura y resistente al desgaste<br \/>\n- 3.Robusto cabezal de tracci\u00f3n bidireccional, suave y sin atascos<br \/>\n- 4.Protecci\u00f3n multidireccional<br \/>\n- 5.Dise\u00f1o de asa port\u00e1til c\u00f3moda y suave<br \/>\n[El paquete incluye: 1 bolsa de ordenador<br \/>\n[Noe]<br \/>\n- 1.Debido a los diferentes lotes de producci\u00f3n, los detalles del producto pueden ser un poco diferentes. Si te importa la diferencia, por favor, compre con cuidado.<br \/>\n- 2.Please permiten 1-3CM difiere debido a la medici\u00f3n manual.<br \/>\n- 3.Debido a la pantalla diferente y diferente luz, la imagen puede no reflejar el color real del art\u00edculo. Gracias por su comprensi\u00f3n.<br \/>\n<br \/>\n1.Customized cabeza del tir\u00f3n \/ bolsa adopta la cabeza del tir\u00f3n personalizado, suave apertura y cierre, durable<br \/>\n2.Correa de hombro ajustable \/ correa de hombro sin hebilla ajustable, puede ajustar la longitud seg\u00fan sea necesario<br \/>\n3.Hardware accesorios \/ bolsas utilizan accesorios de hardware galvanoplastia de alta calidad, los detalles muestran la calidad<\/p>","protected":false},"excerpt":{"rendered":"<p>[Specification] [Color]:Black [Material]:Oxford [Features] &#8211; 1.Front sturdy hardware buckle design &#8211; 2.Water repellent fabric,Textured and wear-resistant &#8211; 3.Sturdy two-way hardware [&hellip;]<\/p>","protected":false},"featured_media":4109,"template":"","meta":{"site-sidebar-layout":"default","site-content-layout":"","ast-site-content-layout":"","site-content-style":"default","site-sidebar-style":"default","ast-global-header-display":"","ast-banner-title-visibility":"","ast-main-header-display":"","ast-hfb-above-header-display":"","ast-hfb-below-header-display":"","ast-hfb-mobile-header-display":"","site-post-title":"","ast-breadcrumbs-content":"","ast-featured-img":"","footer-sml-layout":"","theme-transparent-header-meta":"","adv-header-id-meta":"","stick-header-meta":"","header-above-stick-meta":"","header-main-stick-meta":"","header-below-stick-meta":"","astra-migrate-meta-layouts":"default","ast-page-background-enabled":"default","ast-page-background-meta":{"desktop":{"background-color":"var(--ast-global-color-4)","background-image":"","background-repeat":"repeat","background-position":"center center","background-size":"auto","background-attachment":"scroll","background-type":"","background-media":"","overlay-type":"","overlay-color":"","overlay-gradient":""},"tablet":{"background-color":"","background-image":"","background-repeat":"repeat","background-position":"center center","background-size":"auto","background-attachment":"scroll","background-type":"","background-media":"","overlay-type":"","overlay-color":"","overlay-gradient":""},"mobile":{"background-color":"","background-image":"","background-repeat":"repeat","background-position":"center center","background-size":"auto","background-attachment":"scroll","background-type":"","background-media":"","overlay-type":"","overlay-color":"","overlay-gradient":""}},"ast-content-background-meta":{"desktop":{"background-color":"var(--ast-global-color-5)","background-image":"","background-repeat":"repeat","background-position":"center center","background-size":"auto","background-attachment":"scroll","background-type":"","background-media":"","overlay-type":"","overlay-color":"","overlay-gradient":""},"tablet":{"background-color":"var(--ast-global-color-5)","background-image":"","background-repeat":"repeat","background-position":"center center","background-size":"auto","background-attachment":"scroll","background-type":"","background-media":"","overlay-type":"","overlay-color":"","overlay-gradient":""},"mobile":{"background-color":"var(--ast-global-color-5)","background-image":"","background-repeat":"repeat","background-position":"center center","background-size":"auto","background-attachment":"scroll","background-type":"","background-media":"","overlay-type":"","overlay-color":"","overlay-gradient":""}}},"product_brand":[],"product_cat":[24],"product_tag":[],"class_list":{"0":"post-3909","1":"product","2":"type-product","3":"status-publish","4":"has-post-thumbnail","6":"product_cat-laptop-bags","7":"pa_color-a","8":"pa_color-b","9":"pa_color-c","10":"pa_color-d","11":"pa_color-e","12":"pa_color-f","13":"pa_color-g","14":"pa_color-h","15":"pa_ships-from-china","16":"desktop-align-center","17":"tablet-align-left","18":"mobile-align-left","20":"first","21":"instock","22":"shipping-taxable","23":"purchasable","24":"product-type-variable"},"_links":{"self":[{"href":"https:\/\/baosikai.com\/es\/wp-json\/wp\/v2\/product\/3909","targetHints":{"allow":["GET"]}}],"collection":[{"href":"https:\/\/baosikai.com\/es\/wp-json\/wp\/v2\/product"}],"about":[{"href":"https:\/\/baosikai.com\/es\/wp-json\/wp\/v2\/types\/product"}],"wp:featuredmedia":[{"embeddable":true,"href":"https:\/\/baosikai.com\/es\/wp-json\/wp\/v2\/media\/4109"}],"wp:attachment":[{"href":"https:\/\/baosikai.com\/es\/wp-json\/wp\/v2\/media?parent=3909"}],"wp:term":[{"taxonomy":"product_brand","embeddable":true,"href":"https:\/\/baosikai.com\/es\/wp-json\/wp\/v2\/product_brand?post=3909"},{"taxonomy":"product_cat","embeddable":true,"href":"https:\/\/baosikai.com\/es\/wp-json\/wp\/v2\/product_cat?post=3909"},{"taxonomy":"product_tag","embeddable":true,"href":"https:\/\/baosikai.com\/es\/wp-json\/wp\/v2\/product_tag?post=3909"}],"curies":[{"name":"wp","href":"https:\/\/api.w.org\/{rel}","templated":true}]}}