{"id":4495,"date":"2024-04-18T02:31:57","date_gmt":"2024-04-18T02:31:57","guid":{"rendered":"http:\/\/baosikai.com\/?post_type=product&#038;p=4495"},"modified":"2024-06-26T08:53:32","modified_gmt":"2024-06-26T08:53:32","slug":"mens-business-crossbody-vintage-canvas-office-bag","status":"publish","type":"product","link":"https:\/\/baosikai.com\/es\/producto\/mens-business-crossbody-vintage-canvas-office-bag\/","title":{"rendered":"Hombres de negocios Crossbody Vintage Bolsa de lona de oficina"},"content":{"rendered":"<p>Los hombres de negocios bolsas de mensajer\u00eda para hombres bolsa de hombro de la vendimia de lona Crossbody Pack Retro Casual Oficina Bolsa de viaje<br \/>\n<br \/>\n Descripci\u00f3n:<br \/>\n<br \/>\n 100% Nuevo y de alta calidad<br \/>\n <br \/>Material:Lienzo<br \/>\n <br \/>Paquete incluido: 1 unidad<br \/>\n<br \/>\n Tama\u00f1o:38*34*12cm<br \/>\n<br \/>Conversi\u00f3n:1 pulgada=2,54 cm, 1 cm=0,393 pulgadas<br \/>Consejo: Tenga en cuenta que, debido a los efectos de la luz, los ajustes de brillo\/contraste del monitor, etc., puede haber ligeras diferencias entre el tono de color de la foto del sitio web y el del art\u00edculo real.<br \/>Art\u00edculo Medida a mano, podr\u00eda ser de 1 cm diferente, su amable comprensi\u00f3n ser\u00e1 muy apreciada.<\/p>","protected":false},"excerpt":{"rendered":"<p>Men Business Messenger Bags For Men Shoulder Bag vintage Canvas Crossbody Pack Retro Casual Office Travel Bag Description: 100% Brand [&hellip;]<\/p>","protected":false},"featured_media":4747,"template":"","meta":{"site-sidebar-layout":"default","site-content-layout":"","ast-site-content-layout":"","site-content-style":"default","site-sidebar-style":"default","ast-global-header-display":"","ast-banner-title-visibility":"","ast-main-header-display":"","ast-hfb-above-header-display":"","ast-hfb-below-header-display":"","ast-hfb-mobile-header-display":"","site-post-title":"","ast-breadcrumbs-content":"","ast-featured-img":"","footer-sml-layout":"","theme-transparent-header-meta":"","adv-header-id-meta":"","stick-header-meta":"","header-above-stick-meta":"","header-main-stick-meta":"","header-below-stick-meta":"","astra-migrate-meta-layouts":"default","ast-page-background-enabled":"default","ast-page-background-meta":{"desktop":{"background-color":"var(--ast-global-color-4)","background-image":"","background-repeat":"repeat","background-position":"center center","background-size":"auto","background-attachment":"scroll","background-type":"","background-media":"","overlay-type":"","overlay-color":"","overlay-gradient":""},"tablet":{"background-color":"","background-image":"","background-repeat":"repeat","background-position":"center center","background-size":"auto","background-attachment":"scroll","background-type":"","background-media":"","overlay-type":"","overlay-color":"","overlay-gradient":""},"mobile":{"background-color":"","background-image":"","background-repeat":"repeat","background-position":"center center","background-size":"auto","background-attachment":"scroll","background-type":"","background-media":"","overlay-type":"","overlay-color":"","overlay-gradient":""}},"ast-content-background-meta":{"desktop":{"background-color":"var(--ast-global-color-5)","background-image":"","background-repeat":"repeat","background-position":"center center","background-size":"auto","background-attachment":"scroll","background-type":"","background-media":"","overlay-type":"","overlay-color":"","overlay-gradient":""},"tablet":{"background-color":"var(--ast-global-color-5)","background-image":"","background-repeat":"repeat","background-position":"center center","background-size":"auto","background-attachment":"scroll","background-type":"","background-media":"","overlay-type":"","overlay-color":"","overlay-gradient":""},"mobile":{"background-color":"var(--ast-global-color-5)","background-image":"","background-repeat":"repeat","background-position":"center center","background-size":"auto","background-attachment":"scroll","background-type":"","background-media":"","overlay-type":"","overlay-color":"","overlay-gradient":""}}},"product_brand":[],"product_cat":[27],"product_tag":[],"class_list":{"0":"post-4495","1":"product","2":"type-product","3":"status-publish","4":"has-post-thumbnail","6":"product_cat-messenger-bags","7":"pa_color-black","8":"pa_color-blue","9":"pa_color-grey","10":"pa_color-khaki","11":"desktop-align-center","12":"tablet-align-left","13":"mobile-align-left","15":"first","16":"instock","17":"shipping-taxable","18":"purchasable","19":"product-type-variable"},"_links":{"self":[{"href":"https:\/\/baosikai.com\/es\/wp-json\/wp\/v2\/product\/4495","targetHints":{"allow":["GET"]}}],"collection":[{"href":"https:\/\/baosikai.com\/es\/wp-json\/wp\/v2\/product"}],"about":[{"href":"https:\/\/baosikai.com\/es\/wp-json\/wp\/v2\/types\/product"}],"wp:featuredmedia":[{"embeddable":true,"href":"https:\/\/baosikai.com\/es\/wp-json\/wp\/v2\/media\/4747"}],"wp:attachment":[{"href":"https:\/\/baosikai.com\/es\/wp-json\/wp\/v2\/media?parent=4495"}],"wp:term":[{"taxonomy":"product_brand","embeddable":true,"href":"https:\/\/baosikai.com\/es\/wp-json\/wp\/v2\/product_brand?post=4495"},{"taxonomy":"product_cat","embeddable":true,"href":"https:\/\/baosikai.com\/es\/wp-json\/wp\/v2\/product_cat?post=4495"},{"taxonomy":"product_tag","embeddable":true,"href":"https:\/\/baosikai.com\/es\/wp-json\/wp\/v2\/product_tag?post=4495"}],"curies":[{"name":"wp","href":"https:\/\/api.w.org\/{rel}","templated":true}]}}