{"id":4497,"date":"2024-04-18T02:32:02","date_gmt":"2024-04-18T02:32:02","guid":{"rendered":"http:\/\/baosikai.com\/?post_type=product&#038;p=4497"},"modified":"2024-06-26T08:52:15","modified_gmt":"2024-06-26T08:52:15","slug":"womens-nylon-waterproof-bag-crossbody","status":"publish","type":"product","link":"https:\/\/baosikai.com\/es\/producto\/womens-nylon-waterproof-bag-crossbody\/","title":{"rendered":"Bolsa impermeable de nylon para mujer Crossbody"},"content":{"rendered":"<p>\u00a1100% nuevo y de alta calidad!<br \/>\nEstilo A Material:oxford<br \/>\nEstilo A Tama\u00f1o:Largo:27cm.Ancho:10cm,alto:20cm.<br \/>\nEstilo B Material:oxford<br \/>\nEstilo B Talla:Largo:27cm.ancho:9cm,alto:21cm..<br \/>\nPaquete: 1 unidad<br \/>\nConsejo :<br \/>\n1. Tenga en cuenta que, debido a los efectos de la luz, los ajustes de brillo\/contraste del monitor, etc,<br \/>\npuede haber ligeras diferencias en el tono de color entre la foto de la p\u00e1gina web y el art\u00edculo real.<br \/>\n2. Art\u00edculo Medida a mano, podr\u00eda ser 1-3cm diferente, su amable comprensi\u00f3n ser\u00e1 muy appreciated.About color\uff1a.<br \/>\nComo usted sabe, los diferentes ordenadores muestran los colores de manera diferente, el color del art\u00edculo real puede variar ligeramente de las siguientes im\u00e1genes.<br \/>\nSobre el tama\u00f1o:<br \/>\n1. Por favor, compruebe la tabla de tallas cuidadosamente antes de comprar el art\u00edculo, si usted no sabe c\u00f3mo elegir el tama\u00f1o, por favor p\u00f3ngase en contacto con nuestro servicio al cliente<br \/>\n2. Por favor, permita 2-3cm diferencias debido a la medici\u00f3n manual. (1cm=0.39inch, 1 inch=2.54cm)<br \/>\n3. Elige la talla m\u00e1s grande si tu talla est\u00e1 entre dos tallas.<\/p>","protected":false},"excerpt":{"rendered":"<p>100% brand new and high quality! Style A Material:oxford Style A Size:Lenght:27cm.Width:10cm,height:20cm. Style B Material:oxford Style B Size:Lenght:27cm.Width:9cm,height:21cm.. Package:1pc Kindly [&hellip;]<\/p>","protected":false},"featured_media":4811,"template":"","meta":{"site-sidebar-layout":"default","site-content-layout":"","ast-site-content-layout":"","site-content-style":"default","site-sidebar-style":"default","ast-global-header-display":"","ast-banner-title-visibility":"","ast-main-header-display":"","ast-hfb-above-header-display":"","ast-hfb-below-header-display":"","ast-hfb-mobile-header-display":"","site-post-title":"","ast-breadcrumbs-content":"","ast-featured-img":"","footer-sml-layout":"","theme-transparent-header-meta":"","adv-header-id-meta":"","stick-header-meta":"","header-above-stick-meta":"","header-main-stick-meta":"","header-below-stick-meta":"","astra-migrate-meta-layouts":"default","ast-page-background-enabled":"default","ast-page-background-meta":{"desktop":{"background-color":"var(--ast-global-color-4)","background-image":"","background-repeat":"repeat","background-position":"center center","background-size":"auto","background-attachment":"scroll","background-type":"","background-media":"","overlay-type":"","overlay-color":"","overlay-gradient":""},"tablet":{"background-color":"","background-image":"","background-repeat":"repeat","background-position":"center center","background-size":"auto","background-attachment":"scroll","background-type":"","background-media":"","overlay-type":"","overlay-color":"","overlay-gradient":""},"mobile":{"background-color":"","background-image":"","background-repeat":"repeat","background-position":"center center","background-size":"auto","background-attachment":"scroll","background-type":"","background-media":"","overlay-type":"","overlay-color":"","overlay-gradient":""}},"ast-content-background-meta":{"desktop":{"background-color":"var(--ast-global-color-5)","background-image":"","background-repeat":"repeat","background-position":"center center","background-size":"auto","background-attachment":"scroll","background-type":"","background-media":"","overlay-type":"","overlay-color":"","overlay-gradient":""},"tablet":{"background-color":"var(--ast-global-color-5)","background-image":"","background-repeat":"repeat","background-position":"center center","background-size":"auto","background-attachment":"scroll","background-type":"","background-media":"","overlay-type":"","overlay-color":"","overlay-gradient":""},"mobile":{"background-color":"var(--ast-global-color-5)","background-image":"","background-repeat":"repeat","background-position":"center center","background-size":"auto","background-attachment":"scroll","background-type":"","background-media":"","overlay-type":"","overlay-color":"","overlay-gradient":""}}},"product_brand":[],"product_cat":[27],"product_tag":[],"class_list":{"0":"post-4497","1":"product","2":"type-product","3":"status-publish","4":"has-post-thumbnail","6":"product_cat-messenger-bags","7":"pa_color-army-green-a","8":"pa_color-black-a","9":"pa_color-black-b","10":"pa_color-black-print-b","11":"pa_color-blue-b","12":"pa_color-dark-blue-a","13":"pa_color-purple-a","14":"pa_color-purple-b","15":"pa_color-purple-print-b","16":"pa_color-rose-b","17":"pa_color-rose-print-b","18":"pa_color-rose-red-a","19":"desktop-align-center","20":"tablet-align-left","21":"mobile-align-left","23":"first","24":"instock","25":"shipping-taxable","26":"purchasable","27":"product-type-variable"},"_links":{"self":[{"href":"https:\/\/baosikai.com\/es\/wp-json\/wp\/v2\/product\/4497","targetHints":{"allow":["GET"]}}],"collection":[{"href":"https:\/\/baosikai.com\/es\/wp-json\/wp\/v2\/product"}],"about":[{"href":"https:\/\/baosikai.com\/es\/wp-json\/wp\/v2\/types\/product"}],"wp:featuredmedia":[{"embeddable":true,"href":"https:\/\/baosikai.com\/es\/wp-json\/wp\/v2\/media\/4811"}],"wp:attachment":[{"href":"https:\/\/baosikai.com\/es\/wp-json\/wp\/v2\/media?parent=4497"}],"wp:term":[{"taxonomy":"product_brand","embeddable":true,"href":"https:\/\/baosikai.com\/es\/wp-json\/wp\/v2\/product_brand?post=4497"},{"taxonomy":"product_cat","embeddable":true,"href":"https:\/\/baosikai.com\/es\/wp-json\/wp\/v2\/product_cat?post=4497"},{"taxonomy":"product_tag","embeddable":true,"href":"https:\/\/baosikai.com\/es\/wp-json\/wp\/v2\/product_tag?post=4497"}],"curies":[{"name":"wp","href":"https:\/\/api.w.org\/{rel}","templated":true}]}}