{"id":4895,"date":"2024-04-18T02:54:23","date_gmt":"2024-04-18T02:54:23","guid":{"rendered":"http:\/\/baosikai.com\/?post_type=product&#038;p=4895"},"modified":"2024-06-26T08:51:50","modified_gmt":"2024-06-26T08:51:50","slug":"canvas-travel-bag-large-capacity-tote-bag","status":"publish","type":"product","link":"https:\/\/baosikai.com\/es\/producto\/canvas-travel-bag-large-capacity-tote-bag\/","title":{"rendered":"Bolsa de viaje de lona Bolsa Tote de gran capacidad"},"content":{"rendered":"<p>*Fotos Reales*<br \/>*Haga clic en la imagen para ir a la p\u00e1gina de detalles del DROPSHIPPING\u2193\u2193\u2193*.<br \/>*Descripci\u00f3n*<br \/>Nombre de marca: Markroyal<br \/>\nMaterial principal: Lienzo<br \/>\nComposici\u00f3n del material: Poli\u00e9ster-algod\u00f3n \/ Lienzo<br \/>\nN\u00famero de modelo: MR8642<br \/>\nPeso del art\u00edculo: 1,3 kg<br \/>\nTama\u00f1o del art\u00edculo:53*25*30cm<br \/>\nTipo de art\u00edculo: Bolsas de viaje<br \/>*Lista de embalaje*<\/p>","protected":false},"excerpt":{"rendered":"<p>*Real Photos**Click on the picture to go to the DROPSHIPPING details page\u2193\u2193\u2193**Description*Brand Name: Markroyal Main Material: Canvas Material Composition: Polyester-cotton [&hellip;]<\/p>","protected":false},"featured_media":4902,"template":"","meta":{"site-sidebar-layout":"default","site-content-layout":"","ast-site-content-layout":"","site-content-style":"default","site-sidebar-style":"default","ast-global-header-display":"","ast-banner-title-visibility":"","ast-main-header-display":"","ast-hfb-above-header-display":"","ast-hfb-below-header-display":"","ast-hfb-mobile-header-display":"","site-post-title":"","ast-breadcrumbs-content":"","ast-featured-img":"","footer-sml-layout":"","theme-transparent-header-meta":"","adv-header-id-meta":"","stick-header-meta":"","header-above-stick-meta":"","header-main-stick-meta":"","header-below-stick-meta":"","astra-migrate-meta-layouts":"default","ast-page-background-enabled":"default","ast-page-background-meta":{"desktop":{"background-color":"var(--ast-global-color-4)","background-image":"","background-repeat":"repeat","background-position":"center center","background-size":"auto","background-attachment":"scroll","background-type":"","background-media":"","overlay-type":"","overlay-color":"","overlay-gradient":""},"tablet":{"background-color":"","background-image":"","background-repeat":"repeat","background-position":"center center","background-size":"auto","background-attachment":"scroll","background-type":"","background-media":"","overlay-type":"","overlay-color":"","overlay-gradient":""},"mobile":{"background-color":"","background-image":"","background-repeat":"repeat","background-position":"center center","background-size":"auto","background-attachment":"scroll","background-type":"","background-media":"","overlay-type":"","overlay-color":"","overlay-gradient":""}},"ast-content-background-meta":{"desktop":{"background-color":"var(--ast-global-color-5)","background-image":"","background-repeat":"repeat","background-position":"center center","background-size":"auto","background-attachment":"scroll","background-type":"","background-media":"","overlay-type":"","overlay-color":"","overlay-gradient":""},"tablet":{"background-color":"var(--ast-global-color-5)","background-image":"","background-repeat":"repeat","background-position":"center center","background-size":"auto","background-attachment":"scroll","background-type":"","background-media":"","overlay-type":"","overlay-color":"","overlay-gradient":""},"mobile":{"background-color":"var(--ast-global-color-5)","background-image":"","background-repeat":"repeat","background-position":"center center","background-size":"auto","background-attachment":"scroll","background-type":"","background-media":"","overlay-type":"","overlay-color":"","overlay-gradient":""}}},"product_brand":[],"product_cat":[21],"product_tag":[],"class_list":{"0":"post-4895","1":"product","2":"type-product","3":"status-publish","4":"has-post-thumbnail","6":"product_cat-travel-bags","7":"pa_color-black","8":"pa_color-coffee-brown","9":"pa_color-dark-blue","10":"pa_color-dark-gray","11":"pa_color-green","12":"pa_color-khaki","13":"desktop-align-center","14":"tablet-align-left","15":"mobile-align-left","17":"first","18":"instock","19":"shipping-taxable","20":"purchasable","21":"product-type-variable"},"_links":{"self":[{"href":"https:\/\/baosikai.com\/es\/wp-json\/wp\/v2\/product\/4895","targetHints":{"allow":["GET"]}}],"collection":[{"href":"https:\/\/baosikai.com\/es\/wp-json\/wp\/v2\/product"}],"about":[{"href":"https:\/\/baosikai.com\/es\/wp-json\/wp\/v2\/types\/product"}],"wp:featuredmedia":[{"embeddable":true,"href":"https:\/\/baosikai.com\/es\/wp-json\/wp\/v2\/media\/4902"}],"wp:attachment":[{"href":"https:\/\/baosikai.com\/es\/wp-json\/wp\/v2\/media?parent=4895"}],"wp:term":[{"taxonomy":"product_brand","embeddable":true,"href":"https:\/\/baosikai.com\/es\/wp-json\/wp\/v2\/product_brand?post=4895"},{"taxonomy":"product_cat","embeddable":true,"href":"https:\/\/baosikai.com\/es\/wp-json\/wp\/v2\/product_cat?post=4895"},{"taxonomy":"product_tag","embeddable":true,"href":"https:\/\/baosikai.com\/es\/wp-json\/wp\/v2\/product_tag?post=4895"}],"curies":[{"name":"wp","href":"https:\/\/api.w.org\/{rel}","templated":true}]}}