{"id":4896,"date":"2024-04-18T02:54:24","date_gmt":"2024-04-18T02:54:24","guid":{"rendered":"http:\/\/baosikai.com\/?post_type=product&#038;p=4896"},"modified":"2024-06-26T08:51:14","modified_gmt":"2024-06-26T08:51:14","slug":"nylon-travel-bag-handy-duffel-bag-large-capacity-travel-bag","status":"publish","type":"product","link":"https:\/\/baosikai.com\/es\/producto\/nylon-travel-bag-handy-duffel-bag-large-capacity-travel-bag\/","title":{"rendered":"Bolsa de viaje de nylon Handy Duffel Bag Bolsa de viaje de gran capacidad"},"content":{"rendered":"<p>Especificaciones:<br \/>\n100% Nuevo y de alta calidad<br \/>\nMaterial: nylon<br \/>\nColor: como en la foto<br \/>\nTama\u00f1o: 58 cm de longitud, 22 cm de anchura, 30 cm de altura, aproximadamente 17 cm de altura de la mano y 80 cm de longitud de la correa para el hombro.<br \/>\nConversi\u00f3n:1 pulgada=2,54 cm, 1 cm=0,394 pulgadas<br \/>\nConsejo c\u00e1lido :<br \/>\n1.Tenga en cuenta que, debido a los efectos de la luz, los ajustes de brillo\/contraste del monitor, etc., puede haber ligeras diferencias en el tono de color de la foto de la p\u00e1gina web y el art\u00edculo real.<br \/>\n2.Item Medida a mano, podr\u00eda ser de 1 cm diferente, su amable comprensi\u00f3n ser\u00e1 muy apreciada.<br \/>\nContenido del paquete:<br \/>\n1 * Bolsa de equipaje<\/p>","protected":false},"excerpt":{"rendered":"<p>Specifications: 100% Brand New And High Quality Material: nylon Color: as picture Size: 58cm in length, 22cm in width, 30cm [&hellip;]<\/p>","protected":false},"featured_media":4942,"template":"","meta":{"site-sidebar-layout":"default","site-content-layout":"","ast-site-content-layout":"","site-content-style":"default","site-sidebar-style":"default","ast-global-header-display":"","ast-banner-title-visibility":"","ast-main-header-display":"","ast-hfb-above-header-display":"","ast-hfb-below-header-display":"","ast-hfb-mobile-header-display":"","site-post-title":"","ast-breadcrumbs-content":"","ast-featured-img":"","footer-sml-layout":"","theme-transparent-header-meta":"","adv-header-id-meta":"","stick-header-meta":"","header-above-stick-meta":"","header-main-stick-meta":"","header-below-stick-meta":"","astra-migrate-meta-layouts":"default","ast-page-background-enabled":"default","ast-page-background-meta":{"desktop":{"background-color":"var(--ast-global-color-4)","background-image":"","background-repeat":"repeat","background-position":"center center","background-size":"auto","background-attachment":"scroll","background-type":"","background-media":"","overlay-type":"","overlay-color":"","overlay-gradient":""},"tablet":{"background-color":"","background-image":"","background-repeat":"repeat","background-position":"center center","background-size":"auto","background-attachment":"scroll","background-type":"","background-media":"","overlay-type":"","overlay-color":"","overlay-gradient":""},"mobile":{"background-color":"","background-image":"","background-repeat":"repeat","background-position":"center center","background-size":"auto","background-attachment":"scroll","background-type":"","background-media":"","overlay-type":"","overlay-color":"","overlay-gradient":""}},"ast-content-background-meta":{"desktop":{"background-color":"var(--ast-global-color-5)","background-image":"","background-repeat":"repeat","background-position":"center center","background-size":"auto","background-attachment":"scroll","background-type":"","background-media":"","overlay-type":"","overlay-color":"","overlay-gradient":""},"tablet":{"background-color":"var(--ast-global-color-5)","background-image":"","background-repeat":"repeat","background-position":"center center","background-size":"auto","background-attachment":"scroll","background-type":"","background-media":"","overlay-type":"","overlay-color":"","overlay-gradient":""},"mobile":{"background-color":"var(--ast-global-color-5)","background-image":"","background-repeat":"repeat","background-position":"center center","background-size":"auto","background-attachment":"scroll","background-type":"","background-media":"","overlay-type":"","overlay-color":"","overlay-gradient":""}}},"product_brand":[],"product_cat":[21],"product_tag":[],"class_list":{"0":"post-4896","1":"product","2":"type-product","3":"status-publish","4":"has-post-thumbnail","6":"product_cat-travel-bags","7":"pa_color-black","8":"pa_color-military-green","9":"desktop-align-center","10":"tablet-align-left","11":"mobile-align-left","13":"first","14":"instock","15":"shipping-taxable","16":"purchasable","17":"product-type-variable"},"_links":{"self":[{"href":"https:\/\/baosikai.com\/es\/wp-json\/wp\/v2\/product\/4896","targetHints":{"allow":["GET"]}}],"collection":[{"href":"https:\/\/baosikai.com\/es\/wp-json\/wp\/v2\/product"}],"about":[{"href":"https:\/\/baosikai.com\/es\/wp-json\/wp\/v2\/types\/product"}],"wp:featuredmedia":[{"embeddable":true,"href":"https:\/\/baosikai.com\/es\/wp-json\/wp\/v2\/media\/4942"}],"wp:attachment":[{"href":"https:\/\/baosikai.com\/es\/wp-json\/wp\/v2\/media?parent=4896"}],"wp:term":[{"taxonomy":"product_brand","embeddable":true,"href":"https:\/\/baosikai.com\/es\/wp-json\/wp\/v2\/product_brand?post=4896"},{"taxonomy":"product_cat","embeddable":true,"href":"https:\/\/baosikai.com\/es\/wp-json\/wp\/v2\/product_cat?post=4896"},{"taxonomy":"product_tag","embeddable":true,"href":"https:\/\/baosikai.com\/es\/wp-json\/wp\/v2\/product_tag?post=4896"}],"curies":[{"name":"wp","href":"https:\/\/api.w.org\/{rel}","templated":true}]}}