{"id":4899,"date":"2024-04-18T02:54:26","date_gmt":"2024-04-18T02:54:26","guid":{"rendered":"http:\/\/baosikai.com\/?post_type=product&#038;p=4899"},"modified":"2024-06-26T08:48:29","modified_gmt":"2024-06-26T08:48:29","slug":"canvas-mens-travel-bag-large-capacity-handbag","status":"publish","type":"product","link":"https:\/\/baosikai.com\/es\/producto\/canvas-mens-travel-bag-large-capacity-handbag\/","title":{"rendered":"Bolso de viaje de lona para hombre de gran capacidad"},"content":{"rendered":"<p>Art\u00edculo:Bolsa de viaje<br \/>\nMaterial:Oxford<br \/>\nTama\u00f1o:60cm*24cm*31cm<br \/>\nColor:Negro\/Gris\/Caqui<br \/>\nUso:Exteriores,Viajes,Fitness<br \/>\nEstilo:Casual<br \/>\nTipo de bolso:Bolso de viaje<br \/>\nBolsa de Viaje: Bolsa de fin de semana, bolsas de deporte<br \/>\nTipo: Bolso de viaje de negocios<br \/>\nNota: 1.Debido a la diferencia entre las distintas pantallas, la imagen puede no reflejar el color real del art\u00edculo.<br \/>\n2.Please permiten debido a diferentes m\u00e9todos de medici\u00f3n 1-2 cm de desviaci\u00f3n existe, gracias.<\/p>","protected":false},"excerpt":{"rendered":"<p>Item:Travel Bag Material:Oxford Size:60cm*24cm*31cm Color:Black\/Gray\/Khaki Usage:Outdoor,Travel,Fitness Style:Casual Bags Type:Travel Handbag Travel Bag: Weekend Pack, Sport Fitness Bags Type: Business Travel [&hellip;]<\/p>","protected":false},"featured_media":5021,"template":"","meta":{"site-sidebar-layout":"default","site-content-layout":"","ast-site-content-layout":"","site-content-style":"default","site-sidebar-style":"default","ast-global-header-display":"","ast-banner-title-visibility":"","ast-main-header-display":"","ast-hfb-above-header-display":"","ast-hfb-below-header-display":"","ast-hfb-mobile-header-display":"","site-post-title":"","ast-breadcrumbs-content":"","ast-featured-img":"","footer-sml-layout":"","theme-transparent-header-meta":"","adv-header-id-meta":"","stick-header-meta":"","header-above-stick-meta":"","header-main-stick-meta":"","header-below-stick-meta":"","astra-migrate-meta-layouts":"default","ast-page-background-enabled":"default","ast-page-background-meta":{"desktop":{"background-color":"var(--ast-global-color-4)","background-image":"","background-repeat":"repeat","background-position":"center center","background-size":"auto","background-attachment":"scroll","background-type":"","background-media":"","overlay-type":"","overlay-color":"","overlay-gradient":""},"tablet":{"background-color":"","background-image":"","background-repeat":"repeat","background-position":"center center","background-size":"auto","background-attachment":"scroll","background-type":"","background-media":"","overlay-type":"","overlay-color":"","overlay-gradient":""},"mobile":{"background-color":"","background-image":"","background-repeat":"repeat","background-position":"center center","background-size":"auto","background-attachment":"scroll","background-type":"","background-media":"","overlay-type":"","overlay-color":"","overlay-gradient":""}},"ast-content-background-meta":{"desktop":{"background-color":"var(--ast-global-color-5)","background-image":"","background-repeat":"repeat","background-position":"center center","background-size":"auto","background-attachment":"scroll","background-type":"","background-media":"","overlay-type":"","overlay-color":"","overlay-gradient":""},"tablet":{"background-color":"var(--ast-global-color-5)","background-image":"","background-repeat":"repeat","background-position":"center center","background-size":"auto","background-attachment":"scroll","background-type":"","background-media":"","overlay-type":"","overlay-color":"","overlay-gradient":""},"mobile":{"background-color":"var(--ast-global-color-5)","background-image":"","background-repeat":"repeat","background-position":"center center","background-size":"auto","background-attachment":"scroll","background-type":"","background-media":"","overlay-type":"","overlay-color":"","overlay-gradient":""}}},"product_brand":[],"product_cat":[21],"product_tag":[],"class_list":{"0":"post-4899","1":"product","2":"type-product","3":"status-publish","4":"has-post-thumbnail","6":"product_cat-travel-bags","7":"pa_color-black","8":"pa_color-dark-coffee","9":"pa_color-khaki","10":"desktop-align-center","11":"tablet-align-left","12":"mobile-align-left","14":"first","15":"instock","16":"shipping-taxable","17":"purchasable","18":"product-type-variable"},"_links":{"self":[{"href":"https:\/\/baosikai.com\/es\/wp-json\/wp\/v2\/product\/4899","targetHints":{"allow":["GET"]}}],"collection":[{"href":"https:\/\/baosikai.com\/es\/wp-json\/wp\/v2\/product"}],"about":[{"href":"https:\/\/baosikai.com\/es\/wp-json\/wp\/v2\/types\/product"}],"wp:featuredmedia":[{"embeddable":true,"href":"https:\/\/baosikai.com\/es\/wp-json\/wp\/v2\/media\/5021"}],"wp:attachment":[{"href":"https:\/\/baosikai.com\/es\/wp-json\/wp\/v2\/media?parent=4899"}],"wp:term":[{"taxonomy":"product_brand","embeddable":true,"href":"https:\/\/baosikai.com\/es\/wp-json\/wp\/v2\/product_brand?post=4899"},{"taxonomy":"product_cat","embeddable":true,"href":"https:\/\/baosikai.com\/es\/wp-json\/wp\/v2\/product_cat?post=4899"},{"taxonomy":"product_tag","embeddable":true,"href":"https:\/\/baosikai.com\/es\/wp-json\/wp\/v2\/product_tag?post=4899"}],"curies":[{"name":"wp","href":"https:\/\/api.w.org\/{rel}","templated":true}]}}