{"id":954,"date":"2024-04-15T09:16:01","date_gmt":"2024-04-15T09:16:01","guid":{"rendered":"http:\/\/baosikai.com\/?post_type=product&#038;p=954"},"modified":"2024-06-27T08:32:15","modified_gmt":"2024-06-27T08:32:15","slug":"nylon-waterproof-hiking-fishing-hunting-backpack","status":"publish","type":"product","link":"https:\/\/baosikai.com\/es\/producto\/nylon-waterproof-hiking-fishing-hunting-backpack\/","title":{"rendered":"Mochila de Nylon Impermeable Senderismo Pesca Caza"},"content":{"rendered":"<p>Sobre la sustituci\u00f3n del parche de la bandera.<br \/>En general, los pedidos de pa\u00edses rusos se presentar\u00e1n con banderas rusas, los de pa\u00edses brasile\u00f1os se presentar\u00e1n con banderas brasile\u00f1as, los de empleados de almac\u00e9n se sustituir\u00e1n por defecto y los de otros pa\u00edses se presentar\u00e1n con banderas estadounidenses por defecto. Sin embargo, no se descarta que se omita la sustituci\u00f3n individual. Por favor, comprenda.<br \/>Nota para los mayoristas:<br \/>1: somos una f\u00e1brica de m\u00e1s de 6 a\u00f1os, aceptar una peque\u00f1a cantidad de modelos personalizados, o logotipos personalizados,<br \/>\n2: Ofrecemos Dropshipping, no pondr\u00e1 ninguna factura y documentos promocionales. M\u00e1s de 95% dentro de 12 horas tienen el c\u00f3digo de seguimiento y actualizar la informaci\u00f3n de seguimiento dentro de 48 horas (excepto festivos).<br \/>\n3: si es usted mayorista, no dude en ponerse en contacto con nosotros. Haremos todo lo posible para ayudarle a resolver el problema.<br \/>\n4: si usted es Drop shipping, por favor no dude en distribuir nuestros productos, por favor p\u00f3ngase en contacto con nosotros, podemos ofrecer videos, fotos.<br \/>\nEstilo: Deporte<br \/>\nMaterial: Nylon 1000D<br \/>\nColor: Caqui,Gris,Camuflaje,Verde,Negro,Verde camuflaje,<br \/>\nCapacidad: 50L\/30L, Tama\u00f1o:50*30*30cm\/45cm*25cm*23cm<br \/>\nTiene un amplio compartimento principal con cierre de cremallera, un bolsillo interior con cremallera y un bolsillo de malla. Compartimentos frontales con cremallera.asa superior.correas de hombro acolchadas y ajustables.<br \/>\nCorreas de compresi\u00f3n laterales.<br \/>\nCintur\u00f3n pectoral y cintur\u00f3n de cadera ajustables y desmontables.<br \/>\nRevestimiento de malla transpirable para mayor comodidad.<br \/>\nDise\u00f1o de parches en la espalda para compatibilidad con hidrataci\u00f3n 2L.<br \/>\nEspecificaciones:<br \/>\nTipo de art\u00edculo: Mochilas<br \/>\nTipo de mochilas: Tapa blanda<br \/>\nUso de la mochila: Acampada normal y senderismo<br \/>\nG\u00e9nero: Unisex<br \/>\nTipo de cierre: Cremallera<br \/>\nTipo de estampado: S\u00f3lido<br \/>\nOcasi\u00f3n: Exterior<br \/>\nLista de paquetes:<br \/>\n1 X Mochila para exteriores<\/p>","protected":false},"excerpt":{"rendered":"<p>About replacing the flag patch.In general, orders from Russian countries will be presented with Russian flags, Brazilian countries will be [&hellip;]<\/p>","protected":false},"featured_media":1051,"template":"","meta":{"site-sidebar-layout":"default","site-content-layout":"","ast-site-content-layout":"","site-content-style":"default","site-sidebar-style":"default","ast-global-header-display":"","ast-banner-title-visibility":"","ast-main-header-display":"","ast-hfb-above-header-display":"","ast-hfb-below-header-display":"","ast-hfb-mobile-header-display":"","site-post-title":"","ast-breadcrumbs-content":"","ast-featured-img":"","footer-sml-layout":"","theme-transparent-header-meta":"","adv-header-id-meta":"","stick-header-meta":"","header-above-stick-meta":"","header-main-stick-meta":"","header-below-stick-meta":"","astra-migrate-meta-layouts":"default","ast-page-background-enabled":"default","ast-page-background-meta":{"desktop":{"background-color":"var(--ast-global-color-4)","background-image":"","background-repeat":"repeat","background-position":"center center","background-size":"auto","background-attachment":"scroll","background-type":"","background-media":"","overlay-type":"","overlay-color":"","overlay-gradient":""},"tablet":{"background-color":"","background-image":"","background-repeat":"repeat","background-position":"center center","background-size":"auto","background-attachment":"scroll","background-type":"","background-media":"","overlay-type":"","overlay-color":"","overlay-gradient":""},"mobile":{"background-color":"","background-image":"","background-repeat":"repeat","background-position":"center center","background-size":"auto","background-attachment":"scroll","background-type":"","background-media":"","overlay-type":"","overlay-color":"","overlay-gradient":""}},"ast-content-background-meta":{"desktop":{"background-color":"var(--ast-global-color-5)","background-image":"","background-repeat":"repeat","background-position":"center center","background-size":"auto","background-attachment":"scroll","background-type":"","background-media":"","overlay-type":"","overlay-color":"","overlay-gradient":""},"tablet":{"background-color":"var(--ast-global-color-5)","background-image":"","background-repeat":"repeat","background-position":"center center","background-size":"auto","background-attachment":"scroll","background-type":"","background-media":"","overlay-type":"","overlay-color":"","overlay-gradient":""},"mobile":{"background-color":"var(--ast-global-color-5)","background-image":"","background-repeat":"repeat","background-position":"center center","background-size":"auto","background-attachment":"scroll","background-type":"","background-media":"","overlay-type":"","overlay-color":"","overlay-gradient":""}}},"product_brand":[],"product_cat":[22],"product_tag":[],"class_list":{"0":"post-954","1":"product","2":"type-product","3":"status-publish","4":"has-post-thumbnail","6":"product_cat-backpacks","7":"pa_color-acu-grey-30l","8":"pa_color-acu-grey-50l","9":"pa_color-black-30l","10":"pa_color-black-50l","11":"pa_color-camouflagegreen30l","12":"pa_color-camouflagegreen50l","13":"pa_color-cpblack-50l","14":"pa_color-green-30l","15":"pa_color-green-50l","16":"pa_color-khaki-30l","17":"pa_color-khaki-50l","18":"pa_ships-from-brazil","19":"pa_ships-from-china","20":"pa_ships-from-russian-federation","21":"pa_ships-from-spain","22":"pa_ships-from-united-states","23":"desktop-align-center","24":"tablet-align-left","25":"mobile-align-left","27":"first","28":"instock","29":"shipping-taxable","30":"purchasable","31":"product-type-variable"},"_links":{"self":[{"href":"https:\/\/baosikai.com\/es\/wp-json\/wp\/v2\/product\/954","targetHints":{"allow":["GET"]}}],"collection":[{"href":"https:\/\/baosikai.com\/es\/wp-json\/wp\/v2\/product"}],"about":[{"href":"https:\/\/baosikai.com\/es\/wp-json\/wp\/v2\/types\/product"}],"wp:featuredmedia":[{"embeddable":true,"href":"https:\/\/baosikai.com\/es\/wp-json\/wp\/v2\/media\/1051"}],"wp:attachment":[{"href":"https:\/\/baosikai.com\/es\/wp-json\/wp\/v2\/media?parent=954"}],"wp:term":[{"taxonomy":"product_brand","embeddable":true,"href":"https:\/\/baosikai.com\/es\/wp-json\/wp\/v2\/product_brand?post=954"},{"taxonomy":"product_cat","embeddable":true,"href":"https:\/\/baosikai.com\/es\/wp-json\/wp\/v2\/product_cat?post=954"},{"taxonomy":"product_tag","embeddable":true,"href":"https:\/\/baosikai.com\/es\/wp-json\/wp\/v2\/product_tag?post=954"}],"curies":[{"name":"wp","href":"https:\/\/api.w.org\/{rel}","templated":true}]}}