{"id":955,"date":"2024-04-15T09:16:03","date_gmt":"2024-04-15T09:16:03","guid":{"rendered":"http:\/\/baosikai.com\/?post_type=product&#038;p=955"},"modified":"2024-06-27T08:31:11","modified_gmt":"2024-06-27T08:31:11","slug":"waterproof-backpack-large-capacity-computer-schoolbag","status":"publish","type":"product","link":"https:\/\/baosikai.com\/es\/producto\/waterproof-backpack-large-capacity-computer-schoolbag\/","title":{"rendered":"Mochila impermeable de gran capacidad Mochila escolar para ordenador"},"content":{"rendered":"<p>Nota<br \/>\nTama\u00f1o: 45X30X15cm<br \/>\n1.Debido a la diferencia en la pantalla y la iluminaci\u00f3n de disparo, el color del objeto real puede ser un poco diferente del color mostrado en la imagen.<br \/>\n2.Por favor, permita 1-2 cm de error debido a los diferentes m\u00e9todos de medici\u00f3n. Gracias por su comprensi\u00f3n<br \/>\n3. Todos los productos est\u00e1n en stock y se enviar\u00e1n lo antes posible, en un plazo de 24 horas tras realizar el pedido. Si encuentra alg\u00fan problema en el proceso de compra, p\u00f3ngase en contacto con el servicio de atenci\u00f3n al cliente a tiempo, y sin duda le daremos una soluci\u00f3n satisfactoria<br \/>\n4. Debido a la diferencia horaria entre los distintos pa\u00edses, le responderemos en cuanto recibamos el mensaje.<\/p>","protected":false},"excerpt":{"rendered":"<p>Note size: 45X30X15cm 1.Due to the difference in the display and shooting lighting, the color of the actual object may [&hellip;]<\/p>","protected":false},"featured_media":1149,"template":"","meta":{"site-sidebar-layout":"default","site-content-layout":"","ast-site-content-layout":"","site-content-style":"default","site-sidebar-style":"default","ast-global-header-display":"","ast-banner-title-visibility":"","ast-main-header-display":"","ast-hfb-above-header-display":"","ast-hfb-below-header-display":"","ast-hfb-mobile-header-display":"","site-post-title":"","ast-breadcrumbs-content":"","ast-featured-img":"","footer-sml-layout":"","theme-transparent-header-meta":"","adv-header-id-meta":"","stick-header-meta":"","header-above-stick-meta":"","header-main-stick-meta":"","header-below-stick-meta":"","astra-migrate-meta-layouts":"default","ast-page-background-enabled":"default","ast-page-background-meta":{"desktop":{"background-color":"var(--ast-global-color-4)","background-image":"","background-repeat":"repeat","background-position":"center center","background-size":"auto","background-attachment":"scroll","background-type":"","background-media":"","overlay-type":"","overlay-color":"","overlay-gradient":""},"tablet":{"background-color":"","background-image":"","background-repeat":"repeat","background-position":"center center","background-size":"auto","background-attachment":"scroll","background-type":"","background-media":"","overlay-type":"","overlay-color":"","overlay-gradient":""},"mobile":{"background-color":"","background-image":"","background-repeat":"repeat","background-position":"center center","background-size":"auto","background-attachment":"scroll","background-type":"","background-media":"","overlay-type":"","overlay-color":"","overlay-gradient":""}},"ast-content-background-meta":{"desktop":{"background-color":"var(--ast-global-color-5)","background-image":"","background-repeat":"repeat","background-position":"center center","background-size":"auto","background-attachment":"scroll","background-type":"","background-media":"","overlay-type":"","overlay-color":"","overlay-gradient":""},"tablet":{"background-color":"var(--ast-global-color-5)","background-image":"","background-repeat":"repeat","background-position":"center center","background-size":"auto","background-attachment":"scroll","background-type":"","background-media":"","overlay-type":"","overlay-color":"","overlay-gradient":""},"mobile":{"background-color":"var(--ast-global-color-5)","background-image":"","background-repeat":"repeat","background-position":"center center","background-size":"auto","background-attachment":"scroll","background-type":"","background-media":"","overlay-type":"","overlay-color":"","overlay-gradient":""}}},"product_brand":[],"product_cat":[22],"product_tag":[],"class_list":{"0":"post-955","1":"product","2":"type-product","3":"status-publish","4":"has-post-thumbnail","6":"product_cat-backpacks","7":"pa_color-black","8":"pa_color-gray","9":"pa_ships-from-china","10":"pa_size-45-30-15","11":"desktop-align-center","12":"tablet-align-left","13":"mobile-align-left","15":"first","16":"instock","17":"shipping-taxable","18":"purchasable","19":"product-type-variable"},"_links":{"self":[{"href":"https:\/\/baosikai.com\/es\/wp-json\/wp\/v2\/product\/955","targetHints":{"allow":["GET"]}}],"collection":[{"href":"https:\/\/baosikai.com\/es\/wp-json\/wp\/v2\/product"}],"about":[{"href":"https:\/\/baosikai.com\/es\/wp-json\/wp\/v2\/types\/product"}],"wp:featuredmedia":[{"embeddable":true,"href":"https:\/\/baosikai.com\/es\/wp-json\/wp\/v2\/media\/1149"}],"wp:attachment":[{"href":"https:\/\/baosikai.com\/es\/wp-json\/wp\/v2\/media?parent=955"}],"wp:term":[{"taxonomy":"product_brand","embeddable":true,"href":"https:\/\/baosikai.com\/es\/wp-json\/wp\/v2\/product_brand?post=955"},{"taxonomy":"product_cat","embeddable":true,"href":"https:\/\/baosikai.com\/es\/wp-json\/wp\/v2\/product_cat?post=955"},{"taxonomy":"product_tag","embeddable":true,"href":"https:\/\/baosikai.com\/es\/wp-json\/wp\/v2\/product_tag?post=955"}],"curies":[{"name":"wp","href":"https:\/\/api.w.org\/{rel}","templated":true}]}}