{"id":957,"date":"2024-04-15T09:16:05","date_gmt":"2024-04-15T09:16:05","guid":{"rendered":"http:\/\/baosikai.com\/?post_type=product&#038;p=957"},"modified":"2024-06-27T08:30:22","modified_gmt":"2024-06-27T08:30:22","slug":"women-casual-puffer-knapsack-large-capacity-diamond-lattice-backpacks","status":"publish","type":"product","link":"https:\/\/baosikai.com\/es\/producto\/women-casual-puffer-knapsack-large-capacity-diamond-lattice-backpacks\/","title":{"rendered":"Mujeres Casual Puffer Mochila Gran Capacidad Diamond Lattice Mochilas"},"content":{"rendered":"<p>Mujeres Casual Puffer Knapsack Mochila acolchada de gran capacidad Color s\u00f3lido acolchado Mochila para port\u00e1til Suave para viajar Trabajar Vacaciones<br \/>\n\tCaracter\u00edsticas:<br \/>\n\t1.Duradera y c\u00f3moda: Nuestra mochila puffer informal est\u00e1 hecha de tela de algod\u00f3n de alta calidad, lo que garantiza su durabilidad y una sensaci\u00f3n c\u00f3moda. Soporta el desgaste diario, por lo que es un compa\u00f1ero fiable para sus actividades diarias. La textura suave y acogedora aumenta la comodidad, lo que le permite llevarla con facilidad.<br \/>\n2.Amplio espacio para lo esencial: Con unas dimensiones de 370.00\u00d7280.00\u00d7120.00mm\/14.57\u00d711.02\u00d74.72inch, nuestra mochila escolar ofrece un amplio espacio para guardar la cartera, el tel\u00e9fono, las gafas, las llaves y otros objetos peque\u00f1os. Tiene una gran capacidad que puede acomodar f\u00e1cilmente libros de tama\u00f1o A4, por lo que es ideal para los estudiantes.<br \/>\n3.Dise\u00f1o pr\u00e1ctico y elegante: Nuestra mochila para adolescentes presenta un dise\u00f1o pr\u00e1ctico que se adapta a tus necesidades. Incluye compartimentos y bolsillos bien dise\u00f1ados para organizar eficazmente tus pertenencias. El elegante exterior a\u00f1ade un toque de moda, por lo que es adecuada para diversas ocasiones. Ya vayas de compras, al trabajo, de viaje o a un evento, esta mochila combina sin esfuerzo estilo y funcionalidad.<br \/>\n4.Elecci\u00f3n de regalo perfecta: sorprenda a sus hijos, sobrinas, nietas y amigos con este exquisito regalo de vuelta al cole, regalo de cumplea\u00f1os, regalo de Pascua o regalo de A\u00f1o Nuevo. Esta mochila acolchada sirve como mochila escolar funcional, mochila para port\u00e1til y compa\u00f1era de viaje informal. Es una opci\u00f3n de regalo perfecta que ofrece tanto practicidad como estilo.<br \/>\n5.Vers\u00e1til para varias ocasiones: Nuestra mochila con rejilla de diamantes est\u00e1 dise\u00f1ada para adaptarse a diferentes ocasiones y estilos de vida. Ya sea para ir de compras, desplazarse, viajar, irse de vacaciones, asistir a reuniones o ir al colegio, esta mochila se adapta a sus necesidades. Su espacioso interior y sus bien pensados compartimentos proporcionan una organizaci\u00f3n eficaz y un f\u00e1cil acceso a tus pertenencias.<br \/>\n Especificaci\u00f3n:<br \/>\nOrigen: China continental<br \/>\nMaterial: Chaqueta de algod\u00f3n<br \/>\nTama\u00f1o del producto: 370.00 X280.00 X120.00 Mm \/ 14.57 X11.02 X4.72 Inch<br \/>\nUso: hombro simple, mano, hombro doble<br \/>\nModo de cierre: Cremallera<br \/>\nNota: La correa para el hombro es ajustable<br \/>\nLugar de origen: Hebei<\/p>\n<p>\tNota:<br \/>\nDebido a los diferentes monitores y efectos de la luz, el color real del art\u00edculo puede ser ligeramente diferente del color mostrado en las im\u00e1genes. Gracias.<br \/>\nPor favor, permita 1-2cm desviaci\u00f3n de medici\u00f3n debido a la medici\u00f3n manual.<\/p>\n<p>Paquetes:<br \/>1x Mochila<br \/> <br \/>\n            1. No hay existencias limitadas para satisfacer los pedidos diariamente.<br \/>\n      2. Para USA\/CA \/RU el env\u00edo es r\u00e1pido.<br \/>\n      3. Entrega prioritaria, entrega r\u00e1pida en 48 horas.<br \/>\n      4. No se incluye factura ni recibo ni material promocional.\n  <\/p>","protected":false},"excerpt":{"rendered":"<p>Women Casual Puffer Knapsack Large Capacity Padded Backpack Solid Color Quilted Laptop Backpack Soft for Travel Working Vacation Features: 1.Durable [&hellip;]<\/p>","protected":false},"featured_media":1216,"template":"","meta":{"site-sidebar-layout":"default","site-content-layout":"","ast-site-content-layout":"","site-content-style":"default","site-sidebar-style":"default","ast-global-header-display":"","ast-banner-title-visibility":"","ast-main-header-display":"","ast-hfb-above-header-display":"","ast-hfb-below-header-display":"","ast-hfb-mobile-header-display":"","site-post-title":"","ast-breadcrumbs-content":"","ast-featured-img":"","footer-sml-layout":"","theme-transparent-header-meta":"","adv-header-id-meta":"","stick-header-meta":"","header-above-stick-meta":"","header-main-stick-meta":"","header-below-stick-meta":"","astra-migrate-meta-layouts":"default","ast-page-background-enabled":"default","ast-page-background-meta":{"desktop":{"background-color":"var(--ast-global-color-4)","background-image":"","background-repeat":"repeat","background-position":"center center","background-size":"auto","background-attachment":"scroll","background-type":"","background-media":"","overlay-type":"","overlay-color":"","overlay-gradient":""},"tablet":{"background-color":"","background-image":"","background-repeat":"repeat","background-position":"center center","background-size":"auto","background-attachment":"scroll","background-type":"","background-media":"","overlay-type":"","overlay-color":"","overlay-gradient":""},"mobile":{"background-color":"","background-image":"","background-repeat":"repeat","background-position":"center center","background-size":"auto","background-attachment":"scroll","background-type":"","background-media":"","overlay-type":"","overlay-color":"","overlay-gradient":""}},"ast-content-background-meta":{"desktop":{"background-color":"var(--ast-global-color-5)","background-image":"","background-repeat":"repeat","background-position":"center center","background-size":"auto","background-attachment":"scroll","background-type":"","background-media":"","overlay-type":"","overlay-color":"","overlay-gradient":""},"tablet":{"background-color":"var(--ast-global-color-5)","background-image":"","background-repeat":"repeat","background-position":"center center","background-size":"auto","background-attachment":"scroll","background-type":"","background-media":"","overlay-type":"","overlay-color":"","overlay-gradient":""},"mobile":{"background-color":"var(--ast-global-color-5)","background-image":"","background-repeat":"repeat","background-position":"center center","background-size":"auto","background-attachment":"scroll","background-type":"","background-media":"","overlay-type":"","overlay-color":"","overlay-gradient":""}}},"product_brand":[],"product_cat":[22],"product_tag":[],"class_list":{"0":"post-957","1":"product","2":"type-product","3":"status-publish","4":"has-post-thumbnail","6":"product_cat-backpacks","7":"pa_color-black","8":"pa_color-green","9":"pa_color-khaki","10":"pa_color-orange","11":"pa_color-white","12":"pa_ships-from-china","13":"desktop-align-center","14":"tablet-align-left","15":"mobile-align-left","17":"first","18":"instock","19":"shipping-taxable","20":"purchasable","21":"product-type-variable"},"_links":{"self":[{"href":"https:\/\/baosikai.com\/es\/wp-json\/wp\/v2\/product\/957","targetHints":{"allow":["GET"]}}],"collection":[{"href":"https:\/\/baosikai.com\/es\/wp-json\/wp\/v2\/product"}],"about":[{"href":"https:\/\/baosikai.com\/es\/wp-json\/wp\/v2\/types\/product"}],"wp:featuredmedia":[{"embeddable":true,"href":"https:\/\/baosikai.com\/es\/wp-json\/wp\/v2\/media\/1216"}],"wp:attachment":[{"href":"https:\/\/baosikai.com\/es\/wp-json\/wp\/v2\/media?parent=957"}],"wp:term":[{"taxonomy":"product_brand","embeddable":true,"href":"https:\/\/baosikai.com\/es\/wp-json\/wp\/v2\/product_brand?post=957"},{"taxonomy":"product_cat","embeddable":true,"href":"https:\/\/baosikai.com\/es\/wp-json\/wp\/v2\/product_cat?post=957"},{"taxonomy":"product_tag","embeddable":true,"href":"https:\/\/baosikai.com\/es\/wp-json\/wp\/v2\/product_tag?post=957"}],"curies":[{"name":"wp","href":"https:\/\/api.w.org\/{rel}","templated":true}]}}