{"id":958,"date":"2024-04-15T09:16:06","date_gmt":"2024-04-15T09:16:06","guid":{"rendered":"http:\/\/baosikai.com\/?post_type=product&#038;p=958"},"modified":"2024-06-27T08:29:26","modified_gmt":"2024-06-27T08:29:26","slug":"quality-nylon-waterproof-travel-backpacks","status":"publish","type":"product","link":"https:\/\/baosikai.com\/es\/producto\/quality-nylon-waterproof-travel-backpacks\/","title":{"rendered":"Mochilas de viaje impermeables de nailon de calidad"},"content":{"rendered":"<p>Calidad Nylon Impermeable Viaje Mochilas Hombres Escalada Viaje Bolsas Senderismo Mochila Deporte al aire libre Escuela Bolsa Hombres Mochila Mujeres<\/p>\n<p>Especificaciones:<\/p>\n<p>Nombre del producto: Outdoor Backpack<br \/>\nTejido: Nylon<br \/>\nCapacidad: Puede utilizarse para suministros diarios de escalada al aire libre<br \/>\nTama\u00f1o: 30 cm * 13 cm * 50 cm<br \/>\nColor: Rojo, Azul, Verde, Gris, Naranja<br \/>\nEstructura: Bolsillo principal, bolsillo lateral, bolsillo delantero con cremallera<br \/>\nPeso: 0,42 kg<br \/>\nEscenarios de uso: Ciclismo, viajes, monta\u00f1ismo, ocio, acampada<br \/>\nN\u00famero de piezas: 1<br \/>\nModos de embalaje: Bolsa Opp<\/p>\n<p>Caracter\u00edsticas:<br \/>\n1. Longitud ajustable de la correa de hombro, conveniente e \u00edntimo.<br \/>\n2. Tejido delicado, tacto c\u00f3modo, resistente a los ara\u00f1azos.<br \/>\n3. Espalda transpirable dise\u00f1o de la esponja, anti-terremoto sudor, ajuste y descompresi\u00f3n c\u00f3modo.<br \/>\n4. Dise\u00f1o de bolsillo de m\u00faltiples capas, gran capacidad, almacenamiento m\u00e1s conveniente.<\/p>\n<p>Consejos:<br \/>\n1. Debido a los efectos de la iluminaci\u00f3n, los ajustes de brillo\/contraste de la pantalla, etc., puede haber ligeras diferencias entre el tono de color de las fotos del sitio web y el objeto real.<br \/>\n2. Los art\u00edculos se miden a mano, puede haber 1-3mm de diferencia, \u00a1muchas gracias por su comprensi\u00f3n!<\/p>","protected":false},"excerpt":{"rendered":"<p>Quality Nylon Waterproof Travel Backpacks Men Climbing Travel Bags Hiking Backpack Outdoor Sport School Bag Men Backpack Women Specifications: Product [&hellip;]<\/p>","protected":false},"featured_media":1253,"template":"","meta":{"site-sidebar-layout":"default","site-content-layout":"","ast-site-content-layout":"","site-content-style":"default","site-sidebar-style":"default","ast-global-header-display":"","ast-banner-title-visibility":"","ast-main-header-display":"","ast-hfb-above-header-display":"","ast-hfb-below-header-display":"","ast-hfb-mobile-header-display":"","site-post-title":"","ast-breadcrumbs-content":"","ast-featured-img":"","footer-sml-layout":"","theme-transparent-header-meta":"","adv-header-id-meta":"","stick-header-meta":"","header-above-stick-meta":"","header-main-stick-meta":"","header-below-stick-meta":"","astra-migrate-meta-layouts":"default","ast-page-background-enabled":"default","ast-page-background-meta":{"desktop":{"background-color":"var(--ast-global-color-4)","background-image":"","background-repeat":"repeat","background-position":"center center","background-size":"auto","background-attachment":"scroll","background-type":"","background-media":"","overlay-type":"","overlay-color":"","overlay-gradient":""},"tablet":{"background-color":"","background-image":"","background-repeat":"repeat","background-position":"center center","background-size":"auto","background-attachment":"scroll","background-type":"","background-media":"","overlay-type":"","overlay-color":"","overlay-gradient":""},"mobile":{"background-color":"","background-image":"","background-repeat":"repeat","background-position":"center center","background-size":"auto","background-attachment":"scroll","background-type":"","background-media":"","overlay-type":"","overlay-color":"","overlay-gradient":""}},"ast-content-background-meta":{"desktop":{"background-color":"var(--ast-global-color-5)","background-image":"","background-repeat":"repeat","background-position":"center center","background-size":"auto","background-attachment":"scroll","background-type":"","background-media":"","overlay-type":"","overlay-color":"","overlay-gradient":""},"tablet":{"background-color":"var(--ast-global-color-5)","background-image":"","background-repeat":"repeat","background-position":"center center","background-size":"auto","background-attachment":"scroll","background-type":"","background-media":"","overlay-type":"","overlay-color":"","overlay-gradient":""},"mobile":{"background-color":"var(--ast-global-color-5)","background-image":"","background-repeat":"repeat","background-position":"center center","background-size":"auto","background-attachment":"scroll","background-type":"","background-media":"","overlay-type":"","overlay-color":"","overlay-gradient":""}}},"product_brand":[],"product_cat":[22],"product_tag":[],"class_list":{"0":"post-958","1":"product","2":"type-product","3":"status-publish","4":"has-post-thumbnail","6":"product_cat-backpacks","7":"pa_color-black","8":"pa_color-blue","9":"pa_color-light-green","10":"pa_color-orange","11":"pa_color-red","12":"desktop-align-center","13":"tablet-align-left","14":"mobile-align-left","16":"first","17":"instock","18":"shipping-taxable","19":"purchasable","20":"product-type-variable"},"_links":{"self":[{"href":"https:\/\/baosikai.com\/es\/wp-json\/wp\/v2\/product\/958","targetHints":{"allow":["GET"]}}],"collection":[{"href":"https:\/\/baosikai.com\/es\/wp-json\/wp\/v2\/product"}],"about":[{"href":"https:\/\/baosikai.com\/es\/wp-json\/wp\/v2\/types\/product"}],"wp:featuredmedia":[{"embeddable":true,"href":"https:\/\/baosikai.com\/es\/wp-json\/wp\/v2\/media\/1253"}],"wp:attachment":[{"href":"https:\/\/baosikai.com\/es\/wp-json\/wp\/v2\/media?parent=958"}],"wp:term":[{"taxonomy":"product_brand","embeddable":true,"href":"https:\/\/baosikai.com\/es\/wp-json\/wp\/v2\/product_brand?post=958"},{"taxonomy":"product_cat","embeddable":true,"href":"https:\/\/baosikai.com\/es\/wp-json\/wp\/v2\/product_cat?post=958"},{"taxonomy":"product_tag","embeddable":true,"href":"https:\/\/baosikai.com\/es\/wp-json\/wp\/v2\/product_tag?post=958"}],"curies":[{"name":"wp","href":"https:\/\/api.w.org\/{rel}","templated":true}]}}