{"id":959,"date":"2024-04-15T09:16:07","date_gmt":"2024-04-15T09:16:07","guid":{"rendered":"http:\/\/baosikai.com\/?post_type=product&#038;p=959"},"modified":"2024-06-27T08:28:50","modified_gmt":"2024-06-27T08:28:50","slug":"fashion-backpacks-outdoor-casual-bags","status":"publish","type":"product","link":"https:\/\/baosikai.com\/es\/producto\/fashion-backpacks-outdoor-casual-bags\/","title":{"rendered":"Moda Mochilas Outdoor Casual Bolsas"},"content":{"rendered":"<p>Atenci\u00f3n a los clientes de Estados Unidos:<br \/>\nCuando seleccione \"Enviar desde Estados Unidos\", las siguientes direcciones no proporcionar\u00e1n servicio de entrega: Hawai, Alaska, Puerto Rico, Guam, APO, DPO, FPO, etc. Le recomendamos que elija \"Enviar desde China\".<br \/>\nClientes de Espa\u00c3\u00b1a atenci\u00c3\u00b3n:<br \/>\nCuando selecciona \"Enviar desde Espa\u00c3\u00b1a\", el servicio de entrega no est\u00c3\u00a1 disponible en los siguientes c\u00c3\u00b3digos postales:<br \/>\n35000-35999<br \/>\n38000-38999<br \/>\nSe recomienda que elija \"Enviar desde China\". \u00c2\u00a1Gracias! \u00a1! \u00a1! <br \/>(BLANCO\/NEGRO\/PURPLE\/Beige)-Mochila estilo Preppy<br \/>\nModa Mujeres Color S\u00f3lido Mochila Femenina Casual Nylon Mochila Estilo Preppy Escuela Viaje Mini Mochilas<br \/>\nCaracter\u00edstica:<br \/>\nMochila femenina.<br \/>\nMaterial de nylon, dise\u00f1o de color puro.<br \/>\nA la moda, con estilo y duradero.<\/p>\n<p>Especificaci\u00f3n:<br \/>\nNombre del producto: Moda casual color s\u00f3lido nylon mini mochila mochila de viaje<br \/>\nMaterial principal: nailon<br \/>\nTama\u00f1o: 230*180*90mm\/9.06*7.09*3.54\u2033; Longitud de la correa de hombro 80cm\/31.5\u2033.<br \/>\n(Los tirantes no son ajustables).<br \/>\nAdecuado para el p\u00fablico: mujeres, ni\u00f1os<br \/>\nN\u00famero de tirantes: doble<br \/>\nM\u00e9todo de cierre: cremallera<br \/>\nPatr\u00f3n: liso<br \/>\nOcasi\u00f3n: diario, ocio, compras, viajes<br \/>\nFunci\u00f3n: bandolera, bolso de mano, mochila<br \/>\nColor: Blanco, Negro, Morado, Beige<\/p>\n<p>Nota:<br \/>\nDebido a los diferentes monitores y efectos de la luz, el color real del art\u00edculo puede ser ligeramente diferente del color mostrado en las im\u00e1genes. Gracias.<br \/>\nPor favor, permita 1-2cm desviaci\u00f3n de medici\u00f3n debido a la medici\u00f3n manual.<br \/>\n<br \/> <br \/>\nPaquetes: <br \/>ProductoIncluido<br \/>\nWHITE\uff1a1 X Mochila Mujer<br \/>\nnegro\uff1a1 X Mochila Mujer<br \/>\nPURPLE\uff1a1 X Mochila Mujer<br \/>\nMochila Beige\uff1a1 X Mujer<br \/>\n<br \/>1. Todos los art\u00edculos se comprobar\u00e1n dos veces y se embalar\u00e1n bien antes de enviarlos. Los art\u00edculos ser\u00e1n enviados en el plazo de 3-7 d\u00edas laborales despu\u00e9s de que los clientes paguen la orden. Porque tenemos miles de orden everydays. Tenemos que organizar el env\u00edo de una orden por una orden. Le enviaremos los productos lo antes posible. 2. Su direcci\u00f3n de pedido debe coincidir con su direcci\u00f3n de env\u00edo. 3. Mientras tanto, puede elegir DHL Express para acortar el tiempo de env\u00edo si necesita el pedido con urgencia. 4. Si usted no recibe el pedido dentro de 60 d\u00edas h\u00e1biles, por favor no dude en contactar con nosotros antes de dejar Feeback negativo, haremos todo lo posible para ayudarle a resolver el problema.<br \/>1. Si no est\u00e1 satisfecho con el art\u00edculo cuando lo reciba,devu\u00e9lvalo en un plazo de 10 d\u00edas para que se lo cambiemos o le devolvamos el dinero.P\u00f3ngase en contacto con nosotros antes de devolverlo. 2. Todos los art\u00edculos devueltos deben estar en el embalaje original y debe proporcionarnos el n\u00famero de seguimiento del env\u00edo y la raz\u00f3n espec\u00edfica de la devoluci\u00f3n. 3. Le devolveremos el dinero completo,upone la recepci\u00f3n del art\u00edculo en su estado original y el embalaje con todos los componentes y accesorios incluyen. 4. Si el art\u00edculo se da\u00f1a durante el transporte o no se puede utilizar con normalidad, p\u00f3ngase en contacto con nosotros con fotos reales de los art\u00edculos y le devolveremos el dinero.<br \/>1. Mantenemos un alto nivel de excelencia y nos esforzamos por satisfacer al cliente al 100% \u00a1Su satisfacci\u00f3n es nuestra principal prioridad! 2. Si recibe el pedido y est\u00e1 en buenas condiciones,le agradecer\u00edamos que dejara 5-Estrellas Comentarios Positivos para la transacci\u00f3n. 3. 3. En caso contrario, le agradecer\u00edamos que se pusiera en contacto con nosotros antes de dejar un comentario de 1 a 3 estrellas.<\/p>","protected":false},"excerpt":{"rendered":"<p>The United States customers attention: When you select &#8220;Ship From United States&#8221;, the following addresses will not provide delivery service: [&hellip;]<\/p>","protected":false},"featured_media":1286,"template":"","meta":{"site-sidebar-layout":"default","site-content-layout":"","ast-site-content-layout":"","site-content-style":"default","site-sidebar-style":"default","ast-global-header-display":"","ast-banner-title-visibility":"","ast-main-header-display":"","ast-hfb-above-header-display":"","ast-hfb-below-header-display":"","ast-hfb-mobile-header-display":"","site-post-title":"","ast-breadcrumbs-content":"","ast-featured-img":"","footer-sml-layout":"","theme-transparent-header-meta":"","adv-header-id-meta":"","stick-header-meta":"","header-above-stick-meta":"","header-main-stick-meta":"","header-below-stick-meta":"","astra-migrate-meta-layouts":"default","ast-page-background-enabled":"default","ast-page-background-meta":{"desktop":{"background-color":"var(--ast-global-color-4)","background-image":"","background-repeat":"repeat","background-position":"center center","background-size":"auto","background-attachment":"scroll","background-type":"","background-media":"","overlay-type":"","overlay-color":"","overlay-gradient":""},"tablet":{"background-color":"","background-image":"","background-repeat":"repeat","background-position":"center center","background-size":"auto","background-attachment":"scroll","background-type":"","background-media":"","overlay-type":"","overlay-color":"","overlay-gradient":""},"mobile":{"background-color":"","background-image":"","background-repeat":"repeat","background-position":"center center","background-size":"auto","background-attachment":"scroll","background-type":"","background-media":"","overlay-type":"","overlay-color":"","overlay-gradient":""}},"ast-content-background-meta":{"desktop":{"background-color":"var(--ast-global-color-5)","background-image":"","background-repeat":"repeat","background-position":"center center","background-size":"auto","background-attachment":"scroll","background-type":"","background-media":"","overlay-type":"","overlay-color":"","overlay-gradient":""},"tablet":{"background-color":"var(--ast-global-color-5)","background-image":"","background-repeat":"repeat","background-position":"center center","background-size":"auto","background-attachment":"scroll","background-type":"","background-media":"","overlay-type":"","overlay-color":"","overlay-gradient":""},"mobile":{"background-color":"var(--ast-global-color-5)","background-image":"","background-repeat":"repeat","background-position":"center center","background-size":"auto","background-attachment":"scroll","background-type":"","background-media":"","overlay-type":"","overlay-color":"","overlay-gradient":""}}},"product_brand":[],"product_cat":[22],"product_tag":[],"class_list":{"0":"post-959","1":"product","2":"type-product","3":"status-publish","4":"has-post-thumbnail","6":"product_cat-backpacks","7":"pa_color-beige","8":"pa_color-black","9":"pa_color-purple","10":"pa_color-white","11":"pa_ships-from-china","12":"desktop-align-center","13":"tablet-align-left","14":"mobile-align-left","16":"first","17":"instock","18":"shipping-taxable","19":"purchasable","20":"product-type-variable"},"_links":{"self":[{"href":"https:\/\/baosikai.com\/es\/wp-json\/wp\/v2\/product\/959","targetHints":{"allow":["GET"]}}],"collection":[{"href":"https:\/\/baosikai.com\/es\/wp-json\/wp\/v2\/product"}],"about":[{"href":"https:\/\/baosikai.com\/es\/wp-json\/wp\/v2\/types\/product"}],"wp:featuredmedia":[{"embeddable":true,"href":"https:\/\/baosikai.com\/es\/wp-json\/wp\/v2\/media\/1286"}],"wp:attachment":[{"href":"https:\/\/baosikai.com\/es\/wp-json\/wp\/v2\/media?parent=959"}],"wp:term":[{"taxonomy":"product_brand","embeddable":true,"href":"https:\/\/baosikai.com\/es\/wp-json\/wp\/v2\/product_brand?post=959"},{"taxonomy":"product_cat","embeddable":true,"href":"https:\/\/baosikai.com\/es\/wp-json\/wp\/v2\/product_cat?post=959"},{"taxonomy":"product_tag","embeddable":true,"href":"https:\/\/baosikai.com\/es\/wp-json\/wp\/v2\/product_tag?post=959"}],"curies":[{"name":"wp","href":"https:\/\/api.w.org\/{rel}","templated":true}]}}