{"id":960,"date":"2024-04-15T09:16:08","date_gmt":"2024-04-15T09:16:08","guid":{"rendered":"http:\/\/baosikai.com\/?post_type=product&#038;p=960"},"modified":"2024-06-27T08:27:33","modified_gmt":"2024-06-27T08:27:33","slug":"fashion-womens-nylon-backpack","status":"publish","type":"product","link":"https:\/\/baosikai.com\/es\/producto\/fashion-womens-nylon-backpack\/","title":{"rendered":"Mochila de nylon de moda para mujer"},"content":{"rendered":"<p>Moda Mujeres Color S\u00f3lido Mochila Femenina Casual Nylon Mochila Estilo Preppy Escuela Viaje Mini Mochilas<br \/>\nCaracter\u00edstica:<br \/>\nMochila femenina.<br \/>\nMaterial de nylon, dise\u00f1o de color puro.<br \/>\nA la moda, con estilo y duradero.<\/p>\n<p>Especificaci\u00f3n:<br \/>\nNombre del producto: Moda casual color s\u00f3lido nylon mini mochila mochila de viaje<br \/>\nMaterial principal: nailon<br \/>\nTama\u00f1o: 230*180*90mm\/9.06*7.09*3.54\u2033; Longitud de la correa de hombro 80cm\/31.5\u2033.<br \/>\n(Los tirantes no son ajustables).<br \/>\nAdecuado para el p\u00fablico: mujeres, ni\u00f1os<br \/>\nN\u00famero de tirantes: doble<br \/>\nM\u00e9todo de cierre: cremallera<br \/>\nPatr\u00f3n: liso<br \/>\nOcasi\u00f3n: diario, ocio, compras, viajes<br \/>\nFunci\u00f3n: bandolera, bolso de mano, mochila<br \/>\nColor: Blanco, Negro, Morado, Beige<\/p>\n<p>Nota:<br \/>\nDebido a los diferentes monitores y efectos de la luz, el color real del art\u00edculo puede ser ligeramente diferente del color mostrado en las im\u00e1genes. Gracias.<br \/>\nPor favor, permita 1-2 cm de desviaci\u00f3n de medici\u00f3n debido a la medici\u00f3n manual.Fashion Women Solid Color Backpack Female Casual Nylon Knapsack Preppy Style School Travel Mini Rucksacks<br \/>\nCaracter\u00edstica:<br \/>\nMochila femenina.<br \/>\nMaterial de nylon, dise\u00f1o de color puro.<br \/>\nA la moda, con estilo y duradero.<\/p>\n<p>Especificaci\u00f3n:<br \/>\nNombre del producto: Moda casual color s\u00f3lido nylon mini mochila mochila de viaje<br \/>\nMaterial principal: nailon<br \/>\nTama\u00f1o: 230*180*90mm\/9.06*7.09*3.54\u2033; Longitud de la correa de hombro 80cm\/31.5\u2033.<br \/>\n(Los tirantes no son ajustables).<br \/>\nAdecuado para el p\u00fablico: mujeres, ni\u00f1os<br \/>\nN\u00famero de tirantes: doble<br \/>\nM\u00e9todo de cierre: cremallera<br \/>\nPatr\u00f3n: liso<br \/>\nOcasi\u00f3n: diario, ocio, compras, viajes<br \/>\nFunci\u00f3n: bandolera, bolso de mano, mochila<br \/>\nColor: Blanco, Negro, Morado, Beige<\/p>\n<p>Nota:<br \/>\nDebido a los diferentes monitores y efectos de la luz, el color real del art\u00edculo puede ser ligeramente diferente del color mostrado en las im\u00e1genes. Gracias.<br \/>\nPor favor, permita 1-2 cm de desviaci\u00f3n de medici\u00f3n debido a la medici\u00f3n manual.Fashion Women Solid Color Backpack Female Casual Nylon Knapsack Preppy Style School Travel Mini Rucksacks<br \/>\nCaracter\u00edstica:<br \/>\nMochila femenina.<br \/>\nMaterial de nylon, dise\u00f1o de color puro.<br \/>\nA la moda, con estilo y duradero.<\/p>\n<p>Especificaci\u00f3n:<br \/>\nNombre del producto: Moda casual color s\u00f3lido nylon mini mochila mochila de viaje<br \/>\nMaterial principal: nailon<br \/>\nTama\u00f1o: 230*180*90mm\/9.06*7.09*3.54\u2033; Longitud de la correa de hombro 80cm\/31.5\u2033.<br \/>\n(Los tirantes no son ajustables).<br \/>\nAdecuado para el p\u00fablico: mujeres, ni\u00f1os<br \/>\nN\u00famero de tirantes: doble<br \/>\nM\u00e9todo de cierre: cremallera<br \/>\nPatr\u00f3n: liso<br \/>\nOcasi\u00f3n: diario, ocio, compras, viajes<br \/>\nFunci\u00f3n: bandolera, bolso de mano, mochila<br \/>\nColor: Blanco, Negro, Morado, Beige<\/p>\n<p>Nota:<br \/>\nDebido a los diferentes monitores y efectos de la luz, el color real del art\u00edculo puede ser ligeramente diferente del color mostrado en las im\u00e1genes. Gracias.<br \/>\nPor favor, permita 1-2 cm de desviaci\u00f3n de medici\u00f3n debido a la medici\u00f3n manual.Fashion Women Solid Color Backpack Female Casual Nylon Knapsack Preppy Style School Travel Mini Rucksacks<br \/>\nCaracter\u00edstica:<br \/>\nMochila femenina.<br \/>\nMaterial de nylon, dise\u00f1o de color puro.<br \/>\nA la moda, con estilo y duradero.<\/p>\n<p>Especificaci\u00f3n:<br \/>\nNombre del producto: Moda casual color s\u00f3lido nylon mini mochila mochila de viaje<br \/>\nMaterial principal: nailon<br \/>\nTama\u00f1o: 230*180*90mm\/9.06*7.09*3.54\u2033; Longitud de la correa de hombro 80cm\/31.5\u2033.<br \/>\n(Los tirantes no son ajustables).<br \/>\nAdecuado para el p\u00fablico: mujeres, ni\u00f1os<br \/>\nN\u00famero de tirantes: doble<br \/>\nM\u00e9todo de cierre: cremallera<br \/>\nPatr\u00f3n: liso<br \/>\nOcasi\u00f3n: diario, ocio, compras, viajes<br \/>\nFunci\u00f3n: bandolera, bolso de mano, mochila<br \/>\nColor: Blanco, Negro, Morado, Beige<\/p>\n<p>Nota:<br \/>\nDebido a los diferentes monitores y efectos de la luz, el color real del art\u00edculo puede ser ligeramente diferente del color mostrado en las im\u00e1genes. Gracias.<br \/>\nPor favor, permita 1-2 cm de desviaci\u00f3n de medici\u00f3n debido a la medici\u00f3n manual.Fashion Women Solid Color Backpack Female Casual Nylon Knapsack Preppy Style School Travel Mini Rucksacks<br \/>\nCaracter\u00edstica:<br \/>\nMochila femenina.<br \/>\nMaterial de nylon, dise\u00f1o de color puro.<br \/>\nA la moda, con estilo y duradero.<\/p>\n<p>Especificaci\u00f3n:<br \/>\nNombre del producto: Moda casual color s\u00f3lido nylon mini mochila mochila de viaje<br \/>\nMaterial principal: nailon<br \/>\nTama\u00f1o: 230*180*90mm\/9.06*7.09*3.54\u2033; Longitud de la correa de hombro 80cm\/31.5\u2033.<br \/>\n(Los tirantes no son ajustables).<br \/>\nAdecuado para el p\u00fablico: mujeres, ni\u00f1os<br \/>\nN\u00famero de tirantes: doble<br \/>\nM\u00e9todo de cierre: cremallera<br \/>\nPatr\u00f3n: liso<br \/>\nOcasi\u00f3n: diario, ocio, compras, viajes<br \/>\nFunci\u00f3n: bandolera, bolso de mano, mochila<br \/>\nColor: Blanco, Negro, Morado, Beige<\/p>\n<p>Nota:<br \/>\nDebido a los diferentes monitores y efectos de la luz, el color real del art\u00edculo puede ser ligeramente diferente del color mostrado en las im\u00e1genes. Gracias.<br \/>\nPor favor, permita 1-2cm desviaci\u00f3n de medici\u00f3n debido a la medici\u00f3n manual.<br \/>1 X Mochila de mujer1 X Mochila de mujer1 X Mochila de mujer1 X Mochila de mujer1 X Mochila de mujer<\/p>","protected":false},"excerpt":{"rendered":"<p>Fashion Women Solid Color Backpack Female Casual Nylon Knapsack Preppy Style School Travel Mini Rucksacks Feature: Female backpack. Nylon material, [&hellip;]<\/p>","protected":false},"featured_media":1323,"template":"","meta":{"site-sidebar-layout":"default","site-content-layout":"","ast-site-content-layout":"","site-content-style":"default","site-sidebar-style":"default","ast-global-header-display":"","ast-banner-title-visibility":"","ast-main-header-display":"","ast-hfb-above-header-display":"","ast-hfb-below-header-display":"","ast-hfb-mobile-header-display":"","site-post-title":"","ast-breadcrumbs-content":"","ast-featured-img":"","footer-sml-layout":"","theme-transparent-header-meta":"","adv-header-id-meta":"","stick-header-meta":"","header-above-stick-meta":"","header-main-stick-meta":"","header-below-stick-meta":"","astra-migrate-meta-layouts":"default","ast-page-background-enabled":"default","ast-page-background-meta":{"desktop":{"background-color":"var(--ast-global-color-4)","background-image":"","background-repeat":"repeat","background-position":"center center","background-size":"auto","background-attachment":"scroll","background-type":"","background-media":"","overlay-type":"","overlay-color":"","overlay-gradient":""},"tablet":{"background-color":"","background-image":"","background-repeat":"repeat","background-position":"center center","background-size":"auto","background-attachment":"scroll","background-type":"","background-media":"","overlay-type":"","overlay-color":"","overlay-gradient":""},"mobile":{"background-color":"","background-image":"","background-repeat":"repeat","background-position":"center center","background-size":"auto","background-attachment":"scroll","background-type":"","background-media":"","overlay-type":"","overlay-color":"","overlay-gradient":""}},"ast-content-background-meta":{"desktop":{"background-color":"var(--ast-global-color-5)","background-image":"","background-repeat":"repeat","background-position":"center center","background-size":"auto","background-attachment":"scroll","background-type":"","background-media":"","overlay-type":"","overlay-color":"","overlay-gradient":""},"tablet":{"background-color":"var(--ast-global-color-5)","background-image":"","background-repeat":"repeat","background-position":"center center","background-size":"auto","background-attachment":"scroll","background-type":"","background-media":"","overlay-type":"","overlay-color":"","overlay-gradient":""},"mobile":{"background-color":"var(--ast-global-color-5)","background-image":"","background-repeat":"repeat","background-position":"center center","background-size":"auto","background-attachment":"scroll","background-type":"","background-media":"","overlay-type":"","overlay-color":"","overlay-gradient":""}}},"product_brand":[],"product_cat":[22],"product_tag":[],"class_list":{"0":"post-960","1":"product","2":"type-product","3":"status-publish","4":"has-post-thumbnail","6":"product_cat-backpacks","7":"pa_color-beige","8":"pa_color-black","9":"pa_color-purple","10":"pa_color-white","11":"pa_ships-from-china","12":"desktop-align-center","13":"tablet-align-left","14":"mobile-align-left","16":"first","17":"instock","18":"shipping-taxable","19":"purchasable","20":"product-type-variable"},"_links":{"self":[{"href":"https:\/\/baosikai.com\/es\/wp-json\/wp\/v2\/product\/960","targetHints":{"allow":["GET"]}}],"collection":[{"href":"https:\/\/baosikai.com\/es\/wp-json\/wp\/v2\/product"}],"about":[{"href":"https:\/\/baosikai.com\/es\/wp-json\/wp\/v2\/types\/product"}],"wp:featuredmedia":[{"embeddable":true,"href":"https:\/\/baosikai.com\/es\/wp-json\/wp\/v2\/media\/1323"}],"wp:attachment":[{"href":"https:\/\/baosikai.com\/es\/wp-json\/wp\/v2\/media?parent=960"}],"wp:term":[{"taxonomy":"product_brand","embeddable":true,"href":"https:\/\/baosikai.com\/es\/wp-json\/wp\/v2\/product_brand?post=960"},{"taxonomy":"product_cat","embeddable":true,"href":"https:\/\/baosikai.com\/es\/wp-json\/wp\/v2\/product_cat?post=960"},{"taxonomy":"product_tag","embeddable":true,"href":"https:\/\/baosikai.com\/es\/wp-json\/wp\/v2\/product_tag?post=960"}],"curies":[{"name":"wp","href":"https:\/\/api.w.org\/{rel}","templated":true}]}}