{"id":961,"date":"2024-04-15T09:16:09","date_gmt":"2024-04-15T09:16:09","guid":{"rendered":"http:\/\/baosikai.com\/?post_type=product&#038;p=961"},"modified":"2024-06-27T08:26:44","modified_gmt":"2024-06-27T08:26:44","slug":"travel-backpack-mountaineering-bag","status":"publish","type":"product","link":"https:\/\/baosikai.com\/es\/producto\/travel-backpack-mountaineering-bag\/","title":{"rendered":"Mochila de viaje Bolsa de monta\u00f1ismo"},"content":{"rendered":"<p>40L alpinismo bolsas de gran capacidad de poli\u00e9ster de ciclismo mochila con cinta reflectante hombres mujeres conveniente para el almacenamiento de escalada<br \/>\nCaracter\u00edstica:<br \/>\n1. F\u00e1cil de llevar: C\u00f3modo dise\u00f1o del mango, aliviar eficazmente la fatiga de la mano.<br \/>\n2. Dise\u00f1o de la cremallera: Dise\u00f1o de cremallera doble de metal, fuerte y duradero, no es f\u00e1cil de oxidar.<br \/>\n3. Pr\u00e1ctico: La bolsa tiene un pr\u00e1ctico dise\u00f1o de bolsillo frontal, y la bolsa tiene un pr\u00e1ctico bolsillo lateral, que se puede utilizar para poner bebidas y otros art\u00edculos, que es conveniente y pr\u00e1ctico.<br \/>\n4. Duradera: Cinchas resistentes, soportan bien la carga y no son f\u00e1ciles de romper.<br \/>\n5. Cinta reflectante: Cinta reflectante en la noche, con alto brillo, puede ser visto por otros cuando se viaja por la noche, lo que es m\u00e1s seguro.<\/p>\n<p>Especificaci\u00f3n:<br \/>\nG\u00e9nero: Unisex<br \/>\nN\u00famero de modelo: Bolsas de exterior<br \/>\nFunci\u00f3n: Almacenamiento<br \/>\nNombre del producto: Outdoor Bag<br \/>\nMaterial del producto: Poli\u00e9ster<br \/>\nColor del producto (opcional): rojo, verde, negro, naranja, azul cielo<br \/>\nTama\u00f1o del producto: About 30x19x51cm\/11.81\u00d77.48\u00d720.07inch<\/p>\n<p>Nota:<br \/>\nDebido a los diferentes monitores y efectos de la luz, el color real del art\u00edculo puede ser ligeramente diferente del color mostrado en las im\u00e1genes. Gracias.<br \/>\nPor favor, permita 1-2cm desviaci\u00f3n de medici\u00f3n debido a la medici\u00f3n manual.<br \/>1 x Bolsa de exterior<\/p>","protected":false},"excerpt":{"rendered":"<p>40L Mountaineering Bags Large-capacity Polyester Cycling Knapsack with Reflective Tape Men Women Convenient for Climbing Storage Feature: 1. Easy to [&hellip;]<\/p>","protected":false},"featured_media":1358,"template":"","meta":{"site-sidebar-layout":"default","site-content-layout":"","ast-site-content-layout":"","site-content-style":"default","site-sidebar-style":"default","ast-global-header-display":"","ast-banner-title-visibility":"","ast-main-header-display":"","ast-hfb-above-header-display":"","ast-hfb-below-header-display":"","ast-hfb-mobile-header-display":"","site-post-title":"","ast-breadcrumbs-content":"","ast-featured-img":"","footer-sml-layout":"","theme-transparent-header-meta":"","adv-header-id-meta":"","stick-header-meta":"","header-above-stick-meta":"","header-main-stick-meta":"","header-below-stick-meta":"","astra-migrate-meta-layouts":"default","ast-page-background-enabled":"default","ast-page-background-meta":{"desktop":{"background-color":"var(--ast-global-color-4)","background-image":"","background-repeat":"repeat","background-position":"center center","background-size":"auto","background-attachment":"scroll","background-type":"","background-media":"","overlay-type":"","overlay-color":"","overlay-gradient":""},"tablet":{"background-color":"","background-image":"","background-repeat":"repeat","background-position":"center center","background-size":"auto","background-attachment":"scroll","background-type":"","background-media":"","overlay-type":"","overlay-color":"","overlay-gradient":""},"mobile":{"background-color":"","background-image":"","background-repeat":"repeat","background-position":"center center","background-size":"auto","background-attachment":"scroll","background-type":"","background-media":"","overlay-type":"","overlay-color":"","overlay-gradient":""}},"ast-content-background-meta":{"desktop":{"background-color":"var(--ast-global-color-5)","background-image":"","background-repeat":"repeat","background-position":"center center","background-size":"auto","background-attachment":"scroll","background-type":"","background-media":"","overlay-type":"","overlay-color":"","overlay-gradient":""},"tablet":{"background-color":"var(--ast-global-color-5)","background-image":"","background-repeat":"repeat","background-position":"center center","background-size":"auto","background-attachment":"scroll","background-type":"","background-media":"","overlay-type":"","overlay-color":"","overlay-gradient":""},"mobile":{"background-color":"var(--ast-global-color-5)","background-image":"","background-repeat":"repeat","background-position":"center center","background-size":"auto","background-attachment":"scroll","background-type":"","background-media":"","overlay-type":"","overlay-color":"","overlay-gradient":""}}},"product_brand":[],"product_cat":[22],"product_tag":[],"class_list":{"0":"post-961","1":"product","2":"type-product","3":"status-publish","4":"has-post-thumbnail","6":"product_cat-backpacks","7":"pa_color-black","8":"pa_color-green","9":"pa_color-orange","10":"pa_color-red","11":"pa_color-sky-blue","12":"pa_ships-from-china","13":"desktop-align-center","14":"tablet-align-left","15":"mobile-align-left","17":"first","18":"instock","19":"shipping-taxable","20":"purchasable","21":"product-type-variable"},"_links":{"self":[{"href":"https:\/\/baosikai.com\/es\/wp-json\/wp\/v2\/product\/961","targetHints":{"allow":["GET"]}}],"collection":[{"href":"https:\/\/baosikai.com\/es\/wp-json\/wp\/v2\/product"}],"about":[{"href":"https:\/\/baosikai.com\/es\/wp-json\/wp\/v2\/types\/product"}],"wp:featuredmedia":[{"embeddable":true,"href":"https:\/\/baosikai.com\/es\/wp-json\/wp\/v2\/media\/1358"}],"wp:attachment":[{"href":"https:\/\/baosikai.com\/es\/wp-json\/wp\/v2\/media?parent=961"}],"wp:term":[{"taxonomy":"product_brand","embeddable":true,"href":"https:\/\/baosikai.com\/es\/wp-json\/wp\/v2\/product_brand?post=961"},{"taxonomy":"product_cat","embeddable":true,"href":"https:\/\/baosikai.com\/es\/wp-json\/wp\/v2\/product_cat?post=961"},{"taxonomy":"product_tag","embeddable":true,"href":"https:\/\/baosikai.com\/es\/wp-json\/wp\/v2\/product_tag?post=961"}],"curies":[{"name":"wp","href":"https:\/\/api.w.org\/{rel}","templated":true}]}}