{"id":962,"date":"2024-04-15T09:16:10","date_gmt":"2024-04-15T09:16:10","guid":{"rendered":"http:\/\/baosikai.com\/?post_type=product&#038;p=962"},"modified":"2024-06-27T08:26:18","modified_gmt":"2024-06-27T08:26:18","slug":"pu-backpacks-women-small-capacity-travel-bag","status":"publish","type":"product","link":"https:\/\/baosikai.com\/es\/producto\/pu-backpacks-women-small-capacity-travel-bag\/","title":{"rendered":"Pu Mochilas Mujeres Peque\u00f1a Capacidad Bolsa de Viaje"},"content":{"rendered":"<p>100% Nuevo y de alta calidadtama\u00f1o\uff1aLongitud inferior 22cm, altura 24cm, anchura 13cm, error: 1cm<br \/>[MATERIAL] Utilizamos el artifical (PU) para esta bolsa, suave, c\u00f3modo, seguro, inodoro y de alta gama. Cuando se toca la bolsa, El forro es duradero y suave, no es f\u00e1cil de usar o romper. P\u00f3ngalo en un lugar seco, fresco y ventilado, y evitar la exposici\u00f3n a productos qu\u00edmicos, los picos y el lugar caliente, esperar a limpiar con un pa\u00f1o suave y seco cuando tiene manchas.<br \/>\n[CAPACIDAD] Es un lindo mini mochila para las ni\u00f1as y las mujeres, que se utiliza para todos los d\u00edas, ir de compras, excursiones de un d\u00eda y viajes cortos. Puede contener sus carteras, llaves, tel\u00e9fonos m\u00f3viles, maquillaje y otros accesorios peque\u00f1os y cosas, pero no puede caber para el iPad y el ordenador port\u00e1til.<br \/>\n[SERVICIO POST-VENTA] Estamos seguros de que usted estar\u00e1 satisfecho con su mochila, pero si por alguna usted no est\u00e1 satisfecho con su compra, o si tiene alg\u00fan problema con el pedido, por favor amablemente h\u00e1ganoslo saber, estaremos encantados de hacerle un favor para su pregunta, la respuesta se har\u00e1 dentro de las 24 horas y el intercambio gratuito de art\u00edculo equivocado enviado o art\u00edculo da\u00f1ado<\/p>","protected":false},"excerpt":{"rendered":"<p>100% Brand New And High Qualitysize\uff1aBottom length 22cm, height 24cm, width 13cm, error: 1cm[MATERIAL] We use the artifical(PU) for this [&hellip;]<\/p>","protected":false},"featured_media":1398,"template":"","meta":{"site-sidebar-layout":"default","site-content-layout":"","ast-site-content-layout":"","site-content-style":"default","site-sidebar-style":"default","ast-global-header-display":"","ast-banner-title-visibility":"","ast-main-header-display":"","ast-hfb-above-header-display":"","ast-hfb-below-header-display":"","ast-hfb-mobile-header-display":"","site-post-title":"","ast-breadcrumbs-content":"","ast-featured-img":"","footer-sml-layout":"","theme-transparent-header-meta":"","adv-header-id-meta":"","stick-header-meta":"","header-above-stick-meta":"","header-main-stick-meta":"","header-below-stick-meta":"","astra-migrate-meta-layouts":"default","ast-page-background-enabled":"default","ast-page-background-meta":{"desktop":{"background-color":"var(--ast-global-color-4)","background-image":"","background-repeat":"repeat","background-position":"center center","background-size":"auto","background-attachment":"scroll","background-type":"","background-media":"","overlay-type":"","overlay-color":"","overlay-gradient":""},"tablet":{"background-color":"","background-image":"","background-repeat":"repeat","background-position":"center center","background-size":"auto","background-attachment":"scroll","background-type":"","background-media":"","overlay-type":"","overlay-color":"","overlay-gradient":""},"mobile":{"background-color":"","background-image":"","background-repeat":"repeat","background-position":"center center","background-size":"auto","background-attachment":"scroll","background-type":"","background-media":"","overlay-type":"","overlay-color":"","overlay-gradient":""}},"ast-content-background-meta":{"desktop":{"background-color":"var(--ast-global-color-5)","background-image":"","background-repeat":"repeat","background-position":"center center","background-size":"auto","background-attachment":"scroll","background-type":"","background-media":"","overlay-type":"","overlay-color":"","overlay-gradient":""},"tablet":{"background-color":"var(--ast-global-color-5)","background-image":"","background-repeat":"repeat","background-position":"center center","background-size":"auto","background-attachment":"scroll","background-type":"","background-media":"","overlay-type":"","overlay-color":"","overlay-gradient":""},"mobile":{"background-color":"var(--ast-global-color-5)","background-image":"","background-repeat":"repeat","background-position":"center center","background-size":"auto","background-attachment":"scroll","background-type":"","background-media":"","overlay-type":"","overlay-color":"","overlay-gradient":""}}},"product_brand":[],"product_cat":[22],"product_tag":[],"class_list":{"0":"post-962","1":"product","2":"type-product","3":"status-publish","4":"has-post-thumbnail","6":"product_cat-backpacks","7":"pa_color-black","8":"pa_color-pink","9":"pa_color-white","10":"desktop-align-center","11":"tablet-align-left","12":"mobile-align-left","14":"first","15":"instock","16":"shipping-taxable","17":"purchasable","18":"product-type-variable"},"_links":{"self":[{"href":"https:\/\/baosikai.com\/es\/wp-json\/wp\/v2\/product\/962","targetHints":{"allow":["GET"]}}],"collection":[{"href":"https:\/\/baosikai.com\/es\/wp-json\/wp\/v2\/product"}],"about":[{"href":"https:\/\/baosikai.com\/es\/wp-json\/wp\/v2\/types\/product"}],"wp:featuredmedia":[{"embeddable":true,"href":"https:\/\/baosikai.com\/es\/wp-json\/wp\/v2\/media\/1398"}],"wp:attachment":[{"href":"https:\/\/baosikai.com\/es\/wp-json\/wp\/v2\/media?parent=962"}],"wp:term":[{"taxonomy":"product_brand","embeddable":true,"href":"https:\/\/baosikai.com\/es\/wp-json\/wp\/v2\/product_brand?post=962"},{"taxonomy":"product_cat","embeddable":true,"href":"https:\/\/baosikai.com\/es\/wp-json\/wp\/v2\/product_cat?post=962"},{"taxonomy":"product_tag","embeddable":true,"href":"https:\/\/baosikai.com\/es\/wp-json\/wp\/v2\/product_tag?post=962"}],"curies":[{"name":"wp","href":"https:\/\/api.w.org\/{rel}","templated":true}]}}