{"id":963,"date":"2024-04-15T09:16:11","date_gmt":"2024-04-15T09:16:11","guid":{"rendered":"http:\/\/baosikai.com\/?post_type=product&#038;p=963"},"modified":"2024-06-27T08:25:34","modified_gmt":"2024-06-27T08:25:34","slug":"mini-fashion-corduroy-womens-backpack-tiny-simple-casual-bag","status":"publish","type":"product","link":"https:\/\/baosikai.com\/es\/producto\/mini-fashion-corduroy-womens-backpack-tiny-simple-casual-bag\/","title":{"rendered":"Mini mochila de pana de moda para mujer Tiny Simple Casual Bag"},"content":{"rendered":"<p>100% Nuevo y de alta calidadMaterial: pana<br \/>Color: Negro\uff0cBeige\uff0cP\u00farpura\uff0cMarr\u00f3n oscuro<br \/>\nTalla: Largo: Ancho superior:19cm, ancho inferior:19cm, altura:23cm, grosor:9cm, altura de la ca\u00f1a;8cm, bandolera:120xm, error:1cm<br \/>\nEl paquete incluye: 1 unidad<br \/>\nSobre el color\uff1a<br \/>\nDebido a la diferencia de color de la pantalla del ordenador, especialmente la diferencia de color entre la pantalla CRT y la pantalla LCD,<br \/>\nno garantizamos que el color de nuestro producto sea exactamente el mismo que el de la foto que ve, \u00a1esperamos que lo entienda!<br \/>\n1. Por favor, compruebe la tabla de tallas cuidadosamente antes de comprar el art\u00edculo, si usted no sabe c\u00f3mo elegir el tama\u00f1o, por favor p\u00f3ngase en contacto con nuestro servicio al cliente<br \/>\n2. Por favor, permita 2-3cm diferencias debido a la medici\u00f3n manual. (1cm=0.39inch, 1 inch=2.54cm)<\/p>","protected":false},"excerpt":{"rendered":"<p>100% Brand New And High QualityMaterial: corduroyColor: Black\uff0cBeige\uff0cPurple\uff0cDark brown Size: Length: Upper width:19cm, lower width:19cm, height:23cm, thickness:9cm, shank height;8cm, shoulder [&hellip;]<\/p>","protected":false},"featured_media":1416,"template":"","meta":{"site-sidebar-layout":"default","site-content-layout":"","ast-site-content-layout":"","site-content-style":"default","site-sidebar-style":"default","ast-global-header-display":"","ast-banner-title-visibility":"","ast-main-header-display":"","ast-hfb-above-header-display":"","ast-hfb-below-header-display":"","ast-hfb-mobile-header-display":"","site-post-title":"","ast-breadcrumbs-content":"","ast-featured-img":"","footer-sml-layout":"","theme-transparent-header-meta":"","adv-header-id-meta":"","stick-header-meta":"","header-above-stick-meta":"","header-main-stick-meta":"","header-below-stick-meta":"","astra-migrate-meta-layouts":"default","ast-page-background-enabled":"default","ast-page-background-meta":{"desktop":{"background-color":"var(--ast-global-color-4)","background-image":"","background-repeat":"repeat","background-position":"center center","background-size":"auto","background-attachment":"scroll","background-type":"","background-media":"","overlay-type":"","overlay-color":"","overlay-gradient":""},"tablet":{"background-color":"","background-image":"","background-repeat":"repeat","background-position":"center center","background-size":"auto","background-attachment":"scroll","background-type":"","background-media":"","overlay-type":"","overlay-color":"","overlay-gradient":""},"mobile":{"background-color":"","background-image":"","background-repeat":"repeat","background-position":"center center","background-size":"auto","background-attachment":"scroll","background-type":"","background-media":"","overlay-type":"","overlay-color":"","overlay-gradient":""}},"ast-content-background-meta":{"desktop":{"background-color":"var(--ast-global-color-5)","background-image":"","background-repeat":"repeat","background-position":"center center","background-size":"auto","background-attachment":"scroll","background-type":"","background-media":"","overlay-type":"","overlay-color":"","overlay-gradient":""},"tablet":{"background-color":"var(--ast-global-color-5)","background-image":"","background-repeat":"repeat","background-position":"center center","background-size":"auto","background-attachment":"scroll","background-type":"","background-media":"","overlay-type":"","overlay-color":"","overlay-gradient":""},"mobile":{"background-color":"var(--ast-global-color-5)","background-image":"","background-repeat":"repeat","background-position":"center center","background-size":"auto","background-attachment":"scroll","background-type":"","background-media":"","overlay-type":"","overlay-color":"","overlay-gradient":""}}},"product_brand":[],"product_cat":[22],"product_tag":[],"class_list":{"0":"post-963","1":"product","2":"type-product","3":"status-publish","4":"has-post-thumbnail","6":"product_cat-backpacks","7":"pa_color-beige","8":"pa_color-black","9":"pa_color-dark-brown","10":"pa_color-purple","11":"desktop-align-center","12":"tablet-align-left","13":"mobile-align-left","15":"first","16":"instock","17":"shipping-taxable","18":"purchasable","19":"product-type-variable"},"_links":{"self":[{"href":"https:\/\/baosikai.com\/es\/wp-json\/wp\/v2\/product\/963","targetHints":{"allow":["GET"]}}],"collection":[{"href":"https:\/\/baosikai.com\/es\/wp-json\/wp\/v2\/product"}],"about":[{"href":"https:\/\/baosikai.com\/es\/wp-json\/wp\/v2\/types\/product"}],"wp:featuredmedia":[{"embeddable":true,"href":"https:\/\/baosikai.com\/es\/wp-json\/wp\/v2\/media\/1416"}],"wp:attachment":[{"href":"https:\/\/baosikai.com\/es\/wp-json\/wp\/v2\/media?parent=963"}],"wp:term":[{"taxonomy":"product_brand","embeddable":true,"href":"https:\/\/baosikai.com\/es\/wp-json\/wp\/v2\/product_brand?post=963"},{"taxonomy":"product_cat","embeddable":true,"href":"https:\/\/baosikai.com\/es\/wp-json\/wp\/v2\/product_cat?post=963"},{"taxonomy":"product_tag","embeddable":true,"href":"https:\/\/baosikai.com\/es\/wp-json\/wp\/v2\/product_tag?post=963"}],"curies":[{"name":"wp","href":"https:\/\/api.w.org\/{rel}","templated":true}]}}