{"id":967,"date":"2024-04-15T09:16:20","date_gmt":"2024-04-15T09:16:20","guid":{"rendered":"http:\/\/baosikai.com\/?post_type=product&#038;p=967"},"modified":"2024-06-27T08:22:21","modified_gmt":"2024-06-27T08:22:21","slug":"oxford-daypack-with-shoe-compartment","status":"publish","type":"product","link":"https:\/\/baosikai.com\/es\/producto\/oxford-daypack-with-shoe-compartment\/","title":{"rendered":"Mochila Oxford con compartimento para zapatos"},"content":{"rendered":"<p>(color negro\/rosa\/beige\/azul claro\/violeta\/azul pavo real\/verde bosque)-Mochila de negocios<\/p>\n<p>\tMochila de negocios Oxford con bolsillo y compartimento para zapatos Mochila de viaje de gran capacidad Aprobada para vuelo Mochila casual impermeable<\/p>\n<p>\tCaracter\u00edsticas:<br \/>\n1.Expansi\u00f3n de m\u00faltiples bolsillos y almacenamiento organizado: Nuestra mochila de viaje para exteriores ofrece numerosos bolsillos que se expanden f\u00e1cilmente para guardar todos tus objetos esenciales diarios. Con sus compartimentos bien dise\u00f1ados, puedes organizar ordenadamente tus pertenencias sin necesidad de rebuscar en tu mochila. Esta mochila cuenta con compartimentos separados para art\u00edculos h\u00famedos y secos, lo que garantiza que la ropa sudada o las toallas h\u00famedas se mantengan separadas del resto de sus pertenencias. Ya no tendr\u00e1s que preocuparte de que los malos olores o la humedad afecten al resto de tus objetos.<br \/>\n2.Compartimento ventilado para zapatos: Di adi\u00f3s a los zapatos malolientes que arruinan la frescura de tu mochila. Esta mochila de gran capacidad incluye un compartimento ventilado espec\u00edfico para zapatos, que permite que tus zapatos respiren, evita la acumulaci\u00f3n de olores y mantiene tu mochila limpia e higi\u00e9nica.<br \/>\n3.Puerto de carga USB externo: Mant\u00e9n tus dispositivos cargados mientras viajas. Nuestra mochila de viaje viene con un puerto de carga USB externo, que le permite cargar c\u00f3modamente su tel\u00e9fono u otros dispositivos electr\u00f3nicos sin tener que abrir la bolsa. Mantente conectado y entretenido durante todo el viaje.<br \/>\n4.Bolsillo aislado para botella de agua y parag\u00fcero: Mantente hidratado y preparado para cualquier clima. El bolsillo lateral est\u00e1 especialmente dise\u00f1ado para guardar tu botella de agua de forma segura, mientras que el parag\u00fcero mantiene tu paraguas plegable accesible para los chaparrones inesperados. Disfruta de la comodidad de tener las manos libres y de un f\u00e1cil acceso a los art\u00edculos esenciales.<br \/>\n5.C\u00f3modo dise\u00f1o para viajar: Con su tapa abatible estilo maleta y su dise\u00f1o de apertura de 180\u00b0, esta s\u00f3lida mochila permite hacer el equipaje sin complicaciones y acceder f\u00e1cilmente a sus pertenencias. El compartimento engrosado para el port\u00e1til se adapta c\u00f3modamente a un port\u00e1til de 15,6 pulgadas, ofreci\u00e9ndole una protecci\u00f3n segura durante sus viajes. Adem\u00e1s, la interfaz USB externa le permite cargar c\u00f3modamente sus dispositivos y mantenerlos cargados incluso durante los viajes largos.<\/p>\n<p>Especificaci\u00f3n:<br \/>\nOrigen: China continental<br \/>\nTipo de art\u00edculo: Mochilas<br \/>\nMaterial principal: Oxford<br \/>\nG\u00e9nero: Unisex<br \/>\nTipo de estampado: S\u00f3lido<br \/>\nTipo de cierre: cremallera<br \/>\nMaterial del forro: Poli\u00e9ster<br \/>\nCapacidad: 20-35 litros<br \/>\nEstilo: Casual<\/p>\n<p>\tLugar de origen: China (continental)<\/p>\n<p>\tMaterial: Tela Oxford<br \/>\nColor del producto: Negro, Rosa, Beige, Azul claro, Morado claro, Azul pavo real, Verde bosque, Gris<br \/>\nTama\u00f1o del producto: 420x170x310 mm\/16,54\u00d712,2\u00d76,69 pulgadas<\/p>\n<p>\tNota:<br \/>\nDebido a los diferentes monitores y efectos de la luz, el color real del art\u00edculo puede ser ligeramente diferente del color mostrado en las im\u00e1genes. Gracias.<br \/>\nPor favor, permita 1-2cm desviaci\u00f3n de medici\u00f3n debido a la medici\u00f3n manual.<\/p>\n<p>ProductoIncluido<br \/>\ncolor negro\uff1a1x Mochila<br \/>\ncolor rosa\uff1a1x Mochila<br \/>\nMochila Beige\uff1a1x<br \/>\nAZUL CLARO\uff1a1x Mochila<br \/>\ncolor morado\uff1a1x Mochila<br \/>\nazul pavo real\uff1a1x Mochila<br \/>\nverde bosque\uff1a1x Mochila<\/p>","protected":false},"excerpt":{"rendered":"<p>(black color\/pink color\/Beige\/LIGHT BLUE\/purple color\/peacock blue\/forest green)&#8211;Business Backpack Oxford Business Backpack with Pocket &amp; Shoe Compartment Large Capacity Travel Daypack [&hellip;]<\/p>","protected":false},"featured_media":1532,"template":"","meta":{"site-sidebar-layout":"default","site-content-layout":"","ast-site-content-layout":"","site-content-style":"default","site-sidebar-style":"default","ast-global-header-display":"","ast-banner-title-visibility":"","ast-main-header-display":"","ast-hfb-above-header-display":"","ast-hfb-below-header-display":"","ast-hfb-mobile-header-display":"","site-post-title":"","ast-breadcrumbs-content":"","ast-featured-img":"","footer-sml-layout":"","theme-transparent-header-meta":"","adv-header-id-meta":"","stick-header-meta":"","header-above-stick-meta":"","header-main-stick-meta":"","header-below-stick-meta":"","astra-migrate-meta-layouts":"default","ast-page-background-enabled":"default","ast-page-background-meta":{"desktop":{"background-color":"var(--ast-global-color-4)","background-image":"","background-repeat":"repeat","background-position":"center center","background-size":"auto","background-attachment":"scroll","background-type":"","background-media":"","overlay-type":"","overlay-color":"","overlay-gradient":""},"tablet":{"background-color":"","background-image":"","background-repeat":"repeat","background-position":"center center","background-size":"auto","background-attachment":"scroll","background-type":"","background-media":"","overlay-type":"","overlay-color":"","overlay-gradient":""},"mobile":{"background-color":"","background-image":"","background-repeat":"repeat","background-position":"center center","background-size":"auto","background-attachment":"scroll","background-type":"","background-media":"","overlay-type":"","overlay-color":"","overlay-gradient":""}},"ast-content-background-meta":{"desktop":{"background-color":"var(--ast-global-color-5)","background-image":"","background-repeat":"repeat","background-position":"center center","background-size":"auto","background-attachment":"scroll","background-type":"","background-media":"","overlay-type":"","overlay-color":"","overlay-gradient":""},"tablet":{"background-color":"var(--ast-global-color-5)","background-image":"","background-repeat":"repeat","background-position":"center center","background-size":"auto","background-attachment":"scroll","background-type":"","background-media":"","overlay-type":"","overlay-color":"","overlay-gradient":""},"mobile":{"background-color":"var(--ast-global-color-5)","background-image":"","background-repeat":"repeat","background-position":"center center","background-size":"auto","background-attachment":"scroll","background-type":"","background-media":"","overlay-type":"","overlay-color":"","overlay-gradient":""}}},"product_brand":[],"product_cat":[22],"product_tag":[],"class_list":{"0":"post-967","1":"product","2":"type-product","3":"status-publish","4":"has-post-thumbnail","6":"product_cat-backpacks","7":"pa_color-beige","8":"pa_color-black-color","9":"pa_color-forest-green","10":"pa_color-light-blue","11":"pa_color-peacock-blue","12":"pa_color-pink-color","13":"pa_color-purple-color","14":"pa_ships-from-china","15":"desktop-align-center","16":"tablet-align-left","17":"mobile-align-left","19":"first","20":"instock","21":"shipping-taxable","22":"purchasable","23":"product-type-variable"},"_links":{"self":[{"href":"https:\/\/baosikai.com\/es\/wp-json\/wp\/v2\/product\/967","targetHints":{"allow":["GET"]}}],"collection":[{"href":"https:\/\/baosikai.com\/es\/wp-json\/wp\/v2\/product"}],"about":[{"href":"https:\/\/baosikai.com\/es\/wp-json\/wp\/v2\/types\/product"}],"wp:featuredmedia":[{"embeddable":true,"href":"https:\/\/baosikai.com\/es\/wp-json\/wp\/v2\/media\/1532"}],"wp:attachment":[{"href":"https:\/\/baosikai.com\/es\/wp-json\/wp\/v2\/media?parent=967"}],"wp:term":[{"taxonomy":"product_brand","embeddable":true,"href":"https:\/\/baosikai.com\/es\/wp-json\/wp\/v2\/product_brand?post=967"},{"taxonomy":"product_cat","embeddable":true,"href":"https:\/\/baosikai.com\/es\/wp-json\/wp\/v2\/product_cat?post=967"},{"taxonomy":"product_tag","embeddable":true,"href":"https:\/\/baosikai.com\/es\/wp-json\/wp\/v2\/product_tag?post=967"}],"curies":[{"name":"wp","href":"https:\/\/api.w.org\/{rel}","templated":true}]}}