{"id":969,"date":"2024-04-15T09:16:22","date_gmt":"2024-04-15T09:16:22","guid":{"rendered":"http:\/\/baosikai.com\/?post_type=product&#038;p=969"},"modified":"2024-06-27T08:14:28","modified_gmt":"2024-06-27T08:14:28","slug":"casual-backpack-for-camping-laptop-bag","status":"publish","type":"product","link":"https:\/\/baosikai.com\/es\/producto\/casual-backpack-for-camping-laptop-bag\/","title":{"rendered":"Mochila informal para camping Bolsa para port\u00e1til"},"content":{"rendered":"<p>Impermeable al aire libre Deportes Ocio Daypack Gran Capacidad Hombres Camping Senderismo Mochila Roll Up Mochila de negocios port\u00e1til para viajes al aire libre Camping Uso<br \/>\nCaracter\u00edstica:<br \/>\n1.Tejido impermeable y resistente a los ara\u00f1azos: Esta mochila de ocio para deportes al aire libre est\u00e1 fabricada con un tejido mejorado de primera calidad que repele eficazmente las salpicaduras accidentales y los ara\u00f1azos, manteniendo tus pertenencias seguras y secas.<br \/>\n2.Material ligero para facilitar el transporte: La mochila de camping y senderismo est\u00e1 fabricada con materiales ligeros, por lo que es m\u00e1s f\u00e1cil y c\u00f3moda de llevar. Desp\u00eddete del peso innecesario y disfruta de una experiencia sin complicaciones.<br \/>\n3.Amplia Capacidad con M\u00faltiples Compartimentos: Con su generosa capacidad y m\u00faltiples compartimentos, esta mochila para port\u00e1til de negociosproporciona un amplio espacio para todas sus pertenencias y permite un almacenamiento organizado, haciendo que encontrar los art\u00edculos sea f\u00e1cil y c\u00f3modo.<br \/>\n4.Correas de hombro ajustables para una comodidad personalizada: Las correas de los hombros de esta bolsa de ordenador impermeable son ajustables, lo que le permite personalizar la longitud y la tensi\u00f3n de acuerdo con sus preferencias y h\u00e1bitos. Disfrute de un ajuste personalizado y una comodidad \u00f3ptima.<br \/>\n5.Dise\u00f1o elegante para un uso vers\u00e1til: No s\u00f3lo es pr\u00e1ctica sino tambi\u00e9n elegante, esta mochila de viaje es adecuada para varias ocasiones. Ya sea para uso diario, viajes, trabajo o escuela, complementa su estilo al tiempo que proporciona funcionalidad y comodidad.<br \/>\nEspecificaci\u00f3n:<br \/>\nOrigen: China continental<br \/>\nTipo de art\u00edculo: Mochilas<br \/>\nDecoraci\u00f3n: Ninguno<br \/>\nSexo: Hombres<br \/>\nTipo de estampado: S\u00f3lido<br \/>\nTipo de mochilas: Tapa blanda<br \/>\nTipo de cierre: Tapa<br \/>\nMaterial del forro: Poli\u00e9ster<br \/>\nExterior: Bolsillo de limo<br \/>\nEstilo: Casual<br \/>\nTipo de asa\/correa: Asa blanda<br \/>\nMaterial: Nylon<br \/>\nColor del producto (opcional): Gris claro\/Negro\/Gris oscuro<br \/>\nTama\u00f1o del producto: 520,00\u00d7190,00\u00d7140,00 mm\/20,47\u00d77,48\u00d75,51 pulgadas<\/p>\n<p>\tNota:<br \/>\nDebido a los diferentes monitores y efectos de la luz, el color real del art\u00edculo puede ser ligeramente diferente del color mostrado en las im\u00e1genes. Gracias.<br \/>\nPor favor, permita 1-2cm desviaci\u00f3n de medici\u00f3n debido a la medici\u00f3n manual.<\/p>","protected":false},"excerpt":{"rendered":"<p>Waterproof Outdoor Sports Leisure Daypack Large Capacity Men Camping Hiking Backpack Roll Up Business Laptop Backpack for Outdoor Travel Camping [&hellip;]<\/p>","protected":false},"featured_media":1616,"template":"","meta":{"site-sidebar-layout":"default","site-content-layout":"","ast-site-content-layout":"","site-content-style":"default","site-sidebar-style":"default","ast-global-header-display":"","ast-banner-title-visibility":"","ast-main-header-display":"","ast-hfb-above-header-display":"","ast-hfb-below-header-display":"","ast-hfb-mobile-header-display":"","site-post-title":"","ast-breadcrumbs-content":"","ast-featured-img":"","footer-sml-layout":"","theme-transparent-header-meta":"","adv-header-id-meta":"","stick-header-meta":"","header-above-stick-meta":"","header-main-stick-meta":"","header-below-stick-meta":"","astra-migrate-meta-layouts":"default","ast-page-background-enabled":"default","ast-page-background-meta":{"desktop":{"background-color":"var(--ast-global-color-4)","background-image":"","background-repeat":"repeat","background-position":"center center","background-size":"auto","background-attachment":"scroll","background-type":"","background-media":"","overlay-type":"","overlay-color":"","overlay-gradient":""},"tablet":{"background-color":"","background-image":"","background-repeat":"repeat","background-position":"center center","background-size":"auto","background-attachment":"scroll","background-type":"","background-media":"","overlay-type":"","overlay-color":"","overlay-gradient":""},"mobile":{"background-color":"","background-image":"","background-repeat":"repeat","background-position":"center center","background-size":"auto","background-attachment":"scroll","background-type":"","background-media":"","overlay-type":"","overlay-color":"","overlay-gradient":""}},"ast-content-background-meta":{"desktop":{"background-color":"var(--ast-global-color-5)","background-image":"","background-repeat":"repeat","background-position":"center center","background-size":"auto","background-attachment":"scroll","background-type":"","background-media":"","overlay-type":"","overlay-color":"","overlay-gradient":""},"tablet":{"background-color":"var(--ast-global-color-5)","background-image":"","background-repeat":"repeat","background-position":"center center","background-size":"auto","background-attachment":"scroll","background-type":"","background-media":"","overlay-type":"","overlay-color":"","overlay-gradient":""},"mobile":{"background-color":"var(--ast-global-color-5)","background-image":"","background-repeat":"repeat","background-position":"center center","background-size":"auto","background-attachment":"scroll","background-type":"","background-media":"","overlay-type":"","overlay-color":"","overlay-gradient":""}}},"product_brand":[],"product_cat":[22],"product_tag":[],"class_list":{"0":"post-969","1":"product","2":"type-product","3":"status-publish","4":"has-post-thumbnail","6":"product_cat-backpacks","7":"pa_color-black","8":"pa_color-dark-grey","9":"pa_color-light-grey","10":"pa_ships-from-china","11":"desktop-align-center","12":"tablet-align-left","13":"mobile-align-left","15":"first","16":"instock","17":"shipping-taxable","18":"purchasable","19":"product-type-variable"},"_links":{"self":[{"href":"https:\/\/baosikai.com\/es\/wp-json\/wp\/v2\/product\/969","targetHints":{"allow":["GET"]}}],"collection":[{"href":"https:\/\/baosikai.com\/es\/wp-json\/wp\/v2\/product"}],"about":[{"href":"https:\/\/baosikai.com\/es\/wp-json\/wp\/v2\/types\/product"}],"wp:featuredmedia":[{"embeddable":true,"href":"https:\/\/baosikai.com\/es\/wp-json\/wp\/v2\/media\/1616"}],"wp:attachment":[{"href":"https:\/\/baosikai.com\/es\/wp-json\/wp\/v2\/media?parent=969"}],"wp:term":[{"taxonomy":"product_brand","embeddable":true,"href":"https:\/\/baosikai.com\/es\/wp-json\/wp\/v2\/product_brand?post=969"},{"taxonomy":"product_cat","embeddable":true,"href":"https:\/\/baosikai.com\/es\/wp-json\/wp\/v2\/product_cat?post=969"},{"taxonomy":"product_tag","embeddable":true,"href":"https:\/\/baosikai.com\/es\/wp-json\/wp\/v2\/product_tag?post=969"}],"curies":[{"name":"wp","href":"https:\/\/api.w.org\/{rel}","templated":true}]}}