{"id":970,"date":"2024-04-15T09:16:24","date_gmt":"2024-04-15T09:16:24","guid":{"rendered":"http:\/\/baosikai.com\/?post_type=product&#038;p=970"},"modified":"2024-06-27T08:13:16","modified_gmt":"2024-06-27T08:13:16","slug":"travel-backpack-with-shoe-bag","status":"publish","type":"product","link":"https:\/\/baosikai.com\/es\/producto\/travel-backpack-with-shoe-bag\/","title":{"rendered":"Mochila de viaje con bolsa para zapatos"},"content":{"rendered":"<p>Espaciosa y con m\u00faltiples compartimentos: La mochila de viaje BAGSMART es una vers\u00e1til mochila de mano que cuenta con un generoso tama\u00f1o de 18,1\u2033 x 12,6\u2033 x 7,5\u2033 proporcionando la friolera de 40L de capacidad. Con m\u00faltiples compartimentos que incluyen un bolsillo superior externo con cremallera, un bolsillo inferior con cremallera, un bolsillo frontal con cremallera, un compartimento independiente para el port\u00e1til y un bolsillo para botellas, esta mochila es la compa\u00f1era perfecta para los viajeros que buscan soluciones de almacenamiento eficientes.<br \/>SHOW DEL COMPRADOR<br \/>Dise\u00f1o compatible con la TSA: Dise\u00f1ada con una c\u00f3moda apertura en 180\u00b0, nuestra mochila de viaje garantiza unos controles de seguridad sin complicaciones en los aeropuertos. Su dise\u00f1o inteligente te permite acceder f\u00e1cilmente a tus pertenencias siempre que lo necesites, lo que la convierte en una mochila ideal para los amantes de los viajes.<br \/>Organ\u00edzate: Experimenta soluciones de embalaje inteligentes con el dise\u00f1o de almacenamiento inteligente de la mochila de viaje BAGSMART. Cuenta con compartimentos para la ropa, bolsillos impermeables de PVC, bolsillos de malla y dos bolsillos para calcetines para separar la ropa mojada de la seca. La bolsa adicional para zapatos con un punto de sujeci\u00f3n personalizable a\u00f1ade m\u00e1s comodidad sin ocupar espacio en el interior de la mochila.<br \/>Versatilidad sobre la marcha: Esta mochila para viajes ofrece diversas opciones de transporte: ll\u00e9vala como una mochila tradicional, ll\u00e9vala a mano o eng\u00e1nchala c\u00f3modamente al asa de tu equipaje para desplazarte con rapidez por los aeropuertos. Su adaptabilidad la convierte en una mochila aprobada por los aviones y adecuada para diversos escenarios de viaje.<br \/>Comodidad y protecci\u00f3n: Experimenta la m\u00e1xima comodidad con los c\u00f3modos tirantes acolchados y el panel trasero ventilado de nuestra mochila. El grueso acolchado protector proporciona durabilidad y protecci\u00f3n a tus pertenencias frente a impactos inesperados durante tus viajes.<br \/>LO QUE NOS IMPORTA: Aqu\u00ed en BAGSMART, nos esforzamos por ofrecer el producto de m\u00e1s alta calidad que podemos a nuestros clientes. Estamos encantados de ofrecer un reembolso incondicional o reemplazo. Si hay alg\u00fan problema de calidad, por favor no dude. \u00a1P\u00f3ngase en contacto con nosotros para obtener una respuesta oportuna y satisfactoria!<\/p>","protected":false},"excerpt":{"rendered":"<p>Spacious &amp; Multi-Compartments: BAGSMART Travel Backpack is a versatile carry on backpack that features a generous size of 18.1&#8243; x [&hellip;]<\/p>","protected":false},"featured_media":1638,"template":"","meta":{"site-sidebar-layout":"default","site-content-layout":"","ast-site-content-layout":"","site-content-style":"default","site-sidebar-style":"default","ast-global-header-display":"","ast-banner-title-visibility":"","ast-main-header-display":"","ast-hfb-above-header-display":"","ast-hfb-below-header-display":"","ast-hfb-mobile-header-display":"","site-post-title":"","ast-breadcrumbs-content":"","ast-featured-img":"","footer-sml-layout":"","theme-transparent-header-meta":"","adv-header-id-meta":"","stick-header-meta":"","header-above-stick-meta":"","header-main-stick-meta":"","header-below-stick-meta":"","astra-migrate-meta-layouts":"default","ast-page-background-enabled":"default","ast-page-background-meta":{"desktop":{"background-color":"var(--ast-global-color-4)","background-image":"","background-repeat":"repeat","background-position":"center center","background-size":"auto","background-attachment":"scroll","background-type":"","background-media":"","overlay-type":"","overlay-color":"","overlay-gradient":""},"tablet":{"background-color":"","background-image":"","background-repeat":"repeat","background-position":"center center","background-size":"auto","background-attachment":"scroll","background-type":"","background-media":"","overlay-type":"","overlay-color":"","overlay-gradient":""},"mobile":{"background-color":"","background-image":"","background-repeat":"repeat","background-position":"center center","background-size":"auto","background-attachment":"scroll","background-type":"","background-media":"","overlay-type":"","overlay-color":"","overlay-gradient":""}},"ast-content-background-meta":{"desktop":{"background-color":"var(--ast-global-color-5)","background-image":"","background-repeat":"repeat","background-position":"center center","background-size":"auto","background-attachment":"scroll","background-type":"","background-media":"","overlay-type":"","overlay-color":"","overlay-gradient":""},"tablet":{"background-color":"var(--ast-global-color-5)","background-image":"","background-repeat":"repeat","background-position":"center center","background-size":"auto","background-attachment":"scroll","background-type":"","background-media":"","overlay-type":"","overlay-color":"","overlay-gradient":""},"mobile":{"background-color":"var(--ast-global-color-5)","background-image":"","background-repeat":"repeat","background-position":"center center","background-size":"auto","background-attachment":"scroll","background-type":"","background-media":"","overlay-type":"","overlay-color":"","overlay-gradient":""}}},"product_brand":[],"product_cat":[22],"product_tag":[],"class_list":{"0":"post-970","1":"product","2":"type-product","3":"status-publish","4":"has-post-thumbnail","6":"product_cat-backpacks","7":"pa_color-l46-w32-h19-cm","8":"pa_color-l46-w32-h19-cm2","9":"pa_color-l46-w32-h19-cm3","10":"pa_ships-from-china","11":"pa_size-17-inch-laptop","12":"desktop-align-center","13":"tablet-align-left","14":"mobile-align-left","16":"first","17":"instock","18":"shipping-taxable","19":"purchasable","20":"product-type-variable"},"_links":{"self":[{"href":"https:\/\/baosikai.com\/es\/wp-json\/wp\/v2\/product\/970","targetHints":{"allow":["GET"]}}],"collection":[{"href":"https:\/\/baosikai.com\/es\/wp-json\/wp\/v2\/product"}],"about":[{"href":"https:\/\/baosikai.com\/es\/wp-json\/wp\/v2\/types\/product"}],"wp:featuredmedia":[{"embeddable":true,"href":"https:\/\/baosikai.com\/es\/wp-json\/wp\/v2\/media\/1638"}],"wp:attachment":[{"href":"https:\/\/baosikai.com\/es\/wp-json\/wp\/v2\/media?parent=970"}],"wp:term":[{"taxonomy":"product_brand","embeddable":true,"href":"https:\/\/baosikai.com\/es\/wp-json\/wp\/v2\/product_brand?post=970"},{"taxonomy":"product_cat","embeddable":true,"href":"https:\/\/baosikai.com\/es\/wp-json\/wp\/v2\/product_cat?post=970"},{"taxonomy":"product_tag","embeddable":true,"href":"https:\/\/baosikai.com\/es\/wp-json\/wp\/v2\/product_tag?post=970"}],"curies":[{"name":"wp","href":"https:\/\/api.w.org\/{rel}","templated":true}]}}