{"id":5434,"date":"2024-06-17T09:05:10","date_gmt":"2024-06-17T09:05:10","guid":{"rendered":"http:\/\/baosikai.com\/?page_id=5434"},"modified":"2024-06-17T09:05:10","modified_gmt":"2024-06-17T09:05:10","slug":"collaborating-for-success-baosikai-wholesale-success-stories","status":"publish","type":"page","link":"https:\/\/baosikai.com\/fr\/collaborating-for-success-baosikai-wholesale-success-stories\/","title":{"rendered":"Collaborer pour r\u00e9ussir : Histoires de r\u00e9ussite du commerce de gros de Baosikai"},"content":{"rendered":"<article>Chez Baosikai, notre mission va au-del\u00e0 de la fabrication de sacs exceptionnels. Nous nous effor\u00e7ons d'\u00e9tablir des partenariats significatifs qui favorisent le succ\u00e8s mutuel. Au fil des ans, nous avons collabor\u00e9 avec de nombreuses entreprises, les aidant \u00e0 atteindre leurs objectifs gr\u00e2ce \u00e0 nos solutions de vente en gros de haute qualit\u00e9. Nous partageons ici quelques t\u00e9moignages de clients et histoires de r\u00e9ussite qui soulignent les avantages d'un partenariat avec Baosikai.<\/p>\n<h2>T\u00e9moignages de clients et histoires de r\u00e9ussite percutantes<\/h2>\n<h3>Collaboration entre les cha\u00eenes de distribution<\/h3>\n<p>L'une de nos r\u00e9ussites les plus remarquables est notre partenariat avec une grande cha\u00eene de magasins. Cette collaboration a d\u00e9but\u00e9 par une demande de sacs vari\u00e9s \u00e0 distribuer dans l'ensemble des magasins de la cha\u00eene. Notre capacit\u00e9 \u00e0 livrer des produits de haute qualit\u00e9 en grandes quantit\u00e9s a permis \u00e0 la cha\u00eene d'am\u00e9liorer son offre de produits et d'accro\u00eetre la satisfaction de ses clients.<\/p>\n<blockquote><p>\"Travailler avec Baosikai a chang\u00e9 la donne pour notre cha\u00eene de magasins. Son souci de la qualit\u00e9 et de la livraison dans les d\u00e9lais a consid\u00e9rablement stimul\u00e9 nos ventes et la satisfaction de nos clients. La vari\u00e9t\u00e9 des sacs qu'ils proposent est in\u00e9gal\u00e9e, et nos clients adorent les nouveaux ajouts \u00e0 nos magasins\". - Acheteur d'une cha\u00eene de magasins<\/p><\/blockquote>\n<h3>Succ\u00e8s de la campagne promotionnelle<\/h3>\n<p>Un autre exemple de r\u00e9ussite est celui de notre collaboration avec une entreprise internationale qui souhaitait utiliser des sacs personnalis\u00e9s dans le cadre de ses campagnes promotionnelles. Nous avons fourni des sacs personnalis\u00e9s qui pr\u00e9sentaient la marque de l'entreprise et des \u00e9l\u00e9ments de conception uniques. Nos solutions et nos d\u00e9lais de livraison ont jou\u00e9 un r\u00f4le crucial dans le succ\u00e8s de leurs campagnes, ce qui a permis d'accro\u00eetre la visibilit\u00e9 de la marque et l'engagement des clients.<\/p>\n<blockquote><p>\"Baosikai a d\u00e9pass\u00e9 nos attentes avec ses solutions de sacs personnalis\u00e9s. La qualit\u00e9 et le design des sacs \u00e9taient exceptionnels, et ils ont \u00e9t\u00e9 livr\u00e9s \u00e0 temps, s'alignant parfaitement sur le calendrier de notre campagne promotionnelle. Les r\u00e9actions positives de nos clients et de nos consommateurs ont \u00e9t\u00e9 extraordinaires. - Directeur du marketing, soci\u00e9t\u00e9 internationale<\/p><\/blockquote>\n<h3>Soutien aux entreprises en phase de d\u00e9marrage et croissance<\/h3>\n<p>Nous sommes \u00e9galement fiers de soutenir les jeunes entreprises. Une jeune entreprise nous a demand\u00e9 de lui fournir des sacs \u00e9l\u00e9gants et fonctionnels pour sa boutique en ligne. Nos prix comp\u00e9titifs et nos produits de haute qualit\u00e9 ont permis \u00e0 la start-up d'attirer des clients et d'\u00e9tablir une forte pr\u00e9sence sur le march\u00e9.<\/p>\n<blockquote><p>\"En tant que start-up, il \u00e9tait crucial pour nous de trouver le bon partenaire de fabrication. Baosikai nous a non seulement fourni des sacs de haute qualit\u00e9 \u00e0 des prix comp\u00e9titifs, mais nous a \u00e9galement soutenus tout au long du processus. Le d\u00e9vouement de leur \u00e9quipe \u00e0 notre r\u00e9ussite \u00e9tait \u00e9vident dans chaque interaction.\" - Fondateur d'une jeune entreprise<\/p><\/blockquote>\n<h2>L'impact quantitatif du partenariat avec Baosikai<\/h2>\n<p>Le partenariat avec Baosikai a apport\u00e9 des avantages quantitatifs significatifs \u00e0 nos clients. Voici quelques indicateurs cl\u00e9s qui illustrent l'impact de nos collaborations :<\/p>\n<ul>\n<li><strong>Augmentation des ventes :<\/strong> Les clients ont fait \u00e9tat d'une augmentation substantielle de leurs ventes apr\u00e8s avoir int\u00e9gr\u00e9 les produits de Baosikai dans leur offre. Nos sacs de haute qualit\u00e9 attirent les clients, ce qui se traduit par des taux d'achat plus \u00e9lev\u00e9s et une fid\u00e9lisation de la client\u00e8le.<\/li>\n<li><strong>Satisfaction des clients :<\/strong> Notre engagement en faveur de la qualit\u00e9 et de l'excellence du design s'est traduit par un taux de satisfaction \u00e9lev\u00e9 de la part de nos clients. Les clients re\u00e7oivent fr\u00e9quemment des commentaires positifs sur la durabilit\u00e9, la fonctionnalit\u00e9 et le style de nos sacs.<\/li>\n<li><strong>Visibilit\u00e9 de la marque :<\/strong> Les sacs personnalis\u00e9s con\u00e7us par Baosikai ont am\u00e9lior\u00e9 la visibilit\u00e9 des marques de nos clients. Des designs uniques et des mat\u00e9riaux de haute qualit\u00e9 permettent \u00e0 ces sacs de se d\u00e9marquer et de promouvoir efficacement les marques qu'ils repr\u00e9sentent.<\/li>\n<li><strong>Le rapport co\u00fbt-efficacit\u00e9 :<\/strong> En proposant des prix comp\u00e9titifs et des produits de haute qualit\u00e9, Baosikai aide ses clients \u00e0 r\u00e9aliser de meilleures marges b\u00e9n\u00e9ficiaires. Nos processus de fabrication efficaces garantissent que les clients obtiennent la meilleure valeur pour leur investissement.<\/li>\n<\/ul>\n<h2>Comment les solutions de conception de Baosikai peuvent \u00eatre votre atout<\/h2>\n<p>Nos solutions de conception sont adapt\u00e9es aux besoins sp\u00e9cifiques de nos clients. Qu'il s'agisse de sacs personnalis\u00e9s qui refl\u00e8tent l'identit\u00e9 d'une marque ou d'options de vente en gros polyvalentes qui r\u00e9pondent aux besoins de divers march\u00e9s, notre expertise en mati\u00e8re de conception est un atout pr\u00e9cieux pour toute entreprise. Pour en savoir plus sur la fa\u00e7on dont les solutions de conception de Baosikai peuvent \u00eatre un atout pour vous, lisez notre article sur <a href=\"#design-solutions\">Innovation en mati\u00e8re de design : La m\u00e9thode Baosikai pour un sac parfait<\/a>.<\/p>\n<h2>La fiabilit\u00e9 et l'assurance qualit\u00e9 que Baosikai apporte \u00e0 l'industrie manufacturi\u00e8re<\/h2>\n<p>La fiabilit\u00e9 et l'assurance qualit\u00e9 sont les caract\u00e9ristiques du processus de fabrication de Baosikai. Nous appliquons des mesures rigoureuses de contr\u00f4le de la qualit\u00e9 pour garantir que chaque sac que nous produisons r\u00e9pond aux normes les plus strictes. Cet engagement en faveur de la qualit\u00e9 nous a valu la confiance de clients du monde entier. Pour en savoir plus sur la fiabilit\u00e9 et l'assurance qualit\u00e9 de Baosikai, lisez l'article suivant <a href=\"https:\/\/baosikai.com\/fr\/baosikai-global-leader-in-bag-manufacturer-excellence\/\" target=\"_blank\" rel=\"noopener\" data-schema-attribute=\"mentions\">La fiabilit\u00e9 et l'assurance qualit\u00e9 que Baosikai apporte \u00e0 l'industrie manufacturi\u00e8re<\/a>.<\/p>\n<h2>Rejoignez l'histoire de la r\u00e9ussite du Baosikai<\/h2>\n<p>\u00cates-vous pr\u00eat \u00e0 am\u00e9liorer votre activit\u00e9 gr\u00e2ce \u00e0 des solutions de sacs fiables et de haute qualit\u00e9 ? Associez-vous \u00e0 Baosikai et participez \u00e0 notre r\u00e9ussite. Notre \u00e9quipe d\u00e9vou\u00e9e est l\u00e0 pour vous aider avec des produits exceptionnels et un service in\u00e9gal\u00e9.<\/p>\n<p>Contactez-nous d\u00e8s aujourd'hui pour en savoir plus sur nos offres de vente en gros et sur la fa\u00e7on dont nous pouvons aider votre entreprise \u00e0 prosp\u00e9rer. Ensemble, nous pouvons atteindre un grand succ\u00e8s et cr\u00e9er des produits qui raviront vos clients et renforceront votre marque.<\/p>\n<\/article>","protected":false},"excerpt":{"rendered":"<p>At Baosikai, our mission extends beyond manufacturing exceptional bags. We strive to build meaningful partnerships that drive mutual success. Over [&hellip;]<\/p>","protected":false},"author":1,"featured_media":0,"parent":0,"menu_order":0,"comment_status":"closed","ping_status":"closed","template":"","meta":{"site-sidebar-layout":"default","site-content-layout":"","ast-site-content-layout":"default","site-content-style":"default","site-sidebar-style":"default","ast-global-header-display":"","ast-banner-title-visibility":"","ast-main-header-display":"","ast-hfb-above-header-display":"","ast-hfb-below-header-display":"","ast-hfb-mobile-header-display":"","site-post-title":"","ast-breadcrumbs-content":"","ast-featured-img":"","footer-sml-layout":"","theme-transparent-header-meta":"default","adv-header-id-meta":"","stick-header-meta":"","header-above-stick-meta":"","header-main-stick-meta":"","header-below-stick-meta":"","astra-migrate-meta-layouts":"set","ast-page-background-enabled":"default","ast-page-background-meta":{"desktop":{"background-color":"var(--ast-global-color-4)","background-image":"","background-repeat":"repeat","background-position":"center center","background-size":"auto","background-attachment":"scroll","background-type":"","background-media":"","overlay-type":"","overlay-color":"","overlay-gradient":""},"tablet":{"background-color":"","background-image":"","background-repeat":"repeat","background-position":"center center","background-size":"auto","background-attachment":"scroll","background-type":"","background-media":"","overlay-type":"","overlay-color":"","overlay-gradient":""},"mobile":{"background-color":"","background-image":"","background-repeat":"repeat","background-position":"center center","background-size":"auto","background-attachment":"scroll","background-type":"","background-media":"","overlay-type":"","overlay-color":"","overlay-gradient":""}},"ast-content-background-meta":{"desktop":{"background-color":"var(--ast-global-color-5)","background-image":"","background-repeat":"repeat","background-position":"center center","background-size":"auto","background-attachment":"scroll","background-type":"","background-media":"","overlay-type":"","overlay-color":"","overlay-gradient":""},"tablet":{"background-color":"var(--ast-global-color-5)","background-image":"","background-repeat":"repeat","background-position":"center center","background-size":"auto","background-attachment":"scroll","background-type":"","background-media":"","overlay-type":"","overlay-color":"","overlay-gradient":""},"mobile":{"background-color":"var(--ast-global-color-5)","background-image":"","background-repeat":"repeat","background-position":"center center","background-size":"auto","background-attachment":"scroll","background-type":"","background-media":"","overlay-type":"","overlay-color":"","overlay-gradient":""}},"footnotes":""},"class_list":["post-5434","page","type-page","status-publish","hentry"],"_links":{"self":[{"href":"https:\/\/baosikai.com\/fr\/wp-json\/wp\/v2\/pages\/5434","targetHints":{"allow":["GET"]}}],"collection":[{"href":"https:\/\/baosikai.com\/fr\/wp-json\/wp\/v2\/pages"}],"about":[{"href":"https:\/\/baosikai.com\/fr\/wp-json\/wp\/v2\/types\/page"}],"author":[{"embeddable":true,"href":"https:\/\/baosikai.com\/fr\/wp-json\/wp\/v2\/users\/1"}],"replies":[{"embeddable":true,"href":"https:\/\/baosikai.com\/fr\/wp-json\/wp\/v2\/comments?post=5434"}],"version-history":[{"count":1,"href":"https:\/\/baosikai.com\/fr\/wp-json\/wp\/v2\/pages\/5434\/revisions"}],"predecessor-version":[{"id":5435,"href":"https:\/\/baosikai.com\/fr\/wp-json\/wp\/v2\/pages\/5434\/revisions\/5435"}],"wp:attachment":[{"href":"https:\/\/baosikai.com\/fr\/wp-json\/wp\/v2\/media?parent=5434"}],"curies":[{"name":"wp","href":"https:\/\/api.w.org\/{rel}","templated":true}]}}