{"id":5739,"date":"2024-07-17T07:25:06","date_gmt":"2024-07-17T07:25:06","guid":{"rendered":"http:\/\/baosikai.com\/?page_id=5739"},"modified":"2024-08-22T04:22:13","modified_gmt":"2024-08-22T04:22:13","slug":"bag-design","status":"publish","type":"page","link":"https:\/\/baosikai.com\/fr\/bag-design\/","title":{"rendered":"Conception du sac"},"content":{"rendered":"<div data-elementor-type=\"wp-page\" data-elementor-id=\"5739\" class=\"elementor elementor-5739\" data-elementor-post-type=\"page\">\n\t\t\t\t<div class=\"elementor-element elementor-element-4bd991d e-con-full e-flex e-con e-parent\" data-id=\"4bd991d\" data-element_type=\"container\" data-settings=\"{&quot;background_background&quot;:&quot;classic&quot;}\">\n\t\t\t\t<div class=\"elementor-element elementor-element-635a712 elementor-widget elementor-widget-heading\" data-id=\"635a712\" data-element_type=\"widget\" data-widget_type=\"heading.default\">\n\t\t\t\t<div class=\"elementor-widget-container\">\n\t\t\t\t\t<h2 class=\"elementor-heading-title elementor-size-default\">Service de conception de sacs<\/h2>\t\t\t\t<\/div>\n\t\t\t\t<\/div>\n\t\t\t\t<div class=\"elementor-element elementor-element-518409a elementor-widget elementor-widget-text-editor\" data-id=\"518409a\" data-element_type=\"widget\" data-widget_type=\"text-editor.default\">\n\t\t\t\t<div class=\"elementor-widget-container\">\n\t\t\t\t\t\t\t\t\t<p>Du concept au cahier des charges, le processus de conception est la premi\u00e8re \u00e9tape de la transformation de vos id\u00e9es en produits tangibles. Notre \u00e9quipe interne de concepteurs de produits, experts en textile et en maroquinerie, commence par une recherche approfondie. Nous nous penchons sur vos buts et objectifs, en comprenant qui utilisera le produit et qui prend les d\u00e9cisions d'achat. En nous appuyant sur notre exp\u00e9rience du secteur, nous cr\u00e9ons des produits qui correspondent parfaitement \u00e0 votre marque et \u00e0 vos clients.<\/p><p>Nous aimons collaborer avec les directeurs de la cr\u00e9ation, les chefs de produit, les directeurs de la conception et les acheteurs pour donner vie \u00e0 vos id\u00e9es, croquis ou paquets techniques. Ensemble, nous discutons de votre conception, des options mat\u00e9rielles, des d\u00e9lais et des prix.<\/p><p>Pour produire des sacs personnalis\u00e9s, nous avons besoin de sp\u00e9cifications techniques. Si vous disposez des sp\u00e9cifications ou d'informations suffisantes, nous pouvons nous mettre en contact avec vous, vous fournir un devis et commencer \u00e0 fabriquer des \u00e9chantillons. Si vous disposez d'un \u00e9chantillon et que vous avez besoin d'une production de masse ou de modifications locales, vous pouvez l'envoyer \u00e0 notre service de conception pour qu'il en assure la conception et la production.<\/p><p>Le processus comprend plusieurs s\u00e9ries d'\u00e9chantillonnage jusqu'\u00e0 ce que le produit r\u00e9ponde \u00e0 vos besoins et \u00e0 vos sp\u00e9cifications. Une fois l'\u00e9chantillon approuv\u00e9, nous cr\u00e9ons un dossier technique, recherchons et achetons les mat\u00e9riaux et commandons l'outillage personnalis\u00e9 n\u00e9cessaire.<\/p>\t\t\t\t\t\t\t\t<\/div>\n\t\t\t\t<\/div>\n\t\t\t\t<\/div>\n\t\t<div class=\"elementor-element elementor-element-fd0045c e-flex e-con-boxed e-con e-parent\" data-id=\"fd0045c\" data-element_type=\"container\">\n\t\t\t\t\t<div class=\"e-con-inner\">\n\t\t<div class=\"elementor-element elementor-element-ff3fb76 e-con-full e-flex e-con e-child\" data-id=\"ff3fb76\" data-element_type=\"container\">\n\t\t\t\t<div class=\"elementor-element elementor-element-bd9622f elementor-widget elementor-widget-image\" data-id=\"bd9622f\" data-element_type=\"widget\" data-widget_type=\"image.default\">\n\t\t\t\t<div class=\"elementor-widget-container\">\n\t\t\t\t\t\t\t\t\t\t\t\t\t\t\t<img fetchpriority=\"high\" decoding=\"async\" width=\"1024\" height=\"718\" src=\"https:\/\/baosikai.com\/wp-content\/uploads\/2024\/07\/00221-1024x718.jpg\" class=\"attachment-large size-large wp-image-5747\" alt=\"\" srcset=\"https:\/\/baosikai.com\/wp-content\/uploads\/2024\/07\/00221-1024x718.jpg 1024w, https:\/\/baosikai.com\/wp-content\/uploads\/2024\/07\/00221-300x210.jpg 300w, https:\/\/baosikai.com\/wp-content\/uploads\/2024\/07\/00221-768x538.jpg 768w, https:\/\/baosikai.com\/wp-content\/uploads\/2024\/07\/00221-600x421.jpg 600w, https:\/\/baosikai.com\/wp-content\/uploads\/2024\/07\/00221.jpg 1141w\" sizes=\"(max-width: 1024px) 100vw, 1024px\">\t\t\t\t\t\t\t\t\t\t\t\t\t\t\t<\/div>\n\t\t\t\t<\/div>\n\t\t\t\t<\/div>\n\t\t<div class=\"elementor-element elementor-element-ec98cdd e-con-full e-flex e-con e-child\" data-id=\"ec98cdd\" data-element_type=\"container\">\n\t\t\t\t<div class=\"elementor-element elementor-element-6adec3f elementor-widget elementor-widget-heading\" data-id=\"6adec3f\" data-element_type=\"widget\" data-widget_type=\"heading.default\">\n\t\t\t\t<div class=\"elementor-widget-container\">\n\t\t\t\t\t<h2 class=\"elementor-heading-title elementor-size-default\">Ce que vous recevrez de votre pack technique de sacs personnalis\u00e9s<\/h2>\t\t\t\t<\/div>\n\t\t\t\t<\/div>\n\t\t\t\t<div class=\"elementor-element elementor-element-a60b2e5 elementor-widget elementor-widget-heading\" data-id=\"a60b2e5\" data-element_type=\"widget\" data-widget_type=\"heading.default\">\n\t\t\t\t<div class=\"elementor-widget-container\">\n\t\t\t\t\t<h3 class=\"elementor-heading-title elementor-size-default\">Apr\u00e8s une consultation avec notre concepteur de sacs, vous recevrez un dossier technique complet. Il comprendra les dimensions d\u00e9taill\u00e9es, les d\u00e9tails de finition tels que les poches et les \u00e9tiquettes dans certaines coutures, le poids et le style du tissu, ainsi que les r\u00e9f\u00e9rences Pantone finalis\u00e9es pour l'impression ou la teinture du tissu.<\/h3>\t\t\t\t<\/div>\n\t\t\t\t<\/div>\n\t\t\t\t<\/div>\n\t\t\t\t\t<\/div>\n\t\t\t\t<\/div>\n\t\t<div class=\"elementor-element elementor-element-e227734 e-flex e-con-boxed e-con e-parent\" data-id=\"e227734\" data-element_type=\"container\">\n\t\t\t\t\t<div class=\"e-con-inner\">\n\t\t<div class=\"elementor-element elementor-element-85eb2b5 e-con-full e-flex e-con e-child\" data-id=\"85eb2b5\" data-element_type=\"container\">\n\t\t\t\t<div class=\"elementor-element elementor-element-5685cc3 elementor-widget elementor-widget-heading\" data-id=\"5685cc3\" data-element_type=\"widget\" data-widget_type=\"heading.default\">\n\t\t\t\t<div class=\"elementor-widget-container\">\n\t\t\t\t\t<h2 class=\"elementor-heading-title elementor-size-default\">Comment fabriquer mon sac personnalis\u00e9 ?<\/h2>\t\t\t\t<\/div>\n\t\t\t\t<\/div>\n\t\t\t\t<div class=\"elementor-element elementor-element-468a892 elementor-widget elementor-widget-heading\" data-id=\"468a892\" data-element_type=\"widget\" data-widget_type=\"heading.default\">\n\t\t\t\t<div class=\"elementor-widget-container\">\n\t\t\t\t\t<h3 class=\"elementor-heading-title elementor-size-default\">Il est utile d'avoir un budget en t\u00eate, non pas pour que nous le d\u00e9pensions \u00e0 votre place, mais pour que nous puissions vous faire des suggestions raisonnables en fonction de votre budget. Cela nous permet de vous conseiller sur le poids du tissu et d'autres \u00e9l\u00e9ments pour personnaliser votre sac. Nous vous poserons plusieurs questions pour comprendre l'objectif et l'utilisation de votre sac personnalis\u00e9, ce qui nous permettra de vous fournir un devis formel. Il se peut que nous posions d'autres questions apr\u00e8s avoir cr\u00e9\u00e9 un prototype sur papier pour mesurer avec pr\u00e9cision le tissu, les coutures et d'autres d\u00e9tails.<br>\nAfin de vous fournir un devis pr\u00e9cis pour votre sac personnalis\u00e9, nous avons besoin d'une sp\u00e9cification claire de votre part.<\/h3>\t\t\t\t<\/div>\n\t\t\t\t<\/div>\n\t\t\t\t<\/div>\n\t\t<div class=\"elementor-element elementor-element-cdbb900 e-con-full e-flex e-con e-child\" data-id=\"cdbb900\" data-element_type=\"container\">\n\t\t\t\t<div class=\"elementor-element elementor-element-20817d4 elementor-widget elementor-widget-image\" data-id=\"20817d4\" data-element_type=\"widget\" data-widget_type=\"image.default\">\n\t\t\t\t<div class=\"elementor-widget-container\">\n\t\t\t\t\t\t\t\t\t\t\t\t\t\t\t<img decoding=\"async\" width=\"1005\" height=\"1024\" data-src=\"https:\/\/baosikai.com\/wp-content\/uploads\/2024\/07\/01111-1005x1024.jpg\" class=\"attachment-large size-large wp-image-5748 lazyload\" alt=\"\" data-srcset=\"https:\/\/baosikai.com\/wp-content\/uploads\/2024\/07\/01111-1005x1024.jpg 1005w, https:\/\/baosikai.com\/wp-content\/uploads\/2024\/07\/01111-294x300.jpg 294w, https:\/\/baosikai.com\/wp-content\/uploads\/2024\/07\/01111-768x783.jpg 768w, https:\/\/baosikai.com\/wp-content\/uploads\/2024\/07\/01111-600x612.jpg 600w, https:\/\/baosikai.com\/wp-content\/uploads\/2024\/07\/01111.jpg 1200w\" data-sizes=\"(max-width: 1005px) 100vw, 1005px\" src=\"data:image\/gif;base64,R0lGODlhAQABAAAAACH5BAEKAAEALAAAAAABAAEAAAICTAEAOw==\" style=\"--smush-placeholder-width: 1005px; --smush-placeholder-aspect-ratio: 1005\/1024;\"><noscript><img decoding=\"async\" width=\"1005\" height=\"1024\" src=\"https:\/\/baosikai.com\/wp-content\/uploads\/2024\/07\/01111-1005x1024.jpg\" class=\"attachment-large size-large wp-image-5748\" alt=\"\" srcset=\"https:\/\/baosikai.com\/wp-content\/uploads\/2024\/07\/01111-1005x1024.jpg 1005w, https:\/\/baosikai.com\/wp-content\/uploads\/2024\/07\/01111-294x300.jpg 294w, https:\/\/baosikai.com\/wp-content\/uploads\/2024\/07\/01111-768x783.jpg 768w, https:\/\/baosikai.com\/wp-content\/uploads\/2024\/07\/01111-600x612.jpg 600w, https:\/\/baosikai.com\/wp-content\/uploads\/2024\/07\/01111.jpg 1200w\" sizes=\"(max-width: 1005px) 100vw, 1005px\"><\/noscript>\t\t\t\t\t\t\t\t\t\t\t\t\t\t\t<\/div>\n\t\t\t\t<\/div>\n\t\t\t\t<\/div>\n\t\t\t\t\t<\/div>\n\t\t\t\t<\/div>\n\t\t<div class=\"elementor-element elementor-element-9ab36d2 e-flex e-con-boxed e-con e-parent\" data-id=\"9ab36d2\" data-element_type=\"container\">\n\t\t\t\t\t<div class=\"e-con-inner\">\n\t\t<div class=\"elementor-element elementor-element-1879630 e-con-full e-flex e-con e-child\" data-id=\"1879630\" data-element_type=\"container\">\n\t\t\t\t<div class=\"elementor-element elementor-element-c04d077 elementor-widget elementor-widget-image\" data-id=\"c04d077\" data-element_type=\"widget\" data-widget_type=\"image.default\">\n\t\t\t\t<div class=\"elementor-widget-container\">\n\t\t\t\t\t\t\t\t\t\t\t\t\t\t\t<img decoding=\"async\" width=\"1024\" height=\"768\" data-src=\"https:\/\/baosikai.com\/wp-content\/uploads\/2024\/07\/00331-1024x768.jpg\" class=\"attachment-large size-large wp-image-5749 lazyload\" alt=\"\" data-srcset=\"https:\/\/baosikai.com\/wp-content\/uploads\/2024\/07\/00331-1024x768.jpg 1024w, https:\/\/baosikai.com\/wp-content\/uploads\/2024\/07\/00331-300x225.jpg 300w, https:\/\/baosikai.com\/wp-content\/uploads\/2024\/07\/00331-768x576.jpg 768w, https:\/\/baosikai.com\/wp-content\/uploads\/2024\/07\/00331-600x450.jpg 600w, https:\/\/baosikai.com\/wp-content\/uploads\/2024\/07\/00331.jpg 1200w\" data-sizes=\"(max-width: 1024px) 100vw, 1024px\" src=\"data:image\/gif;base64,R0lGODlhAQABAAAAACH5BAEKAAEALAAAAAABAAEAAAICTAEAOw==\" style=\"--smush-placeholder-width: 1024px; --smush-placeholder-aspect-ratio: 1024\/768;\"><noscript><img decoding=\"async\" width=\"1024\" height=\"768\" src=\"https:\/\/baosikai.com\/wp-content\/uploads\/2024\/07\/00331-1024x768.jpg\" class=\"attachment-large size-large wp-image-5749\" alt=\"\" srcset=\"https:\/\/baosikai.com\/wp-content\/uploads\/2024\/07\/00331-1024x768.jpg 1024w, https:\/\/baosikai.com\/wp-content\/uploads\/2024\/07\/00331-300x225.jpg 300w, https:\/\/baosikai.com\/wp-content\/uploads\/2024\/07\/00331-768x576.jpg 768w, https:\/\/baosikai.com\/wp-content\/uploads\/2024\/07\/00331-600x450.jpg 600w, https:\/\/baosikai.com\/wp-content\/uploads\/2024\/07\/00331.jpg 1200w\" sizes=\"(max-width: 1024px) 100vw, 1024px\"><\/noscript>\t\t\t\t\t\t\t\t\t\t\t\t\t\t\t<\/div>\n\t\t\t\t<\/div>\n\t\t\t\t<\/div>\n\t\t<div class=\"elementor-element elementor-element-f2badb3 e-con-full e-flex e-con e-child\" data-id=\"f2badb3\" data-element_type=\"container\">\n\t\t\t\t<div class=\"elementor-element elementor-element-423b1a5 elementor-widget elementor-widget-heading\" data-id=\"423b1a5\" data-element_type=\"widget\" data-widget_type=\"heading.default\">\n\t\t\t\t<div class=\"elementor-widget-container\">\n\t\t\t\t\t<h2 class=\"elementor-heading-title elementor-size-default\">Installations de fabrication de sacs sur mesure en Chine - Notre engagement en faveur de l'excellence<\/h2>\t\t\t\t<\/div>\n\t\t\t\t<\/div>\n\t\t\t\t<div class=\"elementor-element elementor-element-d802f6d elementor-widget elementor-widget-heading\" data-id=\"d802f6d\" data-element_type=\"widget\" data-widget_type=\"heading.default\">\n\t\t\t\t<div class=\"elementor-widget-container\">\n\t\t\t\t\t<h3 class=\"elementor-heading-title elementor-size-default\">Nous nous engageons \u00e0 respecter les normes les plus strictes en mati\u00e8re de qualit\u00e9 d'ex\u00e9cution, de conditions de travail du personnel et de pratiques environnementales et sociales dans toutes nos usines de fabrication de sacs. Avec plusieurs installations \u00e0 notre disposition, nous choisissons celle qui convient le mieux \u00e0 chaque projet sp\u00e9cifique.<\/h3>\t\t\t\t<\/div>\n\t\t\t\t<\/div>\n\t\t\t\t<\/div>\n\t\t\t\t\t<\/div>\n\t\t\t\t<\/div>\n\t\t\t\t<\/div>","protected":false},"excerpt":{"rendered":"<p>Bag Design Service From concept to design brief, the design process is the first step in transforming your ideas into [&hellip;]<\/p>","protected":false},"author":1,"featured_media":0,"parent":0,"menu_order":0,"comment_status":"closed","ping_status":"closed","template":"","meta":{"site-sidebar-layout":"no-sidebar","site-content-layout":"page-builder","ast-site-content-layout":"full-width-container","site-content-style":"default","site-sidebar-style":"default","ast-global-header-display":"","ast-banner-title-visibility":"","ast-main-header-display":"","ast-hfb-above-header-display":"","ast-hfb-below-header-display":"","ast-hfb-mobile-header-display":"","site-post-title":"disabled","ast-breadcrumbs-content":"","ast-featured-img":"disabled","footer-sml-layout":"","theme-transparent-header-meta":"default","adv-header-id-meta":"","stick-header-meta":"","header-above-stick-meta":"","header-main-stick-meta":"","header-below-stick-meta":"","astra-migrate-meta-layouts":"set","ast-page-background-enabled":"default","ast-page-background-meta":{"desktop":{"background-color":"var(--ast-global-color-4)","background-image":"","background-repeat":"repeat","background-position":"center center","background-size":"auto","background-attachment":"scroll","background-type":"","background-media":"","overlay-type":"","overlay-color":"","overlay-gradient":""},"tablet":{"background-color":"","background-image":"","background-repeat":"repeat","background-position":"center center","background-size":"auto","background-attachment":"scroll","background-type":"","background-media":"","overlay-type":"","overlay-color":"","overlay-gradient":""},"mobile":{"background-color":"","background-image":"","background-repeat":"repeat","background-position":"center center","background-size":"auto","background-attachment":"scroll","background-type":"","background-media":"","overlay-type":"","overlay-color":"","overlay-gradient":""}},"ast-content-background-meta":{"desktop":{"background-color":"var(--ast-global-color-5)","background-image":"","background-repeat":"repeat","background-position":"center center","background-size":"auto","background-attachment":"scroll","background-type":"","background-media":"","overlay-type":"","overlay-color":"","overlay-gradient":""},"tablet":{"background-color":"var(--ast-global-color-5)","background-image":"","background-repeat":"repeat","background-position":"center center","background-size":"auto","background-attachment":"scroll","background-type":"","background-media":"","overlay-type":"","overlay-color":"","overlay-gradient":""},"mobile":{"background-color":"var(--ast-global-color-5)","background-image":"","background-repeat":"repeat","background-position":"center center","background-size":"auto","background-attachment":"scroll","background-type":"","background-media":"","overlay-type":"","overlay-color":"","overlay-gradient":""}},"footnotes":""},"class_list":["post-5739","page","type-page","status-publish","hentry"],"_links":{"self":[{"href":"https:\/\/baosikai.com\/fr\/wp-json\/wp\/v2\/pages\/5739","targetHints":{"allow":["GET"]}}],"collection":[{"href":"https:\/\/baosikai.com\/fr\/wp-json\/wp\/v2\/pages"}],"about":[{"href":"https:\/\/baosikai.com\/fr\/wp-json\/wp\/v2\/types\/page"}],"author":[{"embeddable":true,"href":"https:\/\/baosikai.com\/fr\/wp-json\/wp\/v2\/users\/1"}],"replies":[{"embeddable":true,"href":"https:\/\/baosikai.com\/fr\/wp-json\/wp\/v2\/comments?post=5739"}],"version-history":[{"count":13,"href":"https:\/\/baosikai.com\/fr\/wp-json\/wp\/v2\/pages\/5739\/revisions"}],"predecessor-version":[{"id":5961,"href":"https:\/\/baosikai.com\/fr\/wp-json\/wp\/v2\/pages\/5739\/revisions\/5961"}],"wp:attachment":[{"href":"https:\/\/baosikai.com\/fr\/wp-json\/wp\/v2\/media?parent=5739"}],"curies":[{"name":"wp","href":"https:\/\/api.w.org\/{rel}","templated":true}]}}