{"id":1905,"date":"2024-04-16T02:34:05","date_gmt":"2024-04-16T02:34:05","guid":{"rendered":"http:\/\/baosikai.com\/?post_type=product&#038;p=1905"},"modified":"2024-06-27T08:07:29","modified_gmt":"2024-06-27T08:07:29","slug":"mens-genuine-leather-briefcase-casual-trendy-handbag","status":"publish","type":"product","link":"https:\/\/baosikai.com\/fr\/produit\/mens-genuine-leather-briefcase-casual-trendy-handbag\/","title":{"rendered":"Porte-documents en cuir v\u00e9ritable pour hommes Sac \u00e0 main tendance et d\u00e9contract\u00e9"},"content":{"rendered":"<p>Salon de la maquette<br \/>Informations sur le produit<br \/>Mati\u00e8re :Cuir de vachette (cuir pleine fleur)<br \/>\nDoublure :polyester coton<br \/>\nStyle : Affaires, simple, d\u00e9contract\u00e9<br \/>\nPoids : environ 1,2 kg<br \/>\nSize:38*28*9cm (14.96*11.02*3.54inch)<br \/>\nGenre:Hommes Femmes<br \/>\nCaract\u00e9ristiques du produit<br \/>\n(1) Cuir de vachette de premi\u00e8re qualit\u00e9, bien fait, rentable<br \/>\n(2) Sac de voyage d'affaires, adapt\u00e9 \u00e0 la fois aux loisirs et aux voyages d'affaires.<br \/>\n(3) Conception \u00e0 double compartiment, grande capacit\u00e9, peut contenir un ordinateur portable de 15,6 pouces, des magazines A4, un iPad...... de 10,4 pouces.<br \/>\nLe paquet comprend<br \/>\n1 \u00d7 Sac \u00e0 main<br \/>\n1 \u00d7 Bandouli\u00e8re<br \/>\nConseils pour se r\u00e9chauffer<br \/>\n(1) 1 pouce = 2,54 cm, 1 cm = 0,39 pouce.<br \/>\n(2) Veuillez tenir compte d'un \u00e9cart de taille de 1 \u00e0 3 cm d\u00fb aux diff\u00e9rentes m\u00e9thodes de mesure.<br \/>\n(3) Le produit est physiquement photographi\u00e9, il y aura une certaine diff\u00e9rence de couleur en fonction de l'environnement lumineux et du moniteur, veuillez comprendre.<br \/>\n(4) La texture des diff\u00e9rentes parties de la peau de vache est l\u00e9g\u00e8rement diff\u00e9rente, par exemple la texture du cou et de la croupe de la vache est plus \u00e9paisse, tandis que celle des autres parties est plus fine. Veuillez comprendre.<br \/>Noir<br \/>D\u00e9fauts du cuir<br \/>Pour le cuir de vachette cultiv\u00e9 naturellement, chaque pi\u00e8ce de cuir pr\u00e9sente de l\u00e9g\u00e8res diff\u00e9rences de mati\u00e8re et de couleur, et il peut \u00e9galement y avoir des marques laiss\u00e9es par les animaux au cours du processus de croissance, telles que des veines, des cicatrices, des marques de morsure. Il s'agit d'une caract\u00e9ristique courante des mat\u00e9riaux naturels qui ne peut \u00eatre \u00e9vit\u00e9e. Les clients qui ne peuvent accepter ce probl\u00e8me de qualit\u00e9 non li\u00e9 au produit doivent \u00eatre prudents avant de passer une commande.<\/p>\n<p>Guide d'entretien des sacs en cuir<br \/>1. Le sac en cuir ne doit pas \u00eatre expos\u00e9 au soleil pendant une longue p\u00e9riode, car la temp\u00e9rature \u00e9lev\u00e9e causera des dommages irr\u00e9versibles au cuir. 2. Essayez de ne pas essuyer la surface du cuir avec une serviette humide. En particulier, ne l'essuyez pas fr\u00e9quemment. Si vous devez l'entretenir, utilisez une serviette \u00e0 s\u00e9chage rapide ou un chiffon blanc en coton. Nettoyez-le r\u00e9guli\u00e8rement<\/p>\n<p>3. L'alcool, l'acide et l'alcali ne doivent pas \u00eatre utilis\u00e9s pour essuyer le cuir. Apr\u00e8s le nettoyage, le cuir se d\u00e9colore et la d\u00e9coloration du cuir est irr\u00e9versible.<\/p>\n<p>4. S'il n'est pas utilis\u00e9 pendant une longue p\u00e9riode, mettez-y du papier pour \u00e9viter qu'il ne se d\u00e9forme.<\/p>\n<p>5. En cas de pluie, mettez-le dans un endroit ventil\u00e9 et s\u00e9chez-le pour \u00e9viter les moisissures.<\/p>","protected":false},"excerpt":{"rendered":"<p>Model ShowProduct informationMaterial :Cowhide (full grain leather) Lining :polyester cotton Style: Business, Simple, Casual Weight:about 1.2kg Size:38*28*9cm (14.96*11.02*3.54inch) Gender:Men Women [&hellip;]<\/p>","protected":false},"featured_media":1968,"template":"","meta":{"site-sidebar-layout":"default","site-content-layout":"","ast-site-content-layout":"","site-content-style":"default","site-sidebar-style":"default","ast-global-header-display":"","ast-banner-title-visibility":"","ast-main-header-display":"","ast-hfb-above-header-display":"","ast-hfb-below-header-display":"","ast-hfb-mobile-header-display":"","site-post-title":"","ast-breadcrumbs-content":"","ast-featured-img":"","footer-sml-layout":"","theme-transparent-header-meta":"","adv-header-id-meta":"","stick-header-meta":"","header-above-stick-meta":"","header-main-stick-meta":"","header-below-stick-meta":"","astra-migrate-meta-layouts":"default","ast-page-background-enabled":"default","ast-page-background-meta":{"desktop":{"background-color":"var(--ast-global-color-4)","background-image":"","background-repeat":"repeat","background-position":"center center","background-size":"auto","background-attachment":"scroll","background-type":"","background-media":"","overlay-type":"","overlay-color":"","overlay-gradient":""},"tablet":{"background-color":"","background-image":"","background-repeat":"repeat","background-position":"center center","background-size":"auto","background-attachment":"scroll","background-type":"","background-media":"","overlay-type":"","overlay-color":"","overlay-gradient":""},"mobile":{"background-color":"","background-image":"","background-repeat":"repeat","background-position":"center center","background-size":"auto","background-attachment":"scroll","background-type":"","background-media":"","overlay-type":"","overlay-color":"","overlay-gradient":""}},"ast-content-background-meta":{"desktop":{"background-color":"var(--ast-global-color-5)","background-image":"","background-repeat":"repeat","background-position":"center center","background-size":"auto","background-attachment":"scroll","background-type":"","background-media":"","overlay-type":"","overlay-color":"","overlay-gradient":""},"tablet":{"background-color":"var(--ast-global-color-5)","background-image":"","background-repeat":"repeat","background-position":"center center","background-size":"auto","background-attachment":"scroll","background-type":"","background-media":"","overlay-type":"","overlay-color":"","overlay-gradient":""},"mobile":{"background-color":"var(--ast-global-color-5)","background-image":"","background-repeat":"repeat","background-position":"center center","background-size":"auto","background-attachment":"scroll","background-type":"","background-media":"","overlay-type":"","overlay-color":"","overlay-gradient":""}}},"product_brand":[],"product_cat":[28],"product_tag":[],"class_list":{"0":"post-1905","1":"product","2":"type-product","3":"status-publish","4":"has-post-thumbnail","6":"product_cat-briefcases","7":"desktop-align-center","8":"tablet-align-left","9":"mobile-align-left","11":"first","12":"instock","13":"shipping-taxable","14":"purchasable","15":"product-type-simple"},"_links":{"self":[{"href":"https:\/\/baosikai.com\/fr\/wp-json\/wp\/v2\/product\/1905","targetHints":{"allow":["GET"]}}],"collection":[{"href":"https:\/\/baosikai.com\/fr\/wp-json\/wp\/v2\/product"}],"about":[{"href":"https:\/\/baosikai.com\/fr\/wp-json\/wp\/v2\/types\/product"}],"wp:featuredmedia":[{"embeddable":true,"href":"https:\/\/baosikai.com\/fr\/wp-json\/wp\/v2\/media\/1968"}],"wp:attachment":[{"href":"https:\/\/baosikai.com\/fr\/wp-json\/wp\/v2\/media?parent=1905"}],"wp:term":[{"taxonomy":"product_brand","embeddable":true,"href":"https:\/\/baosikai.com\/fr\/wp-json\/wp\/v2\/product_brand?post=1905"},{"taxonomy":"product_cat","embeddable":true,"href":"https:\/\/baosikai.com\/fr\/wp-json\/wp\/v2\/product_cat?post=1905"},{"taxonomy":"product_tag","embeddable":true,"href":"https:\/\/baosikai.com\/fr\/wp-json\/wp\/v2\/product_tag?post=1905"}],"curies":[{"name":"wp","href":"https:\/\/api.w.org\/{rel}","templated":true}]}}