{"id":1907,"date":"2024-04-16T02:34:07","date_gmt":"2024-04-16T02:34:07","guid":{"rendered":"http:\/\/baosikai.com\/?post_type=product&#038;p=1907"},"modified":"2024-06-27T08:04:10","modified_gmt":"2024-06-27T08:04:10","slug":"mens-genuine-leather-briefcases-business-bag","status":"publish","type":"product","link":"https:\/\/baosikai.com\/fr\/produit\/mens-genuine-leather-briefcases-business-bag\/","title":{"rendered":"Porte-documents en cuir v\u00e9ritable pour hommes Sac d'affaires"},"content":{"rendered":"<p>Mati\u00e8re : premi\u00e8re couche de cuir de vache<br \/>\nDoublure : Polyester<br \/>\nStyle : Vintage,Simple,D\u00e9contract\u00e9<br \/>\nPoids : environ 1,5 kg<br \/>\nSize:40*9*30cm 15.75\u2033(L)*3.54\u2033(W)*11.81\u2033(H)<br \/>\nDes conseils chaleureux :<br \/>\n(1) 1 pouce = 2,54 cm, 1 cm = 0,39 pouce<br \/>\n(2) En raison de la diff\u00e9rence de m\u00e9thode de mesure, il faut pr\u00e9voir un \u00e9cart de taille de 1 \u00e0 3 cm.<br \/>\n(3) Le produit est pris en nature, mais il y aura des aberrations chromatiques dans des environnements lumineux diff\u00e9rents.<br \/>\net dmoniteurs, veuillez comprendre.<br \/>\n(4) La texture de la peau de vache est l\u00e9g\u00e8rement diff\u00e9rente selon les parties de la vache,<br \/>\nla texture du cou et de la croupe de la vache sera plus \u00e9paisse, et la texture des autres parties de la vache sera plus fine.<br \/>\nComprenez-moi bien.<br \/>Caract\u00e9ristique :<br \/>\nLa caract\u00e9ristique du cuir de cheval fou est la pr\u00e9sence de rayures d\u00e9sarticul\u00e9es sur sa surface \uff0cqui peuvent bien exprimer le caract\u00e8re vintage du produit.<br \/>\nCe cuir aura des \u00e9raflures par grattage g\u00e9n\u00e9ral\uff0cet les \u00e9raflures peu profondes seront r\u00e9duites par l'utilisation de<br \/>\nle doigt pour frotter de fa\u00e7on r\u00e9p\u00e9t\u00e9e et douce\uff0cAvec une utilisation \u00e0 long terme, la surface du cuir deviendra de plus en plus lisse,<br \/>\net les rayures dispara\u00eetront.<\/p>","protected":false},"excerpt":{"rendered":"<p>Material:First Layer Cowhide Leather Lining: Polyester Style : Vintage,Simple,Casual Weight : About 1.5kg Size:40*9*30cm 15.75&#8243;(L)*3.54&#8243;(W)*11.81&#8243;(H) Warm tips: (1) 1 inch [&hellip;]<\/p>","protected":false},"featured_media":2013,"template":"","meta":{"site-sidebar-layout":"default","site-content-layout":"","ast-site-content-layout":"","site-content-style":"default","site-sidebar-style":"default","ast-global-header-display":"","ast-banner-title-visibility":"","ast-main-header-display":"","ast-hfb-above-header-display":"","ast-hfb-below-header-display":"","ast-hfb-mobile-header-display":"","site-post-title":"","ast-breadcrumbs-content":"","ast-featured-img":"","footer-sml-layout":"","theme-transparent-header-meta":"","adv-header-id-meta":"","stick-header-meta":"","header-above-stick-meta":"","header-main-stick-meta":"","header-below-stick-meta":"","astra-migrate-meta-layouts":"default","ast-page-background-enabled":"default","ast-page-background-meta":{"desktop":{"background-color":"var(--ast-global-color-4)","background-image":"","background-repeat":"repeat","background-position":"center center","background-size":"auto","background-attachment":"scroll","background-type":"","background-media":"","overlay-type":"","overlay-color":"","overlay-gradient":""},"tablet":{"background-color":"","background-image":"","background-repeat":"repeat","background-position":"center center","background-size":"auto","background-attachment":"scroll","background-type":"","background-media":"","overlay-type":"","overlay-color":"","overlay-gradient":""},"mobile":{"background-color":"","background-image":"","background-repeat":"repeat","background-position":"center center","background-size":"auto","background-attachment":"scroll","background-type":"","background-media":"","overlay-type":"","overlay-color":"","overlay-gradient":""}},"ast-content-background-meta":{"desktop":{"background-color":"var(--ast-global-color-5)","background-image":"","background-repeat":"repeat","background-position":"center center","background-size":"auto","background-attachment":"scroll","background-type":"","background-media":"","overlay-type":"","overlay-color":"","overlay-gradient":""},"tablet":{"background-color":"var(--ast-global-color-5)","background-image":"","background-repeat":"repeat","background-position":"center center","background-size":"auto","background-attachment":"scroll","background-type":"","background-media":"","overlay-type":"","overlay-color":"","overlay-gradient":""},"mobile":{"background-color":"var(--ast-global-color-5)","background-image":"","background-repeat":"repeat","background-position":"center center","background-size":"auto","background-attachment":"scroll","background-type":"","background-media":"","overlay-type":"","overlay-color":"","overlay-gradient":""}}},"product_brand":[],"product_cat":[28],"product_tag":[],"class_list":{"0":"post-1907","1":"product","2":"type-product","3":"status-publish","4":"has-post-thumbnail","6":"product_cat-briefcases","7":"pa_color-deep-coffee","8":"pa_color-vintage-brown","9":"desktop-align-center","10":"tablet-align-left","11":"mobile-align-left","13":"first","14":"instock","15":"shipping-taxable","16":"purchasable","17":"product-type-variable"},"_links":{"self":[{"href":"https:\/\/baosikai.com\/fr\/wp-json\/wp\/v2\/product\/1907","targetHints":{"allow":["GET"]}}],"collection":[{"href":"https:\/\/baosikai.com\/fr\/wp-json\/wp\/v2\/product"}],"about":[{"href":"https:\/\/baosikai.com\/fr\/wp-json\/wp\/v2\/types\/product"}],"wp:featuredmedia":[{"embeddable":true,"href":"https:\/\/baosikai.com\/fr\/wp-json\/wp\/v2\/media\/2013"}],"wp:attachment":[{"href":"https:\/\/baosikai.com\/fr\/wp-json\/wp\/v2\/media?parent=1907"}],"wp:term":[{"taxonomy":"product_brand","embeddable":true,"href":"https:\/\/baosikai.com\/fr\/wp-json\/wp\/v2\/product_brand?post=1907"},{"taxonomy":"product_cat","embeddable":true,"href":"https:\/\/baosikai.com\/fr\/wp-json\/wp\/v2\/product_cat?post=1907"},{"taxonomy":"product_tag","embeddable":true,"href":"https:\/\/baosikai.com\/fr\/wp-json\/wp\/v2\/product_tag?post=1907"}],"curies":[{"name":"wp","href":"https:\/\/api.w.org\/{rel}","templated":true}]}}