{"id":1955,"date":"2024-04-16T02:34:09","date_gmt":"2024-04-16T02:34:09","guid":{"rendered":"http:\/\/baosikai.com\/?post_type=product&#038;p=1955"},"modified":"2024-06-27T07:55:20","modified_gmt":"2024-06-27T07:55:20","slug":"large-capacity-laptop-bag-shockproof-protective-laptop-case","status":"publish","type":"product","link":"https:\/\/baosikai.com\/fr\/produit\/large-capacity-laptop-bag-shockproof-protective-laptop-case\/","title":{"rendered":"Sacoche d'ordinateur portable de grande capacit\u00e9 Sacoche d'ordinateur portable de protection anti-chocs"},"content":{"rendered":"<p>100% Neuf et de haute qualit\u00e9 !<br \/>\nMati\u00e8re : tissu Oxford et doublure en polyester<br \/>\nType:Sacoche pour ordinateur portable<br \/>\nTaille : 15.6 17 pouces<br \/>\nStyle : Affaires<br \/>\nCaract\u00e9ristiques :<br \/>\n1. en tissu oxford et doublure en polyester, design \u00e9pur\u00e9, l\u00e9ger et pratique, utilisation durable.<br \/>\n2) La poche principale peut contenir l'ordinateur portable, et s'adapte confortablement \u00e0 la plupart des ordinateurs portables jusqu'\u00e0 15,6\/17 pouces (en option).<br \/>\n3. la poche lat\u00e9rale convient pour les factures, les re\u00e7us, le portefeuille personnel, les cartes de visite, les documents pendant les r\u00e9unions ou les voyages d'affaires.<br \/>\n4) Diff\u00e9rents styles de sacs peuvent \u00eatre librement choisis : sac \u00e0 main, porte-documents, sac de messager \u00e0 bandouli\u00e8re.<\/p>\n<p>Le paquet comprend : 1\u00d7Sac pour ordinateur portable <\/p>\n<p>Remarque :<br \/>\n  1. Il y a une diff\u00e9rence de 2-3% selon la mesure manuelle. Veuillez v\u00e9rifier soigneusement la taille avant d'acheter l'article.<br \/>\n  2. Veuillez noter qu'une l\u00e9g\u00e8re diff\u00e9rence de couleur est acceptable en raison de la lumi\u00e8re et de l'\u00e9cran.<\/p>","protected":false},"excerpt":{"rendered":"<p>100% Brand New and High Quality! Material:Oxford cloth and polyester lining Type:Laptop Bag Size:15.6 17 inch Style: Business Features: 1.Made [&hellip;]<\/p>","protected":false},"featured_media":2065,"template":"","meta":{"site-sidebar-layout":"default","site-content-layout":"","ast-site-content-layout":"","site-content-style":"default","site-sidebar-style":"default","ast-global-header-display":"","ast-banner-title-visibility":"","ast-main-header-display":"","ast-hfb-above-header-display":"","ast-hfb-below-header-display":"","ast-hfb-mobile-header-display":"","site-post-title":"","ast-breadcrumbs-content":"","ast-featured-img":"","footer-sml-layout":"","theme-transparent-header-meta":"","adv-header-id-meta":"","stick-header-meta":"","header-above-stick-meta":"","header-main-stick-meta":"","header-below-stick-meta":"","astra-migrate-meta-layouts":"default","ast-page-background-enabled":"default","ast-page-background-meta":{"desktop":{"background-color":"var(--ast-global-color-4)","background-image":"","background-repeat":"repeat","background-position":"center center","background-size":"auto","background-attachment":"scroll","background-type":"","background-media":"","overlay-type":"","overlay-color":"","overlay-gradient":""},"tablet":{"background-color":"","background-image":"","background-repeat":"repeat","background-position":"center center","background-size":"auto","background-attachment":"scroll","background-type":"","background-media":"","overlay-type":"","overlay-color":"","overlay-gradient":""},"mobile":{"background-color":"","background-image":"","background-repeat":"repeat","background-position":"center center","background-size":"auto","background-attachment":"scroll","background-type":"","background-media":"","overlay-type":"","overlay-color":"","overlay-gradient":""}},"ast-content-background-meta":{"desktop":{"background-color":"var(--ast-global-color-5)","background-image":"","background-repeat":"repeat","background-position":"center center","background-size":"auto","background-attachment":"scroll","background-type":"","background-media":"","overlay-type":"","overlay-color":"","overlay-gradient":""},"tablet":{"background-color":"var(--ast-global-color-5)","background-image":"","background-repeat":"repeat","background-position":"center center","background-size":"auto","background-attachment":"scroll","background-type":"","background-media":"","overlay-type":"","overlay-color":"","overlay-gradient":""},"mobile":{"background-color":"var(--ast-global-color-5)","background-image":"","background-repeat":"repeat","background-position":"center center","background-size":"auto","background-attachment":"scroll","background-type":"","background-media":"","overlay-type":"","overlay-color":"","overlay-gradient":""}}},"product_brand":[],"product_cat":[28],"product_tag":[],"class_list":{"0":"post-1955","1":"product","2":"type-product","3":"status-publish","4":"has-post-thumbnail","6":"product_cat-briefcases","7":"pa_color-black","8":"pa_color-grey","9":"pa_size-15-6-inch","10":"pa_size-17-inch","11":"desktop-align-center","12":"tablet-align-left","13":"mobile-align-left","15":"first","16":"instock","17":"shipping-taxable","18":"purchasable","19":"product-type-variable"},"_links":{"self":[{"href":"https:\/\/baosikai.com\/fr\/wp-json\/wp\/v2\/product\/1955","targetHints":{"allow":["GET"]}}],"collection":[{"href":"https:\/\/baosikai.com\/fr\/wp-json\/wp\/v2\/product"}],"about":[{"href":"https:\/\/baosikai.com\/fr\/wp-json\/wp\/v2\/types\/product"}],"wp:featuredmedia":[{"embeddable":true,"href":"https:\/\/baosikai.com\/fr\/wp-json\/wp\/v2\/media\/2065"}],"wp:attachment":[{"href":"https:\/\/baosikai.com\/fr\/wp-json\/wp\/v2\/media?parent=1955"}],"wp:term":[{"taxonomy":"product_brand","embeddable":true,"href":"https:\/\/baosikai.com\/fr\/wp-json\/wp\/v2\/product_brand?post=1955"},{"taxonomy":"product_cat","embeddable":true,"href":"https:\/\/baosikai.com\/fr\/wp-json\/wp\/v2\/product_cat?post=1955"},{"taxonomy":"product_tag","embeddable":true,"href":"https:\/\/baosikai.com\/fr\/wp-json\/wp\/v2\/product_tag?post=1955"}],"curies":[{"name":"wp","href":"https:\/\/api.w.org\/{rel}","templated":true}]}}