{"id":1959,"date":"2024-04-16T02:34:11","date_gmt":"2024-04-16T02:34:11","guid":{"rendered":"http:\/\/baosikai.com\/?post_type=product&#038;p=1959"},"modified":"2024-06-27T07:49:32","modified_gmt":"2024-06-27T07:49:32","slug":"leather-office-bag-vintage-mens-briefcase-a4-document-bag","status":"publish","type":"product","link":"https:\/\/baosikai.com\/fr\/produit\/leather-office-bag-vintage-mens-briefcase-a4-document-bag\/","title":{"rendered":"Sacoche de bureau en cuir Vintage Porte-documents A4 pour hommes"},"content":{"rendered":"<p>Mati\u00e8re : premi\u00e8re couche de cuir de vache<br \/>\nDoublure : Polyester<br \/>\nStyle : Vintage,Simple,D\u00e9contract\u00e9<br \/>\nPoids : environ 1,25 kg<br \/>\nSize:37.5*8.5*27.5cm 14.8\u2033(L)*3.3\u2033(W)*10.8\u2033(H)<br \/>\nCapacit\u00e9 : ordinateur portable de 14 pouces<br \/>\nDes conseils chaleureux :<br \/>\n(1) 1 pouce = 2,54 cm, 1 cm = 0,39 pouce<br \/>\n(2) En raison de la diff\u00e9rence de m\u00e9thode de mesure, il faut pr\u00e9voir un \u00e9cart de taille de 1 \u00e0 3 cm.<br \/>\n(3) Le produit est pris en nature, mais il y aura des aberrations chromatiques dans des environnements lumineux diff\u00e9rents.<br \/>\net dmoniteurs, veuillez comprendre.<br \/>\n(4) La texture de la peau de vache est l\u00e9g\u00e8rement diff\u00e9rente selon les parties de la vache,<br \/>\nla texture du cou et de la croupe de la vache sera plus \u00e9paisse, et la texture des autres parties de la vache sera plus fine.<br \/>\nComprenez-moi bien.<\/p>","protected":false},"excerpt":{"rendered":"<p>Material:First Layer Cowhide Lining: Polyester Style : Vintage,Simple,Casual Weight : About1.25kg Size:37.5*8.5*27.5cm 14.8&#8243;(L)*3.3&#8243;(W)*10.8&#8243;(H) Capacity: 14-inch Laptop Warm tips: (1) 1 [&hellip;]<\/p>","protected":false},"featured_media":2140,"template":"","meta":{"site-sidebar-layout":"default","site-content-layout":"","ast-site-content-layout":"","site-content-style":"default","site-sidebar-style":"default","ast-global-header-display":"","ast-banner-title-visibility":"","ast-main-header-display":"","ast-hfb-above-header-display":"","ast-hfb-below-header-display":"","ast-hfb-mobile-header-display":"","site-post-title":"","ast-breadcrumbs-content":"","ast-featured-img":"","footer-sml-layout":"","theme-transparent-header-meta":"","adv-header-id-meta":"","stick-header-meta":"","header-above-stick-meta":"","header-main-stick-meta":"","header-below-stick-meta":"","astra-migrate-meta-layouts":"default","ast-page-background-enabled":"default","ast-page-background-meta":{"desktop":{"background-color":"var(--ast-global-color-4)","background-image":"","background-repeat":"repeat","background-position":"center center","background-size":"auto","background-attachment":"scroll","background-type":"","background-media":"","overlay-type":"","overlay-color":"","overlay-gradient":""},"tablet":{"background-color":"","background-image":"","background-repeat":"repeat","background-position":"center center","background-size":"auto","background-attachment":"scroll","background-type":"","background-media":"","overlay-type":"","overlay-color":"","overlay-gradient":""},"mobile":{"background-color":"","background-image":"","background-repeat":"repeat","background-position":"center center","background-size":"auto","background-attachment":"scroll","background-type":"","background-media":"","overlay-type":"","overlay-color":"","overlay-gradient":""}},"ast-content-background-meta":{"desktop":{"background-color":"var(--ast-global-color-5)","background-image":"","background-repeat":"repeat","background-position":"center center","background-size":"auto","background-attachment":"scroll","background-type":"","background-media":"","overlay-type":"","overlay-color":"","overlay-gradient":""},"tablet":{"background-color":"var(--ast-global-color-5)","background-image":"","background-repeat":"repeat","background-position":"center center","background-size":"auto","background-attachment":"scroll","background-type":"","background-media":"","overlay-type":"","overlay-color":"","overlay-gradient":""},"mobile":{"background-color":"var(--ast-global-color-5)","background-image":"","background-repeat":"repeat","background-position":"center center","background-size":"auto","background-attachment":"scroll","background-type":"","background-media":"","overlay-type":"","overlay-color":"","overlay-gradient":""}}},"product_brand":[],"product_cat":[28],"product_tag":[],"class_list":{"0":"post-1959","1":"product","2":"type-product","3":"status-publish","4":"has-post-thumbnail","6":"product_cat-briefcases","7":"pa_color-black","8":"pa_color-coffee","9":"pa_color-vintage-brown","10":"desktop-align-center","11":"tablet-align-left","12":"mobile-align-left","14":"first","15":"instock","16":"shipping-taxable","17":"purchasable","18":"product-type-variable"},"_links":{"self":[{"href":"https:\/\/baosikai.com\/fr\/wp-json\/wp\/v2\/product\/1959","targetHints":{"allow":["GET"]}}],"collection":[{"href":"https:\/\/baosikai.com\/fr\/wp-json\/wp\/v2\/product"}],"about":[{"href":"https:\/\/baosikai.com\/fr\/wp-json\/wp\/v2\/types\/product"}],"wp:featuredmedia":[{"embeddable":true,"href":"https:\/\/baosikai.com\/fr\/wp-json\/wp\/v2\/media\/2140"}],"wp:attachment":[{"href":"https:\/\/baosikai.com\/fr\/wp-json\/wp\/v2\/media?parent=1959"}],"wp:term":[{"taxonomy":"product_brand","embeddable":true,"href":"https:\/\/baosikai.com\/fr\/wp-json\/wp\/v2\/product_brand?post=1959"},{"taxonomy":"product_cat","embeddable":true,"href":"https:\/\/baosikai.com\/fr\/wp-json\/wp\/v2\/product_cat?post=1959"},{"taxonomy":"product_tag","embeddable":true,"href":"https:\/\/baosikai.com\/fr\/wp-json\/wp\/v2\/product_tag?post=1959"}],"curies":[{"name":"wp","href":"https:\/\/api.w.org\/{rel}","templated":true}]}}